{"id":690,"date":"2013-01-22T16:03:07","date_gmt":"2013-01-22T16:03:07","guid":{"rendered":"http:\/\/www.mysaasplace.com\/?page_id=690"},"modified":"2013-02-26T09:36:51","modified_gmt":"2013-02-26T09:36:51","slug":"video-faturacao","status":"publish","type":"page","link":"https:\/\/www.mysaasplace.com\/pt\/videos-e-tutorais\/video-faturacao\/","title":{"rendered":"V\u00eddeo Fatura\u00e7\u00e3o"},"content":{"rendered":"<h2>Video-Manuais sobre Fatura\u00e7\u00e3o do Servi\u00e7o MySaaSPlace<\/h2>\r\n\r\n<div class=\"vid\">\r\n<iframe src=\"http:\/\/www.youtube.com\/embed\/cOS8Xh3Fg8M?rel=0\" height=\"340\" width=\"580\" allowfullscreen=\"\" frameborder=\"0\"><\/iframe>\r\n<\/div>","protected":false},"excerpt":{"rendered":"<p>Video-Manuais sobre Fatura\u00e7\u00e3o do Servi\u00e7o MySaaSPlace<\/p>\n","protected":false},"author":1,"featured_media":0,"parent":665,"menu_order":3,"comment_status":"closed","ping_status":"closed","template":"","meta":[],"_links":{"self":[{"href":"https:\/\/www.mysaasplace.com\/pt\/wp-json\/wp\/v2\/pages\/690"}],"collection":[{"href":"https:\/\/www.mysaasplace.com\/pt\/wp-json\/wp\/v2\/pages"}],"about":[{"href":"https:\/\/www.mysaasplace.com\/pt\/wp-json\/wp\/v2\/types\/page"}],"author":[{"embeddable":true,"href":"https:\/\/www.mysaasplace.com\/pt\/wp-json\/wp\/v2\/users\/1"}],"replies":[{"embeddable":true,"href":"https:\/\/www.mysaasplace.com\/pt\/wp-json\/wp\/v2\/comments?post=690"}],"version-history":[{"count":3,"href":"https:\/\/www.mysaasplace.com\/pt\/wp-json\/wp\/v2\/pages\/690\/revisions"}],"predecessor-version":[{"id":1222,"href":"https:\/\/www.mysaasplace.com\/pt\/wp-json\/wp\/v2\/pages\/690\/revisions\/1222"}],"up":[{"embeddable":true,"href":"https:\/\/www.mysaasplace.com\/pt\/wp-json\/wp\/v2\/pages\/665"}],"wp:attachment":[{"href":"https:\/\/www.mysaasplace.com\/pt\/wp-json\/wp\/v2\/media?parent=690"}],"curies":[{"name":"wp","href":"https:\/\/api.w.org\/{rel}","templated":true}]}}