{"id":676,"date":"2013-01-22T15:47:38","date_gmt":"2013-01-22T15:47:38","guid":{"rendered":"http:\/\/www.mysaasplace.com\/?page_id=676"},"modified":"2013-02-26T09:34:16","modified_gmt":"2013-02-26T09:34:16","slug":"video-gestao-de-projetos","status":"publish","type":"page","link":"https:\/\/www.mysaasplace.com\/pt\/videos-e-tutorais\/video-gestao-de-projetos\/","title":{"rendered":"V\u00eddeo Gest\u00e3o de Projetos"},"content":{"rendered":"<h2>V\u00eddeo-Manual sobre Gest\u00e3o de Projetos<\/h2>\r\n\r\n<div class=\"vid\">\r\n<iframe src=\"http:\/\/www.youtube.com\/embed\/yN-fJDT3X1o?rel=0\" height=\"340\" width=\"580\" allowfullscreen=\"\" frameborder=\"0\"><\/iframe>\r\n<\/div>\r\n","protected":false},"excerpt":{"rendered":"<p>V\u00eddeo-Manual sobre Gest\u00e3o de Projetos<\/p>\n","protected":false},"author":1,"featured_media":0,"parent":665,"menu_order":1,"comment_status":"closed","ping_status":"closed","template":"","meta":[],"_links":{"self":[{"href":"https:\/\/www.mysaasplace.com\/pt\/wp-json\/wp\/v2\/pages\/676"}],"collection":[{"href":"https:\/\/www.mysaasplace.com\/pt\/wp-json\/wp\/v2\/pages"}],"about":[{"href":"https:\/\/www.mysaasplace.com\/pt\/wp-json\/wp\/v2\/types\/page"}],"author":[{"embeddable":true,"href":"https:\/\/www.mysaasplace.com\/pt\/wp-json\/wp\/v2\/users\/1"}],"replies":[{"embeddable":true,"href":"https:\/\/www.mysaasplace.com\/pt\/wp-json\/wp\/v2\/comments?post=676"}],"version-history":[{"count":3,"href":"https:\/\/www.mysaasplace.com\/pt\/wp-json\/wp\/v2\/pages\/676\/revisions"}],"predecessor-version":[{"id":1216,"href":"https:\/\/www.mysaasplace.com\/pt\/wp-json\/wp\/v2\/pages\/676\/revisions\/1216"}],"up":[{"embeddable":true,"href":"https:\/\/www.mysaasplace.com\/pt\/wp-json\/wp\/v2\/pages\/665"}],"wp:attachment":[{"href":"https:\/\/www.mysaasplace.com\/pt\/wp-json\/wp\/v2\/media?parent=676"}],"curies":[{"name":"wp","href":"https:\/\/api.w.org\/{rel}","templated":true}]}}