{"id":665,"date":"2013-01-22T15:25:59","date_gmt":"2013-01-22T15:25:59","guid":{"rendered":"http:\/\/www.mysaasplace.com\/?page_id=665"},"modified":"2013-01-28T16:23:09","modified_gmt":"2013-01-28T16:23:09","slug":"videos-e-tutorais","status":"publish","type":"page","link":"https:\/\/www.mysaasplace.com\/pt\/videos-e-tutorais\/","title":{"rendered":"Videos e Tutorais"},"content":{"rendered":"<h2>V\u00eddeos-tutorais sobre MySaaSPlace<\/h2>\r\n<p>Em MySaaSPlace trabalhamos para melhorar a qualidade do nosso servi\u00e7o, por isso criamos v\u00eddeos-tutorais para sua comodidade.<\/p>\r\n\r\n<div class=\"ir\"><a href=\"\/pt\/videos-e-tutorais\/video-gestao-de-projetos\/\">GEST\u00c3O DE PROJETOS<\/a><\/div><br\/>\r\n<div class=\"ir\"><a href=\"\/pt\/videos-e-tutorais\/video-contabilidade\/\">CONTABILIDADE<\/a><\/div><br\/>\r\n<div class=\"ir\"><a href=\"\/pt\/videos-e-tutorais\/video-faturacao\/\">FATURA\u00c7\u00c3O<\/a><\/div><br\/>\r\n\r\n<p>N\u00e3o esque\u00e7a que disp\u00f5e de at\u00e9 cinco formas diferentes para obter ajuda em qualquer dos programas de MySaaSPlace. N\u00e3o obstante se voc\u00ea deseja, pode realizar sua consulta, opini\u00e3o ou sugest\u00e3o e enviar atrav\u00e9s do <a href=\"\/pt\/contato\/\">formul\u00e1rio de contato<\/a>.<\/p>","protected":false},"excerpt":{"rendered":"<p>V\u00eddeos-tutorais sobre MySaaSPlace Em MySaaSPlace trabalhamos para melhorar a qualidade do nosso servi\u00e7o, por isso criamos v\u00eddeos-tutorais para sua comodidade. GEST\u00c3O DE PROJETOS CONTABILIDADE FATURA\u00c7\u00c3O N\u00e3o esque\u00e7a que disp\u00f5e de at\u00e9 cinco formas diferentes para obter ajuda em qualquer dos programas de MySaaSPlace. N\u00e3o obstante se voc\u00ea deseja, pode realizar sua consulta, opini\u00e3o ou sugest\u00e3o [&hellip;]<\/p>\n","protected":false},"author":1,"featured_media":0,"parent":0,"menu_order":0,"comment_status":"closed","ping_status":"closed","template":"","meta":[],"_links":{"self":[{"href":"https:\/\/www.mysaasplace.com\/pt\/wp-json\/wp\/v2\/pages\/665"}],"collection":[{"href":"https:\/\/www.mysaasplace.com\/pt\/wp-json\/wp\/v2\/pages"}],"about":[{"href":"https:\/\/www.mysaasplace.com\/pt\/wp-json\/wp\/v2\/types\/page"}],"author":[{"embeddable":true,"href":"https:\/\/www.mysaasplace.com\/pt\/wp-json\/wp\/v2\/users\/1"}],"replies":[{"embeddable":true,"href":"https:\/\/www.mysaasplace.com\/pt\/wp-json\/wp\/v2\/comments?post=665"}],"version-history":[{"count":4,"href":"https:\/\/www.mysaasplace.com\/pt\/wp-json\/wp\/v2\/pages\/665\/revisions"}],"predecessor-version":[{"id":964,"href":"https:\/\/www.mysaasplace.com\/pt\/wp-json\/wp\/v2\/pages\/665\/revisions\/964"}],"wp:attachment":[{"href":"https:\/\/www.mysaasplace.com\/pt\/wp-json\/wp\/v2\/media?parent=665"}],"curies":[{"name":"wp","href":"https:\/\/api.w.org\/{rel}","templated":true}]}}