{"id":646,"date":"2013-01-22T14:32:34","date_gmt":"2013-01-22T14:32:34","guid":{"rendered":"http:\/\/www.mysaasplace.com\/?page_id=646"},"modified":"2013-04-02T16:31:16","modified_gmt":"2013-04-02T16:31:16","slug":"mapa-site","status":"publish","type":"page","link":"https:\/\/www.mysaasplace.com\/pt\/mapa-site\/","title":{"rendered":"Mapa Site"},"content":{"rendered":"<h2>Mapa Site<\/h2>\r\n<ul><li><a href=\"https:\/\/www.mysaasplace.com\/pt\/avisos-legais\/\">Avisos Legais<\/a>\n<ul class='children'>\n\t<li><a href=\"https:\/\/www.mysaasplace.com\/pt\/avisos-legais\/contrato\/\">Contrato<\/a><\/li>\n\t<li><a href=\"https:\/\/www.mysaasplace.com\/pt\/avisos-legais\/protecao-de-dados\/\">Prote\u00e7\u00e3o de Dados<\/a><\/li>\n\t<li><a href=\"https:\/\/www.mysaasplace.com\/pt\/avisos-legais\/politica-de-uso\/\">Pol\u00edtica de Uso<\/a><\/li>\n\t<li><a href=\"https:\/\/www.mysaasplace.com\/pt\/avisos-legais\/copyright\/\">Copyright<\/a><\/li>\n\t<li><a href=\"https:\/\/www.mysaasplace.com\/pt\/avisos-legais\/compromissos\/\">Compromissos<\/a><\/li>\n<\/ul>\n<\/li>\n<li><a href=\"https:\/\/www.mysaasplace.com\/pt\/como-iniciar\/\">Como Iniciar<\/a><\/li>\n<li><a href=\"https:\/\/www.mysaasplace.com\/pt\/contato\/\">Contato<\/a><\/li>\n<li><a href=\"https:\/\/www.mysaasplace.com\/pt\/faqs-3\/\">FAQs<\/a>\n<ul class='children'>\n\t<li><a href=\"https:\/\/www.mysaasplace.com\/pt\/faqs-3\/gestao-na-nuvem\/\">Gest\u00e3o na Nuvem<\/a><\/li>\n\t<li><a href=\"https:\/\/www.mysaasplace.com\/pt\/faqs-3\/faqs-consultas-gerais\/\">FAQs Consultas Gerais<\/a><\/li>\n\t<li><a href=\"https:\/\/www.mysaasplace.com\/pt\/faqs-3\/perguntas-frequentes-sobre-gestao-de-projetos\/\">Perguntas Freq\u00fcentes sobre Gest\u00e3o de Projetos<\/a><\/li>\n\t<li><a href=\"https:\/\/www.mysaasplace.com\/pt\/faqs-3\/faqs-contabilidade\/\">FAQS Contabilidade<\/a><\/li>\n\t<li><a href=\"https:\/\/www.mysaasplace.com\/pt\/faqs-3\/perguntas-frequentes-faturacao\/\">Perguntas Freq\u00fcentes Fatura\u00e7\u00e3o<\/a><\/li>\n<\/ul>\n<\/li>\n<li><a href=\"https:\/\/www.mysaasplace.com\/pt\/funcoes\/\">Fun\u00e7\u00f5es<\/a>\n<ul class='children'>\n\t<li><a href=\"https:\/\/www.mysaasplace.com\/pt\/funcoes\/gestao-integral-por-projetos\/\">Gest\u00e3o Integral por Projetos<\/a>\n\t<ul class='children'>\n\t\t<li><a href=\"https:\/\/www.mysaasplace.com\/pt\/funcoes\/gestao-integral-por-projetos\/primeiros-passos-em-gestao-de-projetos\/\">Primeiros Passos em Gest\u00e3o de Projetos<\/a><\/li>\n\t\t<li><a href=\"https:\/\/www.mysaasplace.com\/pt\/funcoes\/gestao-integral-por-projetos\/gestao-de-projetos-em-2-minutos\/\">Gest\u00e3o de Projetos em 2 minutos<\/a><\/li>\n\t\t<li><a href=\"https:\/\/www.mysaasplace.com\/pt\/funcoes\/gestao-integral-por-projetos\/caracterasticas-gestao-de-projetos\/\">Caracter\u00e1sticas Gest\u00e3o de Projetos<\/a><\/li>\n\t<\/ul>\n<\/li>\n\t<li><a href=\"https:\/\/www.mysaasplace.com\/pt\/funcoes\/contabilidade\/\">Contabilidade<\/a>\n\t<ul class='children'>\n\t\t<li><a href=\"https:\/\/www.mysaasplace.com\/pt\/funcoes\/contabilidade\/primeiros-passos-em-contabilidade\/\">Primeiros Passos em Contabilidade<\/a><\/li>\n\t\t<li><a href=\"https:\/\/www.mysaasplace.com\/pt\/funcoes\/contabilidade\/contabilidade-em-2-minutos\/\">Contabilidade em 2 minutos<\/a><\/li>\n\t\t<li><a href=\"https:\/\/www.mysaasplace.com\/pt\/funcoes\/contabilidade\/caracterasticas-de-contabilidade\/\">Caracter\u00e1sticas de Contabilidade<\/a><\/li>\n\t<\/ul>\n<\/li>\n\t<li><a href=\"https:\/\/www.mysaasplace.com\/pt\/funcoes\/faturacao\/\">Fatura\u00e7\u00e3o<\/a>\n\t<ul class='children'>\n\t\t<li><a href=\"https:\/\/www.mysaasplace.com\/pt\/funcoes\/faturacao\/primeiros-passos-facturacao\/\">Primeiros Passos Fatura\u00e7\u00e3o<\/a><\/li>\n\t\t<li><a href=\"https:\/\/www.mysaasplace.com\/pt\/funcoes\/faturacao\/faturacao-em-2-minutos\/\">Fatura\u00e7\u00e3o em 2 minutos<\/a><\/li>\n\t\t<li><a href=\"https:\/\/www.mysaasplace.com\/pt\/funcoes\/faturacao\/caracterasticas-faturacao\/\">Caracter\u00e1sticas Fatura\u00e7\u00e3o<\/a><\/li>\n\t<\/ul>\n<\/li>\n<\/ul>\n<\/li>\n<li><a href=\"https:\/\/www.mysaasplace.com\/pt\/informacao-corporativa\/\">Informa\u00e7\u00e3o Corporativa<\/a>\n<ul class='children'>\n\t<li><a href=\"https:\/\/www.mysaasplace.com\/pt\/informacao-corporativa\/a-empresa\/\">A Empresa<\/a><\/li>\n\t<li><a href=\"https:\/\/www.mysaasplace.com\/pt\/informacao-corporativa\/razoes-de-importancia\/\">Raz\u00f5es de Import\u00e2ncia<\/a><\/li>\n\t<li><a href=\"https:\/\/www.mysaasplace.com\/pt\/informacao-corporativa\/acreditacoes-e-certificacoes\/\">Acredita\u00e7\u00f5es e Certifica\u00e7\u00f5es<\/a><\/li>\n<\/ul>\n<\/li>\n<li><a href=\"https:\/\/www.mysaasplace.com\/pt\/informacoes\/\">Informa\u00e7\u00f5es<\/a><\/li>\n<li><a href=\"https:\/\/www.mysaasplace.com\/pt\/mapa-site\/\">Mapa Site<\/a><\/li>\n<li><a href=\"https:\/\/www.mysaasplace.com\/pt\/planos-e-precos\/\">Planos e Pre\u00e7os<\/a>\n<ul class='children'>\n\t<li><a href=\"https:\/\/www.mysaasplace.com\/pt\/planos-e-precos\/estimador\/\">Estimador<\/a><\/li>\n<\/ul>\n<\/li>\n<li><a href=\"https:\/\/www.mysaasplace.com\/pt\/por-que-alugar-um-software\/\">Por que alugar um Software?<\/a><\/li>\n<li><a href=\"https:\/\/www.mysaasplace.com\/pt\/sala-de-imprensa\/\">Sala de Imprensa<\/a>\n<ul class='children'>\n\t<li><a href=\"https:\/\/www.mysaasplace.com\/pt\/sala-de-imprensa\/presenca-na-midia\/\">Presen\u00e7a na M\u00eddia<\/a><\/li>\n\t<li><a href=\"https:\/\/www.mysaasplace.com\/pt\/sala-de-imprensa\/notas-de-imprensa\/\">Notas de Imprensa<\/a><\/li>\n\t<li><a href=\"https:\/\/www.mysaasplace.com\/pt\/sala-de-imprensa\/kit-de-imprensa\/\">Kit de Imprensa<\/a><\/li>\n<\/ul>\n<\/li>\n<li><a href=\"https:\/\/www.mysaasplace.com\/pt\/seja-distribuidor\/\">Seja Distribuidor<\/a>\n<ul class='children'>\n\t<li><a href=\"https:\/\/www.mysaasplace.com\/pt\/seja-distribuidor\/distribuidores-2\/\">Distribuidores<\/a><\/li>\n\t<li><a href=\"https:\/\/www.mysaasplace.com\/pt\/seja-distribuidor\/marca-branca\/\">Marca Branca<\/a><\/li>\n<\/ul>\n<\/li>\n<li><a href=\"https:\/\/www.mysaasplace.com\/pt\/servicos\/\">Servi\u00e7os<\/a><\/li>\n<li><a href=\"https:\/\/www.mysaasplace.com\/pt\/smartphones\/\">SmartPhones<\/a><\/li>\n<li><a href=\"https:\/\/www.mysaasplace.com\/pt\/solucoes\/\">Solu\u00e7\u00f5es<\/a>\n<ul class='children'>\n\t<li><a href=\"https:\/\/www.mysaasplace.com\/pt\/solucoes\/servicos-e-gremios\/\">Servi\u00e7os e Gr\u00eamios<\/a><\/li>\n\t<li><a href=\"https:\/\/www.mysaasplace.com\/pt\/solucoes\/servicios-de-alugueis\/\">Servicios de Alugu\u00e9is<\/a><\/li>\n\t<li><a href=\"https:\/\/www.mysaasplace.com\/pt\/solucoes\/distribuicao\/\">Distribui\u00e7\u00e3o<\/a><\/li>\n\t<li><a href=\"https:\/\/www.mysaasplace.com\/pt\/solucoes\/assessorias\/\">Assessorias<\/a><\/li>\n<\/ul>\n<\/li>\n<li><a href=\"https:\/\/www.mysaasplace.com\/pt\/tecnologia-2\/\">Tecnologia<\/a><\/li>\n<li><a href=\"https:\/\/www.mysaasplace.com\/pt\/videos-e-tutorais\/\">Videos e Tutorais<\/a>\n<ul class='children'>\n\t<li><a href=\"https:\/\/www.mysaasplace.com\/pt\/videos-e-tutorais\/video-gestao-de-projetos\/\">V\u00eddeo Gest\u00e3o de Projetos<\/a><\/li>\n\t<li><a href=\"https:\/\/www.mysaasplace.com\/pt\/videos-e-tutorais\/video-contabilidade\/\">V\u00eddeo Contabilidade<\/a><\/li>\n\t<li><a href=\"https:\/\/www.mysaasplace.com\/pt\/videos-e-tutorais\/video-faturacao\/\">V\u00eddeo Fatura\u00e7\u00e3o<\/a><\/li>\n<\/ul>\n<\/li>\n<\/ul>","protected":false},"excerpt":{"rendered":"<p>Mapa Site<\/p>\n","protected":false},"author":1,"featured_media":0,"parent":0,"menu_order":0,"comment_status":"closed","ping_status":"closed","template":"","meta":[],"_links":{"self":[{"href":"https:\/\/www.mysaasplace.com\/pt\/wp-json\/wp\/v2\/pages\/646"}],"collection":[{"href":"https:\/\/www.mysaasplace.com\/pt\/wp-json\/wp\/v2\/pages"}],"about":[{"href":"https:\/\/www.mysaasplace.com\/pt\/wp-json\/wp\/v2\/types\/page"}],"author":[{"embeddable":true,"href":"https:\/\/www.mysaasplace.com\/pt\/wp-json\/wp\/v2\/users\/1"}],"replies":[{"embeddable":true,"href":"https:\/\/www.mysaasplace.com\/pt\/wp-json\/wp\/v2\/comments?post=646"}],"version-history":[{"count":3,"href":"https:\/\/www.mysaasplace.com\/pt\/wp-json\/wp\/v2\/pages\/646\/revisions"}],"predecessor-version":[{"id":1566,"href":"https:\/\/www.mysaasplace.com\/pt\/wp-json\/wp\/v2\/pages\/646\/revisions\/1566"}],"wp:attachment":[{"href":"https:\/\/www.mysaasplace.com\/pt\/wp-json\/wp\/v2\/media?parent=646"}],"curies":[{"name":"wp","href":"https:\/\/api.w.org\/{rel}","templated":true}]}}