{"id":625,"date":"2013-01-22T13:01:42","date_gmt":"2013-01-22T13:01:42","guid":{"rendered":"http:\/\/www.mysaasplace.com\/?page_id=625"},"modified":"2013-01-22T13:01:42","modified_gmt":"2013-01-22T13:01:42","slug":"servicios-de-alugueis","status":"publish","type":"page","link":"https:\/\/www.mysaasplace.com\/pt\/solucoes\/servicios-de-alugueis\/","title":{"rendered":"Servicios de Alugu\u00e9is"},"content":{"rendered":"<!-- El texto y la estructura es igual en funciones -->\r\n<h2>Fun\u00e7\u00f5es<\/h2>\r\n\r\n<div id=\"divisionesdos\">\r\n\t<div class=\"primera\">\r\n\t\t<div class=\"titularinferiorcinco\">\r\n\t\t\t<div class=\"icono\">\r\n\t\t\t\t<a href=\"\/pt\/funcoes\/contabilidade\/\"><img alt=\"\u00edcone contabilidade\" src=\"\/images\/iconos\/contabilidad.png\"><\/a>\r\n\t\t\t<\/div>\r\n\t\t\t<div id=\"hache5\">\r\n\t\t\t\t<a href=\"\/pt\/funcoes\/contabilidade\/\">CONTABILIDADE<\/a>\r\n\t\t\t<\/div>\r\n\t\t<\/div>\r\n\t\t<div class=\"textoprimera\">\r\n\t\t\tO programa gest\u00e3o por Projetos de MySaaSPlace \u00e9 extremamente f\u00e1cil de manejar e pode usar-se de duas formas bem diferentes. Eleja a que mais lhe convenha.\r\n\t\t\t<div class=\"ir\">\r\n\t\t\t\t<a href=\"\/pt\/funcoes\/contabilidade\/\">LEIA MAIS<\/a>\r\n\t\t\t<\/div>\r\n\t\t<\/div>\r\n\t<\/div>\r\n\t<div class=\"segunda\">\r\n\t\t<div class=\"titularinferiorcinco\">\r\n\t\t\t<div class=\"icono\">\r\n\t\t\t\t<a href=\"\/pt\/funcoes\/contabilidade\/primeiros-passos-em-contabilidade\/\"><img alt=\"\u00edcone passos\" src=\"\/images\/iconos\/pies.png\"><\/a>\r\n\t\t\t<\/div>\r\n\t\t\t<div class=\"hache6\">\r\n\t\t\t\t<a href=\"\/pt\/funcoes\/contabilidade\/primeiros-passos-em-contabilidade\/\">PRIMEIROS PASSOS<\/a>\r\n\t\t\t<\/div>\r\n\t\t<\/div>\r\n\t\t<div class=\"textoprimera\">\r\n\t\t\tPrimeiros passos para usar a ferramenta GIP de MySaaSPlace. Aprende de maneira f\u00e1cil o manejo desta \u00fatil e simples ferramenta.\r\n\t\t\t<div class=\"ir\">\r\n\t\t\t\t<a href=\"\/pt\/funcoes\/contabilidade\/primeiros-passos-em-contabilidade\/\">LEIA MAIS<\/a>\r\n\t\t\t<\/div>\r\n\t\t<\/div>\r\n\t<\/div>\r\n\t<div class=\"tercera\">\r\n\t\t<div class=\"titularinferiorcinco\">\r\n\t\t\t<div class=\"icono\">\r\n\t\t\t\t<a href=\"\/pt\/funcoes\/contabilidade\/contabilidade-em-2-minutos\/\"><img alt=\"\u00edcone rel\u00f3gio\" src=\"\/images\/iconos\/reloj.png\"><\/a>\r\n\t\t\t<\/div>\r\n\t\t\t<div class=\"hache6\">\r\n\t\t\t\t<a href=\"\/pt\/funcoes\/contabilidade\/contabilidade-em-2-minutos\/\">CONTABILIDADE EM 2 MINUTOS<\/a>\r\n\t\t\t<\/div>\r\n\t\t<\/div>\r\n\t\t<div class=\"textoprimera\">\r\n\t\t\tEm somente 2 minutos, poder\u00e1 aprender a gestionar os projetos da sua empresa com a visualiza\u00e7\u00e3o de um video sobre nossa ferramenta de GIP.\r\n\t\t\t<div class=\"ir\">\r\n\t\t\t\t<a href=\"\/pt\/funcoes\/contabilidade\/contabilidade-em-2-minutos\/\">LEIA MAIS<\/a>\r\n\t\t\t<\/div>\r\n\t\t<\/div>\r\n\t<\/div>\r\n<\/div>\r\n\r\n<div id=\"divisionestres\">\r\n\t<div class=\"primera\">\r\n\t\t<div class=\"titularinferiorcinco\">\r\n\t\t\t<div class=\"icono\">\r\n\t\t\t\t<a href=\"\/pt\/funcoes\/faturacao\/\"><img alt=\"\u00edcone fatura\u00e7\u00e3o\" src=\"\/images\/iconos\/gestion.png\"><\/a>\r\n\t\t\t<\/div>\r\n\t\t\t<div class=\"hache6\">\r\n\t\t\t\t<a href=\"\/pt\/funcoes\/faturacao\/\">FATURA\u00c7\u00c3O<\/a>\r\n\t\t\t<\/div>\r\n\t\t<\/div>\r\n\t\t<div class=\"textoprimera\">\r\n\t\t\tO programa de Fatura\u00e7\u00e3o MySaaSPlace \u00e9 um completo software que permite gestionar todas as atividades de uma empresa.\r\n\t\t\t<div class=\"irsiete\">\r\n\t\t\t\t<a href=\"\/pt\/funcoes\/faturacao\/\">LEIA MAIS<\/a>\r\n\t\t\t<\/div>\r\n\t\t<\/div>\r\n\t<\/div>\r\n\t<div class=\"tercera\">\r\n\t\t<div class=\"titularinferiorcinco\">\r\n\t\t\t<div class=\"icono\">\r\n\t\t\t\t<a href=\"\/pt\/funcoes\/faturacao\/primeiros-passos-facturacao\/\"><img alt=\"\u00edcone passos\" src=\"\/images\/iconos\/pies.png\"><\/a>\r\n\t\t\t<\/div>\r\n\t\t\t<div id=\"hache10\">\r\n\t\t\t\t<a href=\"\/pt\/funcoes\/faturacao\/primeiros-passos-facturacao\/\">PRIMEIROS PASSOS<\/a>\r\n\t\t\t<\/div>\r\n\t\t<\/div>\r\n\t\t<div class=\"textoprimera\">\r\n\t\t\tPrimeiros passos para usar a ferramenta GIP de MySaaSPlace. Aprende de maneira f\u00e1cil o manejo desta \u00fatil e simples ferramenta.\r\n\t\t\t<div class=\"ir\">\r\n\t\t\t\t<a href=\"\/pt\/funcoes\/faturacao\/primeiros-passos-facturacao\/\">LEIA MAIS<\/a>\r\n\t\t\t<\/div>\r\n\t\t<\/div>\r\n\t<\/div>\r\n\t<div class=\"segunda\">\r\n\t\t<div id=\"titularinferiorseis\">\r\n\t\t\t<div class=\"icono\">\r\n\t\t\t\t<a href=\"\/pt\/funcoes\/faturacao\/faturacao-em-2-minutos\/\"><img alt=\"\u00edcone rel\u00f3gio\" src=\"\/images\/iconos\/reloj.png\"><\/a>\r\n\t\t\t<\/div>\r\n\t\t\t<div class=\"hache5\">\r\n\t\t\t\t<a href=\"\/pt\/funcoes\/faturacao\/faturacao-em-2-minutos\/\">FATURA\u00c7\u00c3O EM 2 MINUTOS<\/a>\r\n\t\t\t<\/div>\r\n\t\t<\/div>\r\n\t\t<div class=\"textoprimera\">\r\n\t\t\tEm somente 2 minutos, poder\u00e1 aprender a gestionar os projetos da sua empresa com a visualiza\u00e7\u00e3o de um video sobre nossa ferramenta de GIP.\r\n\t\t\t<div class=\"ir\">\r\n\t\t\t\t<a href=\"\/pt\/funcoes\/faturacao\/faturacao-em-2-minutos\/\">LEIA MAIS<\/a>\r\n\t\t\t<\/div>\r\n\t\t<\/div>\r\n\t<\/div>\r\n<\/div>","protected":false},"excerpt":{"rendered":"<p>Fun\u00e7\u00f5es CONTABILIDADE O programa gest\u00e3o por Projetos de MySaaSPlace \u00e9 extremamente f\u00e1cil de manejar e pode usar-se de duas formas bem diferentes. Eleja a que mais lhe convenha. LEIA MAIS PRIMEIROS PASSOS Primeiros passos para usar a ferramenta GIP de MySaaSPlace. Aprende de maneira f\u00e1cil o manejo desta \u00fatil e simples ferramenta. LEIA MAIS CONTABILIDADE [&hellip;]<\/p>\n","protected":false},"author":1,"featured_media":149,"parent":946,"menu_order":2,"comment_status":"closed","ping_status":"closed","template":"","meta":[],"_links":{"self":[{"href":"https:\/\/www.mysaasplace.com\/pt\/wp-json\/wp\/v2\/pages\/625"}],"collection":[{"href":"https:\/\/www.mysaasplace.com\/pt\/wp-json\/wp\/v2\/pages"}],"about":[{"href":"https:\/\/www.mysaasplace.com\/pt\/wp-json\/wp\/v2\/types\/page"}],"author":[{"embeddable":true,"href":"https:\/\/www.mysaasplace.com\/pt\/wp-json\/wp\/v2\/users\/1"}],"replies":[{"embeddable":true,"href":"https:\/\/www.mysaasplace.com\/pt\/wp-json\/wp\/v2\/comments?post=625"}],"version-history":[{"count":1,"href":"https:\/\/www.mysaasplace.com\/pt\/wp-json\/wp\/v2\/pages\/625\/revisions"}],"predecessor-version":[{"id":626,"href":"https:\/\/www.mysaasplace.com\/pt\/wp-json\/wp\/v2\/pages\/625\/revisions\/626"}],"up":[{"embeddable":true,"href":"https:\/\/www.mysaasplace.com\/pt\/wp-json\/wp\/v2\/pages\/946"}],"wp:featuredmedia":[{"embeddable":true,"href":"https:\/\/www.mysaasplace.com\/pt\/wp-json\/wp\/v2\/media\/149"}],"wp:attachment":[{"href":"https:\/\/www.mysaasplace.com\/pt\/wp-json\/wp\/v2\/media?parent=625"}],"curies":[{"name":"wp","href":"https:\/\/api.w.org\/{rel}","templated":true}]}}