{"id":619,"date":"2013-01-22T12:52:04","date_gmt":"2013-01-22T12:52:04","guid":{"rendered":"http:\/\/www.mysaasplace.com\/?page_id=619"},"modified":"2013-04-25T16:18:01","modified_gmt":"2013-04-25T16:18:01","slug":"planos-e-precos","status":"publish","type":"page","link":"https:\/\/www.mysaasplace.com\/pt\/planos-e-precos\/","title":{"rendered":"Planos e Pre\u00e7os"},"content":{"rendered":"<h2>Planos e Pre\u00e7os<\/h2>\r\n<div class=\"tabla_full_container\">\r\n<table summary=\"Planes y Precios\">\r\n<tbody>\r\n<tr>\r\n<td><span class=\"title\">SOLUCIONES INDIVIDUALES<\/span> <span class=\"subtitle\">Elige la que necesites<\/span><\/td>\r\n<td><span class=\"title\">FREE<\/span> <span class=\"subtitle\">Pru\u00e9banos a tu gusto<\/span><\/td>\r\n<td><span class=\"title\">PREMIUM<\/span> <span class=\"subtitle\">Suscripci\u00f3n mensual<\/span><\/td>\r\n<td><span class=\"title\">ANUAL<\/span> <span class=\"subtitle\">Premiamos tu confianza<\/span><\/td>\r\n<\/tr>\r\n<tr>\r\n<td><span class=\"solution\">GESTI\u00d3N INTEGRADA DE PROYECTOS (GIP)<\/span><\/td>\r\n<td>\r\n<ul>\r\n\t<li>1 Proyecto\/mes<\/li>\r\n<\/ul>\r\n<\/td>\r\n<td>\r\n<ul>\r\n\t<li>1 Usuario<\/li>\r\n\t<li>Proyectos ilimitados<\/li>\r\n\t<li>20\u20ac AL MES<\/li>\r\n<\/ul>\r\n<\/td>\r\n<td>\r\n<ul>\r\n\t<li>1 Usuario<\/li>\r\n\t<li>Proyectos ilimitados<\/li>\r\n\t<li>199\u20ac AL A\u00d1O (*)<\/li>\r\n<\/ul>\r\n<\/td>\r\n<\/tr>\r\n<tr>\r\n<td><span class=\"solution\">FACTURACI\u00d3N<\/span><\/td>\r\n<td>\r\n<ul>\r\n\t<li>5 Facturas\/mes<\/li>\r\n<\/ul>\r\n<\/td>\r\n<td>\r\n<ul>\r\n\t<li>1 Usuario<\/li>\r\n\t<li>Facturas ilimitadas<\/li>\r\n\t<li>20\u20ac AL MES<\/li>\r\n<\/ul>\r\n<\/td>\r\n<td>\r\n<ul>\r\n\t<li>1 Usuario<\/li>\r\n\t<li>Facturas ilimitadas<\/li>\r\n\t<li>199\u20ac AL A\u00d1O (*)<\/li>\r\n<\/ul>\r\n<\/td>\r\n<\/tr>\r\n<tr>\r\n<td><span class=\"solution\">CONTABILIDAD<\/span><\/td>\r\n<td>\r\n<ul>\r\n\t<li>Creaci\u00f3n de asientos solo desde Facturaci\u00f3n<\/li>\r\n<\/ul>\r\n<\/td>\r\n<td>\r\n<ul>\r\n\t<li>1 Usuario<\/li>\r\n\t<li>Asientos desde Facturaci\u00f3n y asientos manuales ilimitados<\/li>\r\n\t<li>20\u20ac AL MES<\/li>\r\n<\/ul>\r\n<\/td>\r\n<td>\r\n<ul>\r\n\t<li>1 Usuario<\/li>\r\n\t<li>Asientos desde Facturaci\u00f3n y asientos manuales ilimitados<\/li>\r\n\t<li>199\u20ac AL A\u00d1O (*)<\/li>\r\n<\/ul>\r\n<\/td>\r\n<\/tr>\r\n<tr>\r\n<td><span class=\"solution\">USUARIO ADICIONAL (**)<\/span><\/td>\r\n<td>\r\n<ul>\r\n\t<li>Usuarios Plan Free ilimitados<\/li>\r\n<\/ul>\r\n<\/td>\r\n<td>\r\n<ul>\r\n\t<li>Asignable a una Soluci\u00f3n<\/li>\r\n\t<li>10\u20ac AL MES<\/li>\r\n<\/ul>\r\n<\/td>\r\n<td>\r\n<ul>\r\n\t<li>Asignable a una Soluci\u00f3n<\/li>\r\n\t<li>99\u20ac AL A\u00d1O<\/li>\r\n<\/ul>\r\n<\/td>\r\n<\/tr>\r\n<tr class=\"tabla_botones\">\r\n<td><\/td>\r\n<td><a class=\"boton-registro\" href=\"https:\/\/azure.mysaasplace.com\/Account\/Register.aspx?lng=es\">ALTA GRATUITA<\/a><\/td>\r\n<td><a class=\"boton-registro\" href=\"https:\/\/azure.mysaasplace.com\/Account\/Register.aspx?lng=es\">ALTA GRATUITA<\/a><\/td>\r\n<td><a class=\"boton-registro\" href=\"https:\/\/azure.mysaasplace.com\/Account\/Register.aspx?lng=es\">ALTA GRATUITA<\/a><\/td>\r\n<\/tr>\r\n<\/tbody><\/table>\r\n<\/div>\r\n<p>Los precios NO incluyen IVA.<\/p>\r\n<p>Ponte en contacto con nosotros si tienes otras necesidades no cubiertas en estos planes.<\/p>\r\n<ul>\r\n\t<li>(*) Un solo pago al a\u00f1o por el total del importe.<\/li>\r\n\t<li>(**) Las mismas condiciones y precios aplican para contratar Empresas adicionales.<\/li>\r\n<\/ul>\r\n<p>&nbsp;<\/p>\r\n<h2>Packs de Soluciones<\/h2>\r\n<div class=\"tabla_full_container\">\r\n<table summary=\"Planes y Precios\">\r\n<tbody>\r\n<tr>\r\n<td><span class=\"title\">PACKS DE SOLUCIONES<\/span> <span class=\"subtitle\">\u00a1Combina y ahorra!<\/span><\/td>\r\n<td><span class=\"title\">FREE<\/span> <span class=\"subtitle\">Pru\u00e9banos a tu gusto<\/span><\/td>\r\n<td><span class=\"title\">PREMIUM<\/span> <span class=\"subtitle\">Suscripci\u00f3n mensual<\/span><\/td>\r\n<td><span class=\"title\">ANUAL<\/span> <span class=\"subtitle\">Premiamos tu confianza<\/span><\/td>\r\n<\/tr>\r\n<tr>\r\n<td><span class=\"solution\">SUITE COMPLETA<\/span><\/td>\r\n<td>\r\n<ul>\r\n\t<li>El Plan Free incluye las 3 soluciones<\/li>\r\n<\/ul>\r\n<\/td>\r\n<td>\r\n<ul>\r\n\t<li>Solo suscripci\u00f3n anual<\/li>\r\n<\/ul>\r\n<\/td>\r\n<td>\r\n<ul>\r\n\t<li>3 Usuarios (+)<\/li>\r\n\t<li>Sin limitaciones<\/li>\r\n\t<li>299\u20ac AL A\u00d1O (*)<\/li>\r\n<\/ul>\r\n<\/td>\r\n<\/tr>\r\n<tr>\r\n<td><span class=\"solution\">GIP + FACTURACI\u00d3N<\/span><\/td>\r\n<td>\r\n<ul>\r\n\t<li>El Plan Free incluye las 3 soluciones<\/li>\r\n<\/ul>\r\n<\/td>\r\n<td>\r\n<ul>\r\n\t<li>Solo suscripci\u00f3n anual<\/li>\r\n<\/ul>\r\n<\/td>\r\n<td>\r\n<ul>\r\n\t<li>2 Usuarios (+)<\/li>\r\n\t<li>Sin limitaciones<\/li>\r\n\t<li>249\u20ac AL A\u00d1O (*)<\/li>\r\n<\/ul>\r\n<\/td>\r\n<\/tr>\r\n<tr>\r\n<td><span class=\"solution\">FACTURACI\u00d3N + CONTABILIDAD<\/span><\/td>\r\n<td>\r\n<ul>\r\n\t<li>El Plan Free incluye las 3 soluciones<\/li>\r\n<\/ul>\r\n<\/td>\r\n<td class=\"free-col\">\r\n<ul>\r\n\t<li>Solo suscripci\u00f3n anual<\/li>\r\n<\/ul>\r\n<\/td>\r\n<td>\r\n<ul>\r\n\t<li>2 Usuarios (+)<\/li>\r\n\t<li>Sin limitaciones<\/li>\r\n\t<li>249\u20ac AL A\u00d1O (*)<\/li>\r\n<\/ul>\r\n<\/td>\r\n<\/tr>\r\n<tr>\r\n<td><span class=\"solution\">USUARIO ADICIONAL (**)<\/span><\/td>\r\n<td>\r\n<ul>\r\n\t<li>Usuarios Plan Free ilimitados<\/li>\r\n<\/ul>\r\n<\/td>\r\n<td>\r\n<ul>\r\n\t<li>Solo suscripci\u00f3n anual<\/li>\r\n<\/ul>\r\n<\/td>\r\n<td>\r\n<ul>\r\n\t<li>Asignable a una Soluci\u00f3n<\/li>\r\n\t<li>99\u20ac AL A\u00d1O<\/li>\r\n<\/ul>\r\n<\/td>\r\n<\/tr>\r\n<tr class=\"tabla_botones\">\r\n<td><\/td>\r\n<td><a class=\"boton-registro\" href=\"https:\/\/azure.mysaasplace.com\/Account\/Register.aspx?lng=es\">ALTA GRATUITA<\/a><\/td>\r\n<td><a class=\"boton-registro\" href=\"https:\/\/azure.mysaasplace.com\/Account\/Register.aspx?lng=es\">ALTA GRATUITA<\/a><\/td>\r\n<td><a class=\"boton-registro\" href=\"https:\/\/azure.mysaasplace.com\/Account\/Register.aspx?lng=es\">ALTA GRATUITA<\/a><\/td>\r\n<\/tr>\r\n<\/tbody><\/table>\r\n<\/div>\r\n<p style=\"text-align: left;\">Los precios NO incluyen IVA.<\/p>\r\n<p style=\"text-align: left;\">Ponte en contacto con nosotros si tienes otras necesidades no cubiertas en estos planes.<\/p>\r\n<ul>\r\n\t<li>\r\n<div style=\"text-align: left;\">(+) Un usuario asignado por soluci\u00f3n incluida en el Pack.<\/div><\/li>\r\n\t<li>\r\n<div style=\"text-align: left;\">(*) Un solo pago al a\u00f1o por el total del importe.<\/div><\/li>\r\n\t<li>\r\n<div style=\"text-align: left;\">(**) Las mismas condiciones y precios aplican para contratar Empresas adicionales.<\/div><\/li>\r\n<\/ul>\r\n<p>&nbsp;<\/p>\r\n<h2>Packs de Usuarios<\/h2>\r\n<div class=\"tabla_full_container\">\r\n<table summary=\"Planes y Precios\">\r\n<tbody>\r\n<tr>\r\n<td><span class=\"title\">PACKS DE USUARIOS<\/span> <span class=\"subtitle\">\u00a1Combina y ahorra!<\/span><\/td>\r\n<td><span class=\"title\">FREE<\/span> <span class=\"subtitle\">Pru\u00e9banos a tu gusto<\/span><\/td>\r\n<td><span class=\"title\">PREMIUM<\/span> <span class=\"subtitle\">Suscripci\u00f3n mensual<\/span><\/td>\r\n<td><span class=\"title\">ANUAL<\/span> <span class=\"subtitle\">Premiamos tu confianza<\/span><\/td>\r\n<\/tr>\r\n<tr>\r\n<td><span class=\"solution\">2 USUARIOS (**)<\/span><\/td>\r\n<td>\r\n<ul>\r\n\t<li>Usuarios Plan Free ilimitados.<\/li>\r\n<\/ul>\r\n<\/td>\r\n<td>\r\n<ul>\r\n\t<li>Solo suscripci\u00f3n anual<\/li>\r\n<\/ul>\r\n<\/td>\r\n<td>\r\n<ul>\r\n\t<li>Cada usuario asignable a una Soluci\u00f3n<\/li>\r\n\t<li>179\u20ac AL A\u00d1O (*)<\/li>\r\n<\/ul>\r\n<\/td>\r\n<\/tr>\r\n<tr>\r\n<td><span class=\"solution\">3 USUARIOS (**)<\/span><\/td>\r\n<td>\r\n<ul>\r\n\t<li>Usuarios Plan Free ilimitados.<\/li>\r\n<\/ul>\r\n<\/td>\r\n<td>\r\n<ul>\r\n\t<li>Solo suscripci\u00f3n anual<\/li>\r\n<\/ul>\r\n<\/td>\r\n<td>\r\n<ul>\r\n\t<li>Cada usuario asignable a una Soluci\u00f3n<\/li>\r\n\t<li>249\u20ac AL A\u00d1O (*)<\/li>\r\n<\/ul>\r\n<\/td>\r\n<\/tr>\r\n<tr>\r\n<td><span class=\"solution\">5 USUARIOS (**)<\/span><\/td>\r\n<td>\r\n<ul>\r\n\t<li>Usuarios Plan Free ilimitados<\/li>\r\n<\/ul>\r\n<\/td>\r\n<td>\r\n<ul>\r\n\t<li>Solo suscripci\u00f3n anual<\/li>\r\n<\/ul>\r\n<\/td>\r\n<td>\r\n<ul>\r\n\t<li>Cada usuario asignable a una Soluci\u00f3n<\/li>\r\n\t<li>349\u20ac AL A\u00d1O (*)<\/li>\r\n<\/ul>\r\n<\/td>\r\n<\/tr>\r\n<tr>\r\n<td><span class=\"solution\">10 USUARIOS (**)<\/span><\/td>\r\n<td>\r\n<ul>\r\n\t<li>Usuarios Plan Free ilimitados<\/li>\r\n<\/ul>\r\n<\/td>\r\n<td>\r\n<ul>\r\n\t<li>Solo suscripci\u00f3n anual<\/li>\r\n<\/ul>\r\n<\/td>\r\n<td>\r\n<ul>\r\n\t<li>Cada usuario asignable a una Soluci\u00f3n<\/li>\r\n\t<li>599\u20ac AL A\u00d1O (*)<\/li>\r\n<\/ul>\r\n<\/td>\r\n<\/tr>\r\n<tr>\r\n<td><span class=\"solution\">20 USUARIOS (**)<\/span><\/td>\r\n<td>\r\n<ul>\r\n\t<li>Usuarios Plan Free ilimitados<\/li>\r\n<\/ul>\r\n<\/td>\r\n<td>\r\n<ul>\r\n\t<li>Solo suscripci\u00f3n anual<\/li>\r\n<\/ul>\r\n<\/td>\r\n<td>\r\n<ul>\r\n\t<li>Cada usuario asignable a una Soluci\u00f3n<\/li>\r\n\t<li>799\u20ac AL A\u00d1O (*)<\/li>\r\n<\/ul>\r\n<\/td>\r\n<\/tr>\r\n<tr>\r\n<td><span class=\"solution\">USUARIOS ILIMITADOS (**)<\/span><\/td>\r\n<td>\r\n<ul>\r\n\t<li>Usuarios Plan Free ilimitados<\/li>\r\n<\/ul>\r\n<\/td>\r\n<td>\r\n<ul>\r\n\t<li>Solo suscripci\u00f3n anual<\/li>\r\n<\/ul>\r\n<\/td>\r\n<td>\r\n<ul>\r\n\t<li>Cada usuario asignable a una Soluci\u00f3n<\/li>\r\n\t<li>1.999\u20ac AL A\u00d1O (*)<\/li>\r\n<\/ul>\r\n<\/td>\r\n<\/tr>\r\n<tr class=\"tabla_botones\">\r\n<td><\/td>\r\n<td><a class=\"boton-registro\" href=\"https:\/\/azure.mysaasplace.com\/Account\/Register.aspx?lng=es\">ALTA GRATUITA<\/a><\/td>\r\n<td><a class=\"boton-registro\" href=\"https:\/\/azure.mysaasplace.com\/Account\/Register.aspx?lng=es\">ALTA GRATUITA<\/a><\/td>\r\n<td><a class=\"boton-registro\" href=\"https:\/\/azure.mysaasplace.com\/Account\/Register.aspx?lng=es\">ALTA GRATUITA<\/a><\/td>\r\n<\/tr>\r\n<\/tbody><\/table>\r\n<\/div>\r\n<p>Los precios NO incluyen IVA.<\/p>\r\n<p>Ponte en contacto con nosotros si tienes otras necesidades no cubiertas en estos planes.<\/p>\r\n<ul>\r\n\t<li>(*) Un solo pago al a\u00f1o por el total del importe.<\/li>\r\n\t<li>(**) Las mismas condiciones y precios aplican para contratar Empresas adicionales.<\/li>\r\n<\/ul>\r\n\r\n<p>&nbsp;<\/p>\r\n<h2>Estimador<\/h2>\r\n<div class=\"tabla_full_container tabla_calculadora\" style=\"margin:0;\">\r\n\t<table summary=\"Estimador\">\r\n\t\t<tbody>\r\n\t\t\t<tr id=\"servidores\">\r\n\t\t\t\t<td><span class=\"title\">Servidores<\/span><\/td>\r\n\t\t\t\t<td>\r\n\t\t\t\t\t<span class=\"supra\">N\u00famero<\/span>\r\n\t\t\t\t\t<span class=\"infra\"><input type=\"text\" value=\"1\"><\/span>\r\n\t\t\t\t<\/td>\r\n\t\t\t\t<td>\r\n\t\t\t\t\t<span class=\"supra\">Consumo<\/span>\r\n\t\t\t\t\t<span class=\"infra\"><input type=\"text\" value=\"200\"><\/span>\r\n\t\t\t\t<\/td>\r\n\t\t\t\t<td style=\"width:110px;\">\r\n\t\t\t\t\t<span class=\"supra\">Pre\u00e7o Kw\/hora<\/span>\r\n\t\t\t\t\t<span class=\"infra\"><input type=\"text\" value=\"0,025\"><\/span>\r\n\t\t\t\t<\/td>\r\n\t\t\t\t<td>\r\n\t\t\t\t\t<span class=\"supra\">Horas<\/span>\r\n\t\t\t\t\t<span class=\"infra-defined\">24<\/span>\r\n\t\t\t\t\t<input type=\"hidden\" value=\"24\" \/>\r\n\t\t\t\t<\/td>\r\n\t\t\t\t<td>\r\n\t\t\t\t\t<span class=\"supra\">Dias<\/span>\r\n\t\t\t\t\t<span class=\"infra-defined\">30<\/span>\r\n\t\t\t\t\t<input type=\"hidden\" value=\"30\" \/>\r\n\t\t\t\t<\/td>\r\n\t\t\t\t<td>\r\n\t\t\t\t\t<span class=\"supra\">M\u00eas<\/span>\r\n\t\t\t\t\t<span class=\"infra-defined\">12<\/span>\r\n\t\t\t\t\t<input type=\"hidden\" value=\"12\" \/>\r\n\t\t\t\t<\/td>\r\n\t\t\t\t<td><span class=\"precio-fila\" id=\"precio-servidores\">43.200\u20ac<\/span><\/td>\r\n\t\t\t<\/tr>\r\n\t\t\t<tr id=\"mantenimiento-servidores\">\r\n\t\t\t\t<td><span class=\"title\">Manuten\u00e7\u00e3o do Servidor<\/span><\/td>\r\n\t\t\t\t<td>\r\n\t\t\t\t\t<span class=\"supra\">N\u00famero<\/span>\r\n\t\t\t\t\t<span class=\"infra\"><input type=\"text\" value=\"1\"><\/span>\r\n\t\t\t\t<\/td>\r\n\t\t\t\t<td><\/td>\r\n\t\t\t\t<td>\r\n\t\t\t\t\t<span class=\"supra\">Custo Anual<\/span>\r\n\t\t\t\t\t<span class=\"infra\"><input type=\"text\" value=\"2000\"><\/span>\r\n\t\t\t\t<\/td>\r\n\t\t\t\t<td><\/td>\r\n\t\t\t\t<td><\/td>\r\n\t\t\t\t<td><\/td>\r\n\t\t\t\t<td><span class=\"precio-fila\" id=\"precio-mantenimiento-servidores\">2.000\u20ac<\/td>\r\n\t\t\t<\/tr>\r\n\t\t\t<tr id=\"licencias\">\r\n\t\t\t\t<td>\r\n\t\t\t\t\t<span class=\"title\">Licen\u00e7as de Servidor<\/span>\r\n\t\t\t\t\t<span class=\"subtitle\">(incluem custos clientes)<\/span>\r\n\t\t\t\t<\/td>\r\n\t\t\t\t<td>\r\n\t\t\t\t\t<span class=\"supra\">N\u00famero<\/span>\r\n\t\t\t\t\t<span class=\"infra\"><input type=\"text\" value=\"2\"><\/span>\r\n\t\t\t\t<\/td>\r\n\t\t\t\t<td><\/td>\r\n\t\t\t\t<td>\r\n\t\t\t\t\t<span class=\"supra\">Custo Anual<\/span>\r\n\t\t\t\t\t<span class=\"infra\"><input type=\"text\" value=\"2500\"><\/span>\r\n\t\t\t\t<\/td>\r\n\t\t\t\t<td><\/td>\r\n\t\t\t\t<td><\/td>\r\n\t\t\t\t<td><\/td>\r\n\t\t\t\t<td><span class=\"precio-fila\" id=\"precio-licencias\">5.000\u20ac<\/span><\/td>\r\n\t\t\t<\/tr>\r\n\t\t\t<tr id=\"mantenimiento-licencias\">\r\n\t\t\t\t<td><span class=\"title\">Manuten\u00e7\u00e3o da Aplica\u00e7\u00e3o Atual<\/span><\/td>\r\n\t\t\t\t<td>\r\n\t\t\t\t\t<span class=\"supra\">N\u00famero<\/span>\r\n\t\t\t\t\t<span class=\"infra\"><input type=\"text\" value=\"2\"><\/span>\r\n\t\t\t\t<\/td>\r\n\t\t\t\t<td><\/td>\r\n\t\t\t\t<td>\r\n\t\t\t\t\t<span class=\"supra\">Custo Anual<\/span>\r\n\t\t\t\t\t<span class=\"infra\"><input type=\"text\" value=\"300\"><\/span>\r\n\t\t\t\t<\/td>\r\n\t\t\t\t<td><\/td>\r\n\t\t\t\t<td><\/td>\r\n\t\t\t\t<td><\/td>\r\n\t\t\t\t<td><span class=\"precio-fila\" id=\"precio-mantenimiento-licencias\">600\u20ac<\/span><\/td>\r\n\t\t\t<\/tr>\r\n\t\t\t\t<td><span class=\"title\">Custo Total Solu\u00e7\u00e3o Atual<\/span><\/td>\r\n\t\t\t\t<td><\/td>\r\n\t\t\t\t<td><\/td>\r\n\t\t\t\t<td><\/td>\r\n\t\t\t\t<td><\/td>\r\n\t\t\t\t<td><\/td>\r\n\t\t\t\t<td><\/td>\r\n\t\t\t\t<td><strong><span class=\"precio-total\">50.800\u20ac<\/span><\/strong><\/td>\r\n\t\t\t<\/tr>\r\n\t\t<\/tbody>\r\n\t<\/table>\r\n<\/div>\r\n\r\n<div class=\"mensaje-informacion\">\r\nVoc\u00ea tem atualmente <span class=\"precio-total\">50.800\u20ac<\/span> para a compra de licen\u00e7as MySaaSPlace, S.L.\r\n<\/div>\r\n\r\n<input type=\"hidden\" id=\"dollar-euro\" value=\"\u20ac\" \/>\r\n\r\n<script type=\"text\/javascript\">\r\n$(document).ready(function() {\r\n\tinitCalculadora();\r\n});\r\n<\/script>","protected":false},"excerpt":{"rendered":"<p>Planos e Pre\u00e7os SOLUCIONES INDIVIDUALES Elige la que necesites FREE Pru\u00e9banos a tu gusto PREMIUM Suscripci\u00f3n mensual ANUAL Premiamos tu confianza GESTI\u00d3N INTEGRADA DE PROYECTOS (GIP) 1 Proyecto\/mes 1 Usuario Proyectos ilimitados 20\u20ac AL MES 1 Usuario Proyectos ilimitados 199\u20ac AL A\u00d1O (*) FACTURACI\u00d3N 5 Facturas\/mes 1 Usuario Facturas ilimitadas 20\u20ac AL MES 1 Usuario [&hellip;]<\/p>\n","protected":false},"author":1,"featured_media":0,"parent":0,"menu_order":0,"comment_status":"closed","ping_status":"closed","template":"","meta":[],"_links":{"self":[{"href":"https:\/\/www.mysaasplace.com\/pt\/wp-json\/wp\/v2\/pages\/619"}],"collection":[{"href":"https:\/\/www.mysaasplace.com\/pt\/wp-json\/wp\/v2\/pages"}],"about":[{"href":"https:\/\/www.mysaasplace.com\/pt\/wp-json\/wp\/v2\/types\/page"}],"author":[{"embeddable":true,"href":"https:\/\/www.mysaasplace.com\/pt\/wp-json\/wp\/v2\/users\/1"}],"replies":[{"embeddable":true,"href":"https:\/\/www.mysaasplace.com\/pt\/wp-json\/wp\/v2\/comments?post=619"}],"version-history":[{"count":16,"href":"https:\/\/www.mysaasplace.com\/pt\/wp-json\/wp\/v2\/pages\/619\/revisions"}],"predecessor-version":[{"id":1878,"href":"https:\/\/www.mysaasplace.com\/pt\/wp-json\/wp\/v2\/pages\/619\/revisions\/1878"}],"wp:attachment":[{"href":"https:\/\/www.mysaasplace.com\/pt\/wp-json\/wp\/v2\/media?parent=619"}],"curies":[{"name":"wp","href":"https:\/\/api.w.org\/{rel}","templated":true}]}}