{"id":587,"date":"2013-01-22T10:14:13","date_gmt":"2013-01-22T10:14:13","guid":{"rendered":"http:\/\/www.mysaasplace.com\/?page_id=587"},"modified":"2013-01-23T11:36:44","modified_gmt":"2013-01-23T11:36:44","slug":"faqs-consultas-gerais","status":"publish","type":"page","link":"https:\/\/www.mysaasplace.com\/pt\/faqs-3\/faqs-consultas-gerais\/","title":{"rendered":"FAQs Consultas Gerais"},"content":{"rendered":"<a id=\"subir\" name=\"subir\"><\/a>\r\n<h2>Consultas Gerais do Servi\u00e7o MySaaSPlace<\/h2>\r\n<p>\r\n\t<a href=\"#altabaja\">1. Cadastrar-se e descadastrar-se em MySaaSPlace. \u00c9 gr\u00e1tis?<\/a><br\/>\r\n\t<a href=\"#proceso\">2. Processo de registro em MySaaSPlace<\/a><br\/>\r\n\t<a href=\"#usuarios\">3. Gest\u00e3o de Usu\u00e1rios<\/a><br\/>\r\n\t<a href=\"#facturacion\">4. Per\u00edodos de fatura\u00e7\u00e3o<\/a><br\/>\r\n\t<a href=\"#factura\">5. Como me fatura MySaaSPlace&#8230;?<\/a><br\/>\r\n\t<a href=\"#darsedebaja\">6. Posso descadastrar-me quando queira&#8230;?<\/a><br\/>\r\n\t<a href=\"#datosempresa\">7. Onde est\u00e3o os dados da minha empresa&#8230;?<\/a><br\/>\r\n\t<a href=\"#disponer\">8. Posso dispor dos meus dados quando eu queira&#8230;?<\/a><br\/>\r\n\t<a href=\"#quesucede\">9. Se eu me descadastro, que sucede com meus dados&#8230;?<\/a><br\/>\r\n\t<a href=\"#importar\">10. Quero importar meus dados de outro programa a MySaaSPlace<\/a><br\/>\r\n\t<a href=\"#configurar\">11. Posso configurar a p\u00e1gina de in\u00edcio?<\/a><br\/>\r\n\t<a href=\"#contrasena\">12. Como recuperar minha senha?<\/a>\r\n<\/p>\r\n\r\n<a id=\"altabaja\" name=\"altabaja\"><\/a>\r\n<h2>1. Cadastro ou Descadastro em MySaaSPlace \u00e9 gratis&#8230;?<\/h2>\r\n<p>Cadastrar-se em MySaaSplace e utiliz\u00e1-lo \u00e9 totalmente gratuito. Ao cadastrar-se em MySaaSPlace aceder\u00e1 diretamente a todos os programas de MySaaSPlace na modalidade de gratuito.<\/p>\r\n<p>Tanto \u00e9 assim que para poder contratar algum dos nossos planos de pagamento \u00e9 totalmente necess\u00e1rio que primeiro realize o cadastro no servi\u00e7o gratuito de MySaaSPlace e depois, uma vez dentro do sistema, poder\u00e1 aceder a contratar aqueles planos ou modalidades que mais se ajustem a suas necessidades. Somente quando voc\u00ea decida contratar alguma das modalidades de pagamento se lhe pedir\u00e1 que preencha os dados de fatura\u00e7\u00e3o da sua empresa.<\/p>\r\n<p>MySaaSPlace N\u00e3o lhe pedir\u00e1 nenhum dado de pagamento at\u00e9 que uma vez dentro do sistema voc\u00ea escolha contratar alguma das modalidades de pagamento existentes e enquanto n\u00e3o o fa\u00e7a, poder\u00e1 desfrutar de todas as aplica\u00e7\u00f5es de MySaaSPlace gratis.<\/p>\r\n<p>\r\n\tPara descadastrar-se de MySaaSPlace ou de qualquer das suas modalidades (inclusive da gratuita), poder\u00e1 fazer desde o men\u00fa &#8220;configura\u00e7\u00e3o&#8221; dentro do Sistema.\r\n\t<br\/><a href=\"#subir\">Subir<\/a>\r\n<\/p>\r\n\r\n<a id=\"proceso\" name=\"proceso\"><\/a>\r\n<h2>2. Processo de registro em MySaaSPlace<\/h2>\r\n<p>Para cadastrar-se em MySaaSPlace \u00e9 sumamente simples, clique em \u201cCadastre-se Gr\u00e1tis\u201d, localizado na p\u00e1gina principal a direita e lhe abrir\u00e1 um formulario configurado baixo protocolo &#8220;Seguro&#8221; (https&#8230;).<\/p>\r\n<p>Quando termine de preencher, o sistema lhe devolver\u00e1 uma p\u00e1gina de boas-vindas e ademais lhe enviar\u00e1 um correio eletr\u00f4nico ao e-mail que voc\u00ea indicou, verifique seu e-Mail, e ver\u00e1 que dito e-Mail conter\u00e1 um Link que dever\u00e1 ser aberto para ativar a conta de forma definitiva. Uma vez confirmado seu cadastro em MySaaSPlace, o sistema criar\u00e1 sua conta e isso lhe permitir\u00e1 entrar e configurar sua empresa para poder aceder aos programas de MySaaSPlace de forma totalmente gratuita.<\/p>\r\n<p>\r\n\tSe n\u00e3o recebesse o e-Mail que o sistema lhe envia, revise sua caixa de entrada, Anti Spam (ou Correio n\u00e3o desejado), se o e-Mail de MySaaSPlace tivesse entrado como SPAM em sua caixa de correio, aconselhamos-lhe que habilite em seu sistema Anti Spam o dom\u00ednio @mysaasplace.com como dom\u00ednio amigo em suas listas brancas j\u00e1 que o correio eletr\u00f4nico \u00e9 o meio atrav\u00e9s do qual MySaaSPlace contatar\u00e1 com voc\u00ea para posteriores a\u00e7\u00f5es.\r\n\t<br\/><a href=\"#subir\">Subir<\/a>\r\n<\/p>\r\n\r\n<a id=\"usuarios\" name=\"usuarios\"><\/a>\r\n<h2>3. Gest\u00e3o de usu\u00e1rios<\/h2>\r\n<p>Quando voc\u00ea realiza o cadastro em MySaaSPlace, o sistema gera o primeiro usu\u00e1rio da sua empresa, este primeiro usu\u00e1rio ser\u00e1 o Usu\u00e1rio Administrador, o qual ter\u00e1 a faculdade de administrar o 100% das caracter\u00e0sticas da sua empresa e ter\u00e1 acesso a todas funcionalidades.<\/p>\r\n<p> Atrav\u00e9s do usu\u00e1rio Administrador voc\u00ea poder\u00e1 configurar todos os par\u00e1metros relativos a sua empresa. Adicionalmente, o usu\u00e1rio Administrador poder\u00e1 convidar a novos usu\u00e1rios a suas aplica\u00e7\u00f5es, tantos como deseje (na modalidade gratuita s\u00f3 pode existir o usu\u00e1rio Administrador e nenhum outro).<\/p>\r\n<p>\r\n\tDesta forma, se disp\u00f5e de um plano de pagamento (qualquer um deles) ter\u00e1 a possibilidade de convidar a novos usu\u00e1rios, os quais ter\u00e1o acesso as suas aplica\u00e7\u00f5es em MySaaSPlace. Se deseja configurar os direitos de cada usu\u00e1rio, restringindo-lhes o acesso a determinadas partes ou fun\u00e7\u00f5es das suas aplica\u00e7\u00f5es, poder\u00e1 faz\u00ea-lo configurando o perfil de cada usu\u00e1rio na se\u00e7\u00e3o &#8220;configura\u00e7\u00e3o&#8221;.\r\n\t<br\/><a href=\"#subir\">Subir<\/a>\r\n<\/p>\r\n\r\n<a id=\"facturacion\" name=\"facturacion\"><\/a>\r\n<h2>4. Per\u00edodos de fatura\u00e7\u00e3o<\/h2>\r\n<p>Uma vez que decido contratar alguma das modalidades de pagamento em MySaaSPlace, dever\u00e1 dirigir-se ao men\u00fa &#8221; Configura\u00e7\u00e3o &#8221; e selecionar a que mais lhe interessa, ent\u00e3o e s\u00f3 ent\u00e3o lhe ser\u00e3o solicitados os dados de fatura\u00e7\u00e3o e pagamento dos seus servi\u00e7os em MySaaSPlace.<\/p>\r\n<p>Uma das op\u00e7\u00f5es que dever\u00e1 de escolher \u00e9 o per\u00edodo de fatura\u00e7\u00e3o dos seus servi\u00e7os em MySaaSPlace (entre Mensal ou Anual), este per\u00edodo de pagamento que escolha ser\u00e1 o aplic\u00e1vel para todos os servi\u00e7os que da\u00ed em adiante solicite. Se em algum momento voc\u00ea quiser modificar o per\u00edodo de pagamento, este ser\u00e1 efetivo quando chegue \u00e0 data do vencimento dos servi\u00e7os que tinha contratado antes da mudan\u00e7a na modalidade do per\u00edodo de pagamento.<\/p>\r\n<p>\r\n\tE dever\u00e1 de realizar a configura\u00e7\u00e3o de todos seus servi\u00e7os novamente, j\u00e1 que ser\u00e1 considerado como um novo contrato de servi\u00e7os, anulando os anteriores e sendo vigentes os novos com as novas condi\u00e7\u00f5es do per\u00edodo de pagamento.\r\n\t<br\/><a href=\"#subir\">Subir<\/a>\r\n<\/p>\r\n\r\n<a id=\"factura\" name=\"factura\"><\/a>\r\n<h2>5. Como me fatura MySaaSPlace&#8230;?<\/h2>\r\n<p>Se depois de estabelecido o Dia de Pagamento de seus servi\u00e7os mensais, forem contratados novos servi\u00e7os no decorrer do m\u00eas (qualquer m\u00eas)o valor desses novos servi\u00e7os ser\u00e3o cobrados de forma proporcional no Dia de Pagamento, expresso no contrato, no m\u00eas seguinte.<\/p>\r\n<p>Desta forma, a partir do pr\u00f3ximo Dia de Pagamento do sucessivo m\u00eas, todos os servi\u00e7os ser\u00e3o renovados e, portanto, faturados no Dia de Pagamento estipulado no contrato.<\/p>\r\n<p>Exemplo:<\/p>\r\n<ul>\r\n\t<li>Se o primeiro servi\u00e7o for contratado no dia 12 de Janeiro, se gerar\u00e1 uma fatura desde 12 de Janeiro at\u00e9 11 de Fevereiro e apartir de 12 de Fevereiro se gerar\u00e1 uma nova fatura para a seguinte mensalidade e assim de forma sucessiva.<\/li>\r\n\t<li>Se no dia 16 de Janeiro, quisesse contratar um servi\u00e7o adicional aos que j\u00e1 t\u00eam contratados, o mesmo 16 de Janeiro lhe ser\u00e1 faturado no per\u00edodo de 16 de Janeiro a 11 de Fevereiro calculando os dias que faltam e aplicando a parte proporcional ao per\u00edodo do m\u00eas, ou seja, ser\u00e3o faturados 27 dias de uma quota mensal.<\/li>\r\n\t<li>Portanto 12 de Fevereiro ser\u00e1 faturado a modo de renova\u00e7\u00e3o de todos os servi\u00e7os que disponha ativos nessa data.<\/li>\r\n<\/ul>\r\n<p>Se a modalidade escolhida for anual, suceder\u00e1 o mesmo descrito no par\u00e1grafo anterior para a modalidade mensal, mas com per\u00edodos e datas anuais.<\/p>\r\n<p>\r\n\tRecorde que as modalidades anuais proporcionam quotas com importantes descontos com respeito \u00e0s mensais, j\u00e1 que os 2 primeiros meses s\u00e3o gr\u00e1tis.\r\n\t<br\/><a href=\"#subir\">Subir<\/a>\r\n<\/p>\r\n\r\n<a id=\"darsedebaja\" name=\"darsedebaja\"><\/a>\r\n<h2>6. Posso descadastrar-me quando queira?<\/h2>\r\n<p>Sim, o servi\u00e7o que oferece MySaaSPlace \u00e9 um servi\u00e7o de Pagamento &#8220;por Usos&#8221; (mais conhecido por suas siglas em Ingles &#8220;Pay as you use&#8221;. A filosofia do servi\u00e7o de MySaaSPlace baseia-se precisamente nisso, voc\u00ea s\u00f3 paga pelos servi\u00e7os usados, descadastrando ou cadastrando os servi\u00e7os quando seja necess\u00e1rio.<\/p>\r\n<p>\r\n\tO per\u00edodo m\u00ednimo de contrata\u00e7\u00e3o \u00e9 de um m\u00eas e o m\u00e1ximo de um ano, e s\u00e3o esses per\u00edodos m\u00ednimos e m\u00e1ximos que devem ser respeitados. . Por exemplo, se voc\u00ea tem tr\u00eas usu\u00e1rios no seu sistema, mas num m\u00eas em concreto requer um quarto usu\u00e1rio, poder\u00e1 contratar este quarto usu\u00e1rio e ao dia seguinte, demitir-lo, de tal forma que se a sua modalidade de pagamento for mensal, esse novo usu\u00e1rio estar\u00e1 cadastrado este m\u00eas e finalizado el m\u00eas, ser\u00e1 descadastrado de forma autom\u00e1tica pelo sistema.\r\n\t<br\/><a href=\"#subir\">Subir<\/a>\r\n<\/p>\r\n\r\n<a id=\"datosempresa\" name=\"datosempresa\"><\/a>\r\n<h2>7. Onde est\u00e3o os dados da minha empresa&#8230;?<\/h2>\r\n<p>Os dados da sua empresa encontram-se alojados nos sistemas de servidores de MySaaSPlace. Esta \u00e9 a melhor parte do nosso servi\u00e7o, j\u00e1 que voc\u00ea contrata al\u00e9m das potentes aplica\u00e7\u00f5es de MySaaSPlace, o servi\u00e7o de servidores, manuten\u00e7\u00e3o dos mesmos, important\u00edsimos sistemas de seguran\u00e7a, sistemas de linhas de conectividade de alta capacidade, c\u00f3pias de seguran\u00e7a e um longo etc\u00e9tera, pelo pagamento da quota mensal ou anual a MySaaSPlace.<\/p>\r\n<p>Desta forma voc\u00ea se despreocupa de tudo relacionado com Servidores, c\u00f3pias de seguran\u00e7a ou ter altos conhecimentos de inform\u00e1tica para manter seus sistemas, tudo isso se inclui na quota dos servi\u00e7os de MySaaSPlace. Em quanto \u00e0 seguran\u00e7a dos dados, devemos dizer que os mesmos se encontram encriptados nos sistemas de MySaaSPlace, pelo que nem sequer os trabalhadores de MySaaSPlace podem aceder a eles se n\u00e3o disp\u00f5em do usu\u00e1rio e senha que s\u00f3 voc\u00ea guarda em seu poder.<\/p>\r\n<p>\r\n\tAdicionalmente, os servidores de MySaaSPlace encontram-se alojados nos Sistemas dos Internet Data Centers de Microsoft tanto em USA, como em Europa (Azure), j\u00e1 que todos os sistemas de MySaaSPlace se encontram replicados com a inten\u00e7\u00e3o de preservar a informa\u00e7\u00e3o de nossos clientes em caso de um desastre em algum dos Internet Data Centers (terremotos, ciclones ou causas de for\u00e7a maior), mesmo nesse caso seus dados estar\u00e3o dispon\u00edveis no momento que quiser.\r\n\t<br\/><a href=\"#subir\">Subir<\/a>\r\n<\/p>\r\n\r\n<a id=\"disponer\" name=\"disponer\"><\/a>\r\n<h2>8. Posso dispor dos meus dados quando eu queira&#8230;?<\/h2>\r\n<p>Sim, os dados que voc\u00ea introduz na sua empresa gestionada por MySaaSPlace s\u00e3o seus e de sua exclusiva propriedade, MySaaSPlace n\u00e3o \u00e9 propriet\u00e1rio da sua informa\u00e7\u00e3o, somente dos programas e da infra-estrutura.<\/p>\r\n<p>\u00c9 por isso que os sistemas de MySaaSPlace disp\u00f5em de uma ferramenta de exporta\u00e7\u00e3o de dados a arquivos *.csv para que voc\u00ea possa descarregar no seu computador privado. . Os arquivos *.csv s\u00e3o de um formato padr\u00e3o que podem ser visualizados com um simples processador de texto ou folha de c\u00e1lculo e trat\u00e1-los para poder import\u00e1-los \u00e0 outra ferramenta ou programa alheio a MySaaSPlace.<\/p>\r\n<p>\r\n\tDe fato se voc\u00ea solicita a anula\u00e7\u00e3o dos servi\u00e7os de MySaaSPlace, durante 30 dias manteremos a informa\u00e7\u00e3o em nossos sistemas por se quisesse recuper\u00e1-los neste prazo, dita salvaguarda da informa\u00e7\u00e3o \u00e9 feita de forma totalmente gratuita, decorrido o prazo de 30 dias desde a data de anula\u00e7\u00e3o se proceder\u00e1 a eliminar toda a informa\u00e7\u00e3o de sua propriedade de todos os sistemas de MySaaSPlace, sendo imposs\u00edvel sua recupera\u00e7\u00e3o depois de serem eliminados.\r\n\t<br\/><a href=\"#subir\">Subir<\/a>\r\n<\/p>\r\n\r\n<a id=\"quesucede\" name=\"quesucede\"><\/a>\r\n<h2>9. Se eu me descadastro que sucede com meus dados&#8230;?<\/h2>\r\n<p>Tanto se um usu\u00e1rio ou empresa encontra-se em qualquer dos planos existentes (gratuito ou de pagamento, em qualquer das modalidades) e descadastra o servi\u00e7o em MySaaSPlace em sua totalidade, seus dados s\u00e3o mantidos nos sistemas de MySaaSPlace durante 1 m\u00eas (30 dias).<\/p>\r\n<p>Decorrido dito per\u00edodo todos os dados s\u00e3o eliminados dos sistemas de MySaaSPlace e j\u00e1 n\u00e3o poder\u00e3o ser recuperados. Os dados s\u00e3o guardados durante dito per\u00edodo para que possa recuper\u00e1-los quando deseje dentro de dito prazo, trata-se de uma medida de seguran\u00e7a para que voc\u00ea tenha tempo suficiente para realizar a importa\u00e7\u00e3o dos seus dados a outra aplica\u00e7\u00e3o diferente a de MySaaSPlace, e desta forma possa recuper\u00e1-los se voc\u00ea perder dos seus sistemas durante estes 30 dias.<\/p>\r\n<p>\r\n\tEm MySaaSPlace temos claro que seus dados s\u00e3o informa\u00e7\u00e3o de sua Propriedade e somos especialmente cuidadosos em sua cautela mesmo quando voc\u00ea n\u00e3o seja mais cliente de MySaaSPlace, ao menos 30 dias ap\u00f3s ter anulado nossos servi\u00e7os. Recorde, seus dados ser\u00e3o destru\u00eddos decorridos 30 dias desde a anula\u00e7\u00e3o total e efetiva de seus servi\u00e7os em MySaaSPlace.\r\n\t<br\/><a href=\"#subir\">Subir<\/a>\r\n<\/p>\r\n\r\n<a id=\"importar\" name=\"importar\"><\/a>\r\n<h2>10. Quero importar meus dados de outro programa a MySaaSPlace<\/h2>\r\n<p>Devido \u00e0 grande quantidade de programas existentes no mercado, resulta imposs\u00edvel desenhar um m\u00f3dulo que permita importar os dados de qualquer programa a outro, neste caso aos de MySaaSPlace.<\/p>\r\n<p>N\u00e3o obstante, nosso departamento de desenvolvimento est\u00e1 trabalhando em m\u00f3dulos que se adaptam aos programas mais conhecidos do mercado para que se voc\u00ea trabalha com algum deles, possa realizar primeiro uma exporta\u00e7\u00e3o de dados a arquivos *.csv ou outros formatos desde seu programa atual e depois sub\u00ed-los ao m\u00f3dulo de importa\u00e7\u00e3o, no qual importar\u00e1 todos os dados aos sistemas de MySaaSPlace.<\/p>\r\n<p>\r\n\tEnquanto estes m\u00f3dulos terminam-se de desenvolver em MySaaSPlace e exista um que se adapta ao seu caso, voc\u00ea pode contatar com nosso suporte t\u00e9cnico e lhe ofereceremos o servi\u00e7o de importa\u00e7\u00e3o de dados aos sistemas de MySaaSPlace desde outra aplica\u00e7\u00e3o.\r\n\t<br\/><a href=\"#subir\">Subir<\/a>\r\n<\/p>\r\n\r\n<a id=\"configurar\" name=\"configurar\"><\/a>\r\n<h2>11. Posso configurar a p\u00e1gina de in\u00edcio&#8230;?<\/h2>\r\n<p>Sim, ao nos programas de MySaaSPlace aceder\u00e1 diretamente a todas as fun\u00e7\u00f5es do mesmo e na p\u00e1gina de in\u00edcio poder\u00e1 dispor da informa\u00e7\u00e3o a modo de resumem ou quadro de comandos que lhe resulte mais interessante , desta maneira cada usu\u00e1rio de sua aplica\u00e7\u00e3o poder\u00e1 configurar sua p\u00e1gina de in\u00edcio de tal forma que lhe apare\u00e7am os relat\u00f3rios, estat\u00edsticas, tarefas, etc que deseje.<\/p>\r\n<p>A configura\u00e7\u00e3o \u00e9 extremamente simples, j\u00e1 que poder\u00e1 selecionar desde um campo estilo combo (desdobr\u00e1vel) os relat\u00f3rios ou estat\u00edsticas que mais lhe interesse e poder\u00e1 posisionar na parte da janela de in\u00edcio que mais goste, simplesmente clique com o cursor do mouse sobre o bloco que lhe interessa e desta forma poder\u00e1 arrastar a posi\u00e7\u00e3o que queira. Desta maniera, quando voc\u00ea volte a entrar em seu programa de MySaaSPlace na sua p\u00e1gina principal ter\u00e1 dispon\u00edvel a informa\u00e7\u00e3o mais relevante do estado de sua empresa ou outras tarefas a realizar.<\/p>\r\n<p>\r\n\tOs programas de MySaaSPlace s\u00e3o interativos, e em m\u00faltiplas ocasi\u00f5es poder\u00e1 mover os elementos com o mouse como melhor lhe convenha, dando assim um aspecto mais visual ao seu programal e conseguindo que as informa\u00e7\u00f5es mais necess\u00e1rias sejam mais efetivas.\r\n\t<br\/><a href=\"#subir\">Subir<\/a>\r\n<\/p>\r\n\r\n<a id=\"contrasena\" name=\"contrasena\"><\/a>\r\n<h2>12. Como recuperar minha senha?<\/h2>\r\n<p>Se voc\u00ea perde ou esquece sua senha, desde MySaaSPlace n\u00e3o nos \u00e9 poss\u00edvel recuperar-la, j\u00e1 que a mesma se encontra encriptada em nossos sistemas. Por isso a forma de recuperar o acesso ao seu servi\u00e7o em MySaaSPlace \u00e9 gerando uma nova senha e posteriormente, com essa nova senha ser\u00e1 possivel aceder ao seu servi\u00e7o MySaaSPlace.<\/p>\r\n<p>\r\n\tPara gerar uma nova senha dever\u00e1 aceder ao servi\u00e7o Esqueceu sua Senha? em nosso sistema de gest\u00e3o de usu\u00e1rios (pode aceder clicando aqui), a seguir siga os passos indicados.\r\n\t<br\/><a href=\"#subir\">Subir<\/a>\r\n<\/p>","protected":false},"excerpt":{"rendered":"<p>Consultas Gerais do Servi\u00e7o MySaaSPlace 1. Cadastrar-se e descadastrar-se em MySaaSPlace. \u00c9 gr\u00e1tis? 2. Processo de registro em MySaaSPlace 3. Gest\u00e3o de Usu\u00e1rios 4. Per\u00edodos de fatura\u00e7\u00e3o 5. Como me fatura MySaaSPlace&#8230;? 6. Posso descadastrar-me quando queira&#8230;? 7. Onde est\u00e3o os dados da minha empresa&#8230;? 8. Posso dispor dos meus dados quando eu queira&#8230;? 9. [&hellip;]<\/p>\n","protected":false},"author":1,"featured_media":0,"parent":569,"menu_order":2,"comment_status":"closed","ping_status":"closed","template":"","meta":[],"_links":{"self":[{"href":"https:\/\/www.mysaasplace.com\/pt\/wp-json\/wp\/v2\/pages\/587"}],"collection":[{"href":"https:\/\/www.mysaasplace.com\/pt\/wp-json\/wp\/v2\/pages"}],"about":[{"href":"https:\/\/www.mysaasplace.com\/pt\/wp-json\/wp\/v2\/types\/page"}],"author":[{"embeddable":true,"href":"https:\/\/www.mysaasplace.com\/pt\/wp-json\/wp\/v2\/users\/1"}],"replies":[{"embeddable":true,"href":"https:\/\/www.mysaasplace.com\/pt\/wp-json\/wp\/v2\/comments?post=587"}],"version-history":[{"count":3,"href":"https:\/\/www.mysaasplace.com\/pt\/wp-json\/wp\/v2\/pages\/587\/revisions"}],"predecessor-version":[{"id":820,"href":"https:\/\/www.mysaasplace.com\/pt\/wp-json\/wp\/v2\/pages\/587\/revisions\/820"}],"up":[{"embeddable":true,"href":"https:\/\/www.mysaasplace.com\/pt\/wp-json\/wp\/v2\/pages\/569"}],"wp:attachment":[{"href":"https:\/\/www.mysaasplace.com\/pt\/wp-json\/wp\/v2\/media?parent=587"}],"curies":[{"name":"wp","href":"https:\/\/api.w.org\/{rel}","templated":true}]}}