{"id":577,"date":"2013-01-22T09:31:26","date_gmt":"2013-01-22T09:31:26","guid":{"rendered":"http:\/\/www.mysaasplace.com\/?page_id=577"},"modified":"2013-01-22T09:31:33","modified_gmt":"2013-01-22T09:31:33","slug":"gestao-na-nuvem","status":"publish","type":"page","link":"https:\/\/www.mysaasplace.com\/pt\/faqs-3\/gestao-na-nuvem\/","title":{"rendered":"Gest\u00e3o na Nuvem"},"content":{"rendered":"<h2>Gest\u00e3o na Nuvem \/ Cloud Computing<\/h2>\r\n<p>Ha 40 anos atr\u00e0s se enviou o primeiro correio eletr\u00f3nico e a\u00ed come\u00e7ou o caminho de uma das formas de armazenamento a dist\u00e2ncia mais comuns, crescendo enormemente nos \u00faltimos anos.<\/p>\r\n<p>Esta maneira de armazenar dados, reduzindo as necessidades de mem\u00f3ria para execu\u00e7\u00e3o e facilitando a manuten\u00e7\u00e3o, \u00e9 a base do Cloud Computing. Hoje em dia \u00e9 poss\u00edvel utilizar softwares guardados completamente na nuvem, melhorando o funcionamento, eliminando as necessidades de investimentos adicionais (hardware, novos servidores, etc.), e facilitando por tanto \u00e0s empresas a gest\u00e3o total da mesma, ademais, reduzindo os gastos.<\/p>\r\n<p>Muitas s\u00e3o as raz\u00f5es que devem levar \u00e0s empresas a optar pela gest\u00e3o na Nuvem, destacando:<\/p>\r\n\r\n<ul>\r\n\t<li>As atualiza\u00e7\u00f5es imediatas. O fato de utilizar um programa de software de gest\u00e3o normal, faz que em cada dispositivo que trabalhes devas atualizar os dados com os que trabalhas depois de cada nova mudan\u00e7a, com a Gest\u00e3o na Nuvem gestionas todos os dados da sua empresa absolutamente actualizados desde qualquer dispositivo somente com que este tenha acesso a Internet.<\/li>\r\n\t<li>Mais econ\u00f4mico. N\u00e3o \u00e9 necess\u00e1rio adquirir um servidor, nem novos computadores, nem instalar o software um por um em todos os computadores, o que sup\u00f5e uma grande economia de tempo, de dinheiro e, ademais, reduzindo o consumo de recursos dos equipamentos e melhorando seu desempenho. Com um software normal \u00e9 necess\u00f3ria esta instala\u00e7\u00e3o, o que consome muita energia e espa\u00e7o, consome tamb\u00e9m muitos recursos dos computadores nos que est\u00e1 instalada a aplica\u00e7\u00e3o.<\/li>\r\n\t<li>Maior e melhor acessibilidade. Como toda a informa\u00e7\u00e3o est\u00e1 contida em uma \u00fanica web, os trabalhadores ou pessoas que se decida necess\u00e1rio poder\u00e1o aceder aos dados que a empresa deseje, colaborar na elabora\u00e7\u00e3o de relat\u00f3rios mais facilmente, compartilhar resultados&#8230;<\/li>\r\n\t<li>Movilidade. O servi\u00e7o est\u00e1 acess\u00f3vel desde quase qualquer parte do mundo.<\/li>\r\n<\/ul>\r\n\r\n<p>\r\n\tPortanto a Gest\u00e3o na Nuvem \u00e9 o futuro mais rent\u00e1vel para as empresas.\r\n\t<br\/><a href=\"https:\/\/azure.mysaasplace.com\/Account\/Register.aspx?lng=pt\">CADASTRE-SE GRATUITAMENTE.<\/a>\r\n<\/p>\r\n","protected":false},"excerpt":{"rendered":"<p>Gest\u00e3o na Nuvem \/ Cloud Computing Ha 40 anos atr\u00e0s se enviou o primeiro correio eletr\u00f3nico e a\u00ed come\u00e7ou o caminho de uma das formas de armazenamento a dist\u00e2ncia mais comuns, crescendo enormemente nos \u00faltimos anos. Esta maneira de armazenar dados, reduzindo as necessidades de mem\u00f3ria para execu\u00e7\u00e3o e facilitando a manuten\u00e7\u00e3o, \u00e9 a base [&hellip;]<\/p>\n","protected":false},"author":1,"featured_media":137,"parent":569,"menu_order":1,"comment_status":"closed","ping_status":"closed","template":"","meta":[],"_links":{"self":[{"href":"https:\/\/www.mysaasplace.com\/pt\/wp-json\/wp\/v2\/pages\/577"}],"collection":[{"href":"https:\/\/www.mysaasplace.com\/pt\/wp-json\/wp\/v2\/pages"}],"about":[{"href":"https:\/\/www.mysaasplace.com\/pt\/wp-json\/wp\/v2\/types\/page"}],"author":[{"embeddable":true,"href":"https:\/\/www.mysaasplace.com\/pt\/wp-json\/wp\/v2\/users\/1"}],"replies":[{"embeddable":true,"href":"https:\/\/www.mysaasplace.com\/pt\/wp-json\/wp\/v2\/comments?post=577"}],"version-history":[{"count":2,"href":"https:\/\/www.mysaasplace.com\/pt\/wp-json\/wp\/v2\/pages\/577\/revisions"}],"predecessor-version":[{"id":579,"href":"https:\/\/www.mysaasplace.com\/pt\/wp-json\/wp\/v2\/pages\/577\/revisions\/579"}],"up":[{"embeddable":true,"href":"https:\/\/www.mysaasplace.com\/pt\/wp-json\/wp\/v2\/pages\/569"}],"wp:featuredmedia":[{"embeddable":true,"href":"https:\/\/www.mysaasplace.com\/pt\/wp-json\/wp\/v2\/media\/137"}],"wp:attachment":[{"href":"https:\/\/www.mysaasplace.com\/pt\/wp-json\/wp\/v2\/media?parent=577"}],"curies":[{"name":"wp","href":"https:\/\/api.w.org\/{rel}","templated":true}]}}