{"id":569,"date":"2013-01-22T09:20:37","date_gmt":"2013-01-22T09:20:37","guid":{"rendered":"http:\/\/www.mysaasplace.com\/?page_id=569"},"modified":"2013-01-28T16:20:16","modified_gmt":"2013-01-28T16:20:16","slug":"faqs-3","status":"publish","type":"page","link":"https:\/\/www.mysaasplace.com\/pt\/faqs-3\/","title":{"rendered":"FAQs"},"content":{"rendered":"<h2>FAQs<\/h2>\r\n<p>A seguir, pode navegar pelas perguntas mais freq\u00fcentes, classificadas nas seguintes se\u00e7\u00f5es.<\/p>\r\n<div class=\"ir\">\r\n\t<a href=\"\/pt\/faqs-3\/gestao-na-nuvem\/\">GEST\u00c3O NA NUVEM<\/a>\r\n<\/div><br\/>\r\n<div class=\"ir\">\r\n\t<a href=\"\/pt\/faqs-3\/faqs-consultas-gerais\/\">CONSULTAS GERAIS<\/a>\r\n<\/div><br\/>\r\n<div class=\"ir\">\r\n\t<a href=\"\/pt\/faqs-3\/perguntas-frequentes-sobre-gestao-de-projetos\/\">GEST\u00c3O DE PROJETOS<\/a>\r\n<\/div><br\/>\r\n<div class=\"ir\">\r\n\t<a href=\"\/pt\/faqs-3\/faqs-contabilidade\/\">CONTABILIDADE<\/a>\r\n<\/div><br\/>\r\n<div class=\"ir\">\r\n\t<a href=\"\/pt\/faqs-3\/perguntas-frequentes-faturacao\/\">FACTURA\u00c7\u00c3O<\/a>\r\n<\/div><br\/>\r\n\r\n<p>N\u00e3o esque\u00e7a que disp\u00f5e de at\u00e9 cinco formas diferentes para obter ajuda em qualquer dos programas de MySaaSPlace. N\u00e3o obstante se voc\u00ea deseja, pode realizar sua consulta, opini\u00e3o ou sugest\u00e3o e enviar atrav\u00e9s do <a href=\"\/pt\/contato\/\">formul\u00e1rio de contato.<\/a><\/p>","protected":false},"excerpt":{"rendered":"<p>FAQs A seguir, pode navegar pelas perguntas mais freq\u00fcentes, classificadas nas seguintes se\u00e7\u00f5es. GEST\u00c3O NA NUVEM CONSULTAS GERAIS GEST\u00c3O DE PROJETOS CONTABILIDADE FACTURA\u00c7\u00c3O N\u00e3o esque\u00e7a que disp\u00f5e de at\u00e9 cinco formas diferentes para obter ajuda em qualquer dos programas de MySaaSPlace. N\u00e3o obstante se voc\u00ea deseja, pode realizar sua consulta, opini\u00e3o ou sugest\u00e3o e enviar [&hellip;]<\/p>\n","protected":false},"author":1,"featured_media":0,"parent":0,"menu_order":0,"comment_status":"closed","ping_status":"closed","template":"","meta":[],"_links":{"self":[{"href":"https:\/\/www.mysaasplace.com\/pt\/wp-json\/wp\/v2\/pages\/569"}],"collection":[{"href":"https:\/\/www.mysaasplace.com\/pt\/wp-json\/wp\/v2\/pages"}],"about":[{"href":"https:\/\/www.mysaasplace.com\/pt\/wp-json\/wp\/v2\/types\/page"}],"author":[{"embeddable":true,"href":"https:\/\/www.mysaasplace.com\/pt\/wp-json\/wp\/v2\/users\/1"}],"replies":[{"embeddable":true,"href":"https:\/\/www.mysaasplace.com\/pt\/wp-json\/wp\/v2\/comments?post=569"}],"version-history":[{"count":6,"href":"https:\/\/www.mysaasplace.com\/pt\/wp-json\/wp\/v2\/pages\/569\/revisions"}],"predecessor-version":[{"id":961,"href":"https:\/\/www.mysaasplace.com\/pt\/wp-json\/wp\/v2\/pages\/569\/revisions\/961"}],"wp:attachment":[{"href":"https:\/\/www.mysaasplace.com\/pt\/wp-json\/wp\/v2\/media?parent=569"}],"curies":[{"name":"wp","href":"https:\/\/api.w.org\/{rel}","templated":true}]}}