{"id":506,"date":"2013-01-21T12:22:05","date_gmt":"2013-01-21T12:22:05","guid":{"rendered":"http:\/\/www.mysaasplace.com\/?page_id=506"},"modified":"2021-01-21T05:01:46","modified_gmt":"2021-01-21T05:01:46","slug":"smartphones","status":"publish","type":"page","link":"https:\/\/www.mysaasplace.com\/pt\/smartphones\/","title":{"rendered":"SmartPhones"},"content":{"rendered":"<h2>SmartPhone<\/h2><p>J\u00e1 est\u00e1 dispon\u00edvel MySaaSPlace para SmartPhone.<\/p><p>Descarregue GRATIS!!, Tua app de MySaaSPlace para o seu terminal. ou tamb\u00e9m poder\u00e1s instalar a sua aplica\u00e7\u00e3o desde o seu SmartPhone, se buscas no Market Place.<\/p><p class=\"align-center margin-bottom-minus-30\"><a href=\"https:\/\/www.microsoft.com\/store\/apps\/9N19CWHG7WCF\"><img loading=\"lazy\" class=\"alignnone size-medium\" src=\"http:\/\/www.mysaasplace.com\/images\/promos\/en\/en_Microsoftx50.png\" width=\"138\" height=\"50\" \/><\/a> <a href=\"https:\/\/play.google.com\/store\/apps\/details?id=com.companyname.MSP.Phone&amp;amp;pcampaignid=pcampaignidMKT-Other-global-all-co-prtnr-py-PartBadge-Mar2515-1\"><img loading=\"lazy\" class=\"alignnone size-medium\" src=\"http:\/\/www.mysaasplace.com\/images\/promos\/en\/en_googlex50.png\" width=\"166\" height=\"50\" \/><\/a> <a href=\"https:\/\/itunes.apple.com\/app\/mysaasplace\/id1547079117\"><img loading=\"lazy\" class=\"alignnone size-medium\" src=\"http:\/\/www.mysaasplace.com\/images\/promos\/en\/en_applex50.png\" width=\"150\" height=\"50\" \/><\/a><\/p><div class=\"tabla_container\"><table summary=\"windows phone\"><tbody><tr><td><img loading=\"lazy\" class=\"alignnone size-medium\" src=\"http:\/\/www.mysaasplace.com\/images\/promos\/en\/en_applepromo0-100.png\" width=\"100\" height=\"177\" \/><\/td><td>Agora j\u00e1 \u00e9 poss\u00edvel gestionar as tarefas dos projetos de nosso Software de Gest\u00e3o de Projetos desde seu SmartPhone . Esta funcionalidade \u00e9 sumamente \u00fatil, j\u00e1 que quando acede a sua gest\u00e3o de projetos desde o seu SmartPhone a primeira janela que lhe aparece \u00e9 a de Tarefas &#8220;para Hoje&#8221;. Desta forma n\u00e3o \u00e9 necess\u00e1rio conectar seu PC a Internet, fa\u00e7a desde seu celular SmartPhone.<\/td><\/tr><\/tbody><\/table><table summary=\"windows phone\"><tbody><tr><td><img loading=\"lazy\" class=\"alignnone size-medium\" src=\"http:\/\/www.mysaasplace.com\/images\/promos\/en\/en_applepromo1-100.png\" width=\"100\" height=\"177\" \/><\/td><td>Da mesma forma \u00e9 poss\u00edvel gestionar as sess\u00f5es que est\u00e3o dentro de uma tarefa e com isso pode iniciar a sess\u00e3o de dita tarefa ou finaliza-la quando acabe seu trabalho, assim mesmo disp\u00f5e de toda a informa\u00e7\u00e3o de dita tarefa em tempo real e desde qualquer lugar, o tempo estimado que tinha planificado para seu projeto e o tempo e recursos empregados.<\/td><\/tr><\/tbody><\/table><table summary=\"windows phone\"><tbody><tr><td><img loading=\"lazy\" class=\"alignnone size-medium\" src=\"http:\/\/www.mysaasplace.com\/images\/promos\/en\/en_applepromo2-100.png\" width=\"100\" height=\"177\" \/><\/td><td>Como n\u00e3o podia ser de outra forma, em todo projeto \u00e9 necess\u00e1rio dispor da documenta\u00e7\u00e3o do mesmo sempre em m\u00e3o, por exemplo, se voc\u00ea est\u00e1 numa obra e requer de um documento que se encontra carregado no projeto, poder\u00e1 aceder a ele desde seu SmartPhone de Windows Phone.<\/td><\/tr><\/tbody><\/table><\/div><p>N\u00e3o duvide mais, se est\u00e1 buscando um software de Gest\u00e3o de Projetos que cubra todas suas necessidades, MySaaSPlace \u00e9 sua melhor solu\u00e7\u00e3o, cadastre-se e utilize o melhor software de Gest\u00e3o de Projetos ON LINE totalmente gr\u00e1tis para sempre.<\/p>","protected":false},"excerpt":{"rendered":"<p>SmartPhoneJ\u00e1 est\u00e1 dispon\u00edvel MySaaSPlace para SmartPhone.Descarregue GRATIS!!, Tua app de MySaaSPlace para o seu terminal. ou tamb\u00e9m poder\u00e1s instalar a sua aplica\u00e7\u00e3o desde o seu SmartPhone, se buscas no Market Place. Agora j\u00e1 \u00e9 poss\u00edvel gestionar as tarefas dos projetos de nosso Software de Gest\u00e3o de Projetos desde seu SmartPhone . Esta funcionalidade \u00e9 sumamente [&hellip;]<\/p>\n","protected":false},"author":1,"featured_media":1948,"parent":0,"menu_order":0,"comment_status":"closed","ping_status":"closed","template":"","meta":[],"_links":{"self":[{"href":"https:\/\/www.mysaasplace.com\/pt\/wp-json\/wp\/v2\/pages\/506"}],"collection":[{"href":"https:\/\/www.mysaasplace.com\/pt\/wp-json\/wp\/v2\/pages"}],"about":[{"href":"https:\/\/www.mysaasplace.com\/pt\/wp-json\/wp\/v2\/types\/page"}],"author":[{"embeddable":true,"href":"https:\/\/www.mysaasplace.com\/pt\/wp-json\/wp\/v2\/users\/1"}],"replies":[{"embeddable":true,"href":"https:\/\/www.mysaasplace.com\/pt\/wp-json\/wp\/v2\/comments?post=506"}],"version-history":[{"count":5,"href":"https:\/\/www.mysaasplace.com\/pt\/wp-json\/wp\/v2\/pages\/506\/revisions"}],"predecessor-version":[{"id":2126,"href":"https:\/\/www.mysaasplace.com\/pt\/wp-json\/wp\/v2\/pages\/506\/revisions\/2126"}],"wp:featuredmedia":[{"embeddable":true,"href":"https:\/\/www.mysaasplace.com\/pt\/wp-json\/wp\/v2\/media\/1948"}],"wp:attachment":[{"href":"https:\/\/www.mysaasplace.com\/pt\/wp-json\/wp\/v2\/media?parent=506"}],"curies":[{"name":"wp","href":"https:\/\/api.w.org\/{rel}","templated":true}]}}