{"id":488,"date":"2013-01-21T11:36:46","date_gmt":"2013-01-21T11:36:46","guid":{"rendered":"http:\/\/www.mysaasplace.com\/?page_id=488"},"modified":"2013-01-21T11:36:46","modified_gmt":"2013-01-21T11:36:46","slug":"como-iniciar","status":"publish","type":"page","link":"https:\/\/www.mysaasplace.com\/pt\/como-iniciar\/","title":{"rendered":"Como Iniciar"},"content":{"rendered":"<h2>Como Iniciar<\/h2>\r\n<p>Em MySaaSPlace queremos facilitar.<\/p>\r\n<p>Em somente quatro passos desfrutar\u00e1s dos seus programas de gest\u00e3o economizando em gastos desde o primeiro dia, de forma totalmente gratuita e para sempre.<\/p>\r\n<p>Em MySaaSPlace estamos convencidos da pot\u00eancia e efic\u00e1cia do nosso software de gest\u00e3o porque sabemos que se fizer uma prova, ter\u00e1 a certeza de que encontrou o melhor pacote completo de programas de gest\u00e3o e com o pre\u00e7o mais competitivo do mercado.<\/p>\r\n<p>\r\n\tEsse \u00e9 nosso principal compromisso.\r\n\t<br\/><a href=\"#subir\">Subir<\/a>\r\n<\/p>\r\n\r\n<a id=\"informese\" name=\"informese\"><\/a>\r\n<h2>Saiba mais sobre MySaaSPlace<\/h2>\r\n<p> Gostar\u00edamos que conhecesse qual ser\u00e1 o servi\u00e7o que MySaaSPlace lhe oferecer\u00e1 antes de que decida contratar qualquer de nossas aplica\u00e7\u00f5es. Para isso lhe recomendamos que se dirija a nossa p\u00e1gina principal e nos conhe\u00e7a.<\/p>\r\n<img src=\"\/images\/screenshots\/pt\/screenshot1.jpg\" alt=\"screenshot home\" \/>\r\n<p>Na barra superior do nosso Site, disp\u00f5e de um Men\u00fa de op\u00e7\u00f5es que lhe mostra toda a informa\u00e7\u00e3o da empresa, seus meios e tecnologia, bem como o contrato que, em caso de lhe interessar os servi\u00e7os de MySaaSPlace, dever\u00e1 aceitar.<\/p>\r\n<p>\r\n\tNas op\u00e7\u00f5es deste Men\u00fa poder\u00e1 conhecer-nos e saber tamb\u00e9m quais s\u00e3o os compromissos que MySaaSPlace adquire com seus clientes e usu\u00e1rios.\r\n\t<br\/><a href=\"#subir\">Subir<\/a>\r\n<\/p>\r\n\r\n<a id=\"servicios\" name=\"servicios\"><\/a>\r\n<h2>Conhe\u00e7a a nossa oferta de servi\u00e7os<\/h2>\r\n<p>A p\u00e1gina principal do nosso Site disp\u00f5e de um Men\u00fa de op\u00e7\u00f5es que mostra os diferentes tipos de empresas desglosados em base \u00e0s necessidades concretas de cada uma delas, para definir mais claramente o produto MySaaSPlace que necessita.<\/p>\r\n<p>Estes bot\u00f5es lhe levam de forma imediata aos nossos produtos em base \u00e0s atividades de cada empresa: Servi\u00e7os e Gr\u00eamios, Servi\u00e7os de Alugueis, Distribui\u00e7\u00e3o e Assessoria. Eleja a que mais lhe convenha.<\/p>\r\n<img src=\"\/images\/screenshots\/pt\/screenshot2.jpg\" alt=\"screenshot menu\" \/>\r\n<p>Uma vez selecionada chegar\u00e1 a uma janela onde se definem cada um dos programas de gest\u00e3o (Gest\u00e3o Integrada por projetos, Contabilidade Financeira e Gest\u00e3o \/ Fatura\u00e7\u00e3o) que mais se adequa a suas necessidades.<\/p>\r\n<p>Est\u00e3o organizados individualmente para que seja mais f\u00e1cil informar-se sobre cada produto.<\/p>\r\n<img src=\"\/images\/screenshots\/pt\/screenshot3.jpg\" alt=\"screenshot functions\" \/>\r\n<p>Desta forma pratica, contratas somente os servi\u00e7os que mais lhe interesse e de forma direta. Se o que necessitas \u00e9 contratar todos os servi\u00e7os, tamb\u00e9m lhe ser\u00e1 poss\u00edvel, sabendo que todos se conectam entre si, obtendo assim todo o potencial ao nosso completo pacote de programas de gest\u00e3o. Portanto, estes bot\u00f5es servem de guia para mostrar-lhe todas as informa\u00e7\u00f5es detalhadas sobre as caracter\u00edsticas de cada programa.<\/p>\r\n<p>Dentro de cada se\u00e7\u00e3o, poder\u00e1 ver caracter\u00edsticas, funcionalidades, etc. Tudo explicado com imagens de diferentes janelas, v\u00eddeo, e respostas a poss\u00edveis perguntas. O bot\u00e3o planos e pre\u00e7os lhe mostrar\u00e1 os Planos e Pre\u00e7os que MySaaSPlace lhe oferece se deseja contratar nossos servi\u00e7os de Software como Servi\u00e7o. N\u00e3o esque\u00e7a! Cadastrar-se em MySaaSPlace \u00e9 totalmente gratuito e ademais, lhe permite desfrutar para toda a vida de m\u00faltiplas funcionalidades de cada programa.<\/p>\r\n<p>\r\n\tSe voc\u00ea precisasse mais funcionalidades ou capacidades, ser\u00e1 ent\u00e3o quando poder\u00e1 pensar em contratar servi\u00e7os que requeiram um custo mensal, sempre conforme com as necessidades de sua empresa. Enquanto isso, seus servi\u00e7os en MySaaSPlace s\u00e3o totalmente gratuitos para toda a vida.\r\n\t<br\/><a href=\"#subir\">Subir<\/a>\r\n<\/p>\r\n\r\n<a id=\"altagratuita\" name=\"altagratuita\"><\/a>\r\n<h2>Cadastrar-se Gratuitamente<\/h2>\r\n<p>Uma vez visto o potencial dos programas de Gest\u00e3o de MySaaSPlace pode cadastrar-se gratuitamente em nossos sistemas.<\/p>\r\n<p>Este processo \u00e9 sumamente simples: Clicar sobre o bot\u00e3o \u201cCadastre-se Gr\u00e1tis\u201d e lhe mostraremos um breve formul\u00e1rio que lhe solicitar\u00e1 alguns dados b\u00e1sicos que nos permitir\u00e3o criar em nossos sistemas todo o necess\u00e1rio para que voc\u00ea possa come\u00e7ar a utilizar todos os nossos programas de gest\u00e3o.<\/p>\r\n<p>\r\n\tUma vez preenchido o formul\u00e1rio de inscri\u00e7\u00e3o gratuito, lhe enviaremos um e-mail \u00e0 dire\u00e7\u00e3o fornecida, onde se lhe dar\u00e1 as boas-vindas a MySaaSPlace, mostrando-lhe um acesso direto (link) que uma vez aberto se confirmar\u00e1 o seu cadastro. \u00c9 a partir deste processo quando em MySaaSPlace criaremos suas Bases de dados, perfis e demais par\u00e1metros para que voc\u00ea possa desfrutar dos nossos programas de forma gratuita.\r\n\t<br\/><a href=\"#subir\">Subir<\/a>\r\n<\/p>\r\n\r\n<p class=\"align-center\">\r\n\t<a href=\"https:\/\/azure.mysaasplace.com\/Account\/Register.aspx?lng=pt\">\r\n\t\t<img src=\"\/images\/promos\/pt\/promoalta3.jpg\" alt=\"promoci\u00f3n alta\" \/>\r\n\t<\/a>\r\n<\/p>\r\n\r\n<a id=\"comience\" name=\"comience\"><\/a>\r\n<h2>Comece a utilizar as ferramentas de MySaaSPlace<\/h2>\r\n<p>Chegando neste ponto, significa que j\u00e1 \u00e9 um usu\u00e1rio de MySaaSPlace. A partir deste ponto dirija-se \u00e0 p\u00e1gina principal de MySaaSPlace , na parte superior, poder\u00e1 ver um bot\u00e3o que abre uma janela de acesso de usu\u00e1rios. Introduza seu nome de usu\u00e1rio, senha e pressione o bot\u00e3o \u201cEnter\u201d.<\/p>\r\n<img src=\"\/images\/screenshots\/en\/screenshot4.jpg\" alt=\"screenshot homepage\" \/>\r\n<p>Neste ponto voc\u00ea acedeu ao Portal de MySaaSPlace, permitindo-lhe levar a cabo todas as fun\u00e7\u00f5es relacionadas com sua conta MySaaSPlace. Aqui poder\u00e1 ver seus dados, os servi\u00e7os aos que tem acesso, aceder \u00e0s diferentes aplica\u00e7\u00f5es e, se desejar, poder\u00e1 contratar os servi\u00e7os de pagamento que necessite para a sua empresa. Voc\u00ea n\u00e3o ter\u00e1 nenhuma obriga\u00e7\u00e3o de contratar nenhum servi\u00e7o adicional.<\/p>\r\n<p>\r\n\tComo pode ver, em MySaaSPlace facilitamos o acesso \u00e0 informa\u00e7\u00e3o, cadastre-se para que possa desfrutar dos nossos potentes programas de gest\u00e3o e sem complica\u00e7\u00f5es. Quatro passos que lhe ajudar\u00e3o a economizar desde o primeiro minuto.\r\n\t<br\/><a href=\"#subir\">Subir<\/a>\r\n<\/p>","protected":false},"excerpt":{"rendered":"<p>Como Iniciar Em MySaaSPlace queremos facilitar. Em somente quatro passos desfrutar\u00e1s dos seus programas de gest\u00e3o economizando em gastos desde o primeiro dia, de forma totalmente gratuita e para sempre. Em MySaaSPlace estamos convencidos da pot\u00eancia e efic\u00e1cia do nosso software de gest\u00e3o porque sabemos que se fizer uma prova, ter\u00e1 a certeza de que [&hellip;]<\/p>\n","protected":false},"author":1,"featured_media":149,"parent":0,"menu_order":0,"comment_status":"closed","ping_status":"closed","template":"","meta":[],"_links":{"self":[{"href":"https:\/\/www.mysaasplace.com\/pt\/wp-json\/wp\/v2\/pages\/488"}],"collection":[{"href":"https:\/\/www.mysaasplace.com\/pt\/wp-json\/wp\/v2\/pages"}],"about":[{"href":"https:\/\/www.mysaasplace.com\/pt\/wp-json\/wp\/v2\/types\/page"}],"author":[{"embeddable":true,"href":"https:\/\/www.mysaasplace.com\/pt\/wp-json\/wp\/v2\/users\/1"}],"replies":[{"embeddable":true,"href":"https:\/\/www.mysaasplace.com\/pt\/wp-json\/wp\/v2\/comments?post=488"}],"version-history":[{"count":1,"href":"https:\/\/www.mysaasplace.com\/pt\/wp-json\/wp\/v2\/pages\/488\/revisions"}],"predecessor-version":[{"id":489,"href":"https:\/\/www.mysaasplace.com\/pt\/wp-json\/wp\/v2\/pages\/488\/revisions\/489"}],"wp:featuredmedia":[{"embeddable":true,"href":"https:\/\/www.mysaasplace.com\/pt\/wp-json\/wp\/v2\/media\/149"}],"wp:attachment":[{"href":"https:\/\/www.mysaasplace.com\/pt\/wp-json\/wp\/v2\/media?parent=488"}],"curies":[{"name":"wp","href":"https:\/\/api.w.org\/{rel}","templated":true}]}}