{"id":477,"date":"2013-01-21T10:47:28","date_gmt":"2013-01-21T10:47:28","guid":{"rendered":"http:\/\/www.mysaasplace.com\/?page_id=477"},"modified":"2013-01-23T16:28:20","modified_gmt":"2013-01-23T16:28:20","slug":"marca-branca","status":"publish","type":"page","link":"https:\/\/www.mysaasplace.com\/pt\/seja-distribuidor\/marca-branca\/","title":{"rendered":"Marca Branca"},"content":{"rendered":"<h2>Marca Branca<\/h2>\r\n<p>Se voc\u00ea \u00e9 uma empresa de inform\u00e1tica, MySaaSPlace oferece-lhe a oportunidade de vender um completo pacote de programas de gest\u00e3o para seus clientes na modalidade de Software como Servi\u00e7o (SaaS Software as a Service). Em MySaaSPlace desenh\u00e1mos uma solu\u00e7\u00e3o baseada em nossas ferramentas Evolution Technologies.<\/p>\r\n<p>Todo nosso pacote de Software se baseia nesta marca e mediante nosso programa de distribui\u00e7\u00e3o em marca branca, voc\u00ea poder\u00e1 desenhar e montar seu portal SaaS baseando-o na potente arquitetura de Evolution Technologies.<\/p>\r\n\r\n<h3>Qual \u00e9 a id\u00e9a?<\/h3>\r\n\r\n<ul>\r\n\t<li>Voc\u00ea desenhar\u00e1 o portal SaaS (uma ideia pode ser o Site de MySaaSPlace), toda sua oferta comercial e estabelecer\u00e1 os servi\u00e7os a prestar e os pre\u00e7os para seus clientes.<\/li>\r\n\t<li>Voc\u00ea aloja tanto o Site como as ferramentas de Evolution Techonologies em suas instala\u00e7\u00f5es (consulte-nos se quer utilizar as solu\u00e7\u00f5es de MySaaSPlace, j\u00e1 que tamb\u00e9m \u00e9 poss\u00edvel).<\/li>\r\n\t<li>Estabele\u00e7a a estrat\u00e9gia do seu futuro neg\u00f3cio, publicidade, marketing, pre\u00e7os, rede comercial, etc.<\/li>\r\n\t<li>Comece a comercializar seu servi\u00e7o com a tecnologia de Evolution Technologies.<\/li>\r\n<\/ul>\r\n\r\n<h3>Pre\u00e7os<\/h3>\r\n<p>Neste apartado \u00e9 necess\u00e1rio diferenciar duas coisas:<\/p>\r\n<p>Uma \u00e9 a pol\u00edtica de pre\u00e7os que voc\u00ea aplicar\u00e1 aos seus clientes e outra ser\u00e1 os pre\u00e7os que MySaaSPlace lhe aplicar\u00e1 a voc\u00ea.<\/p>\r\n<p>Os pre\u00e7os que MySaaSPlace lhe cobrar\u00e1 se reger\u00e3o sempre baixo a pol\u00edtica de licen\u00e7a do software de servidor + n\u00famero de usu\u00e1rios concorrentes.<\/p>\r\n<p>S\u00f3 voc\u00ea decidir\u00e1 a quantidade de usu\u00e1rios concorrentes que quer contratar a MySaaSPlace e pelos que pagar\u00e1 mensalmente.Tenha em conta que quantos mais usu\u00e1rios voc\u00ea tenha cadastrados em seu servi\u00e7o de Software como Servi\u00e7o (SaaS &#8211; Software as a Service) mais usu\u00e1rios concorrentes dever\u00e1 de manter cadastrados ou contratados com MySaaSPlace.<\/p>\r\n<p>Comece um neg\u00f3cio com futuro, una-se a MySaaSPlace completando o seguinte formulario:<\/p>\r\n\r\n<div id=\"formulariodistribuidores\">\r\n\t<form id=\"form1\" name=\"form1\" method=\"post\" action=\"\/pt\/seja-distribuidor\/marca-branca\/\">\r\n\t\t<p>\r\n\t\t\tNome e Sobrenome* <br>\r\n\t\t\t<input type=\"text\" value=\"\" name=\"nombre\" class=\"campo\">\r\n\t\t<\/p>\r\n\t\t<p>\r\n\t\t\tEmpresa*<br>\r\n\t\t\t<textarea name=\"empresa\" class=\"com\"><\/textarea>\r\n\t\t<\/p>\r\n\t\t<p>\r\n\t\t\tEmail*<br>\r\n\t\t\t<input type=\"text\" value=\"\" name=\"email\" class=\"campo\">\r\n\t\t<\/p>\r\n\t\t<p>\r\n\t\t\tTelefone*<br>\r\n\t\t\t<input type=\"text\" value=\"\" name=\"telefono\" class=\"campo\">\r\n\t\t<\/p>\r\n\t\t<div class=\"form_advisor\">\r\n\t\t\t\u00c9 necess\u00e1rio preencher os campos marcados com * para poder enviar o formulario\r\n\t\t<\/div>\r\n\t\t<input type=\"hidden\" name=\"idioma\" value=\"pt\" \/>\r\n\t\t<input type=\"reset\" value=\"EXCLUIR\">\r\n\t\t<input type=\"submit\" value=\"ENVIAR\" name=\"enviar\">\r\n\t<\/form>\r\n<\/div>","protected":false},"excerpt":{"rendered":"<p>Marca Branca Se voc\u00ea \u00e9 uma empresa de inform\u00e1tica, MySaaSPlace oferece-lhe a oportunidade de vender um completo pacote de programas de gest\u00e3o para seus clientes na modalidade de Software como Servi\u00e7o (SaaS Software as a Service). Em MySaaSPlace desenh\u00e1mos uma solu\u00e7\u00e3o baseada em nossas ferramentas Evolution Technologies. Todo nosso pacote de Software se baseia nesta [&hellip;]<\/p>\n","protected":false},"author":1,"featured_media":148,"parent":461,"menu_order":2,"comment_status":"closed","ping_status":"closed","template":"","meta":[],"_links":{"self":[{"href":"https:\/\/www.mysaasplace.com\/pt\/wp-json\/wp\/v2\/pages\/477"}],"collection":[{"href":"https:\/\/www.mysaasplace.com\/pt\/wp-json\/wp\/v2\/pages"}],"about":[{"href":"https:\/\/www.mysaasplace.com\/pt\/wp-json\/wp\/v2\/types\/page"}],"author":[{"embeddable":true,"href":"https:\/\/www.mysaasplace.com\/pt\/wp-json\/wp\/v2\/users\/1"}],"replies":[{"embeddable":true,"href":"https:\/\/www.mysaasplace.com\/pt\/wp-json\/wp\/v2\/comments?post=477"}],"version-history":[{"count":3,"href":"https:\/\/www.mysaasplace.com\/pt\/wp-json\/wp\/v2\/pages\/477\/revisions"}],"predecessor-version":[{"id":868,"href":"https:\/\/www.mysaasplace.com\/pt\/wp-json\/wp\/v2\/pages\/477\/revisions\/868"}],"up":[{"embeddable":true,"href":"https:\/\/www.mysaasplace.com\/pt\/wp-json\/wp\/v2\/pages\/461"}],"wp:featuredmedia":[{"embeddable":true,"href":"https:\/\/www.mysaasplace.com\/pt\/wp-json\/wp\/v2\/media\/148"}],"wp:attachment":[{"href":"https:\/\/www.mysaasplace.com\/pt\/wp-json\/wp\/v2\/media?parent=477"}],"curies":[{"name":"wp","href":"https:\/\/api.w.org\/{rel}","templated":true}]}}