{"id":467,"date":"2013-01-21T10:12:28","date_gmt":"2013-01-21T10:12:28","guid":{"rendered":"http:\/\/www.mysaasplace.com\/?page_id=467"},"modified":"2013-04-02T10:49:36","modified_gmt":"2013-04-02T10:49:36","slug":"distribuidores-2","status":"publish","type":"page","link":"https:\/\/www.mysaasplace.com\/pt\/seja-distribuidor\/distribuidores-2\/","title":{"rendered":"Distribuidores"},"content":{"rendered":"<h2>Distribuidores<\/h2>\r\n<p>Agora pode receber importantes comiss\u00f3es referenciado clientes a MySaaSPlace. Nosso programa de distribuidores est\u00e1 dirigido a:<\/p>\r\n\r\n<ul>\r\n\t<li>Empresas de consultor\u00eda em inform\u00e1tica que querem distribuir programas de gest\u00e3o na modalidade de SaaS (Software como Servi\u00e7o) e N\u00e3o t\u00eam a plataforma tecnologica. Desta forma obter\u00e1o benef\u00edcios por dois lados:\r\n\t\t<ul>\r\n\t\t\t<li>Atrav\u00e9s de importantes comiss\u00f3es por referenciar clientes a MySaaSPlace.<\/li>\r\n\t\t\t<li>Rendimentos na parte de integra\u00e7\u00e3o e consultor\u00eda que realize aos seus clientes com as ferramentas de MySaaSPlace.<\/li>\r\n\t\t<\/ul>\r\n\t<\/li>\r\n\t<li>Empresas que fornecem produtos ou servi\u00e7os a seus clientes, mas que possam referenciar aos mesmos os servi\u00e7os de MySaaSPlace. Por exemplo, se voc\u00ea vende material de escrit\u00f3rio aos seus clientes, pode incluir ofertas dos seus produtos ou servi\u00e7os com a oferta de MySaaSPlace, nesse caso lhe proporemos um programa de afilia\u00e7\u00e3o que lhe permita presentear a seus clientes a gratuidade dos servi\u00e7os em MySaaSPlace durante um per\u00edodo, se seus clientes compram seus produtos.<\/li>\r\n<\/ul>\r\n\r\n<p>Com os programas de distribui\u00e7\u00e3o de MySaaSPlace, todos ganham:<\/p>\r\n\r\n<ul>\r\n\t<li>Completar\u00e1 sua oferta de produtos ou servi\u00e7os diferenciando-se dos seus competidores, com a oferta de MySaaSPlace.<\/li>\r\n\t<li>Obtendr\u00e1 importantes comiss\u00f3es pelos clientes referenciados a MySaaSPlace.<\/li>\r\n\t<li>Seus clientes obter\u00e1o importantes descontos contratando servi\u00e7os de MySaaSPlace gra\u00e7as a sua refer\u00eancia.<\/li>\r\n<\/ul>\r\n\r\n<p>A forma de fazer-se distribuidor \u00e9 muito simples, ponha-se em contato connosco preenchendo o formulario que lhe mostramos mais abaixo, e contataremos com voc\u00ea para estabelecer a rela\u00e7\u00e3o de distribui\u00e7\u00e3o mais adequada ao seu perfil.<\/p>\r\n<p>Uma vez que a rela\u00e7\u00e3o tenha ficado estabelecida por ambas partes, voc\u00ea obter\u00e1 um c\u00f3digo de promotor que utilizar\u00e1 da seguinte forma:<\/p>\r\n\r\n<ul>\r\n\t<li>Se \u00e9 voc\u00ea quem cadastrar\u00e1 no futuro aos seus clientes desde a p\u00e1gina web de MySaaSPlace, introduzir\u00e1 este c\u00f3digo de promotor no formulario de registo de clientes e assim ficar\u00e1 registrado dito cliente ao seu nome.<\/li>\r\n\t<li>Se ademais voc\u00ea disp\u00f5e de uma p\u00e1gina web, poder\u00e1 realizar uma promo\u00e7\u00e3o dos seus produtos e servi\u00e7os com um link de accesso a um Mini Site que teremos realizado s\u00f3 para voc\u00ea como distribuidor. Se um cliente acede a dito Mini Site, diretamente ou atrav\u00e9s da sua p\u00e1gina web, o c\u00f3digo de promotor ficar\u00e1 introduzido automaticamente.<\/li>\r\n<\/ul>\r\n\r\n<p>Qualquer entrada de um cliente referenciado que implique um c\u00f3digo de promotor associado, registraremos ao nome de dito distribuidor para o c\u00e1lculo de comiss\u00f3es e aplica\u00e7\u00e3o de descontos aos clientes estabelecidos no acordo de distribui\u00e7\u00e3o e que lhe corresponder\u00e3o em caso de que dito cliente opte pela contrata\u00e7\u00e3o de um servi\u00e7o de MySaaSPlace.<\/p>\r\n<p>Ademais, em MySaaSPlace dispusemos de um acesso especial para distribuidores (Extranet) ao que ter\u00e1 acesso mediante usu\u00e1rio e senha e poder\u00e1 ver em todo momento a quantidade de usu\u00e1rios de cada modalidade que vieram cadastrando-se por meio de suas refer\u00eancias.<\/p>\r\n<p>Nosso sucesso \u00e9 o seu sucesso, por isso, cuidamos com esmero nosso programa de distribuidores.<\/p>\r\n<p>Decida-se j\u00e1! Seja disdtribuidor de MySaaSPlace. Preencha o formul\u00e1rio a seguir, tudo s\u00e3o vantagens para todos. S\u00e3o vantagens pata todos.<\/p>\r\n\r\n<div id=\"formulariodistribuidores\">\r\n\t<form id=\"form1\" name=\"form1\" method=\"post\" action=\"\/pt\/seja-distribuidor\/distribuidores-2\/\">\r\n\t\t<p>\r\n\t\t\tNome e Sobrenome*<br>\r\n\t\t\t<input type=\"text\" value=\"\" name=\"nombre\" class=\"campo\">\r\n\t\t<\/p>\r\n\t\t<p>\r\n\t\t\tEmpresa*<br>\r\n\t\t\t<textarea name=\"empresa\" class=\"com\"><\/textarea>\r\n\t\t<\/p>\r\n\t\t<p>\r\n\t\t\tEmail*<br>\r\n\t\t\t<input type=\"text\" value=\"\" name=\"email\" class=\"campo\">\r\n\t\t<\/p>\r\n\t\t<p>\r\n\t\t\tTelefone*<br>\r\n\t\t\t<input type=\"text\" value=\"\" name=\"telefono\" class=\"campo\">\r\n\t\t<\/p>\r\n\t\t<div class=\"form_advisor\">\r\n\t\t\t\u00c9 necess\u00e1rio preencher os campos marcados com * para poder enviar o formul\u00e1rio\r\n\t\t<\/div>\r\n\t\t<input type=\"hidden\" name=\"idioma\" value=\"pt\" \/>\r\n\t\t<input type=\"reset\" value=\"EXCLUIR\">\r\n\t\t<input type=\"submit\" value=\"ENVIAR\" name=\"enviar\">\r\n\t<\/form>\r\n<\/div>","protected":false},"excerpt":{"rendered":"<p>Distribuidores Agora pode receber importantes comiss\u00f3es referenciado clientes a MySaaSPlace. Nosso programa de distribuidores est\u00e1 dirigido a: Empresas de consultor\u00eda em inform\u00e1tica que querem distribuir programas de gest\u00e3o na modalidade de SaaS (Software como Servi\u00e7o) e N\u00e3o t\u00eam a plataforma tecnologica. Desta forma obter\u00e1o benef\u00edcios por dois lados: Atrav\u00e9s de importantes comiss\u00f3es por referenciar clientes [&hellip;]<\/p>\n","protected":false},"author":1,"featured_media":147,"parent":461,"menu_order":1,"comment_status":"closed","ping_status":"closed","template":"","meta":[],"_links":{"self":[{"href":"https:\/\/www.mysaasplace.com\/pt\/wp-json\/wp\/v2\/pages\/467"}],"collection":[{"href":"https:\/\/www.mysaasplace.com\/pt\/wp-json\/wp\/v2\/pages"}],"about":[{"href":"https:\/\/www.mysaasplace.com\/pt\/wp-json\/wp\/v2\/types\/page"}],"author":[{"embeddable":true,"href":"https:\/\/www.mysaasplace.com\/pt\/wp-json\/wp\/v2\/users\/1"}],"replies":[{"embeddable":true,"href":"https:\/\/www.mysaasplace.com\/pt\/wp-json\/wp\/v2\/comments?post=467"}],"version-history":[{"count":4,"href":"https:\/\/www.mysaasplace.com\/pt\/wp-json\/wp\/v2\/pages\/467\/revisions"}],"predecessor-version":[{"id":1532,"href":"https:\/\/www.mysaasplace.com\/pt\/wp-json\/wp\/v2\/pages\/467\/revisions\/1532"}],"up":[{"embeddable":true,"href":"https:\/\/www.mysaasplace.com\/pt\/wp-json\/wp\/v2\/pages\/461"}],"wp:featuredmedia":[{"embeddable":true,"href":"https:\/\/www.mysaasplace.com\/pt\/wp-json\/wp\/v2\/media\/147"}],"wp:attachment":[{"href":"https:\/\/www.mysaasplace.com\/pt\/wp-json\/wp\/v2\/media?parent=467"}],"curies":[{"name":"wp","href":"https:\/\/api.w.org\/{rel}","templated":true}]}}