{"id":461,"date":"2013-01-21T09:48:02","date_gmt":"2013-01-21T09:48:02","guid":{"rendered":"http:\/\/www.mysaasplace.com\/?page_id=461"},"modified":"2013-01-30T15:38:49","modified_gmt":"2013-01-30T15:38:49","slug":"seja-distribuidor","status":"publish","type":"page","link":"https:\/\/www.mysaasplace.com\/pt\/seja-distribuidor\/","title":{"rendered":"Seja Distribuidor"},"content":{"rendered":"<h2>Seja Distribuidor<\/h2>\r\n<p>Se j\u00e1 atua na \u00e1rea de Consultoria de Servi\u00e7os Inform\u00e1ticos, integra software de gest\u00e3o em empresas ou simplesmente fornece servi\u00e7os a empresas, sejam quais sejam, agora tem a possibilidade de distribuir os servi\u00e7os de Software como servi\u00e7o de MySaaSPlace (SaaS \u2013 Software as a Service).<\/p>\r\n<p>Poder\u00e1 ver em pouco tempo como crescem seus rendimentos porque lhe oferecemos interessantes comiss\u00f5es pelos clientes que contribua a MySaaSPlace.<\/p>\r\n<p>Existem duas formas de distribuir os servi\u00e7os de MySaaSPlace: como distribuidor comisionista dos nossos servi\u00e7os, ou vendendo nosso software com a sua pr\u00f3pria marca. Escolha a modalidade que mais se ajusta ao seu perfil e comece um pr\u00f3spero neg\u00f3cio que s\u00f3 lhe trar\u00e1 bons resultados.<\/p>\r\n\r\n<div class=\"tabla_container align-center\">\r\n\t<table summary=\"botonera superior\">\r\n\t\t<tbody>\r\n\t\t<tr>\r\n\t\t\t<td><strong>Distribuidor de MySaaSPlace<\/strong><\/td>\r\n\t\t\t<td><strong>Marca Branca<\/strong><\/td>\r\n\t\t<\/tr>\r\n\t\t<tr>\r\n\t\t\t<td>\r\n\t\t\t\tSe voc\u00ea estiver envolvido em consultor\u00eda e integra\u00e7\u00e3o de programas de gest\u00e3o, ou tem um servi\u00e7o que pode encaixar com os de MySaaSPlace, N\u00e3o duvide, esta \u00e9 a solu\u00e7\u00e3o de distribui\u00e7\u00e3o que mais se ajusta ao seu perfil.\r\n\t\t\t\t<br\/>\r\n\t\t\t\t<div class=\"ir\">\r\n\t\t\t\t\t<a href=\"\/pt\/seja-distribuidor\/distribuidores-2\/\">MAIS INFORMA\u00c7\u00c3O<\/a>\r\n\t\t\t\t<\/div>\r\n\t\t\t<\/td>\r\n\t\t\t<td>\r\n\t\t\t\tSe o que deseja \u00e9 p\u00f4r em funcionamento um portal de Software como servi\u00e7o (similar ao de MySaaSPlace), mas N\u00e3o tem os programas, agora pode distribuir nossas solu\u00e7\u00f5es colocando o seu nome e a sua marca a nossas aplica\u00e7\u00f5es.\r\n\t\t\t\t<br>\r\n\t\t\t\t<div class=\"ir\">\r\n\t\t\t\t\t<a href=\"\/pt\/seja-distribuidor\/marca-branca\/\">MAIS INFORMA\u00c7\u00c3O<\/a>\r\n\t\t\t\t<\/div>\r\n\t\t\t<\/td>\r\n\t\t<\/tr>\r\n\t\t<\/tbody>\r\n\t<\/table>\r\n<\/div>","protected":false},"excerpt":{"rendered":"<p>Seja Distribuidor Se j\u00e1 atua na \u00e1rea de Consultoria de Servi\u00e7os Inform\u00e1ticos, integra software de gest\u00e3o em empresas ou simplesmente fornece servi\u00e7os a empresas, sejam quais sejam, agora tem a possibilidade de distribuir os servi\u00e7os de Software como servi\u00e7o de MySaaSPlace (SaaS \u2013 Software as a Service). Poder\u00e1 ver em pouco tempo como crescem seus [&hellip;]<\/p>\n","protected":false},"author":1,"featured_media":0,"parent":0,"menu_order":0,"comment_status":"closed","ping_status":"closed","template":"","meta":[],"_links":{"self":[{"href":"https:\/\/www.mysaasplace.com\/pt\/wp-json\/wp\/v2\/pages\/461"}],"collection":[{"href":"https:\/\/www.mysaasplace.com\/pt\/wp-json\/wp\/v2\/pages"}],"about":[{"href":"https:\/\/www.mysaasplace.com\/pt\/wp-json\/wp\/v2\/types\/page"}],"author":[{"embeddable":true,"href":"https:\/\/www.mysaasplace.com\/pt\/wp-json\/wp\/v2\/users\/1"}],"replies":[{"embeddable":true,"href":"https:\/\/www.mysaasplace.com\/pt\/wp-json\/wp\/v2\/comments?post=461"}],"version-history":[{"count":3,"href":"https:\/\/www.mysaasplace.com\/pt\/wp-json\/wp\/v2\/pages\/461\/revisions"}],"predecessor-version":[{"id":1002,"href":"https:\/\/www.mysaasplace.com\/pt\/wp-json\/wp\/v2\/pages\/461\/revisions\/1002"}],"wp:attachment":[{"href":"https:\/\/www.mysaasplace.com\/pt\/wp-json\/wp\/v2\/media?parent=461"}],"curies":[{"name":"wp","href":"https:\/\/api.w.org\/{rel}","templated":true}]}}