{"id":451,"date":"2013-01-21T09:17:05","date_gmt":"2013-01-21T09:17:05","guid":{"rendered":"http:\/\/www.mysaasplace.com\/?page_id=451"},"modified":"2013-01-22T19:12:44","modified_gmt":"2013-01-22T19:12:44","slug":"contato","status":"publish","type":"page","link":"https:\/\/www.mysaasplace.com\/pt\/contato\/","title":{"rendered":"Contato"},"content":{"rendered":"<h2>Contato<\/h2>\r\n<p>Em MySaaSPlace queremos que lhe seja f\u00e1cil contatar connosco, por isso pomos a sua disposi\u00e7\u00e3o uma grande equipe de profissionais e todos os meios poss\u00f3veis para faz\u00ea-lo . Se tiver qualquer d\u00favida, preencha o formulario abaixo e lhe atenderemos com a maior rapidez poss\u00edvel.<\/p>\r\n<p>Envie-nos suas consultas:<\/p>\r\n\r\n\r\n<div id=\"formulariodistribuidores\">\r\n\t<form id=\"form1\" name=\"form1\" method=\"post\" action=\"\/pt\/contato\/\">\r\n\t\t<p>Nome*<br>\r\n\t\t<input type=\"text\" value=\"\" name=\"nombre\" class=\"campo\"><\/p>\r\n\r\n\t\t<p>Email*<br>\r\n\t\t<input type=\"text\" value=\"\" name=\"email\" class=\"campo\"><\/p>\r\n\r\n\t\t<p>Consulta*<br>\r\n\t\t<textarea name=\"comentario\" class=\"com\"><\/textarea><\/p>\r\n\t\t<div class=\"form_advisor\">\r\n\t\t\t\u00c9 necess\u00e1rio preencher os campos marcados com * para poder enviar o formul\u00e1rio.\r\n\t\t<\/div>\r\n\r\n\t\t<input type=\"reset\" value=\"EXCLUIR\" \/>\r\n\t\t<input type=\"submit\" value=\"ENVIAR\" name=\"enviar\" \/>\r\n\t<\/form>\r\n<\/div>\r\n\r\n\r\n<div id=\"direcciones\">\r\n\r\n\t<h2>Endere\u00e7os de email<\/h2><br>\r\n\r\n\t<strong>Comercial e vendas<\/strong>\r\n\t<br><a href=\"mailto:comercial@mysaasplace.com\">comercial@mysaasplace.com<\/a>\r\n\r\n\t<br><strong>Programa de Revenda<\/strong>\r\n\t<br><a href=\"mailto:distribuidor@mysaasplace.com\">distribuidor@mysaasplace.com<\/a>\r\n\r\n\t<br><strong>Faturamento e Cobran\u00e7a<\/strong>\r\n\t<br><a href=\"mailto:facturacion@mysaasplace.com\">facturacion@mysaasplace.com<\/a>\r\n\r\n\t<br><strong>Suporte e Ajuda<\/strong>\r\n\t<br><a href=\"mailto:soporte@mysaasplace.com\">soporte@mysaasplace.com<\/a>\r\n\r\n\t<br><strong>Web MySaaSPlace<\/strong>\r\n\t<br><a href=\"mailto:webmaster@mysaasplace.com\">webmaster@mysaasplace.com<\/a>\r\n\r\n\t<br><strong>Rela\u00e7\u00f5es com fornecedores<\/strong>\r\n\t<br><a href=\"mailto:compras@mysaasplace.com\">compras@mysaasplace.com<\/a>\r\n\r\n\t<br><strong>Emprego<\/strong>\r\n\t<br><a href=\"mailto:rrhh@mysaasplace.com\">rrhh@mysaasplace.com<\/a>\r\n\r\n\t<br><strong>Sala Imprensa<\/strong>\r\n\t<br><a href=\"mailto:prensa@mysaasplace.com\">prensa@mysaasplace.com<\/a> <br>\r\n\r\n<\/div>\r\n\r\n<p><strong>Datos registrales en el registro mercantil<\/strong>: G G Gabinete de Gesti\u00f3n, S.L. Empresa inscrita no registro mercantil de Gipuzkoa no tomo 1.488 do livro de inscri\u00e7\u00f5es, folha SS-9692, p\u00e1gina 71, Inscri\u00e7\u00e3o 1a.<\/p>\r\n\r\n","protected":false},"excerpt":{"rendered":"<p>Contato Em MySaaSPlace queremos que lhe seja f\u00e1cil contatar connosco, por isso pomos a sua disposi\u00e7\u00e3o uma grande equipe de profissionais e todos os meios poss\u00f3veis para faz\u00ea-lo . Se tiver qualquer d\u00favida, preencha o formulario abaixo e lhe atenderemos com a maior rapidez poss\u00edvel. Envie-nos suas consultas: Nome* Email* Consulta* \u00c9 necess\u00e1rio preencher os [&hellip;]<\/p>\n","protected":false},"author":1,"featured_media":143,"parent":0,"menu_order":0,"comment_status":"closed","ping_status":"closed","template":"","meta":[],"_links":{"self":[{"href":"https:\/\/www.mysaasplace.com\/pt\/wp-json\/wp\/v2\/pages\/451"}],"collection":[{"href":"https:\/\/www.mysaasplace.com\/pt\/wp-json\/wp\/v2\/pages"}],"about":[{"href":"https:\/\/www.mysaasplace.com\/pt\/wp-json\/wp\/v2\/types\/page"}],"author":[{"embeddable":true,"href":"https:\/\/www.mysaasplace.com\/pt\/wp-json\/wp\/v2\/users\/1"}],"replies":[{"embeddable":true,"href":"https:\/\/www.mysaasplace.com\/pt\/wp-json\/wp\/v2\/comments?post=451"}],"version-history":[{"count":2,"href":"https:\/\/www.mysaasplace.com\/pt\/wp-json\/wp\/v2\/pages\/451\/revisions"}],"predecessor-version":[{"id":737,"href":"https:\/\/www.mysaasplace.com\/pt\/wp-json\/wp\/v2\/pages\/451\/revisions\/737"}],"wp:featuredmedia":[{"embeddable":true,"href":"https:\/\/www.mysaasplace.com\/pt\/wp-json\/wp\/v2\/media\/143"}],"wp:attachment":[{"href":"https:\/\/www.mysaasplace.com\/pt\/wp-json\/wp\/v2\/media?parent=451"}],"curies":[{"name":"wp","href":"https:\/\/api.w.org\/{rel}","templated":true}]}}