{"id":441,"date":"2013-01-21T08:45:21","date_gmt":"2013-01-21T08:45:21","guid":{"rendered":"http:\/\/www.mysaasplace.com\/?page_id=441"},"modified":"2013-01-21T08:45:21","modified_gmt":"2013-01-21T08:45:21","slug":"informacoes","status":"publish","type":"page","link":"https:\/\/www.mysaasplace.com\/pt\/informacoes\/","title":{"rendered":"Informa\u00e7\u00f5es"},"content":{"rendered":"<h2>MySaaSPlace<\/h2>\r\n<p>MySaaSPlace \u00e9 o lugar em internet onde encontraras o Saftware de Gest\u00e3o que sua empresa necessita para gestionar ao completo o seu neg\u00f3cio, otimizando ao m\u00e1ximo todos seus recursos.<\/p>\r\n<p>Em MySaaSPlace inovamos. Normalmente, estamos acostumados a escolher um software antes de prov\u00e1r-lo, compramos primeiro e depois come\u00e7amos a utilizar. Isso nos obriga a realizar grandes investimentos com a incerteza de n\u00e3o saber se tais programas de gest\u00e3o cobrir\u00e3o as necessidades da empresa.<\/p>\r\n<p>Esta maneira de comprar estes programas de gest\u00e3o (fatura\u00e7\u00e3o, contabilidade, gest\u00e3o de projetos, CRM e muitos outros) \u00e9 a que vimos usando historicamente, mas isso n\u00e3o significa que seja a forma mais eficaz de escolher um programa de gest\u00e3o para sua empresa.<\/p>\r\n<p>Em MySaaSPlace sabemos que:<\/p>\r\n<ul>\r\n\t<li>Provar de forma gratuita<\/li>\r\n\t<li>Saber como usar<\/li>\r\n\t<li>Estudar as necessidades do seu neg\u00f3cio durante a execu\u00e7\u00e3o de um programa em particular<\/li>\r\n\t<li>Us\u00e1-lo enquanto este cumpra com seus prop\u00f3sitos sem fazer investimentos, \u00e9 um modelo \u00f3timo, por isso, o Software como servi\u00e7o (Software as a Service) \u00e9 a melhor solu\u00e7\u00e3o<\/li>\r\n<\/ul>\r\n\r\n<p>Em MySaaSPlace, encontraras  uma grande variedade de programas de gest\u00e3o da mais alta qualidade dispon\u00edvel para sua empresa. Sem gastos de implementa\u00e7\u00e3o, adicionando usu\u00e1rios e fun\u00e7\u00f5es conforme as necessidades da sua empresa, ou eliminando dos seus gastos se necess\u00e1rio.<\/p>\r\n<p>Em resumo, uma importante redu\u00e7\u00e3o de gastos com uma implementa\u00e7\u00e3o imediata.<\/p>\r\n<p>O melhor de tudo \u00e9 que em MySaaSPlace poder\u00e1s utilizar o software desde qualquer lugar de trabalho, sem elevados custos em telecomunica\u00e7\u00f5es como s\u00e3o, por exemplo, uma VPN ( Virtual Private Network) e com total acessibilidade desde o primeiro dia.<\/p>\r\n<p>N\u00e3o duvide, prove MySaaSPlace, prove SaaS (Software as a Service) e reduza seus problemas e preocupa\u00e7\u00f5es sem investimento inicial desde o primeiro dia, aproveitando todo o potencial da nuvem com o Cloud Computing de MySaaSPlace.<\/p>","protected":false},"excerpt":{"rendered":"<p>MySaaSPlace MySaaSPlace \u00e9 o lugar em internet onde encontraras o Saftware de Gest\u00e3o que sua empresa necessita para gestionar ao completo o seu neg\u00f3cio, otimizando ao m\u00e1ximo todos seus recursos. Em MySaaSPlace inovamos. Normalmente, estamos acostumados a escolher um software antes de prov\u00e1r-lo, compramos primeiro e depois come\u00e7amos a utilizar. Isso nos obriga a realizar [&hellip;]<\/p>\n","protected":false},"author":1,"featured_media":436,"parent":0,"menu_order":0,"comment_status":"closed","ping_status":"closed","template":"","meta":[],"_links":{"self":[{"href":"https:\/\/www.mysaasplace.com\/pt\/wp-json\/wp\/v2\/pages\/441"}],"collection":[{"href":"https:\/\/www.mysaasplace.com\/pt\/wp-json\/wp\/v2\/pages"}],"about":[{"href":"https:\/\/www.mysaasplace.com\/pt\/wp-json\/wp\/v2\/types\/page"}],"author":[{"embeddable":true,"href":"https:\/\/www.mysaasplace.com\/pt\/wp-json\/wp\/v2\/users\/1"}],"replies":[{"embeddable":true,"href":"https:\/\/www.mysaasplace.com\/pt\/wp-json\/wp\/v2\/comments?post=441"}],"version-history":[{"count":1,"href":"https:\/\/www.mysaasplace.com\/pt\/wp-json\/wp\/v2\/pages\/441\/revisions"}],"predecessor-version":[{"id":442,"href":"https:\/\/www.mysaasplace.com\/pt\/wp-json\/wp\/v2\/pages\/441\/revisions\/442"}],"wp:featuredmedia":[{"embeddable":true,"href":"https:\/\/www.mysaasplace.com\/pt\/wp-json\/wp\/v2\/media\/436"}],"wp:attachment":[{"href":"https:\/\/www.mysaasplace.com\/pt\/wp-json\/wp\/v2\/media?parent=441"}],"curies":[{"name":"wp","href":"https:\/\/api.w.org\/{rel}","templated":true}]}}