{"id":433,"date":"2013-01-21T08:34:11","date_gmt":"2013-01-21T08:34:11","guid":{"rendered":"http:\/\/www.mysaasplace.com\/?page_id=433"},"modified":"2013-01-21T08:34:11","modified_gmt":"2013-01-21T08:34:11","slug":"tecnologia-2","status":"publish","type":"page","link":"https:\/\/www.mysaasplace.com\/pt\/tecnologia-2\/","title":{"rendered":"Tecnologia"},"content":{"rendered":"<h2>Tecnologia<\/h2>\r\n<p>MySaaSPlace faz a diferen\u00e7a: desenvolvemos um completo ERP que serve para todos os nossos clientes. Esse \u00e9 o nosso diferencial, reconhecido de forma especial por nossos clientes. Sup\u00f5e uma important\u00e0ssima vantagem comparada a outros produtos ERP que est\u00e3o no mercado, os quais requerem uma programa\u00e7\u00e3o exclusiva, quando um usu\u00e1rio solicita uma funcionalidade espec\u00edfica.<\/p>\r\n<p>A pot\u00eancia do nosso motor de WorkFlow, que \u00e9 a base tecnologica na qual se sustenta todo o Software de MySaaSPlace, permite que com a mesma vers\u00e3o de Software, cada cliente (e inclusive usu\u00e1rio) disponha de um software personalizado a sua medida. Desta forma poder satisfazer todas as necessidades dos nossos clientes com somente uma vers\u00e3o do Software.<\/p>\r\n<p>Esta particularidade reduz de forma dr\u00e0stica os gastos de manuten\u00e7\u00e3o das vers\u00f4es, que sem d\u00favida, repercute nos gastos de manuten\u00e7\u00e3o dos clientes que possuem nossos programas instalados fisicamente em suas empresas (In Home).<\/p>\r\n<p>Em MySaaSPlace este modo de funcionamento foi o que marcou a diferen\u00e7a com respeito a outros lugares de Internet que oferecem o software de aluguel ou Software como Servi\u00e7o (SaaS &#8211; Software as a Service).<\/p>\r\n<p>Com os programas de gest\u00e3o de MySaaSPlace voc\u00ea ter\u00e1 a mesma ferramenta de gest\u00e3o que todos, podendo personalizar de maneira que N\u00e3o se pare\u00e7a em nada aos programas dos demais usu\u00e1rios. Esta \u00e9 a pot\u00eancia de MySaaSPlace, o mesmo sistema e infra-estrutura para todos e adaptando-se \u00e0s necessidades de cada cliente e de cada usu\u00e1rio em particular.<\/p>\r\n<p>O melhor de compartilhar infra-estrutura e de personalizar as necessidades de cada cliente, tudo em um.<\/p>","protected":false},"excerpt":{"rendered":"<p>Tecnologia MySaaSPlace faz a diferen\u00e7a: desenvolvemos um completo ERP que serve para todos os nossos clientes. Esse \u00e9 o nosso diferencial, reconhecido de forma especial por nossos clientes. Sup\u00f5e uma important\u00e0ssima vantagem comparada a outros produtos ERP que est\u00e3o no mercado, os quais requerem uma programa\u00e7\u00e3o exclusiva, quando um usu\u00e1rio solicita uma funcionalidade espec\u00edfica. A [&hellip;]<\/p>\n","protected":false},"author":1,"featured_media":159,"parent":0,"menu_order":0,"comment_status":"closed","ping_status":"closed","template":"","meta":[],"_links":{"self":[{"href":"https:\/\/www.mysaasplace.com\/pt\/wp-json\/wp\/v2\/pages\/433"}],"collection":[{"href":"https:\/\/www.mysaasplace.com\/pt\/wp-json\/wp\/v2\/pages"}],"about":[{"href":"https:\/\/www.mysaasplace.com\/pt\/wp-json\/wp\/v2\/types\/page"}],"author":[{"embeddable":true,"href":"https:\/\/www.mysaasplace.com\/pt\/wp-json\/wp\/v2\/users\/1"}],"replies":[{"embeddable":true,"href":"https:\/\/www.mysaasplace.com\/pt\/wp-json\/wp\/v2\/comments?post=433"}],"version-history":[{"count":1,"href":"https:\/\/www.mysaasplace.com\/pt\/wp-json\/wp\/v2\/pages\/433\/revisions"}],"predecessor-version":[{"id":434,"href":"https:\/\/www.mysaasplace.com\/pt\/wp-json\/wp\/v2\/pages\/433\/revisions\/434"}],"wp:featuredmedia":[{"embeddable":true,"href":"https:\/\/www.mysaasplace.com\/pt\/wp-json\/wp\/v2\/media\/159"}],"wp:attachment":[{"href":"https:\/\/www.mysaasplace.com\/pt\/wp-json\/wp\/v2\/media?parent=433"}],"curies":[{"name":"wp","href":"https:\/\/api.w.org\/{rel}","templated":true}]}}