{"id":425,"date":"2013-01-20T20:20:45","date_gmt":"2013-01-20T20:20:45","guid":{"rendered":"http:\/\/www.mysaasplace.com\/?page_id=425"},"modified":"2013-01-20T20:20:45","modified_gmt":"2013-01-20T20:20:45","slug":"compromissos","status":"publish","type":"page","link":"https:\/\/www.mysaasplace.com\/pt\/avisos-legais\/compromissos\/","title":{"rendered":"Compromissos"},"content":{"rendered":"<a id=\"subir\" name=\"subir\"><\/a>\r\n<h2>Compromissos<\/h2>\r\n\r\n<p>\r\n<a href=\"#publicidadenga\u00f1osa\">1. N\u00e3o realizar publicidade enganosa<\/a><br\/>\r\n<a href=\"#comunicaciones\">2. N\u00e3o remeter comunica\u00e7\u00f5es comerciais sem identifica\u00e7\u00e3o<\/a><br\/>\r\n<a href=\"#responsabilidades\">3. Responsabilidades<\/a><br\/>\r\n<a href=\"#cookies\">4. Cookies<\/a><br\/>\r\n<a href=\"#idioma\">5. Idioma e Contratos<\/a><br\/>\r\n<a href=\"#datoscliente\">6. Sobre os dados do Cliente<\/a><br\/>\r\n<\/p>\r\n\r\n<a id=\"publicidadenga\u00f1osa\" name=\"publicidadenga\u00f1osa\"><\/a>\r\n<h3>1. N\u00e3o realizar publicidade enganosa<\/h3>\r\n<p>MySaaSPlace compromete-se a n\u00e3o realizar publicidade enganosa.<\/p>\r\n<p>A estes efeitos, n\u00e3o ser\u00e1o considerados como publicidade enganosa os erros formais ou num\u00e9ricos que possam encontrar-se ao longo do conte\u00fado das diferentes se\u00e7\u00f5es das Webs, produzidas como conseq\u00fc\u00eancia de uma manuten\u00e7\u00e3o e\/ou atualiza\u00e7\u00e3o incompleta ou defeituosa da informa\u00e7\u00e3o contida nestas se\u00e7\u00f5es.<\/p>\r\n<p>\r\n\tComo conseq\u00fc\u00eancia do exposto neste apartado, MySaaSPlace se compromete corrigir t\u00e3o cedo como tenha conhecimento de ditos erros.\r\n\t<br\/><a href=\"#subir\">Subir<\/a>\r\n<\/p>\r\n\r\n<a id=\"comunicaciones\" name=\"comunicaciones\"><\/a>\r\n<h3>2. N\u00e3o remeter comunica\u00e7\u00f5es comerciais sem identifica\u00e7\u00e3o<\/h3>\r\n<p>Conforme ao exposto na Lei 34\/2002 de Servi\u00e7os da Sociedade da Informa\u00e7\u00e3o e do com\u00e9rcio eletr\u00f3nico, MySaaSPlace compromete-se a n\u00e3o remeter comunica\u00e7\u00f5es publicit\u00e1rias ou promocionais por correio eletr\u00f3nico ou outro meio de comunica\u00e7\u00e3o eletr\u00f4nica equivalente, sem identific\u00e1-las como comunica\u00e7\u00e3o comercial e sem que previamente n\u00e3o tivessem sido solicitadas ou expressamente autorizadas pelos destinat\u00e9rios das mesmas.<\/p>\r\n<p>A estes efeitos, n\u00e3o ser\u00e1 considerado como comunica\u00e7\u00e3o comercial toda a informa\u00e7\u00e3o que se envie aos clientes de MySaaSPlace sempre que tenha por finalidade a manuten\u00e7\u00e3o da rela\u00e7\u00e3o contratual existente, bem como o desempenho das tarefas de informa\u00e7\u00e3o, forma\u00e7\u00e3o e outras atividades pr\u00f3prias do servi\u00e7o que o cliente tem contratado com a empresa.<\/p>\r\n<p>\r\n\tAdemais o destinat\u00e9rio poder\u00e1 revogar o consentimento para o tratamento dos seus dados com fins promocionais de uma maneira direta, simples e gratuita desde sua pr\u00f3pria \u00e1rea de cliente.\r\n\t<br\/><a href=\"#subir\">Subir<\/a>\r\n<\/p>\r\n\r\n<a id=\"responsabilidades\" name=\"responsabilidades\"><\/a>\r\n<h3>3. Responsabilidades<\/h3>\r\n<p>MySaaSPlace n\u00e3o ser\u00e1 respons\u00f3vel dos danos e preju\u00edzos produzidos ou que possam se produzir, qualquer que seja sua natureza, que se derivem do uso da informa\u00e7\u00e3o, das mat\u00e9rias contidas neste site e dos programas que incorpora.<\/p>\r\n<p>Os links e hiperlinks que possibilitem, atrav\u00e9s do sitio site www.mysaasplace.com, ou de qualquer dos subdom\u00ednios de mysaasplace, aceder ao usu\u00e1rio, presta\u00e7\u00f5es e servi\u00e7os oferecidos por terceiros, N\u00e3o pertencem nem se encontram baixo o controle de MySaaSPlace.<\/p>\r\n<p>MySaaSPlace N\u00e3o se responsabiliza do uso que o usu\u00e1rio do site realize dos servi\u00e7os, conte\u00fados, links e hiperlinks inclu\u00eddos no site www.mysaasplace.com ou qualquer dos subdom\u00ednios de www.mysaasplace.com.<\/p>\r\n<p>MySaaSPlace N\u00e3o se faz respons\u00f3vel do uso ileg\u00edtimo que terceiras pessoas possam fazer dos nomes de marcas, nomes de produtos, marcas comerciais que, N\u00e3o sendo propriedade de dita entidade, apare\u00e7am em www.mysaasplace.com ou de qualquer dos subdominios de www.mysaasplace.com. Tamb\u00e9m N\u00e3o responsabiliza-se da integridade, veracidade e legalidade do conte\u00fado dos acessos diretos aos sites \u00e0s que possa se aceder desde www.mysaasplace.com ou de qualquer dos subdom\u00ednios de mysaasplace.com.<\/p>\r\n<p>\r\n\tMySaaSPlace N\u00e3o se responsabiliza dos v\u00edrus que tenham sua origem numa transmiss\u00e3o telem\u00e1tica infiltrados por terceiras partes (por exemplo, os macros de processadores de texto, os applets de Java e os programas ActiveX), gerados com a finalidade de obter resultados negativos para um sistema inform\u00e1tico.\r\n\t<br\/><a href=\"#subir\">Subir<\/a>\r\n<\/p>\r\n\r\n<a id=\"cookies\" name=\"cookies\"><\/a>\r\n<h3>4. Cookies<\/h3>\r\n<p>MySaaSPlace utiliza cookies que ficar\u00e1o armazenadas no computador. Os cookies s\u00e3o pequenos arquivos que nossos computadores enviam ao seu computador, estes cookies N\u00e3o nos proporcionam qualquer informa\u00e7\u00e3o sobre o seu nome ou quaisquer outros dados pessoais.<\/p>\r\n<p>Os cookies que utilizamos N\u00e3o podem ler dados do seu computador nem ler os cookies que existam no seu computador. Quando o usu\u00e1rio se encontre navegando pelas p\u00e1ginas Webs de MySaaSPlace o servidor onde se encontra alojada reconhece automaticamente a dire\u00e7\u00e3o IP do seu computador, o dia e a hora na que come\u00e7a a visita, na que abandona a visita, bem como informa\u00e7\u00e3o sobre as diferentes se\u00e7\u00f5es consultadas.<\/p>\r\n<p>\u00c9 necess\u00e1rio que o servidor conhe\u00e7a estes dados para poder comunicar, e enviar-lhe a peti\u00e7\u00e3o realizada e que atrav\u00e9s do navegador se possa ver na janela. Se desejas, pode configurar o seu navegador de maneira que lhe avise na janela, se vai receber um cookie.<\/p>\r\n<p>\r\n\tO usu\u00e1rio pode configurar o seu computador de maneira que N\u00e3o receba estos cookies, este fato N\u00e3o impedir\u00e1 que se possa aceder \u00e1 informa\u00e7\u00e3o do site de www.mysaasplace.com.\r\n\t<br\/><a href=\"#subir\">Subir<\/a>\r\n<\/p>\r\n\r\n<a id=\"idioma\" name=\"idioma\"><\/a>\r\n<h3>5. Idioma e Contratos<\/h3>\r\n<p>\r\n\tMySaaSPlace armazena em formato eletr\u00f3nico, uma c\u00f3pia do e-mail que recebe o cliente, no qual se lhe anexa o contrato personalizado do produto, ao finalizar a contrata\u00e7\u00e3o.\r\n\t<br\/><a href=\"#subir\">Subir<\/a>\r\n<\/p>\r\n\r\n<a id=\"datoscliente\" name=\"datoscliente\"><\/a>\r\n<h3>6. Sobre os dados do cliente<\/h3>\r\n<p>\r\n\tEm MySaaSPlace fornecemos os servi\u00e7os de Software como Servi\u00e7o dos programas que aparecem na oferta vigente da p\u00e1gina Site www.mysaasplace.com. Os dados que os clientes inserem em ditas aplica\u00e7\u00f5es s\u00e3o propriedade exclusiva dos clientes.\r\n\t<br\/><a href=\"#subir\">Subir<\/a>\r\n<\/p>","protected":false},"excerpt":{"rendered":"<p>Compromissos 1. N\u00e3o realizar publicidade enganosa 2. N\u00e3o remeter comunica\u00e7\u00f5es comerciais sem identifica\u00e7\u00e3o 3. Responsabilidades 4. Cookies 5. Idioma e Contratos 6. Sobre os dados do Cliente 1. N\u00e3o realizar publicidade enganosa MySaaSPlace compromete-se a n\u00e3o realizar publicidade enganosa. A estes efeitos, n\u00e3o ser\u00e1o considerados como publicidade enganosa os erros formais ou num\u00e9ricos que possam [&hellip;]<\/p>\n","protected":false},"author":1,"featured_media":0,"parent":390,"menu_order":5,"comment_status":"closed","ping_status":"closed","template":"","meta":[],"_links":{"self":[{"href":"https:\/\/www.mysaasplace.com\/pt\/wp-json\/wp\/v2\/pages\/425"}],"collection":[{"href":"https:\/\/www.mysaasplace.com\/pt\/wp-json\/wp\/v2\/pages"}],"about":[{"href":"https:\/\/www.mysaasplace.com\/pt\/wp-json\/wp\/v2\/types\/page"}],"author":[{"embeddable":true,"href":"https:\/\/www.mysaasplace.com\/pt\/wp-json\/wp\/v2\/users\/1"}],"replies":[{"embeddable":true,"href":"https:\/\/www.mysaasplace.com\/pt\/wp-json\/wp\/v2\/comments?post=425"}],"version-history":[{"count":1,"href":"https:\/\/www.mysaasplace.com\/pt\/wp-json\/wp\/v2\/pages\/425\/revisions"}],"predecessor-version":[{"id":426,"href":"https:\/\/www.mysaasplace.com\/pt\/wp-json\/wp\/v2\/pages\/425\/revisions\/426"}],"up":[{"embeddable":true,"href":"https:\/\/www.mysaasplace.com\/pt\/wp-json\/wp\/v2\/pages\/390"}],"wp:attachment":[{"href":"https:\/\/www.mysaasplace.com\/pt\/wp-json\/wp\/v2\/media?parent=425"}],"curies":[{"name":"wp","href":"https:\/\/api.w.org\/{rel}","templated":true}]}}