{"id":417,"date":"2013-01-20T19:58:58","date_gmt":"2013-01-20T19:58:58","guid":{"rendered":"http:\/\/www.mysaasplace.com\/?page_id=417"},"modified":"2013-01-20T19:58:58","modified_gmt":"2013-01-20T19:58:58","slug":"copyright","status":"publish","type":"page","link":"https:\/\/www.mysaasplace.com\/pt\/avisos-legais\/copyright\/","title":{"rendered":"Copyright"},"content":{"rendered":"<h2>Copyright<\/h2>\r\n<p>Todos os direitos derivados da propriedade intelectual e industrial est\u00e3o expressamente reservados por MySaaSPlace.<\/p>\r\n<p>O c\u00f3digo fonte, gr\u00e1ficos, imagens, fotografias, sons, anima\u00e7\u00f5es, v\u00eddeos, software, textos, nomes de dom\u00ednio, marcas, bem como a informa\u00e7\u00e3o e os conte\u00fados recolhidos ao longo de todo o site est\u00e3o protegidos pela legisla\u00e7\u00e3o espanhola a favor de MySaaSPlace.<\/p>\r\n<p>MySaaSPlace n\u00e3o permite, nem total nem parcialmente, a reprodu\u00e7\u00e3o, publica\u00e7\u00e3o, tratamento inform\u00e1tico, distribui\u00e7\u00e3o, divulga\u00e7\u00e3o, modifica\u00e7\u00e3o, transforma\u00e7\u00e3o ou descompila\u00e7\u00e3o nem demais direitos reconhecidos legalmente ao titular, sem a permiss\u00e3o pr\u00e9via e por escrito.<\/p>\r\n<p>O usu\u00e1rio, \u00fanica e exclusivamente, pode utilizar o material que apare\u00e7a nesta Web ou nas aplica\u00e7\u00f5es fornecidas para seu uso pessoal e privado, ficando proibido seu uso com fins comerciais ou qualquer outro uso que n\u00e3o seja pessoal e privado.<\/p>\r\n<p>MySaaSPlace assegurar\u00e1 o cumprimento das anteriores condi\u00e7\u00f5es, como pela devida utiliza\u00e7\u00e3o de sua propriedade intelectual e industrial, ejercitando todas as a\u00e7\u00f5es legais que lhe correspondam.<\/p>\r\n<p>MySaaSPlace poder\u00e1 modificar, sem pr\u00e9vio aviso, a informa\u00e7\u00e3o contida na p\u00e1gina web ou nas aplica\u00e7\u00f5es fornecidas, assim como sua configura\u00e7\u00e3o e apresenta\u00e7\u00e3o.<\/p>","protected":false},"excerpt":{"rendered":"<p>Copyright Todos os direitos derivados da propriedade intelectual e industrial est\u00e3o expressamente reservados por MySaaSPlace. O c\u00f3digo fonte, gr\u00e1ficos, imagens, fotografias, sons, anima\u00e7\u00f5es, v\u00eddeos, software, textos, nomes de dom\u00ednio, marcas, bem como a informa\u00e7\u00e3o e os conte\u00fados recolhidos ao longo de todo o site est\u00e3o protegidos pela legisla\u00e7\u00e3o espanhola a favor de MySaaSPlace. MySaaSPlace n\u00e3o [&hellip;]<\/p>\n","protected":false},"author":1,"featured_media":140,"parent":390,"menu_order":4,"comment_status":"closed","ping_status":"closed","template":"","meta":[],"_links":{"self":[{"href":"https:\/\/www.mysaasplace.com\/pt\/wp-json\/wp\/v2\/pages\/417"}],"collection":[{"href":"https:\/\/www.mysaasplace.com\/pt\/wp-json\/wp\/v2\/pages"}],"about":[{"href":"https:\/\/www.mysaasplace.com\/pt\/wp-json\/wp\/v2\/types\/page"}],"author":[{"embeddable":true,"href":"https:\/\/www.mysaasplace.com\/pt\/wp-json\/wp\/v2\/users\/1"}],"replies":[{"embeddable":true,"href":"https:\/\/www.mysaasplace.com\/pt\/wp-json\/wp\/v2\/comments?post=417"}],"version-history":[{"count":1,"href":"https:\/\/www.mysaasplace.com\/pt\/wp-json\/wp\/v2\/pages\/417\/revisions"}],"predecessor-version":[{"id":418,"href":"https:\/\/www.mysaasplace.com\/pt\/wp-json\/wp\/v2\/pages\/417\/revisions\/418"}],"up":[{"embeddable":true,"href":"https:\/\/www.mysaasplace.com\/pt\/wp-json\/wp\/v2\/pages\/390"}],"wp:featuredmedia":[{"embeddable":true,"href":"https:\/\/www.mysaasplace.com\/pt\/wp-json\/wp\/v2\/media\/140"}],"wp:attachment":[{"href":"https:\/\/www.mysaasplace.com\/pt\/wp-json\/wp\/v2\/media?parent=417"}],"curies":[{"name":"wp","href":"https:\/\/api.w.org\/{rel}","templated":true}]}}