{"id":402,"date":"2013-01-20T19:39:02","date_gmt":"2013-01-20T19:39:02","guid":{"rendered":"http:\/\/www.mysaasplace.com\/?page_id=402"},"modified":"2013-01-20T19:39:02","modified_gmt":"2013-01-20T19:39:02","slug":"protecao-de-dados","status":"publish","type":"page","link":"https:\/\/www.mysaasplace.com\/pt\/avisos-legais\/protecao-de-dados\/","title":{"rendered":"Prote\u00e7\u00e3o de Dados"},"content":{"rendered":"<h2>Pol\u00edtica de Prote\u00e7\u00e3o de Dados de Car\u00e1ter Pessoal<\/h2>\r\n<p>Em cumprimento da Lei Org\u00fanica 15\/1999, de 13 de dezembro, sobre Prote\u00e7\u00e3o de Dados de Car\u00e1ter Pessoal (LOPD), MySaaSPlace informa aos usu\u00e1rios de que:<\/p>\r\n<p>MySaaSPlace adotou as medidas t\u00e9cnicas e organizativas necess\u00e1rias.<\/p>\r\n<p>Os Dados de Car\u00e1ter Pessoal que recolhe no seu site, e em especial, os dados dos clientes introduzidos durante o procedimento de contrata\u00e7\u00e3o s\u00e3o processados automaticamente e incorporam-se nos arquivos correspondentes, denominados &#8220;CLIENTES&#8221;, devidamente registrado na Ag\u00eancia Espanhola de Prote\u00e7\u00e3ode Dados.<\/p>\r\n<p>Naqueles casos nos que a contrata\u00e7\u00e3o n\u00e3o seja realizada on-line pelo pr\u00f3prio cliente, MySaaSPlace unicamente conservar\u00e1 os dados de car\u00e1ter pessoal proporcionados pelo mesmo, durante o tempo necess\u00e1rio at\u00e9 que se confirme dita contrata\u00e7\u00e3o.<\/p>\r\n<p>A recolhida e tratamento automatizado dos Dados de Car\u00e1ter Pessoal tem como finalidade a manuten\u00e7\u00e3o da rela\u00e7\u00e3o contractual que se for o caso se estabele\u00e7a com MySaaSPlace, bem como o desempenho das tarefas de informa\u00e7\u00e3o , forma\u00e7\u00e3o, comercializa\u00e7\u00e3o (tarefa esta \u00faltima sempre identificada como tal) e outras atividades pr\u00f3prias do grupo.<\/p>\r\n<p>Os Dados de car\u00e1ter pessoal tratados no arquivo &#8220;CLIENTES&#8221; unicamente ser\u00e1o cedidos aquelas entidades que sejam necess\u00e1rias com o \u00fanico objetivo de dar cumprimento a\/as finalidade\/es anteriormente exposta\/as. Naqueles casos nos que MySaaSPlace figure como encarregado do tratamento, assume as obriga\u00e7\u00f5es estabelecidas na LOPD e manifesta que unicamente tratar\u00e1 os dados conforme \u00e0s instru\u00e7\u00f5es do respons\u00f3vel do tratamento e que n\u00e3o os aplicar\u00e1 ou utilizar\u00e1 com fins diferentes aos que figurem no contrato celebrado ao efeito.<\/p>\r\n<p>O cliente poder\u00e1, em todo momento, exercer os seus direitos reconhecidos na LOPD, de acesso, retifica\u00e7\u00e3o, cancelamento e oposi\u00e7\u00e3o, atrav\u00e9s do &#8221; Portal SaaS&#8221;,ferramenta desenvolvida por MySaaSPlace, \u00e1 que se acede atrav\u00e9s da p\u00e1gina principal do site, por meio da introdu\u00e7\u00e3o de usu\u00e1rio e senha pessoal.<\/p>\r\n<p>Tamb\u00e9m podem exercer estes direitos nos termos que a normativa aplic\u00e1vel estabelece e que pode consultar <a href=\"http:\/\/www.agpd.es\/\" target=\"_blank\" class=\"new-window\">http:\/\/www.agpd.es\/<\/a><\/p>\r\n","protected":false},"excerpt":{"rendered":"<p>Pol\u00edtica de Prote\u00e7\u00e3o de Dados de Car\u00e1ter Pessoal Em cumprimento da Lei Org\u00fanica 15\/1999, de 13 de dezembro, sobre Prote\u00e7\u00e3o de Dados de Car\u00e1ter Pessoal (LOPD), MySaaSPlace informa aos usu\u00e1rios de que: MySaaSPlace adotou as medidas t\u00e9cnicas e organizativas necess\u00e1rias. Os Dados de Car\u00e1ter Pessoal que recolhe no seu site, e em especial, os dados [&hellip;]<\/p>\n","protected":false},"author":1,"featured_media":157,"parent":390,"menu_order":2,"comment_status":"closed","ping_status":"closed","template":"","meta":[],"_links":{"self":[{"href":"https:\/\/www.mysaasplace.com\/pt\/wp-json\/wp\/v2\/pages\/402"}],"collection":[{"href":"https:\/\/www.mysaasplace.com\/pt\/wp-json\/wp\/v2\/pages"}],"about":[{"href":"https:\/\/www.mysaasplace.com\/pt\/wp-json\/wp\/v2\/types\/page"}],"author":[{"embeddable":true,"href":"https:\/\/www.mysaasplace.com\/pt\/wp-json\/wp\/v2\/users\/1"}],"replies":[{"embeddable":true,"href":"https:\/\/www.mysaasplace.com\/pt\/wp-json\/wp\/v2\/comments?post=402"}],"version-history":[{"count":1,"href":"https:\/\/www.mysaasplace.com\/pt\/wp-json\/wp\/v2\/pages\/402\/revisions"}],"predecessor-version":[{"id":403,"href":"https:\/\/www.mysaasplace.com\/pt\/wp-json\/wp\/v2\/pages\/402\/revisions\/403"}],"up":[{"embeddable":true,"href":"https:\/\/www.mysaasplace.com\/pt\/wp-json\/wp\/v2\/pages\/390"}],"wp:featuredmedia":[{"embeddable":true,"href":"https:\/\/www.mysaasplace.com\/pt\/wp-json\/wp\/v2\/media\/157"}],"wp:attachment":[{"href":"https:\/\/www.mysaasplace.com\/pt\/wp-json\/wp\/v2\/media?parent=402"}],"curies":[{"name":"wp","href":"https:\/\/api.w.org\/{rel}","templated":true}]}}