{"id":390,"date":"2013-01-20T19:18:46","date_gmt":"2013-01-20T19:18:46","guid":{"rendered":"http:\/\/www.mysaasplace.com\/?page_id=390"},"modified":"2013-01-22T08:36:49","modified_gmt":"2013-01-22T08:36:49","slug":"avisos-legais","status":"publish","type":"page","link":"https:\/\/www.mysaasplace.com\/pt\/avisos-legais\/","title":{"rendered":"Avisos Legais"},"content":{"rendered":"<h2>Avisos Legais<\/h2>\r\n<h3>Contratos<\/h3>\r\nO acesso aos contratos para os diversos produtos oferecidos pela MySaaSPlace.<br\/>\r\n<div class=\"ir\"><a href=\"\/pt\/avisos-legais\/contrato\/\">LEIA MAIS<\/a><\/div>\r\n\r\n<h3>Prote\u00e7\u00e3o de dados<\/h3>\r\nMySaaSPlace em cumprimento da Pol\u00edtica de Prote\u00e7\u00e3o de Dados de Car\u00e1ter Pessoal.<br\/>\r\n<div class=\"ir\"><a href=\"\/pt\/avisos-legais\/protecao-de-dados\/\">LEIA MAIS<\/a><\/div>\r\n\r\n<h3>Pol\u00edtica de uso<\/h3>\r\nPro\u00edbe-se o uso dos servi\u00e7os de MySaaSPlace contr\u00e1rio \u00e0 boa f\u00e9.<br\/>\r\n<div class=\"ir\"><a href=\"\/pt\/avisos-legais\/politica-de-uso\/\">LEIA MAIS<\/a><\/div>\r\n\r\n<h3>Copyright<\/h3>\r\nTodos os direitos derivados da propriedade intelectual e industrial est\u00e3o expressamente reservados por MySaaSPlace.<br\/>\r\n<div class=\"ir\"><a href=\"\/pt\/avisos-legais\/copyright\/\">LEIA MAIS<\/a><\/div>\r\n\r\n<h3>Compromissos<\/h3>\r\nEm MySaaSPlace estamos totalmente comprometidos com nossos clientes e por tanto com o servi\u00e7o que lhes oferecemos.<br\/>\r\n<div class=\"ir\"><a href=\"\/pt\/avisos-legais\/compromissos\/\">LEIA MAIS<\/a><\/div>\r\n","protected":false},"excerpt":{"rendered":"<p>Avisos Legais Contratos O acesso aos contratos para os diversos produtos oferecidos pela MySaaSPlace. LEIA MAIS Prote\u00e7\u00e3o de dados MySaaSPlace em cumprimento da Pol\u00edtica de Prote\u00e7\u00e3o de Dados de Car\u00e1ter Pessoal. LEIA MAIS Pol\u00edtica de uso Pro\u00edbe-se o uso dos servi\u00e7os de MySaaSPlace contr\u00e1rio \u00e0 boa f\u00e9. LEIA MAIS Copyright Todos os direitos derivados da [&hellip;]<\/p>\n","protected":false},"author":1,"featured_media":0,"parent":0,"menu_order":0,"comment_status":"closed","ping_status":"closed","template":"","meta":[],"_links":{"self":[{"href":"https:\/\/www.mysaasplace.com\/pt\/wp-json\/wp\/v2\/pages\/390"}],"collection":[{"href":"https:\/\/www.mysaasplace.com\/pt\/wp-json\/wp\/v2\/pages"}],"about":[{"href":"https:\/\/www.mysaasplace.com\/pt\/wp-json\/wp\/v2\/types\/page"}],"author":[{"embeddable":true,"href":"https:\/\/www.mysaasplace.com\/pt\/wp-json\/wp\/v2\/users\/1"}],"replies":[{"embeddable":true,"href":"https:\/\/www.mysaasplace.com\/pt\/wp-json\/wp\/v2\/comments?post=390"}],"version-history":[{"count":3,"href":"https:\/\/www.mysaasplace.com\/pt\/wp-json\/wp\/v2\/pages\/390\/revisions"}],"predecessor-version":[{"id":552,"href":"https:\/\/www.mysaasplace.com\/pt\/wp-json\/wp\/v2\/pages\/390\/revisions\/552"}],"wp:attachment":[{"href":"https:\/\/www.mysaasplace.com\/pt\/wp-json\/wp\/v2\/media?parent=390"}],"curies":[{"name":"wp","href":"https:\/\/api.w.org\/{rel}","templated":true}]}}