{"id":372,"date":"2013-01-20T18:49:57","date_gmt":"2013-01-20T18:49:57","guid":{"rendered":"http:\/\/www.mysaasplace.com\/?page_id=372"},"modified":"2013-01-23T11:43:03","modified_gmt":"2013-01-23T11:43:03","slug":"notas-de-imprensa","status":"publish","type":"page","link":"https:\/\/www.mysaasplace.com\/pt\/sala-de-imprensa\/notas-de-imprensa\/","title":{"rendered":"Notas de Imprensa"},"content":{"rendered":"<a id=\"subir\" name=\"subir\"><\/a>\r\n<h2>Not\u00edcias<\/h2>\r\n\r\n<ul>\r\n\t<li><a href=\"#nuevaversion\">29.07.2011 &#8211; Nova vers\u00e3o do Software em MySaaSPlace Vers\u00e3o Q3-2011<\/a><\/li>\r\n\t<li><a href=\"#iniciorapido\">18.07.2011 &#8211; In\u00edcio r\u00e1pido na nova vers\u00e3o de MySaaSPlace<\/a><\/li>\r\n\t<li><a href=\"#nuevaversiondos\">29.05.2011 &#8211; Nova vers\u00e3o do Software em MySaaSPlace<\/a><\/li>\r\n\t<li><a href=\"#microsoftpresenta\">20.05.2011 &#8211; Microsoft apresenta em MSN a aplica\u00e7\u00e3o de gest\u00e3o de tarefas de MySaaSPlace<\/a><\/li>\r\n\t<li><a href=\"#mysaasplace\">20.04.2011 &#8211; MySaaSPlace em SaaSmania.com<\/a><\/li>\r\n\t<li><a href=\"#windowsphone\">10.04.2011 &#8211; MySaaSPlace em Windows Phone 7<\/a><\/li>\r\n\t<li><a href=\"#visitantes\">16.12.09 &#8211; Em MySaaSPlace duplicamos os visitantes novos a cada semana<\/a><\/li>\r\n\t<li><a href=\"#servicio\">7.09.09 &#8211; MySaaSPlace lan\u00e7a ao mercado sua nova Web de Software como Servi\u00e7o<\/a><\/li>\r\n<\/ul>\r\n\r\n<br\/>\r\n\r\n<a id=\"nuevaversion\" name=\"nuevaversion\"><\/a>\r\n<h2>29.07.2011 &#8211; Nova vers\u00e3o do Software em MySaaSPlace Vers\u00e3o Q3-2011<\/h2>\r\n<p>Em MySaaSPlace implement\u00e1mos uma nova vers\u00e3o totalmente gratuida do Software para todos os nossos clientes. Na madrugada da sexta-feira (29-7-2011) para o s\u00e1bado (30-07-2011) realizou-se com sucesso a implementa\u00e7\u00e3o da nova vers\u00e3o (vers\u00e3o Q3-2011) que substitui \u00e0 anterior (vers\u00e3o Q2-2011).<\/p>\r\n<p>Dentro da pol\u00edtica de atualiza\u00e7\u00f5es do Software de MySaaSPlace pretende-se oferecer aos nossos clientes o melhor software de gest\u00e3o a cada instante, sem que isso suponha um maior gasto em seu servi\u00e7o, j\u00e1 que ter\u00e1 dispon\u00edvel desde o momento da atualiza\u00e7\u00e3o ao instante de aceder a suas aplica\u00e7\u00f5es em MySaaSPlace.<\/p>\r\n<p>Na nova vers\u00e3o implementaram-se melhoras na funcionalidade e tamb\u00e9m restauro do c\u00f3digo fonte o que sup\u00f5e em ocasi\u00f5es o reparo e depura\u00e7\u00e3o de erros,  os quais podem ser percept\u00edveis para o usu\u00e1rio em alguns casos e em outros n\u00e3o.<\/p>\r\n<p>Ultima revis\u00e3o realizada: 29 de Julio de 2011 (Q3-2011) Revis\u00e3o anterior realizada: 13 de Maio de 2011 (Q2-2011)<\/p>\r\n<h3>As melhoras implementadas s\u00e3o as seguintes:<\/h3>\r\n<ul>\r\n\t<li>Cache da aplica\u00e7\u00e3o pelo navegador (Firefox 3.6 ou posterior carrega a aplica\u00e7\u00e3o cada vez que \u00e9 acessada).<\/li>\r\n\t<li>Detec\u00e7\u00e3o de navegador m\u00f3vel ao tentar aceder \u00e0 aplica\u00e7\u00e3o desde um celular. Aparecer\u00e1 uma mensagem e um link para fazer o download da aplica\u00e7\u00e3o compat\u00edvel com Windows Phone 7.<\/li>\r\n\t<li>Contratos.<\/li>\r\n\t<li>Novo campo em Pedidos: Prazo.<\/li>\r\n\t<li>Novos campos em Tarifas: Comiss\u00e3o, Comissionista e Prazo.<\/li>\r\n\t<li>Estrutura de Artigos.<\/li>\r\n\t<li>Caracter\u00edsticas de Artigos.<\/li>\r\n\t<li>Os campos que pertencem a valores percentuais agora se mostram com um novo controle com formato percentual.<\/li>\r\n\t<li>Mostrar o n\u00famero de vers\u00e3o na guia de In\u00edcio.<\/li>\r\n\t<li>Melhoras na navega\u00e7\u00e3o dentro do gestor de projetos.<\/li>\r\n\t<li>Ao criar uma empresa, se criar\u00e1 um calend\u00e1rio por defeito com os dias: Segunda-Sexta-Feira 09:00 &#8211; 13:00, 15:00 a 19:00.<\/li>\r\n\t<li>Possibilidade de abrir projetos em modo somente leitura se foram bloqueados por outro usu\u00e1rio.<\/li>\r\n\t<li>Possibilidade de desbloquear um projeto se o usu\u00e1rio atual \u00e9 chefe de grupo ou \u00e9 o \u00faltimo usu\u00e1rio em bloque\u00e1-lo.<\/li>\r\n\t<li>Na lista para abrir projetos, inclu\u00edram-se os filtros de N\u00famero &#8220;de projeto&#8221; e &#8220;Vers\u00e3o&#8221;. Ademais, se o projeto est\u00e1 bloqueado mostra-se o nome de usu\u00e1rio que o bloqueou.<\/li>\r\n\t<li>Nova mensagem ao tentar modificar uma linha de fatura com um valor n\u00e3o permitido pela linha de pedido \u00e0 que est\u00e1 relacionada. Agora a mensagem mostra o n\u00famero de linha de pedido, o n\u00famero do pedido e o valor m\u00e1ximo poss\u00edvel.<\/li>\r\n\t<li>Novo widget: Primeiros passos. Mostra uma breve explica\u00e7\u00e3o de como realizar as tarefas comuns. Os novos usu\u00e1rios ter\u00e3o ativados automaticamente este widget.<\/li>\r\n\t<li>Nova vers\u00e3o de gantt.<\/li>\r\n\t<li>Ao cadastrar um artigo, gastos, ou grupo de recurso, automaticamente o valor da unidade de compra ser\u00e1 igual ao da unidade de venda.<\/li>\r\n<\/ul>\r\n\r\n<h3>Corre\u00e7\u00f5es:<\/h3>\r\n<ul>\r\n\t<li>A aplica\u00e7\u00e3o n\u00e3o se carrega se o usu\u00e1rio usa FireFox.<\/li>\r\n\t<li>Melhorou-se o rendimento do formulario &#8220;Meu Calend\u00e1rio de Tarefas&#8221; e do widget &#8220;Minhas Tarefas&#8221;<\/li>\r\n\t<li>Inconsist\u00eancia ao navegar entre registros usando os bot\u00f5es de \u201cprimeiro &#8220;, &#8220;anterior&#8221;, &#8220;seguinte&#8221; e &#8220;\u00faltimo&#8221; nas manuten\u00e7\u00f5es principais.<\/li>\r\n\t<li>Ap\u00f3s modificar uma linha de fatura, tent\u00e1vamos modificar a cabeceira, aparecia um erro de que outro usu\u00e1rio tinha modificado o registro original.<\/li>\r\n\t<li>Nas linhas de pedido n\u00e3o se estabelecia o iva do cliente da cabeceira.<\/li>\r\n\t<li>Mostrar mensagem de erro se o usu\u00e1rio modifica a url original ao aceder aos diferentes m\u00f3dulos da aplica\u00e7\u00e3o Web.<\/li>\r\n\t<li>Nas listagens, se ao cadastrar\/modificar est\u00e1vamos na \u00faltima coluna e faz\u00edamos click no bot\u00e3o de Guardar, a entidade guardava-se, mas o estado da barra de ferramenta permanecia igual.<\/li>\r\n\t<li>Validaci\u00f3n do CIF repetido em manuten\u00e7\u00e3o de Empresa.<\/li>\r\n\t<li>Na manuten\u00e7\u00e3o da cabeceira\/linha, a barra de ferramenta estava dispon\u00edvel enquanto carregavam-se as linhas pelo que podiam ocorrer inconsist\u00eancias.<\/li>\r\n\t<li>Erro ao fazer duplo click em \u201cAgora n\u00e3o, obrigado&#8221; na &#8220;Configura\u00e7\u00e3o inicial&#8221;.<\/li>\r\n\t<li>Erro na valida\u00e7\u00e3o do CIF espanhol quando o valor \u00e9 nulo.<\/li>\r\n\t<li>Ap\u00f3s ver um relat\u00f3rio, o rendimento de toda a aplica\u00e7\u00e3o baixava consideravelmente somente para o usu\u00e1rio atual.<\/li>\r\n\t<li>C\u00f3digo de empresa era edit\u00e1vel na Manuten\u00e7\u00e3o da Empresa e Fatura\u00e7\u00e3o MySaaSPlace.<\/li>\r\n\t<li>As ordens das tarefas dentro de um projeto n\u00e3o se guardavam corretamente.<\/li>\r\n\t<li>Erros ao fechar o Gestor de projetos com projetos abertos.<\/li>\r\n\t<li>Cadastro de Calend\u00e1rios n\u00e3o refletia bem os dias da semana introduzidos.<\/li>\r\n\t<li>Enla\u00e7ar o mesmo projeto mais de 1 vez sobre um projeto.<\/li>\r\n\t<li>Em determinados casos, as caixas de texto multil\u00ednea n\u00e3o permitiam mais de 1 linha.<\/li>\r\n\t<li>Ao fechar a manuten\u00e7\u00e3o do Gestor de projetos, se houvesse projetos abertos com modifica\u00e7\u00f5es pendentes pora guardar, n\u00e3o se mostrava nenhuma mensagem de aviso.<\/li>\r\n\t<li>Localiza\u00e7\u00e3o de certas mensagens de erros de processos executados no servidor.<\/li>\r\n\t<li>Em determinadas circunst\u00e2ncias ao editar um registro, se o valor de uma caixa de texto ou seletor de datas era apagado, ao guardar o registro este preservava os valores anteriores.<\/li>\r\n\t<li>Ao eliminar um registro em alguma manuten\u00e7\u00e3o, se este registro estava relacionado com outro podia ocorrer um erro inesperado. Agora aparece uma mensagem explicando dita situa\u00e7\u00e3o.<\/li>\r\n\t<li>Mensagem de erro ao selecionar cliente ou forma de pagamento na manuten\u00e7\u00e3o de Ofertas.<\/li>\r\n\t<li>Melhorou-se o tempo de in\u00edcio da aplica\u00e7\u00e3o.<\/li>\r\n\t<li>Mensagem de erro ao criar uma empresa, usar o bot\u00e3o de atr\u00e1s do navegador e tentar criar outra.<\/li>\r\n\t<li>Certas manuten\u00e7\u00f5es com n\u00fameros de planos de conta n\u00e3o faziam a substitui\u00e7\u00e3o do ponto por zeros de forma autom\u00e1tica. Por exemplo: &#8220;4100.56&#8221; por \u201c4100000056&#8243;.<\/li>\r\n\t<li>Fatura abonada aparece como contabilizada.<\/li>\r\n\t<li>Localiza\u00e7\u00e3o de mensagens.<\/li>\r\n<\/ul>\r\n\r\n<p>\r\n\t=====================================================\r\n\t<br\/>Durante o m\u00eas de Agosto, Actualizaremos a ajuda em Linha para refletir estas mudan\u00e7as. Se encontra algum erro ou quiera sugerir alguma melhora, lhe rogamos entrar em contatando com <a href=\"mailto:soporte@mysaasplace.com\">soporte@mysaasplace.com<\/a>\r\n\t<br\/><a href=\"#subir\">Subir<\/a>\r\n<\/p>\r\n\r\n<a id=\"iniciorapido\" name=\"iniciorapido\"><\/a>\r\n<h2>18.07.2011 &#8211; In\u00edcio r\u00e1pido na nova vers\u00e3o de MySaaSPlace<\/h2>\r\n<p>Implementou-se uma nova funcionalidade no In\u00edcio de sess\u00e3o do software de MySaaSPlace que lhe permitir\u00e1 entender muito melhor como come\u00e7ar a utilizar todo o software que MySaaSPlace lhe oferece.<\/p>\r\n<p>Assim quando voc\u00ea entra nas aplica\u00e7\u00f5es de MySaaSPlace, o primeiro que lhe aparece \u00e9 um Widget (janela) com todas as instru\u00e7\u00f5es explicadas de maneira simples para que comece a utilizar o software de contabilidade, fatura\u00e7\u00e3o e gest\u00e3o de projetos de maneira r\u00e1pida e com a menor quantidade de literatura poss\u00edvel, para que seja f\u00e1cil.<\/p>\r\n<p>Ademais, nossa nova ferramenta de Widgets (janelas configur\u00e1veis) que aparecem na p\u00e1gina principal, lhe permite configurar sua p\u00e1gina de in\u00edcio a sua maneira, movendo com o mouse as janelas com a informa\u00e7\u00e3o que mais lhe interessa ver quando entre em sua aplica\u00e7\u00e3o MySaaSPlace. Por exemplo, uma configura\u00e7\u00e3o muito utilizada \u00e9 que quando entre na aplica\u00e7\u00e3o, o primeiro que queira encontrar sejam as tarefas que tem para hoje, de forma que com visualizar dita janela saiba  rapidamente todas as tarefas que tem pendentes de executar hoje dentro da pol\u00edtica de gest\u00e3o de projetos da empresa.<\/p>\r\n<p>\r\n\tTamb\u00e9m \u00e9 poss\u00edvel configurar o calend\u00e1rio com os dias de f\u00e9rias, e em breve iremos implementando novas funcionalidades aos widgets para que introduza dados tais como uma gr\u00e1fica de fatura\u00e7\u00e3o da sua empresa,  dados cont\u00e1beis de relevancia, etc. A nova ferramenta de Widgets de MySaaSPlace \u00e9 sumamente pr\u00e1tica e potente, e lhe permitir\u00e1 lhe sacar o m\u00e1ximo rendimento a suas aplica\u00e7\u00f5es de gest\u00e3o empresarial de MySaaSPlace.\r\n\t<br\/><a href=\"#subir\">Subir<\/a>\r\n<\/p>\r\n\r\n\r\n<a id=\"nuevaversiondos\" name=\"nuevaversiondos\"><\/a>\r\n<h2>29.05.2011 &#8211; Nova vers\u00e3o do Software em MySaaSPlace<\/h2>\r\n<p>Em MySaaSPlace implement\u00e1mos uma nova vers\u00e3o de Software para todos nossos clientes de forma autom\u00e1tica e gratuita. Na madrugada do s\u00e1bado (28-5-2011) ao domingo (29-05-2011) realizou-se com sucesso a implementaci\u00f3n da nova vers\u00e3o (vers\u00e3o 2011Q2) que substitui \u00e0 anterior (vers\u00e3o 2011Q1).<\/p>\r\n<p>Dentro da pol\u00edtica de atualiza\u00e7\u00f5es do Software de MySaaSPlace pretende-se oferecer aos nossos clientes o melhor software de gest\u00e3o a cada instante, sem que isso suponha um maior gasto em seu servi\u00e7o. Na nova vers\u00e3o implementaram-se melhoras de funcionalidade e tamb\u00e9m melhoras do c\u00f3digo fonte o que sup\u00f5e em ocasi\u00f5es o reparo e depura\u00e7\u00e3o de erros, os quais em ocasi\u00f5es s\u00e3o percept\u00edveis ao usu\u00e1rio e em outras ocasi\u00f5es n\u00e3o.<\/p>\r\n\r\n<h3>As melhoras implementadas s\u00e3o as seguintes:<\/h3>\r\n<ul>\r\n\t<li>O gerador de relat\u00f3rios realiza as cargas muito mais r\u00e1pidas.<\/li>\r\n\t<li>Acrescentar buscas de tipo \u201cContenham\u201d \u00e0s manuten\u00e7\u00f5es principais e aos comboboxes. Por exemplo, ao escrever \u201c*car*\u201d (sem aspas), se buscar\u00e3o registros que contenham o texto \u201ccar\u201d na coluna correspondente.<\/li>\r\n\t<li>Novo interface amig\u00e1vel ao detectar que o usu\u00e1rio n\u00e3o tem instalado o plugin de Microsoft Silverlight, necess\u00e1rio para executar a aplica\u00e7\u00e3o.<\/li>\r\n\t<li>Ao incluir um ponto nos comboboxes que se refiram a n\u00fameros de planos de conta, automaticamente se converter\u00e1 em zeros at\u00e9 completar os 10 digitos. Por exemplo, \u201c462.20\u201d se converter\u00e1 em \u201c4620000020\u201d.<\/li>\r\n\t<li>Pagina\u00e7\u00e3o aplicada as listagens da Contabiliza\u00e7\u00e3o das Faturas de Venda, Di\u00e1rio da Bandeja de Asientos, Projetos.\r\n<\/ul>\r\n\r\n<h3>Corre\u00e7\u00f5es:<\/h3>\r\n<ul>\r\n\t<li>Em listagens, ao receber o foco uma coluna com um combobox, a valida\u00e7\u00e3o executa e faz que essa coluna apare\u00e7a em vermelho.<\/li>\r\n\t<li>A janela de abertura do Exerc\u00edcio n\u00e3o est\u00e1 localizada.<\/li>\r\n\t<li>Ao tentar contabilizar uma fatura (desde a manuten\u00e7\u00e3o de Faturas), os bot\u00f5es de Aceitar e Cancelar est\u00e3o desativados.<\/li>\r\n\t<li>Em determinadas circunst\u00e2ncias, certos erros eram informados corretamente mediante uma janela de dialogo, mas tamb\u00e9m pelo sistema autom\u00e1tico de relat\u00f3rios de erros.<\/li>\r\n\t<li>Em qualquer manuten\u00e7\u00e3o principal, se eliminamos um registro rec\u00e9m criado, o mesmo ficar\u00e1 exposto na tela.<\/li>\r\n\t<li>Manuten\u00e7\u00e3o de faturas, em modo busca, ao eleger uma condi\u00e7\u00e3o de pagamento produz-se um erro.<\/li>\r\n\t<li>N\u00e3o se podem criar recursos.<\/li>\r\n\t<li>O gerador de relat\u00f3rios n\u00e3o est\u00e1 localizado.<\/li>\r\n\t<li>N\u00e3o se pode abrir o link dos convites dos usu\u00e1rios quando a descri\u00e7\u00e3o da empresa cont\u00e9m carateres especiais.<\/li>\r\n\t<li>N\u00e3o \u00e9 poss\u00edvel abrir projetos que foram guardados sem tarefas.<\/li>\r\n\t<li>Diario de la Bandeja de Asientos: as entradas com muitas notas demoram em mostrar-se e copiarse \u00e0 Bandeja.<\/li>\r\n\t<li>Aparece barra de rolagem vertical ao usar navegadores IE9.<\/li>\r\n\t<li>Alguns bot\u00f5es na aplica\u00e7\u00e3o Web aparecem cortados ao usar navegadores IE9.<\/li>\r\n<\/ul>\r\n<p><a href=\"#subir\">Subir<\/a><\/p>\r\n\r\n<a id=\"microsoftpresenta\" name=\"microsoftpresenta\"><\/a>\r\n<h2>20.05.2011 &#8211; Microsoft apresenta no MSN a aplica\u00e7ao de gestao de tarefas de MySaaSPlace<\/h2>\r\n<p>Microsoft qualificou a nova aplica\u00e7\u00e3o para a gest\u00e3o de tarefas na nuvem como uma aplica\u00e7\u00e3o de interesse geral, poder\u00e1 encontrar tamb\u00e9m com o nome de Task &#8220;On The Cloud&#8221;, se trata de uma aplica\u00e7\u00e3o que funciona em Windows Phone com a qual \u00e9 poss\u00edvel administras as tarefas dos projetos que s\u00e3o gestionados no software de gest\u00e3o de projetos de MySaaSPlace que se encontra na nuvem, acess\u00edvel desde www.mysaasplace.com , esta aplia\u00e7\u00e3o foi escolhida por Microsoft para sua publica\u00e7\u00e3o no seu Site <a href=\"http:\/\/www.msn.com\" target=\"_blank\">www.msn.com<\/a><\/p>\r\n<p>Esta nova aplica\u00e7\u00e3o \u00e9 um complemento perfeito para que os profissionais aut\u00f4nomos, PME e departamentos de engenharia de empresas cuja atividade se baseia na elabora\u00e7\u00e3o de projetos no seu trabalho quotidiano, possam usar um potente software de gest\u00e3o de projetos na nuvem e dispor assim de toda a informa\u00e7\u00e3o dos mesmos em tempo real.<\/p>\r\n<p>Adicionalmente \u00e0 ferramenta de software de gest\u00e3o de projetos que MySaaSPlace oferece na nuvem, as pessoas ou m\u00e1quinas que executam as tarefas dentro de um projeto e que se encontram fora dos escrit\u00f3rios com o desconforto que sup\u00f5e em ocasi\u00f5es dispor de um PC conectado a Internet, agora podem aceder as suas tarefas desde Windows Phone, com o que poder\u00e3o ver as tarefas que est\u00e3o programadas para hoje, as pr\u00f3ximas tarefas a realizar e tudo o relativo \u00e0 informa\u00e7\u00e3o das mesmas como documentos, planos, relat\u00f3rios, faturas, etc.<\/p>\r\n<p>Agora atrav\u00e9s do Windows Phone j\u00e1 tem acess\u00edvel desde qualquer lugar do mundo toda a informa\u00e7\u00e3o que precisa para realizar seu trabalho, registrar as horas de execu\u00e7\u00e3o da tarefa e inclusive ver seus desvios com respeito ao tempo real que se tinha or\u00e7ado para sua realiza\u00e7\u00e3o. Se al\u00e9m do software de gest\u00e3o de projetos, utiliza-se em conjunto com o software de fatura\u00e7\u00e3o ou o programa de contabilidade de MySaaSPlace, ao estar os tr\u00eas programas de gest\u00e3o unidos entre si, a gest\u00e3o se simplifica de forma substancial.<\/p>\r\n<p>\r\n\tSe a isto lhe som\u00e1mos que os programas de gest\u00e3o de projetos, fatura\u00e7\u00e3o e contabilidade s\u00e3o acess\u00edveis desde qualquer PC ou MAC conectados a Internet, temos uma solu\u00e7\u00e3o de software para o aut\u00f4nomo, PME ou departamento de engenharia de qualquer empresa que aproveitar\u00e1 todo o potencial da nuvem ou tamb\u00e9m conhecido como  Cloud Computing.\r\n\t<br><a href=\"#subir\">Subir<\/a>\r\n<\/p>\r\n\r\n<a id=\"mysaasplace\" name=\"mysaasplace\"><\/a>\r\n<h2>20.04.2011 &#8211; MySaaSPlace em SaaSmania.com<\/h2>\r\n<p><a href=\"http:\/\/www.saasmania.com\" target=\"_blank\">Saasmania.com<\/a> fez-se eco <a href=\"http:\/\/www.saasmania.com\/blog\/2011\/04\/18\/saas-de-la-semana-mysaasplace\/\" target=\"_blank\">das aplica\u00e7\u00f5es e vantagens do servi\u00e7o de MySaaSPlace<\/a>, o blog especializado em tudo o relacionado ao mundo SaaS, PaaS, IaaS e em geral ao mundo do Cloud Computing, fez-se eco do lan\u00e7amento ao mercado do servi\u00e7o de MySaaSPlace, em seu artigo detalham-se as caracter\u00edsticas do servi\u00e7o visto desde o ponto de vista de um profissional absolutamete versado, o seu editor Jose Carlos Moreno.<\/p>\r\n<p>\r\n\tEm dito blog ( saasmania.com ) explicam-se todas aquelas q\u00fcest\u00f5es relativas ao mundo SaaS e Cloud Computing, trata-se de um blog realmente did\u00e1tico e com uma grande quantidade e qualidade de informa\u00e7\u00e3o a este respeito. Se necessitar mais informa\u00e7\u00e3o sobre este novo modelo de comercializa\u00e7\u00e3o de Software, que sem d\u00favida \u00e9 uma tend\u00eancia impar\u00e1vel, saasmania.com \u00e9 um ponto de refer\u00eancia.\r\n\t<br\/><a href=\"#subir\">Subir<\/a>\r\n<\/p>\r\n\r\n<a id=\"windowsphone\" name=\"windowsphone\"><\/a>\r\n<h2>10.04.2011 &#8211; MySaaSPlace em Windows Phone<\/h2>\r\n<p>J\u00e1 temos a aplica\u00e7\u00e3o no MarketPlace de Windows Phone . Chama-se &#8220;Tasks On the Cloud&#8221;.<\/p>\r\n<p>Esta App de Windows Phone , \u00e9 para que o cliente possa fazer um seguimiento atrav\u00e9s do celular de todas as tarefas que est\u00e3o sendo desenvolvidas neste momento.<\/p>\r\n<ul>\r\n\t<li>Voc\u00ea pode adicionar novas sess\u00f5es para suas tarefas.<\/li>\r\n\t<li>Fazer seguimiento dos trabalhos realizados. Novo na Vers\u00e3o 1.4.<\/li>\r\n\t<li>Permite ver as tarefas para hoje, Pendentes ou todas.<\/li>\r\n\t<li>Permite ver as estat\u00edsticas da Equipe do projeto.<\/li>\r\n\t<li>Permite fazer download de documenta\u00e7\u00e3o associada com a tarefa.<\/li>\r\n<\/ul>\r\n\r\n<p>\r\n\tDownload gratuito!!\r\n\t<br\/><a href=\"#subir\">Subir<\/a>\r\n<\/p>\r\n\r\n<a id=\"visitantes\" name=\"visitantes\"><\/a>\r\n<h2>16.12.09 &#8211; Em MySaaSPlace duplicamos os visitantes novos a cada semana<\/h2>\r\n<p>No Website de MySaaSPlace www.mysaasplace.com estamos tendo uma progress\u00e3o de visitas invej\u00e1vel, duplicamos os visitantes novos a cada semana, trata-se de uma mostra clara em onde n\u00e3o h\u00e1 d\u00favida que o Software como Servi\u00e7o suscita muito interesse entre nossos clientes, segundo indica nosso diretor de marketing.<\/p>\r\n<p>\r\n\tO Software como servi\u00e7o \u00e9 implementado cada vez mais em nossa sociedade, p\u00e1ginas web como www.saasmania.com s\u00e3o uma mostra disso, onde todo o seu conte\u00fado se dedica a este tema. N\u00e3o obstante, n\u00e3o devemos confundir Software como Servi\u00e7o (SaaS) e aplicar a qualquer modalidade que nos queiram oferecer.\r\n\t<br><a href=\"#subir\">Subir<\/a>\r\n<\/p>\r\n\r\n<a id=\"servicio\" name=\"servicio\"><\/a>\r\n<h2>7.09.09 &#8211; MySaaSPlace lan\u00e7a ao mercado sua nova Web de Software como Servi\u00e7o<\/h2>\r\n<p>MySaaSPlace lan\u00e7a ao mercado sua nova Web desde onde se poder\u00e1 conhecer a oferta dos servi\u00e7os SaaS \u2013 Software as a Service.<\/p>\r\n<p>Esta nova Web de f\u00e1cil uso, permite aceder \u00e0s caracter\u00edsticas, informa\u00e7\u00f5es e servi\u00e7os de apoio de forma simples e intuitiva. Agora desde MySaaSPlace poder\u00e1 se cadastrar de forma totalmente gratuita para conhecer e utilizar os servi\u00e7os de MySaaSPlace.<\/p>\r\n<p>\r\n\tCom os servi\u00e7os gratuitos um aut\u00f4nomo ou empresa poder\u00e1 gestionar suas faturas, projetos e toda a contabilidade sem gastos, mas se voc\u00ea necessitar mais pot\u00eancia em seus programas poder\u00e1 contrat\u00e1-los por uma baixa quota mensal que lhe permitir\u00e1 ter a sua disposi\u00e7\u00e3o um amplo leque de solu\u00e7\u00f5es.\r\n\t<br><a href=\"#subir\">Subir<\/a>\r\n<\/p>","protected":false},"excerpt":{"rendered":"<p>Not\u00edcias 29.07.2011 &#8211; Nova vers\u00e3o do Software em MySaaSPlace Vers\u00e3o Q3-2011 18.07.2011 &#8211; In\u00edcio r\u00e1pido na nova vers\u00e3o de MySaaSPlace 29.05.2011 &#8211; Nova vers\u00e3o do Software em MySaaSPlace 20.05.2011 &#8211; Microsoft apresenta em MSN a aplica\u00e7\u00e3o de gest\u00e3o de tarefas de MySaaSPlace 20.04.2011 &#8211; MySaaSPlace em SaaSmania.com 10.04.2011 &#8211; MySaaSPlace em Windows Phone 7 16.12.09 [&hellip;]<\/p>\n","protected":false},"author":1,"featured_media":0,"parent":360,"menu_order":1,"comment_status":"closed","ping_status":"closed","template":"","meta":[],"_links":{"self":[{"href":"https:\/\/www.mysaasplace.com\/pt\/wp-json\/wp\/v2\/pages\/372"}],"collection":[{"href":"https:\/\/www.mysaasplace.com\/pt\/wp-json\/wp\/v2\/pages"}],"about":[{"href":"https:\/\/www.mysaasplace.com\/pt\/wp-json\/wp\/v2\/types\/page"}],"author":[{"embeddable":true,"href":"https:\/\/www.mysaasplace.com\/pt\/wp-json\/wp\/v2\/users\/1"}],"replies":[{"embeddable":true,"href":"https:\/\/www.mysaasplace.com\/pt\/wp-json\/wp\/v2\/comments?post=372"}],"version-history":[{"count":2,"href":"https:\/\/www.mysaasplace.com\/pt\/wp-json\/wp\/v2\/pages\/372\/revisions"}],"predecessor-version":[{"id":834,"href":"https:\/\/www.mysaasplace.com\/pt\/wp-json\/wp\/v2\/pages\/372\/revisions\/834"}],"up":[{"embeddable":true,"href":"https:\/\/www.mysaasplace.com\/pt\/wp-json\/wp\/v2\/pages\/360"}],"wp:attachment":[{"href":"https:\/\/www.mysaasplace.com\/pt\/wp-json\/wp\/v2\/media?parent=372"}],"curies":[{"name":"wp","href":"https:\/\/api.w.org\/{rel}","templated":true}]}}