{"id":360,"date":"2013-01-20T13:42:36","date_gmt":"2013-01-20T13:42:36","guid":{"rendered":"http:\/\/www.mysaasplace.com\/?page_id=360"},"modified":"2013-02-22T17:35:02","modified_gmt":"2013-02-22T17:35:02","slug":"sala-de-imprensa","status":"publish","type":"page","link":"https:\/\/www.mysaasplace.com\/pt\/sala-de-imprensa\/","title":{"rendered":"Sala de Imprensa"},"content":{"rendered":"<h2>Sala de Imprensa<\/h2>\r\n<p>MySaaSPlace \u00e9 um servi\u00e7o oferecido peA Empresa Gabinete de Gesti\u00f3n, S.L. (Gabiges). A longa trajet\u00f3ria de Gabiges desde sua cria\u00e7\u00e3o em 1994, expressa uma experi\u00eancia que poucas empresas podem demonstrar. Conhecemos as necessidades dos clientes e o mais importante: Conhecemos o que os usu\u00e1rios do nosso software requerem no seu uso di\u00e1rio.<\/p>\r\n<p>Por isso demos um passo mais criando nosso software na nuvem, abaratando custos e necessidades para melhorar a rentabilidade das empresas.<\/p>\r\n\r\n<div id=\"datos\">\r\n\t<h2>Dados da empresa:<\/h2>\r\n\t<ul>\r\n\t\t<li>MySaaSPlace (G G Gabinete de Gesti\u00f3n, S.L.)<\/li>\r\n\t\t<li>Parque Zuatzu &ndash; Edificio Easo &ndash;<\/li>\r\n\t\t<li>San Sebasti\u00e1n (20018)<\/li>\r\n\t\t<li>Gipuzkoa<\/li>\r\n\t\t<li>CIF: B20511762<\/li>\r\n\t\t<li>Empresa inscrita no registro mercantil de Gipuzkoa no tomo 1.488<br\/>do livro de inscri\u00e7\u00f5es, folha SS-9692, p\u00e1gina 71, Inscri\u00e7\u00e3o 1a.<\/li>\r\n\t<\/ul>\r\n<\/div>","protected":false},"excerpt":{"rendered":"<p>Sala de Imprensa MySaaSPlace \u00e9 um servi\u00e7o oferecido peA Empresa Gabinete de Gesti\u00f3n, S.L. (Gabiges). A longa trajet\u00f3ria de Gabiges desde sua cria\u00e7\u00e3o em 1994, expressa uma experi\u00eancia que poucas empresas podem demonstrar. Conhecemos as necessidades dos clientes e o mais importante: Conhecemos o que os usu\u00e1rios do nosso software requerem no seu uso di\u00e1rio. [&hellip;]<\/p>\n","protected":false},"author":1,"featured_media":0,"parent":0,"menu_order":0,"comment_status":"closed","ping_status":"closed","template":"","meta":[],"_links":{"self":[{"href":"https:\/\/www.mysaasplace.com\/pt\/wp-json\/wp\/v2\/pages\/360"}],"collection":[{"href":"https:\/\/www.mysaasplace.com\/pt\/wp-json\/wp\/v2\/pages"}],"about":[{"href":"https:\/\/www.mysaasplace.com\/pt\/wp-json\/wp\/v2\/types\/page"}],"author":[{"embeddable":true,"href":"https:\/\/www.mysaasplace.com\/pt\/wp-json\/wp\/v2\/users\/1"}],"replies":[{"embeddable":true,"href":"https:\/\/www.mysaasplace.com\/pt\/wp-json\/wp\/v2\/comments?post=360"}],"version-history":[{"count":4,"href":"https:\/\/www.mysaasplace.com\/pt\/wp-json\/wp\/v2\/pages\/360\/revisions"}],"predecessor-version":[{"id":1130,"href":"https:\/\/www.mysaasplace.com\/pt\/wp-json\/wp\/v2\/pages\/360\/revisions\/1130"}],"wp:attachment":[{"href":"https:\/\/www.mysaasplace.com\/pt\/wp-json\/wp\/v2\/media?parent=360"}],"curies":[{"name":"wp","href":"https:\/\/api.w.org\/{rel}","templated":true}]}}