{"id":351,"date":"2013-01-20T13:34:35","date_gmt":"2013-01-20T13:34:35","guid":{"rendered":"http:\/\/www.mysaasplace.com\/?page_id=351"},"modified":"2021-01-21T05:30:11","modified_gmt":"2021-01-21T05:30:11","slug":"acreditacoes-e-certificacoes","status":"publish","type":"page","link":"https:\/\/www.mysaasplace.com\/pt\/informacao-corporativa\/acreditacoes-e-certificacoes\/","title":{"rendered":"Acredita\u00e7\u00f5es e Certifica\u00e7\u00f5es"},"content":{"rendered":"<h2>Acredita\u00e7\u00f5es<\/h2><p>Em MySaaSPlace temos o aval dos milhares de usu\u00e1rios do nosso Software. Contudo, h\u00e1 quem nos respalde por ter comprovado que nossa capacita\u00e7\u00e3o, forma\u00e7\u00e3o e resultados s\u00e3o um caminho de \u00eaxito.<\/p><div class=\"tabla_container\"><span class=\"title\">ACREDITA\u00c7\u00d5ES OBTIDAS POR GABINETE DE GEST\u00c3O<\/span><table summary=\"botonera principal\"><tbody><tr><td><a href=\"https:\/\/partner.microsoft.com\/spain\/partner\"> <img src=\"\/images\/certificaciones\/certificado_microsoft.png\" alt=\"certificaci\u00f3n microsoft\" \/> <\/a><\/td><td>Como Microsoft Certified Partner, MySaaSPlace oferece aos seus clientes solu\u00e7\u00f5es de primeiro nivel baseadas em produtos Microsoft e p\u00f5e a sua disposi\u00e7\u00e3o as \u00faltimas plataformas e solu\u00e7\u00f5es de desenvolvimento criadas por esta companhia.<\/td><\/tr><tr><td><img src=\"\/images\/certificaciones\/certificado_evolution.png\" alt=\"certificado evolution technologies\" \/><\/td><td>Con esta acredita\u00e7\u00e3o, MySaaSPlace oferece aos seus clientes a tecnologia de Evolution Technologies, o acesso \u00e0s \u00faltimas plataformas e com as m\u00e1ximas garantias de funcionamento.<\/td><\/tr><\/tbody><\/table><\/div><h2>Certifica\u00e7\u00f5es<\/h2><p>Em MySaaSPlace a inova\u00e7\u00e3o e a qualidade s\u00e3o parte importante das nossas prioridades. Por isso contamos com garantias t\u00e3o importantes como:<\/p><div class=\"tabla_container\"><span class=\"title\">CERTIFICADOS OBTIDOS POR MYSAASPLACE<\/span>\u200b<table summary=\"botonera principal\"><tbody><tr><td><a href=\"https:\/\/datamarket.azure.com\/application\/9446bfb2-f461-4dba-87b2-9e3ba5076a5f\"> <img class=\"logotiposwindows\" src=\"\/images\/certificaciones\/windows_azure.jpg\" alt=\"certificaci\u00f3n microsoft windows azure\" \/> <\/a><\/td><td>As aplica\u00e7\u00f5es de MySaasPlace est\u00e3o certificadas na plataforma de Microsoft Windows Azure.<\/td><\/tr><tr><td><a href=\"\/pt\/smartphones\/\"> <img loading=\"lazy\" class=\"alignnone size-medium\" src=\"http:\/\/www.mysaasplace.com\/images\/promos\/en\/en_Microsoftx25.png\" width=\"69\" height=\"25\" \/><\/a><a href=\"\/pt\/smartphones\/\"><img loading=\"lazy\" class=\"alignnone size-medium\" src=\"http:\/\/www.mysaasplace.com\/images\/promos\/en\/en_googlex25.png\" width=\"83\" height=\"25\" \/><\/a><a href=\"\/pt\/smartphones\/\"><img loading=\"lazy\" class=\"alignnone size-medium\" src=\"http:\/\/www.mysaasplace.com\/images\/promos\/en\/en_applex25.png\" width=\"75\" height=\"25\" \/><\/a><\/td><td>Nossa aplica\u00e7\u00e3o para SmartPhones, encontra-se dispon\u00edvel para celulares Android, iPhone iPad, dispondo da certifica\u00e7\u00e3o do lugar.<\/td><\/tr><\/tbody><\/table><\/div><h2>Fazemos parte do cat\u00e1logo de Microsoft<\/h2><p>Fazemos parte de Microsoft Pinpoint, Software Servi\u00e7os de TI para empresas:<\/p><table summary=\"botonera principal\"><tbody><tr><td><a href=\"http:\/\/pinpoint.microsoft.com\/es-ES\/applications\/mysaasplace-12884934216\"> <img class=\"logotiposwindows\" src=\"\/images\/certificaciones\/pinpoint.png\" alt=\"certificaci\u00f3n microsoft pinpoint\" \/> <\/a><\/td><td>Microsoft Pinpoint \u00e9 um cat\u00e1logo de solu\u00e7\u00f5es onde se encontram as melhores aplica\u00e7\u00f5es e servi\u00e7os para empresas.<\/td><\/tr><\/tbody><\/table>","protected":false},"excerpt":{"rendered":"<p>Acredita\u00e7\u00f5esEm MySaaSPlace temos o aval dos milhares de usu\u00e1rios do nosso Software. Contudo, h\u00e1 quem nos respalde por ter comprovado que nossa capacita\u00e7\u00e3o, forma\u00e7\u00e3o e resultados s\u00e3o um caminho de \u00eaxito.ACREDITA\u00c7\u00d5ES OBTIDAS POR GABINETE DE GEST\u00c3O Como Microsoft Certified Partner, MySaaSPlace oferece aos seus clientes solu\u00e7\u00f5es de primeiro nivel baseadas em produtos Microsoft e p\u00f5e [&hellip;]<\/p>\n","protected":false},"author":1,"featured_media":0,"parent":330,"menu_order":3,"comment_status":"closed","ping_status":"closed","template":"","meta":[],"_links":{"self":[{"href":"https:\/\/www.mysaasplace.com\/pt\/wp-json\/wp\/v2\/pages\/351"}],"collection":[{"href":"https:\/\/www.mysaasplace.com\/pt\/wp-json\/wp\/v2\/pages"}],"about":[{"href":"https:\/\/www.mysaasplace.com\/pt\/wp-json\/wp\/v2\/types\/page"}],"author":[{"embeddable":true,"href":"https:\/\/www.mysaasplace.com\/pt\/wp-json\/wp\/v2\/users\/1"}],"replies":[{"embeddable":true,"href":"https:\/\/www.mysaasplace.com\/pt\/wp-json\/wp\/v2\/comments?post=351"}],"version-history":[{"count":4,"href":"https:\/\/www.mysaasplace.com\/pt\/wp-json\/wp\/v2\/pages\/351\/revisions"}],"predecessor-version":[{"id":2140,"href":"https:\/\/www.mysaasplace.com\/pt\/wp-json\/wp\/v2\/pages\/351\/revisions\/2140"}],"up":[{"embeddable":true,"href":"https:\/\/www.mysaasplace.com\/pt\/wp-json\/wp\/v2\/pages\/330"}],"wp:attachment":[{"href":"https:\/\/www.mysaasplace.com\/pt\/wp-json\/wp\/v2\/media?parent=351"}],"curies":[{"name":"wp","href":"https:\/\/api.w.org\/{rel}","templated":true}]}}