{"id":345,"date":"2013-01-20T13:14:08","date_gmt":"2013-01-20T13:14:08","guid":{"rendered":"http:\/\/www.mysaasplace.com\/?page_id=345"},"modified":"2013-01-20T13:14:08","modified_gmt":"2013-01-20T13:14:08","slug":"razoes-de-importancia","status":"publish","type":"page","link":"https:\/\/www.mysaasplace.com\/pt\/informacao-corporativa\/razoes-de-importancia\/","title":{"rendered":"Raz\u00f5es de Import\u00e2ncia"},"content":{"rendered":"<a id=\"subir\" name=\"subir\"><\/a>\r\n<h2>Raz\u00f5es de import\u00e2ncia<\/h2>\r\n\r\n<ul>\r\n\t<li><a href=\"#rapida\">1. A decis\u00e3o \u00e9 rapida<\/a><\/li>\r\n\t<li><a href=\"#inversion\">2. O investimento inicial N\u00e3o existe<\/a><\/li>\r\n\t<li><a href=\"#tic\">3. Sem custo com pessoal TIC<\/a><\/li>\r\n\t<li><a href=\"#implantacion\">4. A implementa\u00e7\u00e3o \u00e9 imediata<\/a><\/li>\r\n\t<li><a href=\"#gratuita\">5. Prova gratuita<\/a><\/li>\r\n\t<li><a href=\"#mantenimiento\">6. Sem gastos de manuten\u00e7\u00e3o<\/a><\/li>\r\n\t<li><a href=\"#accesibilidad\">7. Acessibilidade absoluta<\/a><\/li>\r\n\t<li><a href=\"#seguridad\">8. Seguran\u00e7a dos dados<\/a><\/li>\r\n\t<li><a href=\"#copias\">9. C\u00f3pias de Seguran\u00e7a<\/a><\/li>\r\n\t<li><a href=\"#precio\">10. O melhor pre\u00e7o<\/a><\/li>\r\n\t<li><a href=\"#tambien\">11. Tamb\u00e9m \u00e9 para voc\u00ea<\/a><\/li>\r\n<\/ul>\r\n\r\n<br>\r\n<a id=\"rapida\" name=\"rapida\"><\/a>\r\n<h2>1. A decis\u00e3o \u00e9 r\u00e1pida<\/h2>\r\n<p>\r\n\tCom a solu\u00e7\u00e3o do Software como servi\u00e7o de MySaaSPlace voc\u00ea poder\u00e1 comprovar que suas necessidades ficam cobertas em q\u00fcest\u00e3o de poucos minutos depois de provar os programas mediante nosso plano gratuito de uso de Software.\r\n\t<br\/><a href=\"#subir\">Subir<\/a>\r\n<\/p>\r\n\r\n<a id=\"inversion\" name=\"inversion\"><\/a>\r\n<h2>2. O investimento inicial N\u00e3o existe<\/h2>\r\n<p>\r\n\tCom nosso Software voc\u00ea n\u00e3o tem que investir nada de dinheiro para a implementa\u00e7\u00e3o dos programas de gest\u00e3o para sua empresa. N\u00e3o h\u00e1 gastos ocultos nem quotas de cadastro, simplesmente comece a usar.\r\n\t<br\/><a href=\"#subir\">Subir<\/a>\r\n<\/p>\r\n\r\n<a id=\"tic\" name=\"tic\"><\/a>\r\n<h2>3. Sem custo com pessoal TIC<\/h2>\r\n<p>\r\n\tSua empresa N\u00e3o necessita contratar custosos servi\u00e7os TIC., Para usar o Software como servi\u00e7o de MySaaSPlace s\u00f3 precisa uma conex\u00e3o a Internet e nada mais. N\u00e3o precisar\u00e1 complicados sistemas de redes (router, VPN, Firewall, etc.)\r\n\t<br\/><a href=\"#subir\">Subir<\/a>\r\n<\/p>\r\n\r\n<a id=\"implantacion\" name=\"implantacion\"><\/a>\r\n<h2>4. A implementa\u00e7\u00e3o \u00e9 imediata<\/h2>\r\n<p>\r\n\tQue sua empresa comece a usar o software que precisa \u00e9 uma labor instant\u00e2nea, N\u00e3o requer de longos e caros processos de implementa\u00e7\u00e3o.\r\n\t<br\/><a href=\"#subir\">Subir<\/a>\r\n<\/p>\r\n\r\n<a id=\"gratuita\" name=\"gratuita\"><\/a>\r\n<h2>5. Prova gratuita<\/h2>\r\n<p>\r\n\tEm MySaaSPlace N\u00e3o fazemos demonstra\u00e7\u00f5es, a melhor demonstra\u00e7\u00e3o \u00e9 a que voc\u00ea diretamente utilize os programas e tudo isso sem que lhe custe dinheiro.\r\n\t<br\/><a href=\"#subir\">Subir<\/a>\r\n<\/p>\r\n\r\n<a id=\"mantenimiento\" name=\"mantenimiento\"><\/a>\r\n<h2>6. Sem gastos de manuten\u00e7\u00e3o<\/h2>\r\n<p>\r\n\tVoc\u00ea N\u00e3o paga pela manuten\u00e7\u00e3o dos servidores, discos, mem\u00f3rias, custos de telecomunica\u00e7\u00f5es, pessoal, alimenta\u00e7\u00e3o el\u00e9trica, ar acondicionado, etc. Despreoc\u00fape-se de tudo e resuma seus gastos a uma quota mensal que voc\u00ea poder\u00e1 ter controlada em todo momento e que ser\u00e1 equivalente as suas necessidades, voc\u00ea s\u00f3 paga o que usa e o necessita.\r\n\t<br\/><a href=\"#subir\">Subir<\/a>\r\n<\/p>\r\n\r\n<a id=\"accesibilidad\" name=\"accesibilidad\"><\/a>\r\n<h2>7. Acessibilidade absoluta<\/h2>\r\n<p>\r\n\tPoder\u00e1 desfrutar de todo o software da sua empresa desde qualquer PC, ou dispositivo PDA. Desde qualquer parte do mundo \u00e1 mesma informa\u00e7\u00e3o que voc\u00ea tem no seu escrit\u00f3rio e em tempo real e tudo isso sem hor\u00e1rios, 24 horas ao dia 365 ao ano.\r\n\t<br\/><a href=\"#subir\">Subir<\/a>\r\n<\/p>\r\n\r\n<a id=\"seguridad\" name=\"seguridad\"><\/a>\r\n<h2>8. Seguran\u00e7a dos dados<\/h2>\r\n<p>\r\n\tSeus dados encontram-se armazenados de forma segura mediante complexos sistemas de encripta\u00e7\u00e3o, isto \u00e9, a informa\u00e7\u00e3o \u00e9 sua e unicamente os usu\u00e1rios da sua empresa podem aceder a ela.\r\n\t<br\/><a href=\"#subir\">Subir<\/a>\r\n<\/p>\r\n\r\n<a id=\"copias\" name=\"copias\"><\/a>\r\n<h2>9. C\u00f3pias de Seguran\u00e7a<\/h2>\r\n<p>\r\n\tAs problem\u00e1ticas c\u00f3pias de seguran\u00e7a que voc\u00ea sempre pensava que se faziam na sua empresa e um dia percebeu que em realidade nem sempre eram feitas, em MySaaSPlace j\u00e1 N\u00e3o ser\u00e1o um problema para voc\u00ea. Inclu\u00eddo no servi\u00e7o que contratas, realizaremos as c\u00f3pias de seguran\u00e7a por voc\u00ea com avan\u00e7ados sistemas de Backup.\r\n\t<br\/><a href=\"#subir\">Subir<\/a>\r\n<\/p>\r\n\r\n<a id=\"precio\" name=\"precio\"><\/a>\r\n<h2>10. O melhor pre\u00e7o<\/h2>\r\n<p>\r\n\tNo modelo de Software como Servi\u00e7o o gasto \u00e9 t\u00e3o reduzido que n\u00e3o \u00e9 compar\u00e1vel com um sistema de aquisi\u00e7\u00e3o de Software tradicional. Isto se deve a que muitos recursos s\u00e3o compartilhados, ao contr\u00e1rio do tradicional, onde ter\u00e1o que ser adquiridos e mantidos somente por e para voc\u00ea.\r\n\t<br\/><a href=\"#subir\">Subir<\/a>\r\n<\/p>\r\n\r\n<a id=\"tambien\" name=\"tambien\"><\/a>\r\n<h2>11. Tamb\u00e9m \u00e9 para voc\u00ea<\/h2>\r\n<p>\u00c9 poss\u00edvel que depois de tudo isto pense que este sistema n\u00e3o serve para sua empresa, porque sua empresa \u00e9 diferente. N\u00e3o lhe caiba nenhuma d\u00favida que sua empresa utilizar\u00e1 em breve Software como Servi\u00e7o em diversas opera\u00e7\u00f5es (umas conscientes e outras inconscientemente).<\/p>\r\n<p>\r\n\tQuanto antes seja ciente desta realidade, antes come\u00e7ar\u00e1 a otimizar os recursos da sua empresa, a economizar dinheiro e a destinar seus recursos e preocupa\u00e7\u00f5es no que realmente lhe interessa para sua empresa e que n\u00e3o \u00e9 a inform\u00e1tica.\r\n\t<br\/><a href=\"#subir\">Subir<\/a>\r\n<\/p>\r\n","protected":false},"excerpt":{"rendered":"<p>Raz\u00f5es de import\u00e2ncia 1. A decis\u00e3o \u00e9 rapida 2. O investimento inicial N\u00e3o existe 3. Sem custo com pessoal TIC 4. A implementa\u00e7\u00e3o \u00e9 imediata 5. Prova gratuita 6. Sem gastos de manuten\u00e7\u00e3o 7. Acessibilidade absoluta 8. Seguran\u00e7a dos dados 9. C\u00f3pias de Seguran\u00e7a 10. O melhor pre\u00e7o 11. Tamb\u00e9m \u00e9 para voc\u00ea 1. A [&hellip;]<\/p>\n","protected":false},"author":1,"featured_media":151,"parent":330,"menu_order":2,"comment_status":"closed","ping_status":"closed","template":"","meta":[],"_links":{"self":[{"href":"https:\/\/www.mysaasplace.com\/pt\/wp-json\/wp\/v2\/pages\/345"}],"collection":[{"href":"https:\/\/www.mysaasplace.com\/pt\/wp-json\/wp\/v2\/pages"}],"about":[{"href":"https:\/\/www.mysaasplace.com\/pt\/wp-json\/wp\/v2\/types\/page"}],"author":[{"embeddable":true,"href":"https:\/\/www.mysaasplace.com\/pt\/wp-json\/wp\/v2\/users\/1"}],"replies":[{"embeddable":true,"href":"https:\/\/www.mysaasplace.com\/pt\/wp-json\/wp\/v2\/comments?post=345"}],"version-history":[{"count":1,"href":"https:\/\/www.mysaasplace.com\/pt\/wp-json\/wp\/v2\/pages\/345\/revisions"}],"predecessor-version":[{"id":346,"href":"https:\/\/www.mysaasplace.com\/pt\/wp-json\/wp\/v2\/pages\/345\/revisions\/346"}],"up":[{"embeddable":true,"href":"https:\/\/www.mysaasplace.com\/pt\/wp-json\/wp\/v2\/pages\/330"}],"wp:featuredmedia":[{"embeddable":true,"href":"https:\/\/www.mysaasplace.com\/pt\/wp-json\/wp\/v2\/media\/151"}],"wp:attachment":[{"href":"https:\/\/www.mysaasplace.com\/pt\/wp-json\/wp\/v2\/media?parent=345"}],"curies":[{"name":"wp","href":"https:\/\/api.w.org\/{rel}","templated":true}]}}