{"id":340,"date":"2013-01-20T12:48:33","date_gmt":"2013-01-20T12:48:33","guid":{"rendered":"http:\/\/www.mysaasplace.com\/?page_id=340"},"modified":"2013-01-20T12:48:33","modified_gmt":"2013-01-20T12:48:33","slug":"a-empresa","status":"publish","type":"page","link":"https:\/\/www.mysaasplace.com\/pt\/informacao-corporativa\/a-empresa\/","title":{"rendered":"A Empresa"},"content":{"rendered":"<h2>A Empresa<\/h2>\r\n<h3>Conhe\u00e7a MySaaSPlace<\/h3>\r\n<p>MySaaSPlace nasceu com a miss\u00e3o de oferecer toda a sua experi\u00eancia acumulada no desenvolvimento e implementa\u00e7\u00e3o de programas de Gest\u00e3o ERP na empresa, direcionando a um modelo de Software como Servi\u00e7o. Sabendo que isso sup\u00f5e um importante desafio empresarial, em MySaaSPlace somos conscientes da responsabilidade que isto sup\u00f5e.<\/p>\r\n<p>O uso intensivo das ferramentas de gest\u00e3o numa empresa sup\u00f5e um alto grau de exig\u00eancia por parte dos nossos clientes a toda equipe de MySaaSPlace. Nossos clientes buscam o melhor e em MS podem obter essa garantia desde o primeiro servi\u00e7o, que \u00e9 oferecido de forma gratuita.<\/p>\r\n\r\n<h3>Hist\u00f3ria<\/h3>\r\n<p>G G Gabinete de Gesti\u00f3n, S.L. (Gabiges) nasce em 1994 quando ainda n\u00e3o existiam programas de gest\u00e3o em meio gr\u00e1fico Windows. Isso sup\u00f4s um desafio, j\u00e1 que as ferramentas existentes n\u00e3o permitiam grandes desenvolvimentos baseados neste tipo de interfaces gr\u00e1ficos, por tanto, tudo era novo para n\u00f3s e para nossos clientes.<\/p>\r\n<p>Assim, Gabiges foi \u00e0 primeira empresa nacional em dispor de um programa de gest\u00e3o ERP desenhado completamente em um meio amig\u00e1vel mediante janelas, apoiado em Windows como sistema operativo.<\/p>\r\n<p>Uma longa trajet\u00f3ria de 15 anos implementando nossa solu\u00e7\u00e3o Evolution Technologies em centos de clientes, sup\u00f4s que milhares de usu\u00e1rios utilizem de forma intensiva nosso software, \u00e9 por isso que Evolution Technologies, em sua nova vers\u00e3o de interfaz intuitiva em Web, \u00e9 a plataforma tecnol\u00f3gica sobre a que se baseiam as solu\u00e7\u00f5es de MySaaSPlace, uma plataforma est\u00e1vel, provada e baseada numa satisfat\u00f3ria experi\u00eancia de milhares de usu\u00e1rios.<\/p>\r\n\r\n<h3>Garantias<\/h3>\r\n<p>Em MySaaSPlace somos plenamente conscientes que o software de uma empresa deve funcionar 24 horas ao dia 365 dias ao ano. Por isso, MySaaSPlace disp\u00f5e dos seus sistemas localizados nos mais modernos Internet Data Center de Azure propriedade de Microsoft, replicando seus sistemas para oferecer as maiores garantias de disponibilidade e seguran\u00e7a dos dados do cliente, incrementando nossa infra-estrutura \u00e0 medida que incrementam-se as necessidades dos nossos clientes.<\/p>\r\n\r\n<ul>\r\n\t<li><strong>Garantia<\/strong>: Em MySaaSPlace estamos seguros da qualidade que oferecemos em nossos servi\u00e7os. Por isso, nossos clientes disp\u00f5em de uma oferta que lhes permite provar nossos programas de forma totalmente gratuita. Desta forma, quando decidam contratar um servi\u00e7o, saber\u00e3o qual \u00e9 o que mais se adapta a suas necessidades. De forma adicional, oferecemos uma garantia de reembolso das quotas dos servi\u00e7os, com um m\u00e1ximo dos primeiros trinta (30) dias naturais desde a contrata\u00e7\u00e3o, se \u00e9 que voc\u00ea n\u00e3o est\u00e1 satisfeito com o servi\u00e7o recebido e deseja anular o mesmo.<\/li>\r\n\t<li><strong>Aten\u00e7\u00e3o ao cliente<\/strong>: Em MySaaSPlace somos conscientes da aten\u00e7\u00e3o que nossos clientes e usu\u00e1rios do nosso software precisam. Por isso, dispomos de um completo sistema de ajuda ON LINE e um servi\u00e7o de aten\u00e7\u00e3o ao cliente que lhe atender\u00e1 por E-mail ou por telefone e lhe ajudar\u00e1 a resolver todas suas d\u00favidas.<\/li>\r\n\t<li><strong>Tecnologia<\/strong>: Em MySaaSPlace pensamos na melhor e mais moderna tecnologia, j\u00e1 que o servi\u00e7o que oferecemos requer de um alto grau de disponibilidade e seguran\u00e7a. Hardware, Software, equipamentos de comuta\u00e7\u00e3o de Rede e linhas de alta capacidade comp\u00f5em um complexo sistema que serve a milhares de usu\u00e1rios a cada dia com a tecnologia necess\u00e1ria para que nossos clientes desfrutem do servi\u00e7o contratado. Em MySaaSPlace temos a tecnologia e o conhecimento para manter uma potente estrutura inform\u00e1tica e coloc\u00e1-la \u00e0 sua disposi\u00e7\u00e3o, dando-lhe tranquilidade e seguran\u00e7a.<\/li>\r\n\t<li><strong>Forma\u00e7\u00e3o<\/strong>: Sabemos que o uso das ferramentas de MySaaSPlace n\u00e3o consiste somente em usar e nada mais. Preocupamos-nos pela forma\u00e7\u00e3o dos usu\u00e1rios da sua empresa, de forma que, quanto melhor se encontre formada a sua equipe de trabalho no uso de nossas solu\u00e7\u00f5es inform\u00e1ticas, mais productivo ser\u00e1m nos seus postos de trabalho. Por isso, dispomos de um dos melhores programas de manuais, tutoriais, apartado de perguntas freq\u00fcentes e v\u00eddeos de ensino que permitem na maioria dos casos que a sua equipe Profissional, em poucas horas, encontrem-se formados para a utiliza\u00e7\u00e3o das ferramentas que usar\u00e1m no desempenho dos seus projetos. Para as poss\u00edveis d\u00favidas que surjam com o uso di\u00e1rio, nosso departamento de aten\u00e7\u00e3o ao cliente lhe ensinar\u00e1 a utilizar as ferramentas da forma mais eficaz.<\/li>\r\n<\/ul>\r\n","protected":false},"excerpt":{"rendered":"<p>A Empresa Conhe\u00e7a MySaaSPlace MySaaSPlace nasceu com a miss\u00e3o de oferecer toda a sua experi\u00eancia acumulada no desenvolvimento e implementa\u00e7\u00e3o de programas de Gest\u00e3o ERP na empresa, direcionando a um modelo de Software como Servi\u00e7o. Sabendo que isso sup\u00f5e um importante desafio empresarial, em MySaaSPlace somos conscientes da responsabilidade que isto sup\u00f5e. O uso intensivo [&hellip;]<\/p>\n","protected":false},"author":1,"featured_media":143,"parent":330,"menu_order":1,"comment_status":"closed","ping_status":"closed","template":"","meta":[],"_links":{"self":[{"href":"https:\/\/www.mysaasplace.com\/pt\/wp-json\/wp\/v2\/pages\/340"}],"collection":[{"href":"https:\/\/www.mysaasplace.com\/pt\/wp-json\/wp\/v2\/pages"}],"about":[{"href":"https:\/\/www.mysaasplace.com\/pt\/wp-json\/wp\/v2\/types\/page"}],"author":[{"embeddable":true,"href":"https:\/\/www.mysaasplace.com\/pt\/wp-json\/wp\/v2\/users\/1"}],"replies":[{"embeddable":true,"href":"https:\/\/www.mysaasplace.com\/pt\/wp-json\/wp\/v2\/comments?post=340"}],"version-history":[{"count":0,"href":"https:\/\/www.mysaasplace.com\/pt\/wp-json\/wp\/v2\/pages\/340\/revisions"}],"up":[{"embeddable":true,"href":"https:\/\/www.mysaasplace.com\/pt\/wp-json\/wp\/v2\/pages\/330"}],"wp:featuredmedia":[{"embeddable":true,"href":"https:\/\/www.mysaasplace.com\/pt\/wp-json\/wp\/v2\/media\/143"}],"wp:attachment":[{"href":"https:\/\/www.mysaasplace.com\/pt\/wp-json\/wp\/v2\/media?parent=340"}],"curies":[{"name":"wp","href":"https:\/\/api.w.org\/{rel}","templated":true}]}}