{"id":330,"date":"2013-01-20T12:06:16","date_gmt":"2013-01-20T12:06:16","guid":{"rendered":"http:\/\/www.mysaasplace.com\/?page_id=330"},"modified":"2013-03-18T17:29:29","modified_gmt":"2013-03-18T17:29:29","slug":"informacao-corporativa","status":"publish","type":"page","link":"https:\/\/www.mysaasplace.com\/pt\/informacao-corporativa\/","title":{"rendered":"Informa\u00e7\u00e3o Corporativa"},"content":{"rendered":"\r\n<h2>Informa\u00e7\u00e3o Corporativa<\/h2>\r\n<p>MySaaSPlace \u00e9 um servi\u00e7o oferecido peA Empresa Gabinete de Gest\u00e3o, S.L. (Gabiges). A longa trajet\u00f3ria de Gabiges desde sua cria\u00e7\u00e3o em 1994 nos proporciona uma experi\u00eancia que poucas empresas podem oferecer. Conhecemos as necessidades dos clientes e o mais importante: Conhecemos o que usu\u00e1rios do nosso software requerem em seu uso di\u00e1rio.<\/p>\r\n<p>Dispomos de ferramentas de gest\u00e3o para a PME como:<\/p>\r\n<ul>\r\n\t<li>Software de Contabilidade financiera<\/li>\r\n\t<li>Software de Fatura\u00e7\u00e3o<\/li>\r\n\t<li>Software de Produ\u00e7\u00e3o<\/li>\r\n\t<li>Software de Gest\u00e3o do Armaz\u00e9m<\/li>\r\n\t<li>Software de Gest\u00e3o Comercial<\/li>\r\n\t<li>Software para Gest\u00e3o de Projetos<\/li>\r\n\t<li>Software de Painel de Controle<\/li>\r\n\t<li>Software de Gest\u00e3o de Documentos<\/li>\r\n<\/ul>\r\n<p>Todas as ferramentas foram desenvolvidas para funcionar sobre Sistemas Operativos Windows e constitui um completo pacote ERP denominado Evolution Technologies que cobre todas as necessidades de gest\u00e3o, desde uma empresa de reduzido tamanho, como pode ser um aut\u00f4nomo, at\u00e9 empresas com uma fatura\u00e7\u00e3o anual de 100 bilh\u00e1es de Reais.<\/p>\r\n<p>A longa trajet\u00f3ria de Gabiges desde sua cria\u00e7\u00e3o em 1994 nos proporciona uma experi\u00eancia que poucas empresas podem demonstrar. Conhecemos as necessidades dos clientes e o mais importante: Conhecemos o que usu\u00e1rios do nosso software requerem em seu uso di\u00e1rio.<\/p>\r\n<p>\u00c9 por isso que MySaaSPlace \u00e9 a solu\u00e7\u00e3o de Evolution Technologies para a venda de Software como Servi\u00e7o (SaaS Software as a Service), Somos cada vez mais demandados pelo mercado. Nosso Software a dia de hoje est\u00e1 sendo usado por mais de 12.000 usu\u00e1rios a cada dia e esta cifra segue crescendo, o que comprova a qualidade dos nossos programas de gest\u00e3o empresarial.<\/p>\r\n<p>MySaaSPlace fez uma aposta clara pelo I+D+i pr\u00f3prio, tendo destinado nos dois \u00faltimos anos mais de 1,5 bilh\u00f5es de Euros \u00e1 investiga\u00e7\u00f5es em nosso ramo de atividade, participando em programas de inova\u00e7\u00e3o com CDTI.<\/p>\r\n<p>Nossa aposta tecnologica orientada ao desenvolvimento dos novos servi\u00e7os de alta qualidade permite-nos dispor de um porfolio de servi\u00e7os que cobre a pr\u00e1tica totalidade das necessidades dos nossos clientes em mat\u00e9ria de gest\u00e3o inform\u00e1tica.<\/p>\r\n<h2>Dados da empresa:<\/h2>\r\n<div>\r\n<ul>\r\n\t<li>MySaaSPlace S.L<\/li>\r\n\t<li>Avenida de Zarautz 126<\/li>\r\n\t<li>San Sebasti\u00e1n, (20018)<\/li>\r\n\t<li>Gipuzkoa<\/li>\r\n\t<li>CIF: B75077958<\/li>\r\n<\/ul>\r\n<\/div>\r\n<ul>\r\n\t<li>Empresa inscrita no registro mercantil de Gipuzkoa no tomo 2580<br \/>do livro de inscri\u00e7\u00f5es, folha SS-34972, p\u00e1gina 140, Inscri\u00e7\u00e3o 0<\/li>\r\n\t<li>\r\n<ul>\r\n\t<li>G G Gabinete de Gesti\u00f3n, S.L.<\/li>\r\n\t<li>Parque Zuatzu \u2013 Edificio Easo \u2013<\/li>\r\n\t<li>San Sebasti\u00e1n (20018)<\/li>\r\n\t<li>Gipuzkoa<\/li>\r\n\t<li>CIF: B20511762<\/li>\r\n\t<li>Empresa inscrita no registro mercantil de Gipuzkoa no tomo 1.488<br \/>do livro de inscri\u00e7\u00f5es, folha SS-9692, p\u00e1gina 71, Inscri\u00e7\u00e3o 1a.<\/li>\r\n<\/ul>\r\n<\/li>\r\n<\/ul>\r\n<p>&nbsp;<\/p>\r\n","protected":false},"excerpt":{"rendered":"<p>Informa\u00e7\u00e3o Corporativa MySaaSPlace \u00e9 um servi\u00e7o oferecido peA Empresa Gabinete de Gest\u00e3o, S.L. (Gabiges). A longa trajet\u00f3ria de Gabiges desde sua cria\u00e7\u00e3o em 1994 nos proporciona uma experi\u00eancia que poucas empresas podem oferecer. Conhecemos as necessidades dos clientes e o mais importante: Conhecemos o que usu\u00e1rios do nosso software requerem em seu uso di\u00e1rio. Dispomos [&hellip;]<\/p>\n","protected":false},"author":1,"featured_media":0,"parent":0,"menu_order":0,"comment_status":"closed","ping_status":"closed","template":"","meta":[],"_links":{"self":[{"href":"https:\/\/www.mysaasplace.com\/pt\/wp-json\/wp\/v2\/pages\/330"}],"collection":[{"href":"https:\/\/www.mysaasplace.com\/pt\/wp-json\/wp\/v2\/pages"}],"about":[{"href":"https:\/\/www.mysaasplace.com\/pt\/wp-json\/wp\/v2\/types\/page"}],"author":[{"embeddable":true,"href":"https:\/\/www.mysaasplace.com\/pt\/wp-json\/wp\/v2\/users\/1"}],"replies":[{"embeddable":true,"href":"https:\/\/www.mysaasplace.com\/pt\/wp-json\/wp\/v2\/comments?post=330"}],"version-history":[{"count":6,"href":"https:\/\/www.mysaasplace.com\/pt\/wp-json\/wp\/v2\/pages\/330\/revisions"}],"predecessor-version":[{"id":1448,"href":"https:\/\/www.mysaasplace.com\/pt\/wp-json\/wp\/v2\/pages\/330\/revisions\/1448"}],"wp:attachment":[{"href":"https:\/\/www.mysaasplace.com\/pt\/wp-json\/wp\/v2\/media?parent=330"}],"curies":[{"name":"wp","href":"https:\/\/api.w.org\/{rel}","templated":true}]}}