{"id":315,"date":"2013-01-20T11:37:50","date_gmt":"2013-01-20T11:37:50","guid":{"rendered":"http:\/\/www.mysaasplace.com\/?page_id=315"},"modified":"2013-01-20T11:37:50","modified_gmt":"2013-01-20T11:37:50","slug":"por-que-alugar-um-software","status":"publish","type":"page","link":"https:\/\/www.mysaasplace.com\/pt\/por-que-alugar-um-software\/","title":{"rendered":"Por que alugar um Software?"},"content":{"rendered":"<h2>Por que alugar um Software?<\/h2>\r\n<p>N\u00e3o h\u00e1 d\u00favida de que a compra do software \u00e9 menos interessante do que alugar na nuvem. Isto N\u00e3o dizemos somente em MySaaSPlace, \u00e9 algo que os experientes em mercadotecnia, amparados por estudos das mais importantes e prestigiosas universidades de todo mundo, j\u00e1 t\u00eam claro.<\/p>\r\n<p>O Software como servi\u00e7o j\u00e1 \u00e9 uma realidade!!<\/p>\r\n<p>Calculou alguma vez o imenso investimento que sua empresa teve (ou ter\u00e1 que realizar) na hora de decidir implantar um ERP ou um sistema de gest\u00e3o para o seu neg\u00f3cio&#8230;? E uma vez realizado o processo de sele\u00e7\u00e3o, calculou o pre\u00e7o da implementa\u00e7\u00e3o do mesmo?<\/p>\r\n<p>Em qualquer empresa dito pre\u00e7o \u00e9 muito alto e quanto maior \u00e9 a empresa, maiores s\u00e3o os gastos. Fa\u00e7amos o c\u00e1lculo para uma empresa m\u00e9dia de mais 1 Milh\u00e1o de Reias de fatura\u00e7\u00e3o anual com 15 usu\u00e1rios para sua ferramenta de gest\u00e3o:<\/p>\r\n\r\n<div class=\"tabla_container\">\r\n\t<span class=\"title\">INVESTIMENTO INICIAL<\/span>\r\n\t<table summary=\"INVERSI\u00d3N INICIAL\">\r\n\t\t<tbody>\r\n\t\t\t<tr>\r\n\t\t\t\t<td>Tempo interno investido no processo de sele\u00e7\u00e3o do ERP<\/td>\r\n\t\t\t\t<td class=\"auto-style3\">1.000 \u20ac<\/td>\r\n\t\t\t<\/tr>\r\n\t\t\t<tr>\r\n\t\t\t\t<td>Compra dos servidores que suportem o software escolhido<\/td>\r\n\t\t\t\t<td class=\"auto-style3\">6.500 \u20ac<\/td>\r\n\t\t\t<\/tr>\r\n\t\t\t<tr>\r\n\t\t\t\t<td>Compra das licen\u00e7as para os servidores (S.O., BBDD)<\/td>\r\n\t\t\t\t<td class=\"auto-style3\">1.650 \u20ac<\/td>\r\n\t\t\t<\/tr>\r\n\t\t\t<tr>\r\n\t\t\t\t<td>Compra das licen\u00e7as do ERP escolhido<\/td>\r\n\t\t\t\t<td class=\"auto-style3\">20.000 \u20ac<\/td>\r\n\t\t\t<\/tr>\r\n\t\t\t<tr>\r\n\t\t\t\t<td>Tempo dos consultores que implementam o ERP em sua empresa<\/td>\r\n\t\t\t\t<td class=\"auto-style3\">10.000 \u20ac<\/td>\r\n\t\t\t<\/tr>\r\n\t\t\t<tr>\r\n\t\t\t\t<td><strong>TOTAL CALCULADO<\/strong><\/td>\r\n\t\t\t\t<td class=\"auto-style4\">39.150 \u20ac<\/td>\r\n\t\t\t<\/tr>\r\n\t\t<\/tbody>\r\n\t<\/table>\r\n<\/div>\r\n\r\n\r\n<div class=\"tabla_container\">\r\n\t<span class=\"title\">GASTOS RECORRENTES<\/span>\r\n\t<table summary=\"costes recurrentes\">\r\n\t\t<tbody>\r\n\t\t<tr>\r\n\t\t\t<td>Horas do t\u00e9cnico interno para manter os sistemas<\/td>\r\n\t\t\t<td class=\"auto-style3\">4.500 \u20ac<\/td>\r\n\t\t<\/tr>\r\n\t\t<tr>\r\n\t\t\t<td>Servi\u00e7o de manuten\u00e7\u00e3o do ERP, incluindo atualiza\u00e7\u00e3o das vers\u00f4es<\/td>\r\n\t\t\t<td class=\"auto-style3\">3.000 \u20ac<\/td>\r\n\t\t<\/tr>\r\n\t\t<tr>\r\n\t\t\t<td>Horas internas utilizadas para a realiza\u00e7\u00e3o das c\u00f3pias de seguran\u00e7a dos seus dados<\/td>\r\n\t\t\t<td class=\"auto-style3\">1.050 \u20ac<\/td>\r\n\t\t<\/tr>\r\n\t\t<tr>\r\n\t\t\t<td>Total gastos recorrentes anuais<\/td>\r\n\t\t\t<td class=\"auto-style3\">8.500 \u20ac<\/td>\r\n\t\t<\/tr>\r\n\t\t<tr>\r\n\t\t\t<td><strong>TOTAL DE GASTOS RECORRENTES X 3 ANOS<\/strong><\/td>\r\n\t\t\t<td class=\"auto-style4\">25.550\u20ac<\/td>\r\n\t\t<\/tr>\r\n\t\t<\/tbody>\r\n\t<\/table>\r\n<\/div>\r\n\r\n<p>Portanto, ao longo de 3 anos de vida da ERP sua empresa gastar\u00e1:<\/p>\r\n\r\n<div class=\"tabla_container\">\r\n\t<span class=\"title\">RESUMO DA MODALIDADE TRADICIONAL A 3 ANOS<\/span>\r\n\t<table summary=\"erp\">\r\n\t\t<tbody>\r\n\t\t<tr>\r\n\t\t\t<td>Investimento inicial<\/td>\r\n\t\t\t<td class=\"auto-style3\">39.150 \u20ac<\/td>\r\n\t\t<\/tr>\r\n\t\t<tr>\r\n\t\t\t<td>Gastos recorrentes<\/td>\r\n\t\t\t<td class=\"auto-style3\">25.500 \u20ac<\/td>\r\n\t\t<\/tr>\r\n\t\t<tr>\r\n\t\t\t<td style=\"height: 32px\"><strong>TOTAL MODALIDADE TRADICIONAL 3 ANOS<\/strong><\/td>\r\n\t\t\t<td style=\"height: 32px\" class=\"auto-style4\">64.650 \u20ac<\/td>\r\n\t\t<\/tr>\r\n\t\t<\/tbody>\r\n\t<\/table>\r\n<\/div>\r\n\r\n<p>Com um modelo de Software em aluguel como o de MySaaSPlace (Software as a Service), N\u00e3o pagar\u00e1s absolutamente nada em conceito de investimento. Dispor\u00e1 das aplica\u00e7\u00f5es desde o primeiro dia a pleno rendimento. Pagando unicamente pelo custo do servi\u00e7o mensal. Usando o exemplo da empresa anterior com a mesma quantidade de usu\u00e1rios do seu ERP em MySaaSPlace seus gastos ser\u00e1o de:<\/p>\r\n\r\n<div class=\"tabla_container\">\r\n\t<span class=\"title\">GASTOS MYSAASPLACE<\/span>\r\n\t<table summary=\"costes\">\r\n\t\t<tbody>\r\n\t\t<tr>\r\n\t\t\t<td>CONCEITO<\/td>\r\n\t\t\t<td class=\"auto-style3\">QUANTIDADE<\/td>\r\n\t\t\t<td class=\"auto-style3\">CUSTO<\/td>\r\n\t\t\t<td class=\"auto-style3\">TOTAL<\/td>\r\n\t\t<\/tr>\r\n\t\t<tr>\r\n\t\t\t<td>Gasto pelo servi\u00e7o b\u00e0sico mensal de Contabilidade, fatura\u00e7\u00e3o e Gestor de Projetos (20\u20ac x 3 = 60\u20ac)<\/td>\r\n\t\t\t<td align=\"center\" class=\"auto-style3\">3<\/td>\r\n\t\t\t<td class=\"auto-style3\">20 \u20ac<\/td>\r\n\t\t\t<td class=\"auto-style3\">60 \u20ac<\/td>\r\n\t\t<\/tr>\r\n\t\t<tr>\r\n\t\t\t<td>Gasto por usu\u00e1rio b\u00e0sico m\u00e0s<\/td>\r\n\t\t\t<td align=\"center\" class=\"auto-style3\">12<\/td>\r\n\t\t\t<td class=\"auto-style3\">15 \u20ac<\/td>\r\n\t\t\t<td class=\"auto-style3\">180\t\u20ac<\/td>\r\n\t\t<\/tr>\r\n\t\t<tr>\r\n\t\t\t<td>Gasto total mensal<\/td>\r\n\t\t\t<td>&nbsp;<\/td>\r\n\t\t\t<td>&nbsp;<\/td>\r\n\t\t\t<td class=\"auto-style3\">240 \u20ac<\/td>\r\n\t\t<\/tr>\r\n\t\t<tr>\r\n\t\t\t<td><strong>CUSTO TOTAL EM TRES ANOS<\/strong><\/td>\r\n\t\t\t<td>&nbsp;<\/td>\r\n\t\t\t<td>&nbsp;<\/td>\r\n\t\t\t<td class=\"auto-style4\">8.640 \u20ac<\/td>\r\n\t\t<\/tr>\r\n\t<\/tbody><\/table>\r\n\t<p>Com MySaaSPlace sua empresa economizar\u00e1 um 86%!!<\/p>\r\n<\/div>\r\n\r\n<p>Adem\u00e1is:<\/p>\r\n<ul>\r\n\t<li>Ter\u00e1 a disponibilidade de todo o Software de forma imediata.<\/li>\r\n\t<li>Dispor\u00e1 das suas aplica\u00e7\u00f5es sempre actualizadas \u00e0  \u00faltima vers\u00e3o.<\/li>\r\n\t<li>Se despreocupar\u00e1 das c\u00f3pias de seguran\u00e7a dos seus dados, porque sabe que MySaaSPlace as realizar\u00e1 por voc\u00ea e poder\u00e1 aceder a elas em todo momento.<\/li>\r\n\t<li>N\u00e3o ter\u00e1 surpresas de gastos ocultos porque toda a infra-estrutura est\u00e1 suportada por MySaaSPlace. Se um servidor falhar, N\u00e3o ter\u00e0s que re-investir em novas pe\u00e7as ou em horas de t\u00e9cnicos.<\/li>\r\n\t<li>Importante economia em comunica\u00e7\u00f5es, j\u00e1 que N\u00e3o ser\u00e1 necess\u00e1rio complexos sistemas de comunica\u00e7\u00e3o, somente com um simples acesso a Internet suas aplica\u00e7\u00f5es funcionam.<\/li>\r\n<\/ul>\r\n\r\n<p>E o mais importante de tudo, se suas necessidades crescem, o servi\u00e7o de MySaaSPlace cresce com voc\u00ea em quantidade de usu\u00e1rios e aplica\u00e7\u00f5es, porque com MySaaSPlace poder\u00e0s contratar os programas que voc\u00ea necessita, quando os necessite e pagar somente pelas necessidades reais da sua empresa. O Software como Servi\u00e7o \u00e9 uma realidade que:<\/p>\r\n\r\n<ul>\r\n\t<li>Poupa gastos.<\/li>\r\n\t<li>Evita problemas e preocupa\u00e7\u00f5es.<\/li>\r\n\t<li>Paga somente por aquilo que necessitas.<\/li>\r\n<\/ul>\r\n\r\n<p>A que espera?, <a href=\"https:\/\/azure.mysaasplace.com\/Account\/Register.aspx?lng=pt\" class=\"new-window\">CADASTRE-SE GRATUITAMENTE<\/a> em MySaaSPlace, prove nossos programas e escolha o que necessita. Te Surpreendr\u00e0s!!<\/p>","protected":false},"excerpt":{"rendered":"<p>Por que alugar um Software? N\u00e3o h\u00e1 d\u00favida de que a compra do software \u00e9 menos interessante do que alugar na nuvem. Isto N\u00e3o dizemos somente em MySaaSPlace, \u00e9 algo que os experientes em mercadotecnia, amparados por estudos das mais importantes e prestigiosas universidades de todo mundo, j\u00e1 t\u00eam claro. O Software como servi\u00e7o j\u00e1 [&hellip;]<\/p>\n","protected":false},"author":1,"featured_media":0,"parent":0,"menu_order":0,"comment_status":"closed","ping_status":"closed","template":"","meta":[],"_links":{"self":[{"href":"https:\/\/www.mysaasplace.com\/pt\/wp-json\/wp\/v2\/pages\/315"}],"collection":[{"href":"https:\/\/www.mysaasplace.com\/pt\/wp-json\/wp\/v2\/pages"}],"about":[{"href":"https:\/\/www.mysaasplace.com\/pt\/wp-json\/wp\/v2\/types\/page"}],"author":[{"embeddable":true,"href":"https:\/\/www.mysaasplace.com\/pt\/wp-json\/wp\/v2\/users\/1"}],"replies":[{"embeddable":true,"href":"https:\/\/www.mysaasplace.com\/pt\/wp-json\/wp\/v2\/comments?post=315"}],"version-history":[{"count":1,"href":"https:\/\/www.mysaasplace.com\/pt\/wp-json\/wp\/v2\/pages\/315\/revisions"}],"predecessor-version":[{"id":316,"href":"https:\/\/www.mysaasplace.com\/pt\/wp-json\/wp\/v2\/pages\/315\/revisions\/316"}],"wp:attachment":[{"href":"https:\/\/www.mysaasplace.com\/pt\/wp-json\/wp\/v2\/media?parent=315"}],"curies":[{"name":"wp","href":"https:\/\/api.w.org\/{rel}","templated":true}]}}