{"id":293,"date":"2013-01-19T18:30:10","date_gmt":"2013-01-19T18:30:10","guid":{"rendered":"http:\/\/www.mysaasplace.com\/?page_id=293"},"modified":"2013-01-23T11:38:04","modified_gmt":"2013-01-23T11:38:04","slug":"perguntas-frequentes-faturacao","status":"publish","type":"page","link":"https:\/\/www.mysaasplace.com\/pt\/faqs-3\/perguntas-frequentes-faturacao\/","title":{"rendered":"Perguntas Freq\u00fcentes Fatura\u00e7\u00e3o"},"content":{"rendered":"<h2><a id=\"subir\" name=\"subir\"><\/a>Perguntas Freq\u00fcentes sobre Fatura\u00e7\u00e3o<\/h2>\r\n<p>\r\n<a href=\"#pagoogratuito\">1. Diferen\u00e7a entre modo gratuito e de pagamento<\/a><br\/>\r\n<a href=\"#personalizar\">2. Posso personalizar meus documentos, faturas, etc&#8230;?<\/a><br\/>\r\n<\/p>\r\n\r\n<h2><a id=\"pagoogratuito\" name=\"pagoogratuito\"><\/a>1. Diferen\u00e7a entre modo gratuito e de pagamento<\/h2>\r\n<p>A diferen\u00e7a entre dispor do programa de fatura\u00e7\u00e3o de MySaaSPlace na modalidade gratuita e de pagamento baseia-se em:<\/p>\r\n<p>A) Que a modalidade gratuita somente lhe permite realizar um total de 5 faturas ao m\u00e0s, mas poder\u00e1 ter acesso a toda a funcionalidade do programa, isto lhe permitir\u00e1 provar o programa ao completo. Com a modalidade de pagamento poder\u00e1 realizar a quantidade de faturas que seja necess\u00f3ria e ter acesso a toda a funcionalidade do programa, igual que em modalidade gratuita.<\/p>\r\n<p>B) Em nenhum dos programas de MySaaSPlace em sua modalidade gratuita se permitem criar usu\u00e1rios adicionais ao primeiro usu\u00e1rio (Administrador) que se entrega com dita modalidade, somente quando se acede a qualquer das modalidades de pagamento em qualquer das aplica\u00e7\u00f5es \u00e9 poss\u00edvel contratar usu\u00e1rios adicionais ao sistema e configurar seu perfil de acesso.<\/p>\r\n<p>O resto de fun\u00e7\u00f5es mant\u00eam-se intactas e voc\u00ea pode desfrutar de um programa de fatura\u00e7\u00e3o de altas presta\u00e7\u00f5es inclusive unido com o programa de contabilidade. Quando se acede a qualquer das modalidades de pagamento, voc\u00ea j\u00e1 dispor\u00e1 automaticamente da possibilidade de realizar infinitas faturas j\u00e1 que dita restri\u00e7\u00e3o em n\u00famero de faturas fica eliminada, o mesmo que para poder criar usu\u00e1rios adicionais ao que disp\u00f5e de forma gratuita automaticamente.\r\n<br\/><a href=\"#subir\">Subir<\/a>\r\n<\/p>\r\n\r\n\r\n<h2><a id=\"personalizar\" name=\"personalizar\"><\/a>2. Posso personalizar meus documentos, faturas, etc&#8230;?<\/h2>\r\n<p>Sim, o servi\u00e7o de MySaaSPlace permite em cada tipo de documento (Faturas, Pedidos, etc.) escolher entre diversos formatos, adicionalmente a estes formatos de documentos voc\u00ea poder\u00e1 acrescentar os dados da sua empresa, como s\u00e3o o logotipo, os dados fiscais e m\u00faltiplos par\u00e1metros que converter\u00e3o um documento regular elegido por voc\u00ea  em um documento totalmente personalizado.\r\n<br\/><a href=\"#subir\">Subir<\/a>\r\n<\/p>","protected":false},"excerpt":{"rendered":"<p>Perguntas Freq\u00fcentes sobre Fatura\u00e7\u00e3o 1. Diferen\u00e7a entre modo gratuito e de pagamento 2. Posso personalizar meus documentos, faturas, etc&#8230;? 1. Diferen\u00e7a entre modo gratuito e de pagamento A diferen\u00e7a entre dispor do programa de fatura\u00e7\u00e3o de MySaaSPlace na modalidade gratuita e de pagamento baseia-se em: A) Que a modalidade gratuita somente lhe permite realizar um [&hellip;]<\/p>\n","protected":false},"author":1,"featured_media":144,"parent":569,"menu_order":5,"comment_status":"closed","ping_status":"closed","template":"","meta":[],"_links":{"self":[{"href":"https:\/\/www.mysaasplace.com\/pt\/wp-json\/wp\/v2\/pages\/293"}],"collection":[{"href":"https:\/\/www.mysaasplace.com\/pt\/wp-json\/wp\/v2\/pages"}],"about":[{"href":"https:\/\/www.mysaasplace.com\/pt\/wp-json\/wp\/v2\/types\/page"}],"author":[{"embeddable":true,"href":"https:\/\/www.mysaasplace.com\/pt\/wp-json\/wp\/v2\/users\/1"}],"replies":[{"embeddable":true,"href":"https:\/\/www.mysaasplace.com\/pt\/wp-json\/wp\/v2\/comments?post=293"}],"version-history":[{"count":4,"href":"https:\/\/www.mysaasplace.com\/pt\/wp-json\/wp\/v2\/pages\/293\/revisions"}],"predecessor-version":[{"id":826,"href":"https:\/\/www.mysaasplace.com\/pt\/wp-json\/wp\/v2\/pages\/293\/revisions\/826"}],"up":[{"embeddable":true,"href":"https:\/\/www.mysaasplace.com\/pt\/wp-json\/wp\/v2\/pages\/569"}],"wp:featuredmedia":[{"embeddable":true,"href":"https:\/\/www.mysaasplace.com\/pt\/wp-json\/wp\/v2\/media\/144"}],"wp:attachment":[{"href":"https:\/\/www.mysaasplace.com\/pt\/wp-json\/wp\/v2\/media?parent=293"}],"curies":[{"name":"wp","href":"https:\/\/api.w.org\/{rel}","templated":true}]}}