{"id":282,"date":"2013-01-19T18:17:13","date_gmt":"2013-01-19T18:17:13","guid":{"rendered":"http:\/\/www.mysaasplace.com\/?page_id=282"},"modified":"2013-01-24T08:26:52","modified_gmt":"2013-01-24T08:26:52","slug":"primeiros-passos-facturacao","status":"publish","type":"page","link":"https:\/\/www.mysaasplace.com\/pt\/funcoes\/faturacao\/primeiros-passos-facturacao\/","title":{"rendered":"Primeiros Passos Fatura\u00e7\u00e3o"},"content":{"rendered":"<h2>Software de Faturamento<\/h2>\r\n<p>Quatro simples passos para usar o Software de Faturamento de MySaaSPlace totalmente gratuito, sem compromissos e com toda a potecia que necessite para sua atividade comercial. Somente se deseja mais recursos ou usu\u00e1rios adicionais, ter\u00e1 a op\u00e7\u00e3o de contratar alguns dos nossos servi\u00e7os.<\/p>\r\n<table summary=\"primeros pasos\">\r\n\t<tbody>\r\n\t\t<tr>\r\n\t\t\t<td>\r\n\t\t\t\t<img src=\"\/images\/iconos\/paso1.png\" alt=\"\u00edcone passo 1\">\r\n\t\t\t<td>\r\n\t\t\t\t<strong>Cadastre-se GRATIS em MySaaSPlace<\/strong>\r\n\t\t\t\tCadastre-se gratis em MySaaSPlace e utilize gratuitamente nosso programa de Contabilidade para sempre. Preencha com os dados da sua empresa, e seu programa de Contabilidade estar\u00e1 pronto para us\u00f3-lo.\r\n\t\t\t<\/td>\r\n\t\t<\/tr>\r\n\t\t<tr>\r\n\t\t\t<td>\r\n\t\t\t\t<img src=\"\/images\/iconos\/paso2.png\" alt=\"\u00edcone passo 2\">\r\n\t\t\t<\/td>\r\n\t\t\t<td>\r\n\t\t\t\t<strong>Insira os dados b\u00e0sicos<\/strong>\r\n\t\t\t\tInsira os artigos que vende sua empresa, Clientes, Provedores, Formas de Pagamento e o IVA com o que sua empresa emite e recebe faturas. E seu programa de faturamento estar\u00e1 funcionando sem que voc\u00ea se de conta disso.\r\n\t\t\t<\/td>\r\n\t\t<\/tr>\r\n\t\t<tr>\r\n\t\t\t<td>\r\n\t\t\t\t<img src=\"\/images\/iconos\/paso3.png\" alt=\"\u00edcone passo 3\">\r\n\t\t\t<\/td>\r\n\t\t\t<td>\r\n\t\t\t\t<strong>Gera\u00e7\u00e3o de pedidos e faturas<\/strong>\r\n\t\t\t\tGere os pedidos a provedores, as faturas aos clientes (Recorrentes ou N\u00e3o recorrentes), e se o seu programa ser\u00e1 usado conectado ao nosso programa de Contabilidade, gere os lan\u00e7amentos diretamente dos dados j\u00e1 inseridos.\r\n\t\t\t<\/td>\r\n\t\t<\/tr>\r\n\t\t<tr>\r\n\t\t\t<td>\r\n\t\t\t\t<img src=\"\/images\/iconos\/paso4.png\" alt=\"\u00edcone passo 4\">\r\n\t\t\t<\/td>\r\n\t\t\t<td>\r\n\t\t\t\t<strong>Explore a informa\u00e7\u00e3o<\/strong>\r\n\t\t\t\tDesde nosso painel de controle e listagens dispor\u00e1 em tempo real de uma completa informa\u00e7\u00e3o do que est\u00e1 sucedendo na sua empresa.\r\n\t\t\t<\/td>\r\n\t\t<\/tr>\r\n\t<\/tbody>\r\n<\/table>\r\n\r\n<p>Quando em MySaaSPlace falamos do nosso programa de Faturamento nos referimos a um completo pacote de software que inclui:<\/p>\r\n<ul>\r\n\t<li>M\u00f3dulo de Faturamento<\/li>\r\n\t<li>M\u00f3dulo de Gest\u00e3o Comercial<\/li>\r\n\t<li>M\u00f3dulo de Engenharia de Produto, artigos.<\/li>\r\n\t<li>M\u00f3dulo de Compras.<\/li>\r\n\t<li>M\u00f3dulo de Gest\u00e3o de Provedores.<\/li>\r\n\t<li>M\u00f3dulo de Gest\u00e3o de Pedidos.<\/li>\r\n\t<li>Programa conectado com a Contabilidade.<\/li>\r\n<\/ul>\r\n\r\n<p>Portanto, encontramos-nos diante de um potent\u00e0simo programa de fatura\u00e7\u00e3o. <\/p>\r\n<p>Somos conscientes de que as necessidades das empresas ao respeito de um ERP (Enterprise Resource Panning) N\u00e3o s\u00e3o todas iguais, por isso, em MySaaSPlace dividimos nosso Programa de fatura\u00e7\u00e3o em diferentes m\u00f3dulos o qual simplifica outra maneira de entender o programa ao completo.<\/p>\r\n<p>Em MySaaSPlace pusemos na modalidade SaaS (Software as a Service ou Software como Servi\u00e7o) todo o ERP ao completo, o que lhe permitir\u00e1 aceder a toda a pot\u00eancia do nosso programa de faturamento sem investir em Servidores, licen\u00e7as, etc. Uma simples e f\u00e1cil quota mensal permite-lhe aceder de forma imediata a toda a pot\u00eancia de um programa de fatura\u00e7\u00e3o, com a experi\u00eancia e solv\u00eancia de uma empresa que leva funcionando no mercado desde 1994 com m\u00faltiplos programas e com milhares de usu\u00e1rios satisfeitos.<\/p>\r\n<p>Nossos clientes nos respaldam e certificam que nosso programa de faturamento atende \u00e0s necessidades das empresas. Agora MySaaSPlace disponibiliza o programa a todas as empresas, de forma imediata, com um custo linear de acordo \u00e0s suas necessidades.<\/p>\r\n<p>Se est\u00e1 buscando um programa de faturamento, N\u00e3o duvide, informe-se sobre nossa oferta de Servi\u00e7os em modo aluguel mensal, de toda nossa potente ferramenta de faturamento e sua conex\u00e3o com Contabilidade. Atrav\u00e9s do nosso apartado &#8220;Sobre Gest\u00e3o\/Fatura\u00e7\u00e3o &#8221; poder\u00e1 convencer-se de que temos tudo o que voc\u00ea e sua empresa precisam. Recomendamos-lhe que se cadastre de forma totalmente gratuita e comece a provar agora mesmo e sem limite de tempo, se convencer\u00e1 da pot\u00eancia do nosso programa de fatura\u00e7\u00e3o.<\/p>","protected":false},"excerpt":{"rendered":"<p>Software de Faturamento Quatro simples passos para usar o Software de Faturamento de MySaaSPlace totalmente gratuito, sem compromissos e com toda a potecia que necessite para sua atividade comercial. Somente se deseja mais recursos ou usu\u00e1rios adicionais, ter\u00e1 a op\u00e7\u00e3o de contratar alguns dos nossos servi\u00e7os. Cadastre-se GRATIS em MySaaSPlace Cadastre-se gratis em MySaaSPlace e [&hellip;]<\/p>\n","protected":false},"author":1,"featured_media":156,"parent":271,"menu_order":1,"comment_status":"closed","ping_status":"closed","template":"","meta":[],"_links":{"self":[{"href":"https:\/\/www.mysaasplace.com\/pt\/wp-json\/wp\/v2\/pages\/282"}],"collection":[{"href":"https:\/\/www.mysaasplace.com\/pt\/wp-json\/wp\/v2\/pages"}],"about":[{"href":"https:\/\/www.mysaasplace.com\/pt\/wp-json\/wp\/v2\/types\/page"}],"author":[{"embeddable":true,"href":"https:\/\/www.mysaasplace.com\/pt\/wp-json\/wp\/v2\/users\/1"}],"replies":[{"embeddable":true,"href":"https:\/\/www.mysaasplace.com\/pt\/wp-json\/wp\/v2\/comments?post=282"}],"version-history":[{"count":3,"href":"https:\/\/www.mysaasplace.com\/pt\/wp-json\/wp\/v2\/pages\/282\/revisions"}],"predecessor-version":[{"id":869,"href":"https:\/\/www.mysaasplace.com\/pt\/wp-json\/wp\/v2\/pages\/282\/revisions\/869"}],"up":[{"embeddable":true,"href":"https:\/\/www.mysaasplace.com\/pt\/wp-json\/wp\/v2\/pages\/271"}],"wp:featuredmedia":[{"embeddable":true,"href":"https:\/\/www.mysaasplace.com\/pt\/wp-json\/wp\/v2\/media\/156"}],"wp:attachment":[{"href":"https:\/\/www.mysaasplace.com\/pt\/wp-json\/wp\/v2\/media?parent=282"}],"curies":[{"name":"wp","href":"https:\/\/api.w.org\/{rel}","templated":true}]}}