{"id":271,"date":"2013-01-19T13:10:17","date_gmt":"2013-01-19T13:10:17","guid":{"rendered":"http:\/\/www.mysaasplace.com\/?page_id=271"},"modified":"2013-01-23T10:43:18","modified_gmt":"2013-01-23T10:43:18","slug":"faturacao","status":"publish","type":"page","link":"https:\/\/www.mysaasplace.com\/pt\/funcoes\/faturacao\/","title":{"rendered":"Fatura\u00e7\u00e3o"},"content":{"rendered":"<a id=\"subir\" name=\"subir\"><\/a>\r\n<h2>Fatura\u00e7\u00e3o<\/h2>\r\nO programa de Fatura\u00e7\u00e3o de MySaaSPlace comercializa-se em modo de Software como Servi\u00e7o (SaaS \u2013 Software as a Service).\r\n<p>Trata-se de uma ferramenta desenvolvida ao completo pela equipe de profissionais de MySaaSPlace. Uma de suas grandes vantagens reside em que nossa equipe de programadores se encontra constantemente actualizando e incorporando novas vers\u00f5es e melhoras o nosso programa de fatura\u00e7\u00e3o, e tudo \u00e9 feito a partir das necessidades manifestadas pelos nossos clientes.<\/p>\r\n<p>Quando falamos do programa de Fatura\u00e7\u00e3o em realidade nos estamos referindo a um completo software ERP (Enterprise Resource Planning) que permite gestionar todas as atividades de uma empresa. Em MySaaSPlace pomos a disposi\u00e7\u00e3o de nossos clientes um completo programa de factua\u00e7\u00e3o em modo SaaS (Software as a Service ou Software como Servi\u00e7o) que poder\u00e1 contratar sem nenhum tipo de investimento, mediante reduzidas quotas mensais.<\/p>\r\n\r\n<ul>\r\n\t<li><a href=\"#tablas\">Ambiente e interfaces<\/a><\/li>\r\n\t<li><a href=\"#comercial\">Utilidades<\/a><\/li>\r\n\t<li><a href=\"#compras\">Conceito hier\u00e1rquico do programa de faturamento<\/a><\/li>\r\n\t<li><a href=\"#compatibilidad\">Compatibilidade<\/a><\/li>\r\n<\/ul>\r\n\r\n<a id=\"tablas\" name=\"tablas\"><\/a>\r\n<p><\/p>\r\n<h2>Ambiente e interfaces<\/h2>\r\n<p>O programa de fatura\u00e7\u00e3o de MySaaSPlace est\u00e1 desenvolvido em um ambiente Web , pelo que seu uso se realiza desde Internet atrav\u00e9s de MySaaSPlace. Suas principais vantagens s\u00e3o:<\/p>\r\n\r\n<ul>\r\n\t<li>Funcionamento imediato<\/li>\r\n\t<li>N\u00e3o requer a instala\u00e7\u00e3o de programas no seu PC ou servidores<\/li>\r\n\t<li>Acesso desde qualquer lugar \u00e0 Gest\u00e3o da sua empresa<\/li>\r\n\t<li>Intera\u00e7\u00e3o imediata com assessores externos, consultores, s\u00f3cios, etc.<\/li>\r\n<\/ul>\r\n<a href=\"#subir\">Subir<\/a>\r\n<br\/>\r\n\r\n<a id=\"comercial\" name=\"comercial\"><\/a>\r\n<p><\/p>\r\n<h2>Utilidades<\/h2>\r\n<p>O programa de fatura\u00e7\u00e3o de MySaaSPlace comp\u00f5e-se modularmente de:<\/p>\r\n<ul>\r\n\t<li>M\u00f3dulo de Fatura\u00e7\u00e3o.<\/li>\r\n\t<li>M\u00f3dulo de Gest\u00e3o Comercial<\/li>\r\n\t<li>M\u00f3dulo de Engenharia de Produto, Artigos.<\/li>\r\n\t<li>M\u00f3dulo de Compras.<\/li>\r\n\t<li>M\u00f3dulo de Gest\u00e3o de Provedores<\/li>\r\n\t<li>M\u00f3dulo de Gest\u00e3o de Pedidos.<\/li>\r\n\t<li>M\u00f3dulo de Faturamento.<\/li>\r\n\t<li>Programa conectado com o de Contabilidade. <\/li>\r\n<\/ul>\r\n<p>\r\n\tEm conjunto sup\u00f5e um completo programa de gest\u00e3o e de fatura\u00e7\u00e3o, para seu uso em pequenas, m\u00e9dias e grandes empresas.\r\n\t<br\/><a href=\"#subir\">Subir<\/a>\r\n<\/p>\r\n\r\n<a id=\"compras\" name=\"compras\"><\/a>\r\n<p><\/p>\r\n<h2>Conceito hier\u00e1rquico do programa de faturamento<\/h2>\r\n<p>Todos os programas de MySaaSPlace podem se organizar hierarquicamente, e em concreto, o sistema de MySaaSPlace permite a hierarquiza\u00e7\u00e3o dos seus usu\u00e1rios para que cada um deles possa ter acesso \u00e0quelas partes do programa que o administrador da sua empresa considere oportunas, desta forma um usu\u00e1rio pode introduzir clientes e n\u00e3o ter acesso a nenhuma outra parte do programa, enquanto outros podem realizar compras, obter listagens ou ver relat\u00f3rios feitos ao memento, ou de planilhas padronizadas.<\/p>\r\n<p>\r\n\tTamb\u00e9m poder\u00e1 estabelecer hierarquias para os diferentes m\u00f3dulos aos que aceder\u00e3o os trabalhadores de sua empresa.\r\n\t<br\/><a href=\"#subir\">Subir<\/a>\r\n<\/p>\r\n\r\n<a id=\"compatibilidad\" name=\"compatibilidad\"><\/a>\r\n<p><\/p>\r\n<h2>Compatibilidade<\/h2>\r\n<p>O programa de fatura\u00e7\u00e3o MySaaSPlace \u00e9 compat\u00edvel com a maioria dos ERP do mercado (Navisi\u00f3n, Axapta, etc.), j\u00e1 que \u00e9 capaz de exportar os dados da sua empresa a arquivos *.csv mediante a interface de exporta\u00e7\u00e3o. Adicionalmente, nosso ERP \u00e9 compat\u00edvel e integra-se totalmente com os programas de gest\u00e3o de MySaaSPlace como Gest\u00e3o por Projetos e Contabilidade Financeira, formando um completo sistema de gest\u00e3o para toda a empresa.\r\n\t<br\/><a href=\"#subir\">Subir<\/a>\r\n<\/p>\r\n\r\n<p>\r\n\t<a href=\"https:\/\/azure.mysaasplace.com\/Account\/Register.aspx?lng=pt\">Cadastre-se gr\u00e1tis<\/a>. Para maior informa\u00e7\u00e3o visualice as caracter\u00edsticas do ERP de MySaaSPlace e conhecer\u00e1 as principais funcionalidades de nosso completo software de Gest\u00e3o. Leia detenidamente as caracter\u00edsticas do nosso ERP.  Este apartado lhe acercar\u00e1 ao completo \u00e0s funcionalidades do nosso Software.\r\n\t<br\/><a href=\"#subir\">Subir<\/a>\r\n<\/p>","protected":false},"excerpt":{"rendered":"<p>Fatura\u00e7\u00e3o O programa de Fatura\u00e7\u00e3o de MySaaSPlace comercializa-se em modo de Software como Servi\u00e7o (SaaS \u2013 Software as a Service). Trata-se de uma ferramenta desenvolvida ao completo pela equipe de profissionais de MySaaSPlace. Uma de suas grandes vantagens reside em que nossa equipe de programadores se encontra constantemente actualizando e incorporando novas vers\u00f5es e melhoras [&hellip;]<\/p>\n","protected":false},"author":1,"featured_media":1908,"parent":169,"menu_order":3,"comment_status":"closed","ping_status":"closed","template":"","meta":[],"_links":{"self":[{"href":"https:\/\/www.mysaasplace.com\/pt\/wp-json\/wp\/v2\/pages\/271"}],"collection":[{"href":"https:\/\/www.mysaasplace.com\/pt\/wp-json\/wp\/v2\/pages"}],"about":[{"href":"https:\/\/www.mysaasplace.com\/pt\/wp-json\/wp\/v2\/types\/page"}],"author":[{"embeddable":true,"href":"https:\/\/www.mysaasplace.com\/pt\/wp-json\/wp\/v2\/users\/1"}],"replies":[{"embeddable":true,"href":"https:\/\/www.mysaasplace.com\/pt\/wp-json\/wp\/v2\/comments?post=271"}],"version-history":[{"count":3,"href":"https:\/\/www.mysaasplace.com\/pt\/wp-json\/wp\/v2\/pages\/271\/revisions"}],"predecessor-version":[{"id":781,"href":"https:\/\/www.mysaasplace.com\/pt\/wp-json\/wp\/v2\/pages\/271\/revisions\/781"}],"up":[{"embeddable":true,"href":"https:\/\/www.mysaasplace.com\/pt\/wp-json\/wp\/v2\/pages\/169"}],"wp:featuredmedia":[{"embeddable":true,"href":"https:\/\/www.mysaasplace.com\/pt\/wp-json\/wp\/v2\/media\/1908"}],"wp:attachment":[{"href":"https:\/\/www.mysaasplace.com\/pt\/wp-json\/wp\/v2\/media?parent=271"}],"curies":[{"name":"wp","href":"https:\/\/api.w.org\/{rel}","templated":true}]}}