{"id":261,"date":"2013-01-19T12:54:02","date_gmt":"2013-01-19T12:54:02","guid":{"rendered":"http:\/\/www.mysaasplace.com\/?page_id=261"},"modified":"2013-01-23T11:05:00","modified_gmt":"2013-01-23T11:05:00","slug":"caracterasticas-de-contabilidade","status":"publish","type":"page","link":"https:\/\/www.mysaasplace.com\/pt\/funcoes\/contabilidade\/caracterasticas-de-contabilidade\/","title":{"rendered":"Caracter\u00e1sticas de Contabilidade"},"content":{"rendered":"<a id=\"inicio\" name=\"inicio\"><\/a>\r\n<h2>Caracter\u00e1sticas de Contabilidade<\/h2>\r\nO programa de Contabilidade de MySaaSPlace \u00e9 extremamente simples de usar, a seguir mostr\u00e1mos-lhe os men\u00fas de acesso com os que poder\u00e0s trabalhar.\r\n<br>\r\n<ul>\r\n\t<li><a href=\"#contables\">Men\u00fa de Registros Cont\u00e1beis<\/a> <\/li>\r\n\t<li><a href=\"#ejercicios\">Men\u00fa de Exerc\u00edcios<\/a><\/li>\r\n\t<li><a href=\"#cuentas\">Plano de Contas (Plano Geral Cont\u00e1bil)<\/a><\/li>\r\n\t<li><a href=\"#contabilidad\">Relat\u00f3rios de Contabilidade<\/a><\/li>\r\n<\/ul>\r\n<a id=\"contables\" name=\"contables\"><\/a>\r\n<br>\r\n<h2>Men\u00fa de Registros Cont\u00e1beis<\/h2>\r\n<p>O Men\u00fa de Registros Cont\u00e1beis permite a introdu\u00e7\u00e3o de assentamentos de forma manual em todos os movimentos da sua empresa ou atividade, trata-se de uma janela com todas as fun\u00e7\u00f5es necess\u00e1rias para voc\u00ea e sua empresa.\r\n<br><a href=\"#inicio\">Subir<\/a>\r\n<\/p>\r\n\r\n<a id=\"ejercicios\" name=\"ejercicios\"><\/a>\r\n<h2>Men\u00fa de Exerc\u00edcios<\/h2>\r\n<p>Atrav\u00e9s do Men\u00fa de exerc\u00edcios poder\u00e1 configurar o exerc\u00edcio cont\u00e1bil, realizando a abertura e o fechamento de cada exerc\u00edcio.\r\n<br><a href=\"#inicio\">Subir<\/a>\r\n<\/p>\r\n\r\n<a id=\"cuentas\" name=\"cuentas\"><\/a>\r\n<h2>Plano de Contas (Plano Geral Cont\u00e1bil)<\/h2>\r\n<p>Atrav\u00e9s do Men\u00fa Plano de Contas voc\u00ea ter\u00e1 dispon\u00edvel automaticamente todo o Plano Geral Cont\u00e1bil do seu Pa\u00e0s, a este Plano de Contas voc\u00ea poder\u00e1 adicionar novas contas, eliminar aquelas que N\u00e3o utilize, ou modificar a sua maneira aquelas que deseje.\r\n<br><a href=\"#inicio\">Subir<\/a>\r\n<\/p>\r\n\r\n<a id=\"contabilidad\" name=\"contabilidad\"><\/a>\r\n<h2>Relat\u00f3rio de Contabilidade<\/h2>\r\n<p>Atrav\u00e9s do Men\u00fa relat\u00f3rio de Contabilidade voc\u00ea obter\u00e1 os relat\u00f3rios mais comumente usados na Contabilidade, como s\u00e3o o Balan\u00e7o de lucros e preju\u00edzos, Balan\u00e7o de Situa\u00e7\u00e3o, Di\u00e1rio, Somas e Saldos, etc&#8230; Estes balan\u00e7os tamb\u00e9m s\u00e3o compat\u00edveis com os regulamentos em cada pa\u00e0s, a fim de apresentar as contas oficiais.\r\n<br\/><a href=\"#inicio\">Subir<\/a>\r\n<\/p>","protected":false},"excerpt":{"rendered":"<p>Caracter\u00e1sticas de Contabilidade O programa de Contabilidade de MySaaSPlace \u00e9 extremamente simples de usar, a seguir mostr\u00e1mos-lhe os men\u00fas de acesso com os que poder\u00e0s trabalhar. Men\u00fa de Registros Cont\u00e1beis Men\u00fa de Exerc\u00edcios Plano de Contas (Plano Geral Cont\u00e1bil) Relat\u00f3rios de Contabilidade Men\u00fa de Registros Cont\u00e1beis O Men\u00fa de Registros Cont\u00e1beis permite a introdu\u00e7\u00e3o de [&hellip;]<\/p>\n","protected":false},"author":1,"featured_media":138,"parent":179,"menu_order":3,"comment_status":"closed","ping_status":"closed","template":"","meta":[],"_links":{"self":[{"href":"https:\/\/www.mysaasplace.com\/pt\/wp-json\/wp\/v2\/pages\/261"}],"collection":[{"href":"https:\/\/www.mysaasplace.com\/pt\/wp-json\/wp\/v2\/pages"}],"about":[{"href":"https:\/\/www.mysaasplace.com\/pt\/wp-json\/wp\/v2\/types\/page"}],"author":[{"embeddable":true,"href":"https:\/\/www.mysaasplace.com\/pt\/wp-json\/wp\/v2\/users\/1"}],"replies":[{"embeddable":true,"href":"https:\/\/www.mysaasplace.com\/pt\/wp-json\/wp\/v2\/comments?post=261"}],"version-history":[{"count":3,"href":"https:\/\/www.mysaasplace.com\/pt\/wp-json\/wp\/v2\/pages\/261\/revisions"}],"predecessor-version":[{"id":801,"href":"https:\/\/www.mysaasplace.com\/pt\/wp-json\/wp\/v2\/pages\/261\/revisions\/801"}],"up":[{"embeddable":true,"href":"https:\/\/www.mysaasplace.com\/pt\/wp-json\/wp\/v2\/pages\/179"}],"wp:featuredmedia":[{"embeddable":true,"href":"https:\/\/www.mysaasplace.com\/pt\/wp-json\/wp\/v2\/media\/138"}],"wp:attachment":[{"href":"https:\/\/www.mysaasplace.com\/pt\/wp-json\/wp\/v2\/media?parent=261"}],"curies":[{"name":"wp","href":"https:\/\/api.w.org\/{rel}","templated":true}]}}