{"id":254,"date":"2013-01-19T11:53:20","date_gmt":"2013-01-19T11:53:20","guid":{"rendered":"http:\/\/www.mysaasplace.com\/?page_id=254"},"modified":"2013-01-23T11:02:14","modified_gmt":"2013-01-23T11:02:14","slug":"caracterasticas-gestao-de-projetos","status":"publish","type":"page","link":"https:\/\/www.mysaasplace.com\/pt\/funcoes\/gestao-integral-por-projetos\/caracterasticas-gestao-de-projetos\/","title":{"rendered":"Caracter\u00e1sticas Gest\u00e3o de Projetos"},"content":{"rendered":"<a id=\"inicio\" name=\"inicio\"><\/a>\r\n<h2>Caracter\u00e1sticas Gest\u00e3o de Projetos<\/h2>\r\nSem d\u00favida GIP \u00e9 uma potent\u00e0sima ferramenta para a gest\u00e3o de todo tipo de projetos, j\u00e1 sejam estes pequenos, medios ou grandes, sendo seu manejo tremendamente simples, pr\u00e1tico e utiliz\u00e1vel desde qualquer parte do mundo, tanto \u00e9 assim que com GIP e o sistema de acesso \u00e0 informa\u00e7\u00e3o de MySaaSPlace desde qualquer lugar do mundo, poder\u00e1 ter uma equipe transladada realizando projetos, gestionando e administrando-os de maneira simples e econ\u00f4mica a somente um Click de dist\u00e2ncia.\r\n<br>\r\n<ul>\r\n\t<li><a href=\"#principales\">Principais Caracter\u00e1sticas.<\/a><\/li>\r\n\t<li><a href=\"#creacion\">Cria\u00e7\u00e3o e configura\u00e7\u00e3o de um projeto.<\/a><\/li>\r\n\t<li><a href=\"#insercion\">Inser\u00e7\u00e3o b<span lang=\"es\">\u00f4<\/span>nus.<\/a><\/li>\r\n\t<li><a href=\"#extraccion\">Extra\u00e7\u00e3o de informa\u00e7\u00f5es.<\/a><\/li>\r\n<\/ul>\r\n<a id=\"principales\" name=\"principales\"><\/a>\r\n<br><br>\r\n<h2>Principais caracter\u00e0sticas<\/h2>\r\n<ul>\r\n\t<li>Multi-Projeto e Multi-idioma (Portugu\u00eas, Castelhano, Ingl\u00eas).<\/li>\r\n\t<li>cria\u00e7\u00e3o imediata de projetos de forma simples.<\/li>\r\n\t<li>cria\u00e7\u00e3o e gest\u00e3o de sub-projetos a tantos n\u00edveis como se queira.<\/li>\r\n\t<li>Atribui\u00e7\u00e3o de recursos vinculados \u00e1 tarefa (materiais, pessoas, gastos).<\/li>\r\n\t<li>Para a cada tarefa e recurso, gestiona em todo momento, os 3 par\u00e2metros fundamentais (dura\u00e7\u00e3o, dedica\u00e7\u00e3o  real e grau de avan\u00e7o).<\/li>\r\n\t<li>Gest\u00e3o do Projeto BASE, Projeto ATUAL e do Projeto REAL, e dos desvios existentes entre eles.<\/li>\r\n\t<li>Gest\u00e3o da ocupa\u00e7\u00e3o dos recursos ao longo do tempo, o que permite o planejamento dos Projetos em fun\u00e7\u00e3o das cargas de trabalho, calend\u00e1rios, etc.<\/li>\r\n\t<li>Gerenciar atribui\u00e7\u00f5es de horas por projeto e de recursos (b\u00f4nus de trabalho).<\/li>\r\n\t<li>Diferentes formas de visualiza\u00e7\u00e3o da informa\u00e7\u00e3o permitindo a &#8220;navega\u00e7\u00e3o&#8221; atrav\u00e9s da mesma.<\/li>\r\n\t<li>Permite a possibilidade de discernir entre imputa\u00e7\u00f5es fatur\u00e1veis e n\u00e3o fatur\u00e1veis.<\/li>\r\n\t<li>Integra\u00e7\u00e3o  completa com fatura\u00e7\u00e3o e Contabilidade e gera\u00e7\u00e3o de gr\u00e1ficos.<\/li>\r\n\t<li>Possibilidade de associar documenta\u00e7\u00e3o  ao n\u00edvel desejado do projeto.<\/li>\r\n\t<li>Compat\u00e9vel com outros programas de gest\u00e3o financeira como Navisi\u00f3n, Axapta e os programas pr\u00f3prios de gest\u00e3o financeira e fatura\u00e7\u00e3o de MySaaSPlace.<\/li>\r\n<\/ul>\r\n<a href=\"#inicio\">Subir<\/a>\r\n<a id=\"creacion\" name=\"creacion\"><\/a>\r\n<br><br>\r\n<h2>Cria\u00e7\u00e3o e configura\u00e7\u00e3o de um projeto<\/h2>\r\n<ul>\r\n\t<li>Criar um projeto novo com GIP \u00e9 t\u00e3o simples como pulsar o bot\u00e3o de &#8220;Novo&#8221;, e o sistema cria um desde zero, para sua posterior configura\u00e7\u00e3o.<\/li>\r\n\t<li>O segundo passo \u00e9 acrescentar as tarefas que voc\u00ea considere que requer seu projeto, por Exemplo, Tarefa-1: An\u00e1lise do terreno, Tarefa-2: Relat\u00f3rio de topograf\u00eda, Tarefa 3: Reda\u00e7\u00e3o de planos e vistas, etc&#8230;<\/li>\r\n\t<li>Atribuir pessoas ou recursos \u00e1 cada tarefa, a l\u00f3gica da execu\u00e7\u00e3o de um projeto consiste em que cada tarefa realiza ou bem uma pessoa ou uma m\u00e1quina, em ambos casos se trata de um recurso, o qual disp\u00f5e da sua pr\u00f3pria configura\u00e7\u00e3o, calend\u00e1rio pr\u00f3prio, gastos, etc. Desta forma, \u00e1 Tarefa se deve associar um Recurso.<\/li>\r\n\t<li>Configurar os tempos que se v\u00e3o empregar em cada Tarefa, normalmente isto j\u00e1 vem predefinido no or\u00e7amento que voc\u00ea tenha realizado ao seu cliente, mas tamb\u00e9m se pode usar GIP para a realiza\u00e7\u00e3o de uma oferta, configurando um projeto de forma visual como permite GIP.<\/li>\r\n<\/ul>\r\n<a href=\"#inicio\">Subir<\/a>\r\n<a id=\"insercion\" name=\"insercion\"><\/a>\r\n<br><br>\r\n<h2>Inser\u00e7\u00e3o de b\u00f4nus<\/h2>\r\n<ul>\r\n\t<li>Uma vez que o projeto se encontra configurado, simplesmente se deve de come\u00e7ar com sua execu\u00e7\u00e3o, para isso as pessoas que realizar\u00e1o as Tarefas, t\u00eam a possibilidade de come\u00e7ar uma Tarefa, por exemplo, na segunda-feira \u00e0s 9hs da manh\u00e1, e come\u00e7ar\u00e1 a Tarefa entrando no sistema GIP e pulsando sobre &#8220;Iniciar Sess\u00e3o&#8221;, suponhamos que dita Tarefa fica terminada na ter\u00e1a-feira \u00e0s 19hs, nesse momento deve-se pulsar sobre &#8220;Fechar Sess\u00e3o&#8221; e o sistema calcular\u00e1 em base ao calend\u00e1rio laboral do trabalhador ou recurso, o tempo que empregou em dita Tarefa e assim teremos os dados para faturamento ou auditoria do projeto quando se requeira. &#8220;Iniciar ou fechar&#8221; uma sess\u00e3o realizar-se bem desde um PC ou desde um celular Windows Phone, o que \u00e9 muito \u00fatil porque desta maneira n\u00e3o necessitas portar com inc\u00f4modos NoteBooks para realizar esta tarefa fora do seu escrit\u00f3rio, independente de onde voc\u00ea esteja.<\/li>\r\n<\/ul>\r\n<a href=\"#inicio\">Subir<\/a>\r\n<a id=\"extraccion\" name=\"extraccion\"><\/a>\r\n<br><br>\r\n<h2>Extra\u00e7\u00e3o de informa\u00e7\u00f5es<\/h2>\r\nSem d\u00favida GIP \u00b4r uma potent\u00e0sima ferramenta para a gest\u00e3o de todo tipo de projetos, j\u00e1 sejam estes pequenos, m\u00e9dios ou grandes, sendo o seu manejo tremendamente f\u00e1cil, pr\u00e1tico e utiliz\u00e1vel desde qualquer parte do mundo, tanto \u00b4r assim que com GIP e o sistema de acesso \u00e1 informa\u00e7\u00e3o de MySaaSPlace desde qualquer lugar do mundo, poder\u00e1 ter uma equipe transladada realizando projetos, gestionando e administrando-os de maneira f\u00e1cil e econ\u00f4mica a somente um Click de dist\u00e2ncia.\r\n<br>\r\n<a href=\"#inicio\">Subir<\/a>\r\n<br>","protected":false},"excerpt":{"rendered":"<p>Caracter\u00e1sticas Gest\u00e3o de Projetos Sem d\u00favida GIP \u00e9 uma potent\u00e0sima ferramenta para a gest\u00e3o de todo tipo de projetos, j\u00e1 sejam estes pequenos, medios ou grandes, sendo seu manejo tremendamente simples, pr\u00e1tico e utiliz\u00e1vel desde qualquer parte do mundo, tanto \u00e9 assim que com GIP e o sistema de acesso \u00e0 informa\u00e7\u00e3o de MySaaSPlace desde [&hellip;]<\/p>\n","protected":false},"author":1,"featured_media":1936,"parent":225,"menu_order":3,"comment_status":"closed","ping_status":"closed","template":"","meta":[],"_links":{"self":[{"href":"https:\/\/www.mysaasplace.com\/pt\/wp-json\/wp\/v2\/pages\/254"}],"collection":[{"href":"https:\/\/www.mysaasplace.com\/pt\/wp-json\/wp\/v2\/pages"}],"about":[{"href":"https:\/\/www.mysaasplace.com\/pt\/wp-json\/wp\/v2\/types\/page"}],"author":[{"embeddable":true,"href":"https:\/\/www.mysaasplace.com\/pt\/wp-json\/wp\/v2\/users\/1"}],"replies":[{"embeddable":true,"href":"https:\/\/www.mysaasplace.com\/pt\/wp-json\/wp\/v2\/comments?post=254"}],"version-history":[{"count":2,"href":"https:\/\/www.mysaasplace.com\/pt\/wp-json\/wp\/v2\/pages\/254\/revisions"}],"predecessor-version":[{"id":794,"href":"https:\/\/www.mysaasplace.com\/pt\/wp-json\/wp\/v2\/pages\/254\/revisions\/794"}],"up":[{"embeddable":true,"href":"https:\/\/www.mysaasplace.com\/pt\/wp-json\/wp\/v2\/pages\/225"}],"wp:featuredmedia":[{"embeddable":true,"href":"https:\/\/www.mysaasplace.com\/pt\/wp-json\/wp\/v2\/media\/1936"}],"wp:attachment":[{"href":"https:\/\/www.mysaasplace.com\/pt\/wp-json\/wp\/v2\/media?parent=254"}],"curies":[{"name":"wp","href":"https:\/\/api.w.org\/{rel}","templated":true}]}}