{"id":244,"date":"2013-01-19T11:38:02","date_gmt":"2013-01-19T11:38:02","guid":{"rendered":"http:\/\/www.mysaasplace.com\/?page_id=244"},"modified":"2021-01-21T05:09:28","modified_gmt":"2021-01-21T05:09:28","slug":"primeiros-passos-em-gestao-de-projetos","status":"publish","type":"page","link":"https:\/\/www.mysaasplace.com\/pt\/funcoes\/gestao-integral-por-projetos\/primeiros-passos-em-gestao-de-projetos\/","title":{"rendered":"Primeiros Passos em Gest\u00e3o de Projetos"},"content":{"rendered":"<h2>Primeiros Passos<\/h2><p>GIP \u00e9 a gest\u00e3o Integrada por Projetos de MySaaSPlace. GIP comercializa-se em modo de Software como Servi\u00e7o (SaaS Software as a Service). Trata-se de uma ferramenta desenvolvida ao completo pela equipe de profissionais de MySaaSPlace. Uma das suas grandes vantagens reside em que nossa equipe de desenvolvimento se encontra constantemente atualizando e incorporando novas vers\u00f4es e melhoras a nosso GIP, fruto das necessidades que nossos clientes nos reportam.<\/p><p>GIP est\u00e1 desenhado para a Gest\u00e3o de Projetos de todo tipo, por isso \u00e9 perfeitamente \u00fatil para facilitar e ordenar o trabalho de um Arquiteto, Engenheiro, Advogado e inclusive escrit\u00f3rios independentes ou dependentes de empresas que a sua vez disponham de um ERP ou N\u00e3o, em onde o mesmo N\u00e3o lhe contribua a facilidade da Gest\u00e3o de Projetos.<\/p><p>A Gest\u00e3o de Projetos de GIP \u00e9 muito f\u00e1cil de usar, mais o importante \u00e9 entender em que nos pode ajudar. Neste sentido, uma vez que voc\u00ea tenha configurado os dados automaticamente da sua empresa, dados dos seus trabalhadores, equipamentos, recursos, etc., GIP permite-nos obter o m\u00e1ximo rendimento de um projeto em menos de um minuto com 5 simples passos:<\/p><table summary=\"primeros pasos\"><tbody><tr><td><img src=\"\/images\/iconos\/paso1.png\" alt=\"\u00edcone passo 1\" \/><\/td><td><strong>Criar um projeto<\/strong> Este passo \u00e9 muito f\u00e1cil j\u00e1 que simplesmente faz-se pulsando em Novo &#8220;Projeto&#8221; e o sistema cria automaticamente, agora j\u00e1 pode preencher os dados do seu projeto.<\/td><\/tr><tr><td><img src=\"\/images\/iconos\/paso2.png\" alt=\"\u00edcone passo 2\" \/><\/td><td><strong>Acrescentar tarefas ao projeto<\/strong> Click no bot\u00e3o &#8220;Tarefa&#8221; tantas vezes como tarefas deseje incorporar ao seu projeto, se gerar\u00e1o todas as tarefas imediatamente, cada Tarefa ter\u00e1 seu gr\u00e1fico no diagrama de Gantt que sempre estar\u00e1 \u00e1 vista.<\/td><\/tr><tr><td><img src=\"\/images\/iconos\/paso3.png\" alt=\"\u00edcone passo 3\" \/><\/td><td><strong>Personalizar as tarefas<\/strong> Selecione cada Tarefa e escreva o nome e os tempos que queiras empregar por Tarefa, tamb\u00e9m poder\u00e0s atribuir estas tarefas a trabalhadores, de esta maneira cada pessoa saber\u00e1 qual \u00e9 sua tarefa quando entre no sistema.<\/td><\/tr><tr><td><img src=\"\/images\/iconos\/paso4.png\" alt=\"\u00edcone passo 4\" \/><\/td><td><strong>Recursos<\/strong> Se voc\u00ea tem gastos, ou pretende dispor de recursos como m\u00e1quinas, ve\u00edculos ou outros meios que queira controlar ao longo de toda a vida do projeto, insira-los sempre que os necessite.<\/td><\/tr><tr><td><img src=\"\/images\/iconos\/paso5.png\" alt=\"\u00edcone passo 5\" \/><\/td><td><strong>Relat\u00f3rios<\/strong> Extraia toda a informa\u00e7\u00e3o do seu projeto em tempo real, j\u00e1 que uma vez configurado o sistema, ir\u00e1 acumulando os tempos, gastos e recursos que se empreguem no projeto, para que possa visualizarlos.<\/td><\/tr><\/tbody><\/table><p>Com esta simples configura\u00e7\u00e3o, voc\u00ea dispor\u00e1 de um projeto desenhado, ao que ter\u00e1o acesso todas as pessoas que integram o mesmo, em todo momento GIP proporciona-lhe a informa\u00e7\u00e3o de como se desenvolve o seu projeto, o tempo que se empregou no mesmo, os desvios e uma longa lista de informa\u00e7\u00f5es de soma utilidade para que sempre tenha o seu projeto perfeitamente gestionado.<\/p><p>Se adicionalmente voc\u00ea quer proceder a faturar parte do seu projeto, ou o projeto completo quando finalize, pode fazer atrav\u00e9s do programa de fatura\u00e7\u00e3o, j\u00e1 que se encontra conectado a GIP, e a sua vez da mesma forma pode contabilizar tanto as faturas emitidas aos clientes como as faturas recebidas dos provedores sem duplicar a informa\u00e7\u00e3o nem a Inser\u00e7\u00e3o.<\/p><p>\u00c9 assim de simples, prove configurar um projeto em GIP e a partir desse momento N\u00e3o imaginar\u00e1 gestionar qualquer trabalho em sua atividade di\u00e1ria sem GIP. Recorde que o acesso a GIP se realiza atrav\u00e9s do seu PC ou MAC, o acesso \u00e0s tarefas e a introdu\u00e7\u00e3o de horas trabalhadas podem ser feitas atrav\u00e9s de um PC\/MAC ou desde seu celular.<\/p><p><a href=\"https:\/\/azure.mysaasplace.com\/Account\/Register.aspx?lng=pt\">Cadastre-se gr\u00e1tis<\/a> comprove! Para mais informa\u00e7\u00e3o visualize uma demonstra\u00e7\u00e3o de GIP, em apenas 2 minutos explicaremos os principais pontos sobre a gest\u00e3o por Projetos de MySaaSPlace.<\/p><p>Recomendamos-lhe que antes do video, leia detenidamente as caracter\u00e0sticas de GIP, este apartado lhe acercar\u00e1 ao completo \u00e0s funcionalidades de GIP. E se segue tendo d\u00favidas, recomendamos que visite nossa se\u00e7\u00e3o de ajuda e visualize o manual de ajuda e as perguntas freq\u00fcentes, lhe ajudar\u00e3o a conhecer profundamente nossos programas de gest\u00e3o.<\/p>","protected":false},"excerpt":{"rendered":"<p>Primeiros PassosGIP \u00e9 a gest\u00e3o Integrada por Projetos de MySaaSPlace. GIP comercializa-se em modo de Software como Servi\u00e7o (SaaS Software as a Service). Trata-se de uma ferramenta desenvolvida ao completo pela equipe de profissionais de MySaaSPlace. Uma das suas grandes vantagens reside em que nossa equipe de desenvolvimento se encontra constantemente atualizando e incorporando novas [&hellip;]<\/p>\n","protected":false},"author":1,"featured_media":1932,"parent":225,"menu_order":1,"comment_status":"closed","ping_status":"closed","template":"","meta":[],"_links":{"self":[{"href":"https:\/\/www.mysaasplace.com\/pt\/wp-json\/wp\/v2\/pages\/244"}],"collection":[{"href":"https:\/\/www.mysaasplace.com\/pt\/wp-json\/wp\/v2\/pages"}],"about":[{"href":"https:\/\/www.mysaasplace.com\/pt\/wp-json\/wp\/v2\/types\/page"}],"author":[{"embeddable":true,"href":"https:\/\/www.mysaasplace.com\/pt\/wp-json\/wp\/v2\/users\/1"}],"replies":[{"embeddable":true,"href":"https:\/\/www.mysaasplace.com\/pt\/wp-json\/wp\/v2\/comments?post=244"}],"version-history":[{"count":3,"href":"https:\/\/www.mysaasplace.com\/pt\/wp-json\/wp\/v2\/pages\/244\/revisions"}],"predecessor-version":[{"id":2133,"href":"https:\/\/www.mysaasplace.com\/pt\/wp-json\/wp\/v2\/pages\/244\/revisions\/2133"}],"up":[{"embeddable":true,"href":"https:\/\/www.mysaasplace.com\/pt\/wp-json\/wp\/v2\/pages\/225"}],"wp:featuredmedia":[{"embeddable":true,"href":"https:\/\/www.mysaasplace.com\/pt\/wp-json\/wp\/v2\/media\/1932"}],"wp:attachment":[{"href":"https:\/\/www.mysaasplace.com\/pt\/wp-json\/wp\/v2\/media?parent=244"}],"curies":[{"name":"wp","href":"https:\/\/api.w.org\/{rel}","templated":true}]}}