{"id":237,"date":"2013-01-19T11:13:24","date_gmt":"2013-01-19T11:13:24","guid":{"rendered":"http:\/\/www.mysaasplace.com\/?page_id=237"},"modified":"2013-02-26T09:32:47","modified_gmt":"2013-02-26T09:32:47","slug":"gestao-de-projetos-em-2-minutos","status":"publish","type":"page","link":"https:\/\/www.mysaasplace.com\/pt\/funcoes\/gestao-integral-por-projetos\/gestao-de-projetos-em-2-minutos\/","title":{"rendered":"Gest\u00e3o de Projetos em 2 minutos"},"content":{"rendered":"<h2>Gest\u00e3o de Projetos em 2 minutos<\/h2>\r\n<p>Para conhecer o que o nosso programa de Gest\u00e3o de Projetos de MySaaSPlace pode fazer por voc\u00ea, recomendamos-lhe que visualize nosso v\u00eddeo, lhe ajudar\u00e1 a compreender em muito pouco tempo (algo mais de 2 minutos) a ideia e as vantagens do modelo de comercializa\u00e7\u00e3o SaaS Software as a Service ou Software como Servi\u00e7o e as capacidades do programa de fatura\u00e7\u00e3o orientadas a ajudar na gest\u00e3o integral da sua empresa. <\/p>\r\n\r\n<h2>V\u00eddeo-Manual sobre Gest\u00e3o de Projetos do Servi\u00e7o MySaaSPlace<\/h2>\r\n<div class=\"vid\">\r\n<iframe src=\"http:\/\/www.youtube.com\/embed\/yN-fJDT3X1o?rel=0\" height=\"340\" width=\"580\" allowfullscreen=\"\" frameborder=\"0\"><\/iframe>\r\n<\/div>\r\n","protected":false},"excerpt":{"rendered":"<p>Gest\u00e3o de Projetos em 2 minutos Para conhecer o que o nosso programa de Gest\u00e3o de Projetos de MySaaSPlace pode fazer por voc\u00ea, recomendamos-lhe que visualize nosso v\u00eddeo, lhe ajudar\u00e1 a compreender em muito pouco tempo (algo mais de 2 minutos) a ideia e as vantagens do modelo de comercializa\u00e7\u00e3o SaaS Software as a Service [&hellip;]<\/p>\n","protected":false},"author":1,"featured_media":142,"parent":225,"menu_order":2,"comment_status":"closed","ping_status":"closed","template":"","meta":[],"_links":{"self":[{"href":"https:\/\/www.mysaasplace.com\/pt\/wp-json\/wp\/v2\/pages\/237"}],"collection":[{"href":"https:\/\/www.mysaasplace.com\/pt\/wp-json\/wp\/v2\/pages"}],"about":[{"href":"https:\/\/www.mysaasplace.com\/pt\/wp-json\/wp\/v2\/types\/page"}],"author":[{"embeddable":true,"href":"https:\/\/www.mysaasplace.com\/pt\/wp-json\/wp\/v2\/users\/1"}],"replies":[{"embeddable":true,"href":"https:\/\/www.mysaasplace.com\/pt\/wp-json\/wp\/v2\/comments?post=237"}],"version-history":[{"count":3,"href":"https:\/\/www.mysaasplace.com\/pt\/wp-json\/wp\/v2\/pages\/237\/revisions"}],"predecessor-version":[{"id":1213,"href":"https:\/\/www.mysaasplace.com\/pt\/wp-json\/wp\/v2\/pages\/237\/revisions\/1213"}],"up":[{"embeddable":true,"href":"https:\/\/www.mysaasplace.com\/pt\/wp-json\/wp\/v2\/pages\/225"}],"wp:featuredmedia":[{"embeddable":true,"href":"https:\/\/www.mysaasplace.com\/pt\/wp-json\/wp\/v2\/media\/142"}],"wp:attachment":[{"href":"https:\/\/www.mysaasplace.com\/pt\/wp-json\/wp\/v2\/media?parent=237"}],"curies":[{"name":"wp","href":"https:\/\/api.w.org\/{rel}","templated":true}]}}