{"id":231,"date":"2013-01-19T11:04:06","date_gmt":"2013-01-19T11:04:06","guid":{"rendered":"http:\/\/www.mysaasplace.com\/?page_id=231"},"modified":"2021-01-21T05:37:52","modified_gmt":"2021-01-21T05:37:52","slug":"perguntas-frequentes-sobre-gestao-de-projetos","status":"publish","type":"page","link":"https:\/\/www.mysaasplace.com\/pt\/faqs-3\/perguntas-frequentes-sobre-gestao-de-projetos\/","title":{"rendered":"Perguntas Freq\u00fcentes sobre Gest\u00e3o de Projetos"},"content":{"rendered":"<p><a id=\"subir\" name=\"subir\"><\/a><\/p><h2>Perguntas Freq\u00fcentes sobre Gest\u00e3o de Projetos<\/h2><ul><li><a href=\"#paraque\">1. Para quem serve a Gest\u00e3o de Projetos&#8230;?<\/a><\/li><li><a href=\"#dividir\">2. Posso dividir um Projeto em Tarefas?<\/a><\/li><li><a href=\"#tiempos\">3. Como registro as horas trabalhadas?<\/a><\/li><li><a href=\"#viaje\">4. Posso introduzir gastos de viagem?<\/a><\/li><li><a href=\"#articulos\">5. Posso gestionar artigos?<\/a><\/li><\/ul><p><a id=\"paraque\" name=\"paraque\"><\/a><\/p><p>&nbsp;<\/p><h2>1. Para quem serve a Gest\u00e3o de Projetos&#8230;?<\/h2><p>GIP \u00e9 a abreviatura de Gestor Integral de Projetos. Sua utilidade \u00e9 muito ampla, j\u00e1 que GIP \u00e9 uma potente ferramenta que permite gestionar um projeto (ou v\u00e1rios ao mesmo tempo) desde seu come\u00e7o at\u00e9 o final, controlando todos os aspectos que podem suceder em decorr\u00eancia de dito projeto.<\/p><p>Dito isto, GIP pode ser usado com total garantia por Arquitetos, Advogados, departamentos de empresas, onde sua atividade se basea na execu\u00e7\u00e3o de projetos e tamb\u00e9m para gr\u00eamios profissionais, assim mesmo os profissionais aut\u00f4nomos que desenvolvam sua atividade quotidiana em projetos, j\u00e1 sejam estes grandes projetos, que t\u00eam uma grande dura\u00e7\u00e3o no tempo ou pequenos projetos como podem ser reformas de m\u00e9dio ou de um dia de trabalho.<\/p><p>Devemos lembrar que GIP se encontra unido com nossos programas de fatura\u00e7\u00e3o e Contabilidade (se desejado) e por isso uma pequena reforma de um apartamento pode conter todos os aspectos de um projeto, planificado por tarefas, gestionar a agenda de cada tarefa, controlar gastos, recursos, etc. e ser faturados partindo dita informa\u00e7\u00e3o desde GIP, bem em sua totalidade ou em partes do projeto.<\/p><p>Dispor de GIP permite-lhe ter a informa\u00e7\u00e3o das suas atividades contida em um sistema de gest\u00e3o espec\u00edfico para isso, controlar os recursos do seu neg\u00f3cio em todo momento e o mais importante, dispor de um hist\u00f3rico do sucedido nos seus projetos em todo momento.<\/p><p>Recorde que tamb\u00e9m se pode aprender do passado para acometer projetos no futuro de forma mais eficiente. <br \/><a href=\"#subir\">Subir<\/a><\/p><p><a id=\"dividir\" name=\"dividir\"><\/a><\/p><p>&nbsp;<\/p><h2>2. Posso dividir um projeto em Tarefas?<\/h2><p>O programa de Gest\u00e3o de projetos (GIP) precisamente permite uma divis\u00e3o total de um projeto em Tarefas, e ditas tarefas podem ser atribu\u00eddas a pessoas diferentes, de tal maneira que quando disponham das estat\u00edsticas de um projeto, se possa saber as horas previstas que tinha cada tarefa ou trabalhador e as horas reais trabalhadas ao final ou durante a execu\u00e7\u00e3o do projeto, assim poderemos saber em todo momento os desvios ocorridos e onde se produziram, para poder tomar as medidas oportunas a tempo.<\/p><p>Ademais \u00e9 poss\u00edvel n\u00e3o s\u00f3 atribuir tarefas a pessoas, sen\u00e3o que tamb\u00e9m \u00e9 poss\u00edvel que uma tarefa seja realizada por um recurso, por exemplo, uma m\u00e1quina, o qual tem um custo hor\u00e1rio determinado e que dever\u00e1 ser tido em conta ao longo da vida de todo o projeto.<\/p><p>Todo o seguimiento do desenvolvimento e execu\u00e7\u00e3o das tarefas se podem realizar atrav\u00e9s da informa\u00e7\u00e3o que brinda o gestor de projetos e adicionalmente de maneira visual e gr\u00e1fica atrav\u00e9s do diagrama de Gantt, que \u00e0 primeira vista se pode obter uma imagem do estado de desenvolvimento do um projeto. O sistema disp\u00f5e de um calend\u00e1rio por pessoa ou recurso. <br \/><a href=\"#subir\">Subir<\/a><\/p><p><a id=\"tiempos\" name=\"tiempos\"><\/a><\/p><p>&nbsp;<\/p><h2>3. Como registro as horas trabalhadas?<\/h2><p>Para dispor da informa\u00e7\u00e3o em GIP do tempo empregado em um projeto, \u00e9 necess\u00e1rio que se introduza os tempos empregados dentro do programa de Gest\u00e3o de Projetos. Em ocasi\u00f5es isto tem sua dificuldade, no entanto GIP disp\u00f5e de diversas solu\u00e7\u00f5es que simplifican este processo ao completo.<\/p><p>O sistema disp\u00f5e de um calend\u00e1rio por pessoa ou recurso, de tal maneira que se uma pessoa ou recurso come\u00e7am uma tarefa, por exemplo, na segunda-feira pela manh\u00e3 e termina na quarta-feira \u00e0s 19h da tarde, o registro do b\u00f4nus de trabalho realiza-se na segunda-feira e na quarta-feira, e \u00e9 o sistema de contabiliza\u00e7\u00e3o de tempos de GIP quem calcular\u00e1 em base a seu calend\u00e1rio o tempo real que empregou em dita tarefa. Este registro pode-se realizar de duas formas diferentes:<\/p><p>A) Quando come\u00e7a e termina a atividade, para isso GIP ao tratar-se de um programa ON LINE n\u00e3o \u00e9 necess\u00e1rio estar fisicamente nos escrit\u00f3rios para realizar o registro, j\u00e1 que pode realizar-se desde qualquer PC conectado a Internet. Mas se isto n\u00e3o fosse poss\u00edvel, tamb\u00e9m se pode realizar atrav\u00e9s de um celular , GIP est\u00e1 especialmente desenhado para que se possa interactuar sobre ele desde qualquer lugar do mundo.<\/p><p>B) Se apesar de tudo isso n\u00e3o \u00e9 poss\u00edvel registrar quando se come\u00e7a ou se termina o trabalho, pode realizar depois, inserindo partes do trabalho em papel, j\u00e1 que GIP permite-lhe definir a data e a hora do in\u00edcio e do fim de um trabalho ainda estando, por exemplo, no final do m\u00eas. <br \/><a href=\"#subir\">Subir<\/a><\/p><p><a id=\"viaje\" name=\"viaje\"><\/a><\/p><p>&nbsp;<\/p><h2>4. Posso introduzir gastos de viagem?<\/h2><p>Sim, GIP permite de forma expressa a introdu\u00e7\u00e3o de gastos de viagem e incorpor\u00e1-los ao projeto que deseje, trata-se de um gasto espec\u00edfico que est\u00e1 definido de forma concreta, tanto \u00e9 assim, que GIP lhe permite definir os gastos de viagem dependendo do tipo que queira, unidades por Km, gasto concreto, por exemplo, uma viagem de avi\u00e3o, etc. <br \/><a href=\"#subir\">Subir<\/a><\/p><p><a id=\"articulos\" name=\"articulos\"><\/a><\/p><p>&nbsp;<\/p><h2>5. Posso gestionar artigos?<\/h2><p>Sim, GIP permite a introdu\u00e7\u00e3o de artigos em um projeto. Tenha em mente que GIP se encontra conectado com o programa de fatura\u00e7\u00e3o de MySaaSPlace, o que permite conectar os artigos no programa de fatura\u00e7\u00e3o e vender em um projeto gestionado pelo Gestor de Projetos GIP. <br \/><a href=\"#subir\">Subir<\/a><\/p>","protected":false},"excerpt":{"rendered":"<p>Perguntas Freq\u00fcentes sobre Gest\u00e3o de Projetos1. Para quem serve a Gest\u00e3o de Projetos&#8230;?2. Posso dividir um Projeto em Tarefas?3. Como registro as horas trabalhadas?4. Posso introduzir gastos de viagem?5. Posso gestionar artigos?&nbsp;1. Para quem serve a Gest\u00e3o de Projetos&#8230;?GIP \u00e9 a abreviatura de Gestor Integral de Projetos. Sua utilidade \u00e9 muito ampla, j\u00e1 que GIP [&hellip;]<\/p>\n","protected":false},"author":1,"featured_media":1936,"parent":569,"menu_order":3,"comment_status":"closed","ping_status":"closed","template":"","meta":[],"_links":{"self":[{"href":"https:\/\/www.mysaasplace.com\/pt\/wp-json\/wp\/v2\/pages\/231"}],"collection":[{"href":"https:\/\/www.mysaasplace.com\/pt\/wp-json\/wp\/v2\/pages"}],"about":[{"href":"https:\/\/www.mysaasplace.com\/pt\/wp-json\/wp\/v2\/types\/page"}],"author":[{"embeddable":true,"href":"https:\/\/www.mysaasplace.com\/pt\/wp-json\/wp\/v2\/users\/1"}],"replies":[{"embeddable":true,"href":"https:\/\/www.mysaasplace.com\/pt\/wp-json\/wp\/v2\/comments?post=231"}],"version-history":[{"count":4,"href":"https:\/\/www.mysaasplace.com\/pt\/wp-json\/wp\/v2\/pages\/231\/revisions"}],"predecessor-version":[{"id":2146,"href":"https:\/\/www.mysaasplace.com\/pt\/wp-json\/wp\/v2\/pages\/231\/revisions\/2146"}],"up":[{"embeddable":true,"href":"https:\/\/www.mysaasplace.com\/pt\/wp-json\/wp\/v2\/pages\/569"}],"wp:featuredmedia":[{"embeddable":true,"href":"https:\/\/www.mysaasplace.com\/pt\/wp-json\/wp\/v2\/media\/1936"}],"wp:attachment":[{"href":"https:\/\/www.mysaasplace.com\/pt\/wp-json\/wp\/v2\/media?parent=231"}],"curies":[{"name":"wp","href":"https:\/\/api.w.org\/{rel}","templated":true}]}}