{"id":225,"date":"2013-01-19T10:45:06","date_gmt":"2013-01-19T10:45:06","guid":{"rendered":"http:\/\/www.mysaasplace.com\/?page_id=225"},"modified":"2021-01-21T05:04:54","modified_gmt":"2021-01-21T05:04:54","slug":"gestao-integral-por-projetos","status":"publish","type":"page","link":"https:\/\/www.mysaasplace.com\/pt\/funcoes\/gestao-integral-por-projetos\/","title":{"rendered":"Gest\u00e3o Integral por Projetos"},"content":{"rendered":"<h2>Gest\u00e3o Integral por Projetos<\/h2><p>Agora j\u00e1 N\u00e3o precisar\u00e1 comprar programas nem realizar complexas instala\u00e7\u00f5es no seu PC ou servidor. Tamb\u00e9m N\u00e3o precisar\u00e1 pagar servi\u00e7os de manuten\u00e7\u00e3o para obter as novas atualiza\u00e7\u00f5es do seu Software ou para que lhe atendam ao telefone frente \u00e0s d\u00favidas ou consultas que lhe surjam no uso do seu programa. Em MySaaSPlace poder\u00e1 contratar uma completa Gest\u00e3o de Projetos mediante o pagamento de uma quota mensal, sem instalar programas, nem manter servidores,tudo atrav\u00e9s de Internet, desde PCs, MAC ou celulares . GIP est\u00e1 desenhado para obter o m\u00e1ximo rendimento do seu trabalho em:<\/p><ul><li>Departamentos de engenharia ou engenheiros integrados em empresas maiores.<\/li><li>Escritrios de arquitetos ou arquitetos individuais.<\/li><li>Escrit\u00f3rios de advogados ou advogados por conta pr\u00f3pria.<\/li><li>Administradores de propriedades, pr\u00e9dios residenciais ou condom\u00ednios.<\/li><li>Construtoras.<\/li><li>Empresas de servi\u00e7os.<\/li><li>Empresas de desenvolvimento de software.<\/li><li>Gr\u00eamios v\u00e1rios no setor da constru\u00e7\u00e3o.<\/li><\/ul><p>E a todos aqueles profissionais cujo trabalho di\u00e1rio consista na cria\u00e7\u00e3o e execu\u00e7\u00e3o de projetos de todo tipo. Al\u00e9m das m\u00faltiplas funcionalidades que lhe oferece GIP e que poder\u00e1 ver com mais detalhes em nossa se\u00e7\u00e3o de &#8220;Sobre GIP&#8221; , MySaaSPlace oferece-lhe a possibilidade de dispor de uma completa gest\u00e3o Integrada de Projetos em um ambiente Web, o qual lhe permitir\u00e1:<\/p><ul><li>Criar projetos de forma simples.<\/li><li>Planificar o projeto Base.<\/li><li>Gestionar o projeto Real.<\/li><li>Incorporar Tarefas, Recursos, Gastos, horas trabalhadas, etc.<\/li><li>Visualizar os desvios em tempo real (gastos e prazos).<\/li><li>Controle de gastos.<\/li><li>Um completo sistema de relat\u00f3rios.<\/li><li>conex\u00e3o com nossos sistemas de Contabilidade ou fatura\u00e7\u00e3o, para que quando tenha terminado um projeto ou queira facturar parte do mesmo, possa faz\u00ea-lo sem trabalho adicional, j\u00e1 que GIP est\u00e1 conectado com nosso programa de fatura\u00e7\u00e3o e este a sua vez com o de Contabilidade, para que o ciclo de trabalho e de gest\u00e3o seja completo.<\/li><li>Assim mesmo, GIP se oferece mediante o servi\u00e7o compartilhado de MySaaSPlace onde se pode usar realizando o cadastro em nosso servi\u00e7o ou bem, se voc\u00ea deseja dispor de um servidor pr\u00f3prio n\u00e3o compartilhado na nuvem, lhe proporcionamos uma completa privacidade para sua empresa, consulte-nos aqui a op\u00e7\u00e3o de GIP personalizado e em caso de interessar-lhe est\u00e1 op\u00e7\u00e3o Ad Hoc lhe realizaremos um or\u00e7amento a sua medida para uma solu\u00e7\u00e3o privada.<\/li><\/ul><p>Adicionalmente, permite-lhe gestionar os usu\u00e1rios, sabendo em todo momento os recursos planificados e reais que se est\u00e3o consumindo para cada projeto. Administr\u00e1vel desde seu PC ou MAC, somente requer uma conex\u00e3o a Internet j\u00e1 que n\u00e3o h\u00e1 que instalar nenhum programa (In Home- Em casa). E se quer aceder desde seu celular\u00a0 poder\u00e1 faz\u00ea-lo, j\u00e1 que GIP est\u00e1 desenhado para realizar algumas das tarefas inclusive desde fora do seu escrit\u00f3rio atrav\u00e9s do seu terminal m\u00f3vel, por exemplo, o contrato das horas empregadas na tarefas e outras fun\u00e7\u00f5es quotidianas.<\/p><p>Um completo sistema que lhe permitir\u00e1 gestionar seus projetos tanto analiticamente como com diagramas de Gannt e tudo isso em um ambiente Web, algo que MySaaSPlace p\u00f5e a sua disposi\u00e7\u00e3o sem realizar investimentos, com uma contrata\u00e7\u00e3o mensal ou anual e somente para aqueles recursos ou usu\u00e1rios que voc\u00ea necessite, sem gastar-se um s\u00f3 Real\/Euro\/Dolar a mais. GIP em MySaaSPlace se adapta \u00e0s necessidades do seu neg\u00f3cio ao 100%, tanto se quer gestionar somente um projeto como se quer gestionar um completo departamento de engenharia ou arquitetura em multiprojeto, e tudo isso com in\u00edcio imediato.<\/p>","protected":false},"excerpt":{"rendered":"<p>Gest\u00e3o Integral por ProjetosAgora j\u00e1 N\u00e3o precisar\u00e1 comprar programas nem realizar complexas instala\u00e7\u00f5es no seu PC ou servidor. Tamb\u00e9m N\u00e3o precisar\u00e1 pagar servi\u00e7os de manuten\u00e7\u00e3o para obter as novas atualiza\u00e7\u00f5es do seu Software ou para que lhe atendam ao telefone frente \u00e0s d\u00favidas ou consultas que lhe surjam no uso do seu programa. Em MySaaSPlace [&hellip;]<\/p>\n","protected":false},"author":1,"featured_media":1936,"parent":169,"menu_order":1,"comment_status":"closed","ping_status":"closed","template":"","meta":[],"_links":{"self":[{"href":"https:\/\/www.mysaasplace.com\/pt\/wp-json\/wp\/v2\/pages\/225"}],"collection":[{"href":"https:\/\/www.mysaasplace.com\/pt\/wp-json\/wp\/v2\/pages"}],"about":[{"href":"https:\/\/www.mysaasplace.com\/pt\/wp-json\/wp\/v2\/types\/page"}],"author":[{"embeddable":true,"href":"https:\/\/www.mysaasplace.com\/pt\/wp-json\/wp\/v2\/users\/1"}],"replies":[{"embeddable":true,"href":"https:\/\/www.mysaasplace.com\/pt\/wp-json\/wp\/v2\/comments?post=225"}],"version-history":[{"count":3,"href":"https:\/\/www.mysaasplace.com\/pt\/wp-json\/wp\/v2\/pages\/225\/revisions"}],"predecessor-version":[{"id":2127,"href":"https:\/\/www.mysaasplace.com\/pt\/wp-json\/wp\/v2\/pages\/225\/revisions\/2127"}],"up":[{"embeddable":true,"href":"https:\/\/www.mysaasplace.com\/pt\/wp-json\/wp\/v2\/pages\/169"}],"wp:featuredmedia":[{"embeddable":true,"href":"https:\/\/www.mysaasplace.com\/pt\/wp-json\/wp\/v2\/media\/1936"}],"wp:attachment":[{"href":"https:\/\/www.mysaasplace.com\/pt\/wp-json\/wp\/v2\/media?parent=225"}],"curies":[{"name":"wp","href":"https:\/\/api.w.org\/{rel}","templated":true}]}}