{"id":207,"date":"2013-01-18T09:57:49","date_gmt":"2013-01-18T09:57:49","guid":{"rendered":"http:\/\/www.mysaasplace.com\/?page_id=207"},"modified":"2013-01-23T11:04:30","modified_gmt":"2013-01-23T11:04:30","slug":"primeiros-passos-em-contabilidade","status":"publish","type":"page","link":"https:\/\/www.mysaasplace.com\/pt\/funcoes\/contabilidade\/primeiros-passos-em-contabilidade\/","title":{"rendered":"Primeiros Passos em Contabilidade"},"content":{"rendered":"<h2>Contabilidade financeira<\/h2>\r\n<p>Quatro simples passos para dispor de um programa de Contabilidade gratuito e para sempre, prove agora mesmo e comprovar\u00e1 o simples que resulta ter a Contabilidade da sua empresa funcionando e acess\u00f3vel desde qualquer lugar em menos de 2 minutos.<\/p>\r\n<p>Somente se deseja mais recursos ou usu\u00e1rios adicionais, ter\u00e1 a op\u00e7\u00e3o de contratar alguns dos nossos servi\u00e7os.<\/p>\r\n\r\n<table summary=\"primeros pasos\">\r\n\t<tbody>\r\n\t\t<tr>\r\n\t\t\t<td>\r\n\t\t\t\t<img src=\"\/images\/iconos\/paso1.png\" longdesc=\"primeiro passo\" alt=\"primeiro passo\"><\/td>\r\n\t\t\t<td>\r\n\t\t\t\t<strong>Cadastre-se GRATIS em MySaaSPlace<\/strong>\r\n\t\t\t\tCadastre-se gratis em MySaaSPlace e utilize gratuitamente nosso programa de Contabilidade para sempre. Preencha com os dados da sua empresa, e seu programa de Contabilidade estar\u00e1 pronto para us\u00f3-lo.\r\n\t\t\t<\/td>\r\n\t\t<\/tr>\r\n\t\t<tr>\r\n\t\t\t<td>\r\n\t\t\t\t<img src=\"\/images\/iconos\/paso2.png\" longdesc=\"segundo passo\" alt=\"segundo passo\">\r\n\t\t\t<\/td>\r\n\t\t\t<td>\r\n\t\t\t\t<strong>Visualize o Plano Geral de Contabilidade<\/strong>\r\n\t\t\t\tRevise o Plano Cont\u00e1bil que lhe inserimos automaticamente e acrescente ou modifique aquelas contas que lhe sejam mais \u00fateis para a gest\u00e3o da sua Contabilidade. Automaticamente carregamos o Plano Geral de Contabilidade do seu Pa\u00e0s.\r\n\t\t\t<\/td>\r\n\t\t<\/tr>\r\n\t\t<tr>\r\n\t\t\t<td>\r\n\t\t\t\t<img src=\"\/images\/iconos\/paso3.png\" longdesc=\"terceiro passo\" alt=\"terceiro passo\">\r\n\t\t\t<\/td>\r\n\t\t\t<td>\r\n\t\t\t\t<strong>Comece com a Inser\u00e7\u00e3o de lan\u00e7amentos cont\u00e1beis<\/strong>\r\n\t\t\t\tInsira os lan\u00e7amentos cont\u00e1beis em sua Contabilidade e disfrute desta facilidade. Se voc\u00ea tem pensado usar nosso programa de fatura\u00e7\u00e3o, lhe ser\u00e1 ainda mais simples, j\u00e1 que as vendas e compras se contabilizam de forma autom\u00e1tica.\r\n\t\t\t<\/td>\r\n\t\t<\/tr>\r\n\t\t<tr>\r\n\t\t\t<td>\r\n\t\t\t\t<img src=\"\/images\/iconos\/paso4.png\" longdesc=\"quarto passo\" alt=\"quarto passo\">\r\n\t\t\t<\/td>\r\n\t\t\t<td>\r\n\t\t\t\t<strong>Explorar a informa\u00e7\u00e3o cont\u00e1bil<\/strong>\r\n\t\t\t\tUma vez que come\u00e7a a Inser\u00e7\u00e3o de lan\u00e7amentos, j\u00e1 come\u00e7ar\u00e1 a visualizar o resultado nos relat\u00f3rios previamente definidos, Lucros e Preju\u00edzos, Balan\u00e7o de Situa\u00e7\u00e3o, Di\u00e1rio, Somas e Saldos, etc&#8230;\r\n\t\t\t<\/td>\r\n\t\t<\/tr>\r\n\t<\/tbody>\r\n<\/table>\r\n\r\n<p>O programa de Contabilidade financeira de MySaaSPlace \u00e9 uma potente ferramenta On Line que se comercializa na modalidade de Software como Servi\u00e7o (Saas Software as a Service).<\/p>\r\n<p>At\u00e9 agora o software de Contabilidade existente no mercado consistia em programas que requerem de uma instala\u00e7\u00e3o (em ocasi\u00f5es complexa) nos seus servidores ou computador pessoal e que lhe obrigava a:<\/p>\r\n<ul>\r\n\t<li>Dispor de equipamentos dedicados para a Contabilidade<\/li>\r\n\t<li>Contratar suportes e atualiza\u00e7\u00f5es do seu programa de Contabilidade<\/li>\r\n\t<li>Realizar atualiza\u00e7\u00f5es que N\u00e3o sempre podem ter um resultado acertado<\/li>\r\n<\/ul>\r\n\r\n<p>Com MySaaSPlace seu programa de Contabilidade ser\u00e1 acess\u00f3vel atrav\u00e9s do seu navegador de Internet, pelo que j\u00e1 N\u00e3o sera necess\u00e1rio comprar caros programas e nem realizar complexas instala\u00e7\u00f5es no seu PC ou servidor.<\/p>\r\n<p>Tampoco necesitar\u00e1 pagar servicios de mantenimiento para obtener las nuevas actualizaciones de su Software o para que le atiendan al telefone frente a las dudas o consultas que le surjan en el uso de su programa.<\/p>\r\n<p>Tamb\u00e9m N\u00e3o precisar\u00e1 pagar servi\u00e7os de manuten\u00e7\u00e3o para obter as novas atualiza\u00e7\u00f5es do seu Software ou para que lhe atendam ao telefone frente \u00e0s d\u00favidas ou consultas que lhe surjam no uso do seu programa.<\/p>\r\n<p>Devido a que o seu programa de Contabilidade estar\u00e1 nos sistemas de MySaaSPlace voc\u00ea poder\u00e1 aceder desde seu posto de trabalho, desde sua casa ou desde onde voc\u00ea deseje a toda a informa\u00e7\u00e3o da sua empresa em tempo real, sem custosos sistemas de conex\u00e3o a seus servidores como VPN ou caras linhas de acesso.<\/p>\r\n<p>Ademais, com o servi\u00e7o de Contabilidade de MySaaSPlace, voc\u00ea N\u00e3o tem que preocupar-se das c\u00f3pias de seguran\u00e7a dos seus dados e do armazenamento dos mesmos, porque MySaaSPlace faz tudo isto por voc\u00ea, sabendo que os seus dados estar\u00e1o sempre ao seu alcance, para poder levar-los onde voc\u00ea deseje e quando queiras.<\/p>\r\n<p>O custo do programa de Contabilidade de MySaaSPlace \u00e9 o mais competitivo que qualquer das modalidades que possa encontrar na modalidade de (In Home-Em casa) j\u00e1 que voc\u00ea s\u00f3 paga pelo servi\u00e7o, mediante reduzidas quotas mensais ou anuais. Consulte nossos planos e pre\u00e7os e se convencer\u00e1.<\/p>\r\n<p>Nosso programa de Contabilidade financeira disp\u00f5e dos planos cont\u00e1beis que se adaptam a sua empresa, podendo tamb\u00e9m configurarse o plano cont\u00e1bil a sua medida, desenhar listagens, balan\u00e7os e relat\u00f3rios.<\/p>\r\n<p>Nunca antes foi t\u00e3o f\u00e1cil e econ\u00f4mico dispor de um completo programa de Contabilidade ao que se possa aceder desde o minuto um a todas as caracter\u00e0sticas e presta\u00e7\u00f5es do melhor e mais completo pacote financeiro do mercado.<\/p>\r\n<p>Os programas de gest\u00e3o de MySaaSPlace s\u00e3o compat\u00edveis com a maioria de ERP do mercado, assim mesmo \u00e9 poss\u00edvel interagir com eles desde os CRM mais conhecidos do mercado como s\u00e3o SUGAR CRM ou SALESFORCE CRM e todo seu universo de programas e aplica\u00e7\u00f5es. Um CRM \u00e9 um programa que permite gestionar de forma muito \u00fatil seus prospectos e clientes, j\u00e1 que permite uma interoperabilidade entre sua for\u00e7a de vendas e seus prospectos e clientes. Por isso, se disp\u00f5e de um programa em MySaaSPlace e o compatibiliza com um CRM ou com outro ERP poder\u00e1 obter os m\u00e1ximos benef\u00edcios de toda a gest\u00e3o da sua empresa.<\/p>\r\n<p>A fatura eletr\u00f4nica \u00e9 outro ponto importante a exigir em um programa de gest\u00e3o, por isso MySaaSPlace disp\u00f5e de total compatibilidade como a maioria dos sistemas de fatura eletr\u00f4nica do mercado.<\/p>\r\n<p>Aprenda mais sobre o nosso programa de Contabilidade em Sobre Contabilidade.<\/p>","protected":false},"excerpt":{"rendered":"<p>Contabilidade financeira Quatro simples passos para dispor de um programa de Contabilidade gratuito e para sempre, prove agora mesmo e comprovar\u00e1 o simples que resulta ter a Contabilidade da sua empresa funcionando e acess\u00f3vel desde qualquer lugar em menos de 2 minutos. Somente se deseja mais recursos ou usu\u00e1rios adicionais, ter\u00e1 a op\u00e7\u00e3o de contratar [&hellip;]<\/p>\n","protected":false},"author":1,"featured_media":156,"parent":179,"menu_order":1,"comment_status":"closed","ping_status":"closed","template":"","meta":[],"_links":{"self":[{"href":"https:\/\/www.mysaasplace.com\/pt\/wp-json\/wp\/v2\/pages\/207"}],"collection":[{"href":"https:\/\/www.mysaasplace.com\/pt\/wp-json\/wp\/v2\/pages"}],"about":[{"href":"https:\/\/www.mysaasplace.com\/pt\/wp-json\/wp\/v2\/types\/page"}],"author":[{"embeddable":true,"href":"https:\/\/www.mysaasplace.com\/pt\/wp-json\/wp\/v2\/users\/1"}],"replies":[{"embeddable":true,"href":"https:\/\/www.mysaasplace.com\/pt\/wp-json\/wp\/v2\/comments?post=207"}],"version-history":[{"count":3,"href":"https:\/\/www.mysaasplace.com\/pt\/wp-json\/wp\/v2\/pages\/207\/revisions"}],"predecessor-version":[{"id":799,"href":"https:\/\/www.mysaasplace.com\/pt\/wp-json\/wp\/v2\/pages\/207\/revisions\/799"}],"up":[{"embeddable":true,"href":"https:\/\/www.mysaasplace.com\/pt\/wp-json\/wp\/v2\/pages\/179"}],"wp:featuredmedia":[{"embeddable":true,"href":"https:\/\/www.mysaasplace.com\/pt\/wp-json\/wp\/v2\/media\/156"}],"wp:attachment":[{"href":"https:\/\/www.mysaasplace.com\/pt\/wp-json\/wp\/v2\/media?parent=207"}],"curies":[{"name":"wp","href":"https:\/\/api.w.org\/{rel}","templated":true}]}}