{"id":198,"date":"2013-01-18T09:30:19","date_gmt":"2013-01-18T09:30:19","guid":{"rendered":"http:\/\/www.mysaasplace.com\/?page_id=198"},"modified":"2013-01-23T11:37:36","modified_gmt":"2013-01-23T11:37:36","slug":"faqs-contabilidade","status":"publish","type":"page","link":"https:\/\/www.mysaasplace.com\/pt\/faqs-3\/faqs-contabilidade\/","title":{"rendered":"FAQS Contabilidade"},"content":{"rendered":"<h2><a id=\"subir\" name=\"subir\"><\/a>Perguntas Freq\u00fcentes sobre Contabilidade<\/h2>\r\n<p>\r\n<a href=\"#pagoogratuito\">1. Diferen\u00e7a entre modo gratuito e de pagamento<\/a><br\/>\r\n<a href=\"#asesor\">2. Meu Assessor cont\u00e1bil tem acesso a minha Contabilidade&#8230;?<\/a><br\/>\r\n<a href=\"#modificar\">3. Posso modificar o Plano Geral de Contabilidade carregado por MySaaSPlace?<\/a>\r\n<\/p>\r\n\r\n<h2><a id=\"pagoogratuito\" name=\"pagoogratuito\"><\/a>1. Diferen\u00e7a entre modo gratuito e de pagamento<\/h2>\r\n<p>A diferen\u00e7a entre dispor da Contabilidade de MySaaSPlace na modalidade gratuita e de pagamento baseia-se em:<\/p>\r\n<p>A) Que a modalidade gratuita N\u00e3o disp\u00f5e do m\u00f3dulo de lan\u00e7amento de assentamentos manuais e sua Inser\u00e7\u00e3o se realiza a partir do m\u00f3dulo de faturamento em fornecedores para os assentamentos de fornecedores e em clientes para os assentamentos em clientes. Se contratar a modalidade paga, contar\u00e1 com acesso a uma p\u00e1gina que lhe permitir\u00e1 o lan\u00e7amento manual dos assentamentos, al\u00e9m da forma de lan\u00e7amento de assentamentos prevista na modalidade gratuita.<\/p>\r\n<p>B) Em nenhum dos programas de MySaaSPlace em sua modalidade gratuita se permitem criar usu\u00e1rios adicionais ao primeiro usu\u00e1rio (Administrador) que se entrega com dita modalidade, somente quando se acede a qualquer das modalidades de pago em qualquer das aplica\u00e7\u00f5es, \u00e9 poss\u00edvel contratar usu\u00e1rios adicionais ao sistema e configurar seu perfil de acesso.<\/p>\r\n<p>As demais fun\u00e7\u00f5es permanecem intactas e voc\u00ea pode desfrutar de um programa de Contabilidade de altas presta\u00e7\u00f5es. Quando se acede a qualquer das modalidades de pagamento voc\u00ea j\u00e1 dispor\u00e1 da possibilidade de aceder ao m\u00f3dulo de introdu\u00e7\u00e3o de assentamentos de forma manual e de criar usu\u00e1rios adicionais ao que disp\u00f5e de forma gratuita por defeito.\r\n<br\/><a href=\"#subir\">Subir<\/a>\r\n<\/p>\r\n\r\n\r\n<h2><a id=\"asesor\" name=\"asesor\"><\/a>2. Meu Assessor cont\u00e1bil tem acesso a minha Contabilidade&#8230;?<\/h2>\r\n<p>Sim, somente se voc\u00ea quiser, de fato esta \u00e9 uma das caracter\u00e0sticas bastante buscadas do servi\u00e7o de MySaaSPlace, voc\u00ea pode criar um novo usu\u00e1rio em seus programas de MySaaSPlace e dar-lhe acesso a quem voc\u00ea deseje. Pode ser seu assessor fiscal ou cont\u00e1bil, ou qualquer outro, se pode criar os usu\u00e1rios que deseje e dar-lhes acesso somente as partes dos seus programas de MySaaSPlace que voc\u00ea queira.<\/p>\r\n<p>Por exemplo, se quer dar-lhe acesso ao seu assessor cont\u00e1bil ao seu programa de Contabilidade para que veja os balan\u00e7os, listagens e N\u00e3o ao resto dos programas ou fun\u00e7\u00f5es, pode fazer criando um convite para o seu cont\u00e1bil, uma vez criado dito convite, os sistemas de MySaaSPlace lhe enviar\u00e3o um e-Mail ao seu cont\u00e1bil para que aceite dito convite, quando aceite, apartir desse mesmo instante ter\u00e1 acesso aos programas e fun\u00e7\u00f5es que voc\u00ea tenha definido previamente no seu convite. \u00c9 poss\u00edvel que o seu contador j\u00e1 seja usu\u00e1rio de MySaaPlace , mas a sua empresa s\u00f3 estar\u00e1 ciente disso, se ele fizer a comunica\u00e7\u00e3o. Isso pode acontecer se ele trabalha para outra empresa que utiliza os nossos servi\u00e7os.<\/p>\r\n<p>Nesse caso, o sistema detectar\u00e1 e avisar\u00e1 ao seu contador que o novo convite \u00e9 referente \u00e1 outra empresa que tamb\u00e9m \u00e9 usu\u00e1ria de MySaaSPlace. Quando o seu cont\u00e1bil entre nos sistemas de MySaaSPlace com o usu\u00e1rio e senha, lhe perguntar\u00e1 a qual das empresas das que foi convidado e por tanto tem acesso quer aceder, mostrando-lhe uma lista de todas e cada uma das empresas \u00e0s que tem acesso, uma vez que escolha a qual quer se dirigir, os sistemas de MySaaSPlace lhe mostrar\u00e1 a empresa escolhida e poder\u00e1 operar naquelas partes das aplica\u00e7\u00f5es em onde o administrador (neste caso voc\u00ea) tenha dado autoriza\u00e7\u00e3o. Adicionalmente, em todo momento na parte superior direita da Web lhe indicar\u00e1 em que empresa de todas \u00e0s que tem acesso se encontra nesse momento.<\/p>\r\n<p>Devido a que voc\u00ea \u00e9 o administrador da sua empresa, ter\u00e1 a possibilidade de descadastrar a um usu\u00e1rio quando voc\u00ea queira de seus sistemas, de habilitar ou desabilitar permiss\u00f5es de administra\u00e7\u00e3o, em qualquer caso toda modifica\u00e7\u00e3o realizada lhe ser\u00e1 comunicada ao usu\u00e1rio para que tenha const\u00e2ncia das mudan\u00e7as realizadas em dito usu\u00e1rio dentro de sua empresa. A gest\u00e3o de usu\u00e1rios de MySaaSPlace \u00e9 uma potent\u00edssima ferramenta que lhe permite dispor de uma funcionalidade completa e do total controle de todos seus programas de gest\u00e3o.\r\n<br\/><a href=\"#subir\">Subir<\/a>\r\n<\/p>\r\n\r\n<h2><a id=\"modificar\" name=\"modificar\"><\/a>3. Posso modificar o Plano Geral de Contabilidade carregado por MySaaSPlace&#8230;?<\/h2>\r\n<p>Sim, uma vez carregado o Plano Geral de Contabilidade quando voc\u00ea escolha a Fazenda ou Departamento fiscal que corresponde na sua regi\u00e3o ou Pa\u00eds, poder\u00e1 modificar, acrescentando, eliminando ou modificando contas ao seu gosto. A carga do Plano Geral de Contabilidade inicial faz-se para simplificar-lhe a Inser\u00e7\u00e3o de todas as contas desde o princ\u00edpio.<\/p>\r\n<p>A recomenda\u00e7\u00e3o de MySaaSPlace \u00e9 que N\u00e3o elimene nem modifique contas em seu Plano Geral de Contabilidade, mas se \u00e9 necess\u00e1rio, acrescente aquelas contas que lhe sejam mais \u00fateis para dispor de uma gest\u00e3o cont\u00e1bil a sua medida. Esta recomenda\u00e7\u00e3o baseia-se em que em MySaaSPlace conhecemos os Planos Gerais de Contabilidades da sua regi\u00e3o, pa\u00e0s ou departamento fiscal e sabemos que com o tempo voc\u00ea pode necessitar utilizar contas que, em um princ\u00edpio n\u00e3o lhe parecem \u00fateis.\r\n<br\/><a href=\"#subir\">Subir<\/a>\r\n<\/p>","protected":false},"excerpt":{"rendered":"<p>Perguntas Freq\u00fcentes sobre Contabilidade 1. Diferen\u00e7a entre modo gratuito e de pagamento 2. Meu Assessor cont\u00e1bil tem acesso a minha Contabilidade&#8230;? 3. Posso modificar o Plano Geral de Contabilidade carregado por MySaaSPlace? 1. Diferen\u00e7a entre modo gratuito e de pagamento A diferen\u00e7a entre dispor da Contabilidade de MySaaSPlace na modalidade gratuita e de pagamento baseia-se [&hellip;]<\/p>\n","protected":false},"author":1,"featured_media":138,"parent":569,"menu_order":4,"comment_status":"closed","ping_status":"closed","template":"","meta":[],"_links":{"self":[{"href":"https:\/\/www.mysaasplace.com\/pt\/wp-json\/wp\/v2\/pages\/198"}],"collection":[{"href":"https:\/\/www.mysaasplace.com\/pt\/wp-json\/wp\/v2\/pages"}],"about":[{"href":"https:\/\/www.mysaasplace.com\/pt\/wp-json\/wp\/v2\/types\/page"}],"author":[{"embeddable":true,"href":"https:\/\/www.mysaasplace.com\/pt\/wp-json\/wp\/v2\/users\/1"}],"replies":[{"embeddable":true,"href":"https:\/\/www.mysaasplace.com\/pt\/wp-json\/wp\/v2\/comments?post=198"}],"version-history":[{"count":4,"href":"https:\/\/www.mysaasplace.com\/pt\/wp-json\/wp\/v2\/pages\/198\/revisions"}],"predecessor-version":[{"id":824,"href":"https:\/\/www.mysaasplace.com\/pt\/wp-json\/wp\/v2\/pages\/198\/revisions\/824"}],"up":[{"embeddable":true,"href":"https:\/\/www.mysaasplace.com\/pt\/wp-json\/wp\/v2\/pages\/569"}],"wp:featuredmedia":[{"embeddable":true,"href":"https:\/\/www.mysaasplace.com\/pt\/wp-json\/wp\/v2\/media\/138"}],"wp:attachment":[{"href":"https:\/\/www.mysaasplace.com\/pt\/wp-json\/wp\/v2\/media?parent=198"}],"curies":[{"name":"wp","href":"https:\/\/api.w.org\/{rel}","templated":true}]}}