{"id":179,"date":"2013-01-18T08:14:10","date_gmt":"2013-01-18T08:14:10","guid":{"rendered":"http:\/\/www.mysaasplace.com\/?page_id=179"},"modified":"2013-01-22T18:42:22","modified_gmt":"2013-01-22T18:42:22","slug":"contabilidade","status":"publish","type":"page","link":"https:\/\/www.mysaasplace.com\/pt\/funcoes\/contabilidade\/","title":{"rendered":"Contabilidade"},"content":{"rendered":"<h2>Contabilidade financeira<\/h2>\r\nO programa de Contabilidade de MySaaSPlace pode usar-se de duas formas bem diferentes.\r\n<ul>\r\n\t<li>De forma aut\u00f4noma e somente como programa de Contabilidade, isto quer dizer que voc\u00ea s\u00f3 usar\u00e1 o programa de Contabilidade de MySaaSPlace e N\u00e3o o resto de programas (fatura\u00e7\u00e3o ou Gest\u00e3o de Projetos), portanto a operativa consistir\u00e1 na introdu\u00e7\u00e3o de assentamentos desde a Bandeja de Assentamentos para todas as opera\u00e7\u00f5es de sua atividade.Esta solu\u00e7\u00e3o \u00e9 perfeita e muito \u00fatil j\u00e1 que trata-se de um programa f\u00e1cil de usar e de grandes posibilidades.<\/li>\r\n\t<li>Em conex\u00e3o com algum dos programas de MySaaSPlace (fatura\u00e7\u00e3o ou Gest\u00e3o de Projetos), nesta modalidade a gest\u00e3o cont\u00e1bil se simplifica \u00e1 m\u00e1xima express\u00e3o, j\u00e1 que se realiza a operativa inicial desde qualquer dos dois programas acima mencionados, aqueles movimentos suscept\u00edveis de ser contabilizados como faturas a clientes, pedidos a provedores, etc&#8230; j\u00e1 ter\u00e1o sido introduzidos em qualquer destes dois programas, de modo que o sistema proceder\u00e1 a realizar os lan\u00e7amentos de assentamentos de forma autom\u00e1tica por voc\u00ea atrav\u00e9s dos processos de Contabiliza\u00e7\u00e3o que j\u00e1 est\u00e3o implementados no sistema, simplificando assim quase toda a operativa cont\u00e1bil, a exce\u00e7\u00e3o da Contabiliza\u00e7\u00e3o dos movimentos banc\u00e1rios, os quais poder\u00e1 introduzir manualmente ou importar desde o arquivo CSB do seu banco.<\/li>\r\n<\/ul>\r\n<a href=\"https:\/\/azure.mysaasplace.com\/Account\/Register.aspx?lng=pt\">Cadastre-se<\/a> e prove totalmente gr\u00e1tis.\r\n<br\/>Leia atentamente as caracter\u00e0sticas de Contabilidade, esta se\u00e7\u00e3o lhe acercar\u00e1 ao completo \u00e0s funcionalidades do nosso pacote financiero.","protected":false},"excerpt":{"rendered":"<p>Contabilidade financeira O programa de Contabilidade de MySaaSPlace pode usar-se de duas formas bem diferentes. De forma aut\u00f4noma e somente como programa de Contabilidade, isto quer dizer que voc\u00ea s\u00f3 usar\u00e1 o programa de Contabilidade de MySaaSPlace e N\u00e3o o resto de programas (fatura\u00e7\u00e3o ou Gest\u00e3o de Projetos), portanto a operativa consistir\u00e1 na introdu\u00e7\u00e3o de [&hellip;]<\/p>\n","protected":false},"author":1,"featured_media":138,"parent":169,"menu_order":2,"comment_status":"closed","ping_status":"closed","template":"","meta":[],"_links":{"self":[{"href":"https:\/\/www.mysaasplace.com\/pt\/wp-json\/wp\/v2\/pages\/179"}],"collection":[{"href":"https:\/\/www.mysaasplace.com\/pt\/wp-json\/wp\/v2\/pages"}],"about":[{"href":"https:\/\/www.mysaasplace.com\/pt\/wp-json\/wp\/v2\/types\/page"}],"author":[{"embeddable":true,"href":"https:\/\/www.mysaasplace.com\/pt\/wp-json\/wp\/v2\/users\/1"}],"replies":[{"embeddable":true,"href":"https:\/\/www.mysaasplace.com\/pt\/wp-json\/wp\/v2\/comments?post=179"}],"version-history":[{"count":4,"href":"https:\/\/www.mysaasplace.com\/pt\/wp-json\/wp\/v2\/pages\/179\/revisions"}],"predecessor-version":[{"id":712,"href":"https:\/\/www.mysaasplace.com\/pt\/wp-json\/wp\/v2\/pages\/179\/revisions\/712"}],"up":[{"embeddable":true,"href":"https:\/\/www.mysaasplace.com\/pt\/wp-json\/wp\/v2\/pages\/169"}],"wp:featuredmedia":[{"embeddable":true,"href":"https:\/\/www.mysaasplace.com\/pt\/wp-json\/wp\/v2\/media\/138"}],"wp:attachment":[{"href":"https:\/\/www.mysaasplace.com\/pt\/wp-json\/wp\/v2\/media?parent=179"}],"curies":[{"name":"wp","href":"https:\/\/api.w.org\/{rel}","templated":true}]}}