{"id":169,"date":"2013-01-17T17:15:37","date_gmt":"2013-01-17T17:15:37","guid":{"rendered":"http:\/\/www.mysaasplace.com\/?page_id=169"},"modified":"2013-04-10T07:26:15","modified_gmt":"2013-04-10T07:26:15","slug":"funcoes","status":"publish","type":"page","link":"https:\/\/www.mysaasplace.com\/pt\/funcoes\/","title":{"rendered":"Fun\u00e7\u00f5es"},"content":{"rendered":"<!-- El texto y la estructura es igual en funciones -->\r\n<h2>Fun\u00e7\u00f5es<\/h2>\r\n<div id=\"divisiones\">\r\n<div class=\"primera\">\r\n<div class=\"titularinferiorcinco\">\r\n<div class=\"icono\"><a href=\"\/pt\/funcoes\/gestao-integral-por-projetos\/\"><img alt=\"\u00edcone projetos\" src=\"\/images\/iconos\/proyectos.png\" \/><\/a><\/div>\r\n<div class=\"hache6\"><a href=\"\/pt\/funcoes\/gestao-integral-por-projetos\/\">GEST\u00c3O DE PROJETOS<\/a><\/div>\r\n<\/div>\r\n<div class=\"textoprimera\">O programa gest\u00e3o por Projetos de MySaaSPlace \u00e9 extremamente f\u00e1cil de manejar e pode usar-se de duas formas bem diferentes. Eleja a que mais lhe convenha.\r\n<div class=\"ir\"><a href=\"\/pt\/funcoes\/gestao-integral-por-projetos\/\">LEIA MAIS<\/a><\/div>\r\n<\/div>\r\n<\/div>\r\n<div class=\"segunda\">\r\n<div class=\"titularinferiorcinco\">\r\n<div class=\"icono\"><a href=\"\/pt\/funcoes\/gestao-integral-por-projetos\/primeiros-passos-em-gestao-de-projetos\/\"><img alt=\"\u00edcone passos\" src=\"\/images\/iconos\/pies.png\" \/><\/a><\/div>\r\n<div class=\"hache6\"><a href=\"\/pt\/funcoes\/gestao-integral-por-projetos\/primeiros-passos-em-gestao-de-projetos\/\">PRIMEIROS PASSOS<\/a><\/div>\r\n<\/div>\r\n<div class=\"textoprimera\">Primeiros passos para usar a ferramenta GIP de MySaaSPlace. Aprende de maneira f\u00e1cil o manejo desta \u00fatil e simples ferramenta.\r\n<div class=\"ir\"><a href=\"\/pt\/funcoes\/gestao-integral-por-projetos\/primeiros-passos-em-gestao-de-projetos\/\">LEIA MAIS<\/a><\/div>\r\n<\/div>\r\n<\/div>\r\n<div class=\"tercera\">\r\n<div class=\"titularinferiorcinco\">\r\n<div class=\"icono\"><a href=\"\/pt\/funcoes\/gestao-integral-por-projetos\/gestao-de-projetos-em-2-minutos\/\"><img alt=\"\u00edcone rel\u00f3gio\" src=\"\/images\/iconos\/reloj.png\" \/><\/a><\/div>\r\n<div class=\"hache5\"><a href=\"\/pt\/funcoes\/gestao-integral-por-projetos\/gestao-de-projetos-em-2-minutos\/\">GEST\u00c3O DE PROJETOS EM 2 MINUTOS<\/a><\/div>\r\n<\/div>\r\n<div class=\"textoprimera\">Em somente 2 minutos, poder\u00e1 aprender a gestionar os projetos da sua empresa com a visualiza\u00e7\u00e3o de um video sobre nossa ferramenta de GIP.\r\n<div class=\"ir\"><a href=\"\/pt\/funcoes\/gestao-integral-por-projetos\/gestao-de-projetos-em-2-minutos\/\">LEIA MAIS<\/a><\/div>\r\n<\/div>\r\n<\/div>\r\n<\/div>\r\n<div id=\"divisionesdos\">\r\n<div class=\"primera\">\r\n<div class=\"titularinferiorcinco\">\r\n<div class=\"icono\"><a href=\"\/pt\/funcoes\/contabilidade\/\"><img alt=\"\u00edcone contabilidade\" src=\"\/images\/iconos\/contabilidad.png\" \/><\/a><\/div>\r\n<div id=\"hache5\"><a href=\"\/pt\/funcoes\/contabilidade\/\">CONTABILIDADE<\/a><\/div>\r\n<\/div>\r\n<div class=\"textoprimera\">O programa gest\u00e3o por Projetos de MySaaSPlace \u00e9 extremamente f\u00e1cil de manejar e pode usar-se de duas formas bem diferentes. Eleja a que mais lhe convenha.\r\n<div class=\"ir\"><a href=\"\/pt\/funcoes\/contabilidade\/\">LEIA MAIS<\/a><\/div>\r\n<\/div>\r\n<\/div>\r\n<div class=\"segunda\">\r\n<div class=\"titularinferiorcinco\">\r\n<div class=\"icono\"><a href=\"\/pt\/funcoes\/contabilidade\/primeiros-passos-em-contabilidade\/\"><img alt=\"\u00edcone passos\" src=\"\/images\/iconos\/pies.png\" \/><\/a><\/div>\r\n<div class=\"hache6\"><a href=\"\/pt\/funcoes\/contabilidade\/primeiros-passos-em-contabilidade\/\">PRIMEIROS PASSOS<\/a><\/div>\r\n<\/div>\r\n<div class=\"textoprimera\">Primeiros passos para usar a ferramenta GIP de MySaaSPlace. Aprende de maneira f\u00e1cil o manejo desta \u00fatil e simples ferramenta.\r\n<div class=\"ir\"><a href=\"\/pt\/funcoes\/contabilidade\/primeiros-passos-em-contabilidade\/\">LEIA MAIS<\/a><\/div>\r\n<\/div>\r\n<\/div>\r\n<div class=\"tercera\">\r\n<div class=\"titularinferiorcinco\">\r\n<div class=\"icono\"><a href=\"\/pt\/funcoes\/contabilidade\/contabilidade-em-2-minutos\/\"><img alt=\"\u00edcone rel\u00f3gio\" src=\"\/images\/iconos\/reloj.png\" \/><\/a><\/div>\r\n<div class=\"hache6\"><a href=\"\/pt\/funcoes\/contabilidade\/contabilidade-em-2-minutos\/\">CONTABILIDADE EM 2 MINUTOS<\/a><\/div>\r\n<\/div>\r\n<div class=\"textoprimera\">Em somente 2 minutos, poder\u00e1 aprender a gestionar os projetos da sua empresa com a visualiza\u00e7\u00e3o de um video sobre nossa ferramenta de GIP.\r\n<div class=\"ir\"><a href=\"\/pt\/funcoes\/contabilidade\/contabilidade-em-2-minutos\/\">LEIA MAIS<\/a><\/div>\r\n<\/div>\r\n<\/div>\r\n<\/div>\r\n<div id=\"divisionestres\">\r\n<div class=\"primera\">\r\n<div class=\"titularinferiorcinco\">\r\n<div class=\"icono\"><a href=\"\/pt\/funcoes\/faturacao\/\"><img alt=\"\u00edcone fatura\u00e7\u00e3o\" src=\"\/images\/iconos\/gestion.png\" \/><\/a><\/div>\r\n<div class=\"hache6\"><a href=\"\/pt\/funcoes\/faturacao\/\">FATURA\u00c7\u00c3O<\/a><\/div>\r\n<\/div>\r\n<div class=\"textoprimera\">O programa de Fatura\u00e7\u00e3o MySaaSPlace \u00e9 um completo software que permite gestionar todas as atividades de uma empresa.\r\n<div class=\"irsiete\"><a href=\"\/pt\/funcoes\/faturacao\/\">LEIA MAIS<\/a><\/div>\r\n<\/div>\r\n<\/div>\r\n<div class=\"tercera\">\r\n<div class=\"titularinferiorcinco\">\r\n<div class=\"icono\"><a href=\"\/pt\/funcoes\/faturacao\/primeiros-passos-facturacao\/\"><img alt=\"\u00edcone passos\" src=\"\/images\/iconos\/pies.png\" \/><\/a><\/div>\r\n<div id=\"hache10\"><a href=\"\/pt\/funcoes\/faturacao\/primeiros-passos-facturacao\/\">PRIMEIROS PASSOS<\/a><\/div>\r\n<\/div>\r\n<div class=\"textoprimera\">Primeiros passos para usar a ferramenta GIP de MySaaSPlace. Aprende de maneira f\u00e1cil o manejo desta \u00fatil e simples ferramenta.\r\n<div class=\"ir\"><a href=\"\/pt\/funcoes\/faturacao\/primeiros-passos-facturacao\/\">LEIA MAIS<\/a><\/div>\r\n<\/div>\r\n<\/div>\r\n<div class=\"segunda\">\r\n<div id=\"titularinferiorseis\">\r\n<div class=\"icono\"><a href=\"\/pt\/funcoes\/faturacao\/faturacao-em-2-minutos\/\"><img alt=\"\u00edcone rel\u00f3gio\" src=\"\/images\/iconos\/reloj.png\" \/><\/a><\/div>\r\n<div class=\"hache5\"><a href=\"\/pt\/funcoes\/faturacao\/faturacao-em-2-minutos\/\">FATURA\u00c7\u00c3O EM 2 MINUTOS<\/a><\/div>\r\n<\/div>\r\n<div class=\"textoprimera\">Em somente 2 minutos, poder\u00e1 aprender a gestionar os projetos da sua empresa com a visualiza\u00e7\u00e3o de um video sobre nossa ferramenta de GIP.\r\n<div class=\"ir\"><a href=\"\/pt\/funcoes\/faturacao\/faturacao-em-2-minutos\/\">LEIA MAIS<\/a><\/div>\r\n<\/div>\r\n<\/div>\r\n<\/div>\r\n","protected":false},"excerpt":{"rendered":"<p>Fun\u00e7\u00f5es GEST\u00c3O DE PROJETOS O programa gest\u00e3o por Projetos de MySaaSPlace \u00e9 extremamente f\u00e1cil de manejar e pode usar-se de duas formas bem diferentes. Eleja a que mais lhe convenha. LEIA MAIS PRIMEIROS PASSOS Primeiros passos para usar a ferramenta GIP de MySaaSPlace. Aprende de maneira f\u00e1cil o manejo desta \u00fatil e simples ferramenta. LEIA [&hellip;]<\/p>\n","protected":false},"author":1,"featured_media":0,"parent":0,"menu_order":0,"comment_status":"closed","ping_status":"closed","template":"","meta":[],"_links":{"self":[{"href":"https:\/\/www.mysaasplace.com\/pt\/wp-json\/wp\/v2\/pages\/169"}],"collection":[{"href":"https:\/\/www.mysaasplace.com\/pt\/wp-json\/wp\/v2\/pages"}],"about":[{"href":"https:\/\/www.mysaasplace.com\/pt\/wp-json\/wp\/v2\/types\/page"}],"author":[{"embeddable":true,"href":"https:\/\/www.mysaasplace.com\/pt\/wp-json\/wp\/v2\/users\/1"}],"replies":[{"embeddable":true,"href":"https:\/\/www.mysaasplace.com\/pt\/wp-json\/wp\/v2\/comments?post=169"}],"version-history":[{"count":5,"href":"https:\/\/www.mysaasplace.com\/pt\/wp-json\/wp\/v2\/pages\/169\/revisions"}],"predecessor-version":[{"id":1792,"href":"https:\/\/www.mysaasplace.com\/pt\/wp-json\/wp\/v2\/pages\/169\/revisions\/1792"}],"wp:attachment":[{"href":"https:\/\/www.mysaasplace.com\/pt\/wp-json\/wp\/v2\/media?parent=169"}],"curies":[{"name":"wp","href":"https:\/\/api.w.org\/{rel}","templated":true}]}}