{"id":1620,"date":"2013-04-05T14:18:50","date_gmt":"2013-04-05T14:18:50","guid":{"rendered":"http:\/\/www.mysaasplace.com\/?page_id=1620"},"modified":"2013-04-25T16:07:44","modified_gmt":"2013-04-25T16:07:44","slug":"estimador","status":"publish","type":"page","link":"https:\/\/www.mysaasplace.com\/pt\/planos-e-precos\/estimador\/","title":{"rendered":"Estimador"},"content":{"rendered":"<h2>Estimador<\/h2>\r\n<div class=\"tabla_full_container tabla_calculadora\" style=\"margin:0;\">\r\n\t<table summary=\"Estimador\">\r\n\t\t<tbody>\r\n\t\t\t<tr id=\"servidores\">\r\n\t\t\t\t<td><span class=\"title\">Servidores<\/span><\/td>\r\n\t\t\t\t<td>\r\n\t\t\t\t\t<span class=\"supra\">N\u00famero<\/span>\r\n\t\t\t\t\t<span class=\"infra\"><input type=\"text\" value=\"1\"><\/span>\r\n\t\t\t\t<\/td>\r\n\t\t\t\t<td>\r\n\t\t\t\t\t<span class=\"supra\">Consumo<\/span>\r\n\t\t\t\t\t<span class=\"infra\"><input type=\"text\" value=\"200\"><\/span>\r\n\t\t\t\t<\/td>\r\n\t\t\t\t<td style=\"width:110px;\">\r\n\t\t\t\t\t<span class=\"supra\">Pre\u00e7o Kw\/hora<\/span>\r\n\t\t\t\t\t<span class=\"infra\"><input type=\"text\" value=\"0,025\"><\/span>\r\n\t\t\t\t<\/td>\r\n\t\t\t\t<td>\r\n\t\t\t\t\t<span class=\"supra\">Horas<\/span>\r\n\t\t\t\t\t<span class=\"infra-defined\">24<\/span>\r\n\t\t\t\t\t<input type=\"hidden\" value=\"24\" \/>\r\n\t\t\t\t<\/td>\r\n\t\t\t\t<td>\r\n\t\t\t\t\t<span class=\"supra\">Dias<\/span>\r\n\t\t\t\t\t<span class=\"infra-defined\">30<\/span>\r\n\t\t\t\t\t<input type=\"hidden\" value=\"30\" \/>\r\n\t\t\t\t<\/td>\r\n\t\t\t\t<td>\r\n\t\t\t\t\t<span class=\"supra\">M\u00eas<\/span>\r\n\t\t\t\t\t<span class=\"infra-defined\">12<\/span>\r\n\t\t\t\t\t<input type=\"hidden\" value=\"12\" \/>\r\n\t\t\t\t<\/td>\r\n\t\t\t\t<td><span class=\"precio-fila\" id=\"precio-servidores\">43.200\u20ac<\/span><\/td>\r\n\t\t\t<\/tr>\r\n\t\t\t<tr id=\"mantenimiento-servidores\">\r\n\t\t\t\t<td><span class=\"title\">Manuten\u00e7\u00e3o do Servidor<\/span><\/td>\r\n\t\t\t\t<td>\r\n\t\t\t\t\t<span class=\"supra\">N\u00famero<\/span>\r\n\t\t\t\t\t<span class=\"infra\"><input type=\"text\" value=\"1\"><\/span>\r\n\t\t\t\t<\/td>\r\n\t\t\t\t<td><\/td>\r\n\t\t\t\t<td>\r\n\t\t\t\t\t<span class=\"supra\">Custo Anual<\/span>\r\n\t\t\t\t\t<span class=\"infra\"><input type=\"text\" value=\"2000\"><\/span>\r\n\t\t\t\t<\/td>\r\n\t\t\t\t<td><\/td>\r\n\t\t\t\t<td><\/td>\r\n\t\t\t\t<td><\/td>\r\n\t\t\t\t<td><span class=\"precio-fila\" id=\"precio-mantenimiento-servidores\">2.000\u20ac<\/td>\r\n\t\t\t<\/tr>\r\n\t\t\t<tr id=\"licencias\">\r\n\t\t\t\t<td>\r\n\t\t\t\t\t<span class=\"title\">Licen\u00e7as de Servidor<\/span>\r\n\t\t\t\t\t<span class=\"subtitle\">(incluem custos clientes)<\/span>\r\n\t\t\t\t<\/td>\r\n\t\t\t\t<td>\r\n\t\t\t\t\t<span class=\"supra\">N\u00famero<\/span>\r\n\t\t\t\t\t<span class=\"infra\"><input type=\"text\" value=\"2\"><\/span>\r\n\t\t\t\t<\/td>\r\n\t\t\t\t<td><\/td>\r\n\t\t\t\t<td>\r\n\t\t\t\t\t<span class=\"supra\">Custo Anual<\/span>\r\n\t\t\t\t\t<span class=\"infra\"><input type=\"text\" value=\"2500\"><\/span>\r\n\t\t\t\t<\/td>\r\n\t\t\t\t<td><\/td>\r\n\t\t\t\t<td><\/td>\r\n\t\t\t\t<td><\/td>\r\n\t\t\t\t<td><span class=\"precio-fila\" id=\"precio-licencias\">5.000\u20ac<\/span><\/td>\r\n\t\t\t<\/tr>\r\n\t\t\t<tr id=\"mantenimiento-licencias\">\r\n\t\t\t\t<td><span class=\"title\">Manuten\u00e7\u00e3o da Aplica\u00e7\u00e3o Atual<\/span><\/td>\r\n\t\t\t\t<td>\r\n\t\t\t\t\t<span class=\"supra\">N\u00famero<\/span>\r\n\t\t\t\t\t<span class=\"infra\"><input type=\"text\" value=\"2\"><\/span>\r\n\t\t\t\t<\/td>\r\n\t\t\t\t<td><\/td>\r\n\t\t\t\t<td>\r\n\t\t\t\t\t<span class=\"supra\">Custo Anual<\/span>\r\n\t\t\t\t\t<span class=\"infra\"><input type=\"text\" value=\"300\"><\/span>\r\n\t\t\t\t<\/td>\r\n\t\t\t\t<td><\/td>\r\n\t\t\t\t<td><\/td>\r\n\t\t\t\t<td><\/td>\r\n\t\t\t\t<td><span class=\"precio-fila\" id=\"precio-mantenimiento-licencias\">600\u20ac<\/span><\/td>\r\n\t\t\t<\/tr>\r\n\t\t\t\t<td><span class=\"title\">Custo Total Solu\u00e7\u00e3o Atual<\/span><\/td>\r\n\t\t\t\t<td><\/td>\r\n\t\t\t\t<td><\/td>\r\n\t\t\t\t<td><\/td>\r\n\t\t\t\t<td><\/td>\r\n\t\t\t\t<td><\/td>\r\n\t\t\t\t<td><\/td>\r\n\t\t\t\t<td><strong><span class=\"precio-total\">50.800\u20ac<\/span><\/strong><\/td>\r\n\t\t\t<\/tr>\r\n\t\t<\/tbody>\r\n\t<\/table>\r\n<\/div>\r\n\r\n<div class=\"mensaje-informacion\">\r\nVoc\u00ea tem atualmente <span class=\"precio-total\">50.800\u20ac<\/span> para a compra de licen\u00e7as MySaaSPlace, S.L.\r\n<\/div>\r\n\r\n<input type=\"hidden\" id=\"dollar-euro\" value=\"\u20ac\" \/>\r\n\r\n<script type=\"text\/javascript\">\r\n$(document).ready(function() {\r\n\tinitCalculadora();\r\n});\r\n<\/script>","protected":false},"excerpt":{"rendered":"<p>Estimador Servidores N\u00famero Consumo Pre\u00e7o Kw\/hora Horas 24 Dias 30 M\u00eas 12 43.200\u20ac Manuten\u00e7\u00e3o do Servidor N\u00famero Custo Anual 2.000\u20ac Licen\u00e7as de Servidor (incluem custos clientes) N\u00famero Custo Anual 5.000\u20ac Manuten\u00e7\u00e3o da Aplica\u00e7\u00e3o Atual N\u00famero Custo Anual 600\u20ac Custo Total Solu\u00e7\u00e3o Atual 50.800\u20ac Voc\u00ea tem atualmente 50.800\u20ac para a compra de licen\u00e7as MySaaSPlace, S.L.<\/p>\n","protected":false},"author":1,"featured_media":0,"parent":619,"menu_order":1,"comment_status":"closed","ping_status":"closed","template":"","meta":[],"_links":{"self":[{"href":"https:\/\/www.mysaasplace.com\/pt\/wp-json\/wp\/v2\/pages\/1620"}],"collection":[{"href":"https:\/\/www.mysaasplace.com\/pt\/wp-json\/wp\/v2\/pages"}],"about":[{"href":"https:\/\/www.mysaasplace.com\/pt\/wp-json\/wp\/v2\/types\/page"}],"author":[{"embeddable":true,"href":"https:\/\/www.mysaasplace.com\/pt\/wp-json\/wp\/v2\/users\/1"}],"replies":[{"embeddable":true,"href":"https:\/\/www.mysaasplace.com\/pt\/wp-json\/wp\/v2\/comments?post=1620"}],"version-history":[{"count":7,"href":"https:\/\/www.mysaasplace.com\/pt\/wp-json\/wp\/v2\/pages\/1620\/revisions"}],"predecessor-version":[{"id":1872,"href":"https:\/\/www.mysaasplace.com\/pt\/wp-json\/wp\/v2\/pages\/1620\/revisions\/1872"}],"up":[{"embeddable":true,"href":"https:\/\/www.mysaasplace.com\/pt\/wp-json\/wp\/v2\/pages\/619"}],"wp:attachment":[{"href":"https:\/\/www.mysaasplace.com\/pt\/wp-json\/wp\/v2\/media?parent=1620"}],"curies":[{"name":"wp","href":"https:\/\/api.w.org\/{rel}","templated":true}]}}