{"id":1125,"date":"2013-02-22T17:22:59","date_gmt":"2013-02-22T17:22:59","guid":{"rendered":"http:\/\/www.mysaasplace.com\/?page_id=1125"},"modified":"2013-02-22T17:26:05","modified_gmt":"2013-02-22T17:26:05","slug":"presenca-na-midia","status":"publish","type":"page","link":"https:\/\/www.mysaasplace.com\/pt\/sala-de-imprensa\/presenca-na-midia\/","title":{"rendered":"Presen\u00e7a na M\u00eddia"},"content":{"rendered":"<h2>Presen\u00e7a na M\u00eddia<\/h2>\r\n<div class=\"tabla_container\" style=\"margin-top:0px;padding-top:0px;\">\r\n\t<table summary=\"windows phone\">\r\n\t\t<tbody>\r\n\t\t<tr>\r\n\t\t\t<td>\r\n\t\t\t\t<a href=\"http:\/\/www.lavanguardia.com\/20130130\/54362555355\/la-compania-guipzucoana-mysaasplace-crea-una-solucion-para-la-gestion-integrada-y-online-de-proyecto.html\" target=\"_blank\">\r\n\t\t\t\t\t<img class=\"logo-medio\" alt=\"la vanguardia\" src=\"\/images\/medios\/laVanguardia.jpg\">\r\n\t\t\t\t<\/a>\r\n\t\t\t<\/td>\r\n\t\t\t<td>\r\n\t\t\t\t<h3>La Vanguardia<\/h3>\r\n\t\t\t\t<a href=\"http:\/\/www.lavanguardia.com\/20130130\/54362555355\/la-compania-guipzucoana-mysaasplace-crea-una-solucion-para-la-gestion-integrada-y-online-de-proyecto.html\" target=\"_blank\">\r\n\t\t\t\t\tLa compa\u00f1\u00eda guipuzcoana MySaaSPlace crea una soluci\u00f3n para la gesti\u00f3n integrada y online de proyectos y negocios\r\n\t\t\t\t<\/a>\r\n\t\t\t<\/td>\r\n\t\t<\/tr>\r\n\t\t<tr>\r\n\t\t\t<td>\r\n\t\t\t\t<a href=\"http:\/\/www.cope.es\/player\/id=2013021517450001&#038;activo=4\" target=\"_blank\">\r\n\t\t\t\t\t<img class=\"logo-medio\" alt=\"cadena cope\" src=\"\/images\/medios\/cadenacope.png\">\r\n\t\t\t\t<\/a>\r\n\t\t\t<\/td>\r\n\t\t\t<td>\r\n\t\t\t\t<h3>Cadena Cope<\/h3>\r\n\t\t\t\t<ul>\r\n\t\t\t\t<li>\r\n\t\t\t\t<a href=\"http:\/\/www.cope.es\/player\/id=2013021517450001&#038;activo=4\" target=\"_blank\">\r\n\t\t\t\t\tEntrevista en el programa Cope 3D a Iosu Buenetxea\r\n\t\t\t\t<\/a>\r\n\t\t\t\t<\/li>\r\n\t\t\t\t<li>\r\n\t\t\t\t<a href=\"\/images\/medios\/MySaaSPlaceEntrevistaCope3D.mp3\" target=\"_blank\">\r\n\t\t\t\t\tEntrevista en el programa Cope 3D a Iosu Buenetxea (versi\u00f3n 2 minutos mp3)\r\n\t\t\t\t<\/a>\t\t\t\t\r\n\t\t\t\t<\/li>\r\n\t\t\t\t<\/ul>\r\n\t\t\t<\/td>\r\n\t\t<\/tr>\r\n\t\t<tr>\r\n\t\t\t<td>\r\n\t\t\t\t<a href=\"http:\/\/loogic.com\/mysaasplace-un-saas-gestion-de-proyectos-facturacion-y-contabilidad\/\" target=\"_blank\">\r\n\t\t\t\t\t<img class=\"logo-medio\" alt=\"loogic\" src=\"\/images\/medios\/loogic.jpg\">\r\n\t\t\t\t<\/a>\r\n\t\t\t<\/td>\r\n\t\t\t<td>\r\n\t\t\t\t<h3>Loogic<\/h3>\r\n\t\t\t\t<a href=\"http:\/\/loogic.com\/mysaasplace-un-saas-gestion-de-proyectos-facturacion-y-contabilidad\/\" target=\"_blank\">\r\n\t\t\t\t\tMySaaSPlace un SaaS gesti\u00f3n de proyectos, facturaci\u00f3n y contabilidad\r\n\t\t\t\t<\/a>\r\n\t\t\t<\/td>\r\n\t\t<\/tr>\r\n\r\n\t\t<tr>\r\n\t\t\t<td>\r\n\t\t\t\t<a href=\"http:\/\/cloud.ticbeat.com\/mysaasplacecom-lleva-beneficios-nube-gestion-empresarial\/\" target=\"_blank\">\r\n\t\t\t\t\t<img class=\"logo-medio\" alt=\"ticbeat\" src=\"\/images\/medios\/ticbeat.jpg\">\r\n\t\t\t\t<\/a>\r\n\t\t\t<\/td>\r\n\t\t\t<td>\r\n\t\t\t\t<h3>TICBeat<\/h3>\r\n\t\t\t\t<a href=\"http:\/\/cloud.ticbeat.com\/mysaasplacecom-lleva-beneficios-nube-gestion-empresarial\/\" target=\"_blank\">\r\n\t\t\t\t\tMySaaSPlace.com lleva los beneficios de la nube a la gesti\u00f3n empresarial\r\n\t\t\t\t<\/a>\r\n\t\t\t<\/td>\r\n\t\t<\/tr>\r\n\t\t\r\n\t\t<tr>\r\n\t\t\t<td>\r\n\t\t\t\t<a href=\"http:\/\/www.20minutos.es\/noticia\/1716494\/0\/\" target=\"_blank\">\r\n\t\t\t\t\t<img class=\"logo-medio\" alt=\"20minutos\" src=\"\/images\/medios\/20minutos.jpg\">\r\n\t\t\t\t<\/a>\r\n\t\t\t<\/td>\r\n\t\t\t<td>\r\n\t\t\t\t<h3>20minutos.es<\/h3>\r\n\t\t\t\t<a href=\"http:\/\/www.20minutos.es\/noticia\/1716494\/0\/\" target=\"_blank\">\r\n\t\t\t\t\tLa compa\u00f1\u00eda guipuzcoana MySaaSPlace crea una soluci\u00f3n para la gesti\u00f3n integrada y online de proyectos y negocios\r\n\t\t\t\t<\/a>\r\n\t\t\t<\/td>\r\n\t\t<\/tr>\r\n\t\t\r\n\t\t<tr>\r\n\t\t\t<td>\r\n\t\t\t\t<a href=\"http:\/\/www.finanzas.com\/noticias\/economia\/20130130\/compania-guipzucoana-mysaasplace-crea-1700827.html\" target=\"_blank\">\r\n\t\t\t\t\t<img class=\"logo-medio\" alt=\"finanzas.com\" src=\"\/images\/medios\/logo-finanzas-inversion.png\">\r\n\t\t\t\t<\/a>\r\n\t\t\t<\/td>\r\n\t\t\t<td>\r\n\t\t\t\t<h3>Finanzas.com<\/h3>\r\n\t\t\t\t<a href=\"http:\/\/www.finanzas.com\/noticias\/economia\/20130130\/compania-guipzucoana-mysaasplace-crea-1700827.html\" target=\"_blank\">\r\n\t\t\t\t\tLa compa\u00f1\u00eda guipuzcoana MySaaSPlace crea una soluci\u00f3n para la gesti\u00f3n integrada y online de proyectos y negocios\r\n\t\t\t\t<\/a>\r\n\t\t\t<\/td>\r\n\t\t<\/tr>\r\n\t\t\r\n\t\t<tr>\r\n\t\t\t<td>\r\n\t\t\t\t<a href=\"http:\/\/muycloud.com\/2013\/01\/31\/mysaasplace-ofrece-gestion-integrada-y-online-de-proyectos-y-negocios\/\" target=\"_blank\">\r\n\t\t\t\t\t<img class=\"logo-medio\" alt=\"muycloud\" src=\"\/images\/medios\/muycloud.jpg\">\r\n\t\t\t\t<\/a>\r\n\t\t\t<\/td>\r\n\t\t\t<td>\r\n\t\t\t\t<h3>MuyCloud<\/h3>\r\n\t\t\t\t<a href=\"http:\/\/muycloud.com\/2013\/01\/31\/mysaasplace-ofrece-gestion-integrada-y-online-de-proyectos-y-negocios\/\" target=\"_blank\">\r\n\t\t\t\t\tMySaaSPlace ofrece gesti\u00f3n integrada y online de proyectos y negocios\r\n\t\t\t\t<\/a>\r\n\t\t\t<\/td>\r\n\t\t<\/tr>\r\n\t\t\r\n\t\t<tr>\r\n\t\t\t<td>\r\n\t\t\t\t<a href=\"http:\/\/www.computing.es\/gestion\/noticias\/1065438001401\/mysaasplace-gestion-integrada-online.1.html\" target=\"_blank\">\r\n\t\t\t\t\t<img class=\"logo-medio\" alt=\"computing.es\" src=\"\/images\/medios\/computing.es.jpg\">\r\n\t\t\t\t<\/a>\r\n\t\t\t<\/td>\r\n\t\t\t<td>\r\n\t\t\t\t<h3>Computing.es<\/h3>\r\n\t\t\t\t<a href=\"http:\/\/www.computing.es\/gestion\/noticias\/1065438001401\/mysaasplace-gestion-integrada-online.1.html\" target=\"_blank\">\r\n\t\t\t\t\tMySaaSPlace: gesti\u00f3n integrada y online de proyectos y negocios\r\n\t\t\t\t<\/a>\r\n\t\t\t<\/td>\r\n\t\t<\/tr>\r\n\t\t\r\n\t\t<tr>\r\n\t\t\t<td>\r\n\t\t\t\t<a href=\"http:\/\/www.tecnologiapyme.com\/servicios-web\/mysaasplace-gestion-de-proyectos-contabilidad-y-facturacion-desde-la-nube-de-windows-azure\" target=\"_blank\">\r\n\t\t\t\t\t<img class=\"logo-medio\" alt=\"tecnologia pyme\" src=\"\/images\/medios\/tecnologia-pyme.jpg\">\r\n\t\t\t\t<\/a>\r\n\t\t\t<\/td>\r\n\t\t\t<td>\r\n\t\t\t\t<h3>Tecnolog\u00edaPyme<\/h3>\r\n\t\t\t\t<a href=\"http:\/\/www.tecnologiapyme.com\/servicios-web\/mysaasplace-gestion-de-proyectos-contabilidad-y-facturacion-desde-la-nube-de-windows-azure\" target=\"_blank\">\r\n\t\t\t\t\tMySaaSPlace, gesti\u00f3n de proyectos, contabilidad y facturaci\u00f3n desde la nube de Windows Azure\r\n\t\t\t\t<\/a>\r\n\t\t\t<\/td>\r\n\t\t<\/tr>\r\n\t\t<\/tbody>\r\n\t<\/table>\r\n<\/div>","protected":false},"excerpt":{"rendered":"<p>Presen\u00e7a na M\u00eddia La Vanguardia La compa\u00f1\u00eda guipuzcoana MySaaSPlace crea una soluci\u00f3n para la gesti\u00f3n integrada y online de proyectos y negocios Cadena Cope Entrevista en el programa Cope 3D a Iosu Buenetxea Entrevista en el programa Cope 3D a Iosu Buenetxea (versi\u00f3n 2 minutos mp3) Loogic MySaaSPlace un SaaS gesti\u00f3n de proyectos, facturaci\u00f3n y [&hellip;]<\/p>\n","protected":false},"author":1,"featured_media":0,"parent":360,"menu_order":0,"comment_status":"closed","ping_status":"closed","template":"","meta":[],"_links":{"self":[{"href":"https:\/\/www.mysaasplace.com\/pt\/wp-json\/wp\/v2\/pages\/1125"}],"collection":[{"href":"https:\/\/www.mysaasplace.com\/pt\/wp-json\/wp\/v2\/pages"}],"about":[{"href":"https:\/\/www.mysaasplace.com\/pt\/wp-json\/wp\/v2\/types\/page"}],"author":[{"embeddable":true,"href":"https:\/\/www.mysaasplace.com\/pt\/wp-json\/wp\/v2\/users\/1"}],"replies":[{"embeddable":true,"href":"https:\/\/www.mysaasplace.com\/pt\/wp-json\/wp\/v2\/comments?post=1125"}],"version-history":[{"count":2,"href":"https:\/\/www.mysaasplace.com\/pt\/wp-json\/wp\/v2\/pages\/1125\/revisions"}],"predecessor-version":[{"id":1127,"href":"https:\/\/www.mysaasplace.com\/pt\/wp-json\/wp\/v2\/pages\/1125\/revisions\/1127"}],"up":[{"embeddable":true,"href":"https:\/\/www.mysaasplace.com\/pt\/wp-json\/wp\/v2\/pages\/360"}],"wp:attachment":[{"href":"https:\/\/www.mysaasplace.com\/pt\/wp-json\/wp\/v2\/media?parent=1125"}],"curies":[{"name":"wp","href":"https:\/\/api.w.org\/{rel}","templated":true}]}}