{"id":67,"date":"2013-01-15T13:30:30","date_gmt":"2013-01-15T13:30:30","guid":{"rendered":"http:\/\/www.mysaasplace.com\/?page_id=67"},"modified":"2021-01-21T05:32:54","modified_gmt":"2021-01-21T05:32:54","slug":"facturacion","status":"publish","type":"page","link":"https:\/\/www.mysaasplace.com\/es\/funciones\/facturacion\/","title":{"rendered":"Facturaci\u00f3n"},"content":{"rendered":"<p><a id=\"subir\" name=\"subir\"><\/a><\/p><h2>Facturaci\u00f3n<\/h2><p>Ya no necesitar\u00e1s realizar complejas instalaciones en tu PC o servidor, ni pagar servicios de mantenimiento para obtener nuevas actualizaciones de tus programas Software . Con <a href=\"http:\/\/www.mysaasplace.com\"><strong>MySaaSPlace<\/strong><\/a> podr\u00e1s contratar una completa\u00a0<strong>Facturaci\u00f3n <\/strong>mediante el pago de una cuota anual o mensual, sin instalar programas, ni mantener servidores,todo a trav\u00e9s de Internet, desde PC\u00b4s, MACs o tel\u00e9fonos m\u00f3viles.<\/p><p>La\u00a0<strong>Facturaci\u00f3n de MySaaSPlace<\/strong> est\u00e1 dise\u00f1ada para facilitar al m\u00e1ximo las tareas de facturaci\u00f3n\u00a0y\u00a0se compone modularmente de:<\/p><ul><li>M\u00f3dulo de Facturaci\u00f3n.<\/li><li>M\u00f3dulo de Gesti\u00f3n Comercial<\/li><li>M\u00f3dulo de Ingenier\u00eda de Producto, Art\u00edculos.<\/li><li>M\u00f3dulo de Compras.<\/li><li>M\u00f3dulo de Gesti\u00f3n de Proveedores.<\/li><li>M\u00f3dulo de Gesti\u00f3n de Pedidos.<\/li><li>Integraci\u00f3n con\u00a0el <strong>GIP y la\u00a0Contabilidad de MySaaSPlace<\/strong>.<\/li><\/ul><p>Este conjunto funcional\u00a0supone un completo <strong>Programa de Facturaci\u00f3n<\/strong>, para su uso en peque\u00f1as medianas y grandes empresas.<\/p><p>Adem\u00e1s,<strong> MySaaSPlace<\/strong> permite la jerarquizaci\u00f3n de\u00a0los usuarios para que cada uno de ellos solo pueda tener acceso a aquellas partes del programa que el administrador de\u00a0tu empresa considere oportunas. De esta forma un usuario puede introducir clientes y no tener acceso a ninguna otra parte del programa mientras otros pueden realizar compras, sacar listados o ver informes\u00a0a medida\u00a0o obtenidos de plantillas est\u00e1ndar.<\/p><p>El <strong>Programa de Facturaci\u00f3n de\u00a0MySaaSPlace<\/strong> es compatible con la mayor\u00eda de los ERP del mercado (Navision, Axapta, etc.), ya que es capaz de exportar los datos de facturaci\u00f3n de tu empresa a ficheros *.csv mediante la interface de exportaci\u00f3n.<\/p><p>El <strong>Programa de Facturaci\u00f3n de\u00a0MySaaSPlace<\/strong> se adapta a las necesidades de tu negocio al 100%, tanto si\u00a0tienes unas pocas facturas cada mes como si son cientos o miles, y todo ello con una puesta en marcha inmediata en un entorno Web, algo que <strong>MySaaSPlace<\/strong> pone a tu disposici\u00f3n sin realizar inversiones, con una contrataci\u00f3n mensual o anual sin gastarte un solo Euro de m\u00e1s.<\/p>","protected":false},"excerpt":{"rendered":"<p>Facturaci\u00f3nYa no necesitar\u00e1s realizar complejas instalaciones en tu PC o servidor, ni pagar servicios de mantenimiento para obtener nuevas actualizaciones de tus programas Software . Con MySaaSPlace podr\u00e1s contratar una completa\u00a0Facturaci\u00f3n mediante el pago de una cuota anual o mensual, sin instalar programas, ni mantener servidores,todo a trav\u00e9s de Internet, desde PC\u00b4s, MACs o tel\u00e9fonos [&hellip;]<\/p>\n","protected":false},"author":1,"featured_media":144,"parent":14,"menu_order":3,"comment_status":"closed","ping_status":"closed","template":"","meta":[],"_links":{"self":[{"href":"https:\/\/www.mysaasplace.com\/es\/wp-json\/wp\/v2\/pages\/67"}],"collection":[{"href":"https:\/\/www.mysaasplace.com\/es\/wp-json\/wp\/v2\/pages"}],"about":[{"href":"https:\/\/www.mysaasplace.com\/es\/wp-json\/wp\/v2\/types\/page"}],"author":[{"embeddable":true,"href":"https:\/\/www.mysaasplace.com\/es\/wp-json\/wp\/v2\/users\/1"}],"replies":[{"embeddable":true,"href":"https:\/\/www.mysaasplace.com\/es\/wp-json\/wp\/v2\/comments?post=67"}],"version-history":[{"count":23,"href":"https:\/\/www.mysaasplace.com\/es\/wp-json\/wp\/v2\/pages\/67\/revisions"}],"predecessor-version":[{"id":2142,"href":"https:\/\/www.mysaasplace.com\/es\/wp-json\/wp\/v2\/pages\/67\/revisions\/2142"}],"up":[{"embeddable":true,"href":"https:\/\/www.mysaasplace.com\/es\/wp-json\/wp\/v2\/pages\/14"}],"wp:featuredmedia":[{"embeddable":true,"href":"https:\/\/www.mysaasplace.com\/es\/wp-json\/wp\/v2\/media\/144"}],"wp:attachment":[{"href":"https:\/\/www.mysaasplace.com\/es\/wp-json\/wp\/v2\/media?parent=67"}],"curies":[{"name":"wp","href":"https:\/\/api.w.org\/{rel}","templated":true}]}}