{"id":660,"date":"2013-01-22T15:18:42","date_gmt":"2013-01-22T15:18:42","guid":{"rendered":"http:\/\/www.mysaasplace.com\/?page_id=660"},"modified":"2013-04-09T08:33:18","modified_gmt":"2013-04-09T08:33:18","slug":"videos-y-manuales","status":"publish","type":"page","link":"https:\/\/www.mysaasplace.com\/es\/videos-y-manuales\/","title":{"rendered":"V\u00eddeos y Manuales"},"content":{"rendered":"\r\n<h2>V\u00eddeo y Manuales de MySaaSPlace<\/h2>\r\n<p>Para la comodidad de nuestros clientes, hemos resumido en tres videos las funciones m\u00e1s importantes de <a href=\"http:\/\/www.mysaasplace.com\"><strong>MySaaSPlace<\/strong><\/a>:<\/p>\r\n<div class=\"ir\"><a href=\"\/es\/videos-y-manuales\/video-gestion-proyectos\/\">GESTI\u00d3N INTEGRADA DE PROYECTOS<\/a><\/div>\r\n<p>&nbsp;<\/p>\r\n<div class=\"ir\"><a href=\"\/es\/videos-y-manuales\/video-contabilidad\/\">CONTABILIDAD<\/a><\/div>\r\n<p>&nbsp;<\/p>\r\n<div class=\"ir\"><a href=\"\/es\/videos-y-manuales\/video-facturacion\/\">FACTURACI\u00d3N<\/a><\/div>\r\n<p>&nbsp;<\/p>\r\n<p>No olvides que disponse de hasta cinco formas diferentes de obtener ayuda en cualquiera de los <strong>Programas de MySaaSPlace<\/strong>. No obstante, si lo deseass puede realizar tu consulta, opini\u00f3n o sugerencia, a trav\u00e9s del <strong><a href=\"\/es\/contacto\/\">formulario de contacto.<\/a><\/strong><\/p>\r\n","protected":false},"excerpt":{"rendered":"<p>V\u00eddeo y Manuales de MySaaSPlace Para la comodidad de nuestros clientes, hemos resumido en tres videos las funciones m\u00e1s importantes de MySaaSPlace: GESTI\u00d3N INTEGRADA DE PROYECTOS &nbsp; CONTABILIDAD &nbsp; FACTURACI\u00d3N &nbsp; No olvides que disponse de hasta cinco formas diferentes de obtener ayuda en cualquiera de los Programas de MySaaSPlace. No obstante, si lo deseass [&hellip;]<\/p>\n","protected":false},"author":1,"featured_media":0,"parent":0,"menu_order":0,"comment_status":"closed","ping_status":"closed","template":"","meta":[],"_links":{"self":[{"href":"https:\/\/www.mysaasplace.com\/es\/wp-json\/wp\/v2\/pages\/660"}],"collection":[{"href":"https:\/\/www.mysaasplace.com\/es\/wp-json\/wp\/v2\/pages"}],"about":[{"href":"https:\/\/www.mysaasplace.com\/es\/wp-json\/wp\/v2\/types\/page"}],"author":[{"embeddable":true,"href":"https:\/\/www.mysaasplace.com\/es\/wp-json\/wp\/v2\/users\/1"}],"replies":[{"embeddable":true,"href":"https:\/\/www.mysaasplace.com\/es\/wp-json\/wp\/v2\/comments?post=660"}],"version-history":[{"count":14,"href":"https:\/\/www.mysaasplace.com\/es\/wp-json\/wp\/v2\/pages\/660\/revisions"}],"predecessor-version":[{"id":1416,"href":"https:\/\/www.mysaasplace.com\/es\/wp-json\/wp\/v2\/pages\/660\/revisions\/1416"}],"wp:attachment":[{"href":"https:\/\/www.mysaasplace.com\/es\/wp-json\/wp\/v2\/media?parent=660"}],"curies":[{"name":"wp","href":"https:\/\/api.w.org\/{rel}","templated":true}]}}