{"id":633,"date":"2013-01-22T13:12:42","date_gmt":"2013-01-22T13:12:42","guid":{"rendered":"http:\/\/www.mysaasplace.com\/?page_id=633"},"modified":"2013-02-01T11:12:58","modified_gmt":"2013-02-01T11:12:58","slug":"asesorias","status":"publish","type":"page","link":"https:\/\/www.mysaasplace.com\/es\/soluciones\/asesorias\/","title":{"rendered":"Gesti\u00f3n de Asesor\u00edas"},"content":{"rendered":"<!-- El texto y la estructura es igual en funciones -->\r\n<h2>Funciones para la Gesti\u00f3n de Asesor\u00edas<\/h2>\r\n<div id=\"divisionesdos\">\r\n<div class=\"primera\">\r\n<div class=\"titularinferiorcinco\">\r\n<div class=\"icono\"><a href=\"\/es\/funciones\/contabilidad\/\"><img alt=\"gesti\u00f3n de asesor\u00edas\" src=\"\/images\/iconos\/contabilidad.png\" \/><\/a><\/div>\r\n<div id=\"hache5\"><a href=\"\/es\/funciones\/contabilidad\/\">CONTABILIDAD<\/a><\/div>\r\n<\/div>\r\n<div class=\"textoprimera\">El <strong>programa de contabilidad<\/strong> de <strong>MySaaSPlace<\/strong> es s\u00famamente sencillo de manejar y puede usarse de dos formas bien distintas. Elije la que m\u00e1s te convenga.\r\n<div class=\"ir\"><a href=\"\/es\/funciones\/contabilidad\/\">M\u00c1S INFORMACI\u00d3N<\/a><\/div>\r\n<\/div>\r\n<\/div>\r\n<div class=\"segunda\">\r\n<div class=\"titularinferiorcinco\">\r\n<div class=\"icono\"><a href=\"\/es\/funciones\/contabilidad\/sobre-contabilidad\/\"><img alt=\"gesti\u00f3n de asesor\u00edas\" src=\"\/images\/iconos\/pies.png\" \/><\/a><\/div>\r\n<div class=\"hache6\"><a href=\"\/es\/funciones\/contabilidad\/sobre-contabilidad\/\">PRIMEROS PASOS<\/a><\/div>\r\n<\/div>\r\n<div class=\"textoprimera\">Primeros pasos para usar la herramienta de <strong>contabilidad<\/strong> de MySaaSPlace. Aprende de manera f\u00e1cil el manejo de esta \u00fatil y sencilla herramienta.\r\n<div class=\"ir\"><a href=\"\/es\/funciones\/contabilidad\/sobre-contabilidad\/\">M\u00c1S INFORMACI\u00d3N<\/a><\/div>\r\n<\/div>\r\n<\/div>\r\n<div class=\"tercera\">\r\n<div class=\"titularinferiorcinco\">\r\n<div class=\"icono\"><a href=\"\/es\/funciones\/contabilidad\/contabilidad-en-2-minutos\/\"><img alt=\"icono reloj\" src=\"\/images\/iconos\/reloj.png\" \/><\/a><\/div>\r\n<div class=\"hache6\"><a href=\"\/es\/funciones\/contabilidad\/contabilidad-en-2-minutos\/\">CONTABILIDAD EN 2 MINUTOS<\/a><\/div>\r\n<\/div>\r\n<div class=\"textoprimera\">En tan solo 2 minutos, podr\u00e1s aprender a gestionar\u00a0 la <strong>contabilidad de tu empresa<\/strong> con la visualizaci\u00f3n de un video sobre nuestra herramienta de <strong>contabilidad<\/strong>.\r\n<div class=\"ir\"><a href=\"\/es\/funciones\/contabilidad\/contabilidad-en-2-minutos\/\">M\u00c1S INFORMACI\u00d3N<\/a><\/div>\r\n<\/div>\r\n<\/div>\r\n<\/div>\r\n<div id=\"divisionestres\">\r\n<div class=\"primera\">\r\n<div class=\"titularinferiorcinco\">\r\n<div class=\"icono\"><a href=\"\/es\/funciones\/facturacion\/\"><img alt=\"icono gestion\" src=\"\/images\/iconos\/gestion.png\" \/><\/a><\/div>\r\n<div class=\"hache6\"><a href=\"\/es\/funciones\/facturacion\/\">FACTURACI\u00d3N<\/a><\/div>\r\n<\/div>\r\n<div class=\"textoprimera\">El <strong>programa de facturaci\u00f3n<\/strong> MySaaSPlace es un completo software que permite gestionar las actividades comerciales\u00a0de una empresa.\r\n<div class=\"irsiete\"><a href=\"\/es\/funciones\/facturacion\/\">M\u00c1S INFORMACI\u00d3N<\/a><\/div>\r\n<\/div>\r\n<\/div>\r\n<div class=\"tercera\">\r\n<div class=\"titularinferiorcinco\">\r\n<div class=\"icono\"><a href=\"\/es\/funciones\/facturacion\/primeros-pasos-facturacion\/\"><img alt=\"icono pies\" src=\"\/images\/iconos\/pies.png\" \/><\/a><\/div>\r\n<div id=\"hache10\"><a href=\"\/es\/funciones\/facturacion\/primeros-pasos-facturacion\/\">PRIMEROS PASOS<\/a><\/div>\r\n<\/div>\r\n<div class=\"textoprimera\">Primeros pasos para usar la <strong>herramienta de facturaci\u00f3n<\/strong> de <strong>MySaaSPlace<\/strong>. Aprende de manera f\u00e1cil el manejo de esta \u00fatil y sencilla herramienta.\r\n<div class=\"ir\"><a href=\"\/es\/funciones\/facturacion\/primeros-pasos-facturacion\/\">M\u00c1S INFORMACI\u00d3N<\/a><\/div>\r\n<\/div>\r\n<\/div>\r\n<div class=\"segunda\">\r\n<div id=\"titularinferiorseis\">\r\n<div class=\"icono\"><a href=\"\/es\/funciones\/facturacion\/facturacion-en-2-minutos\/\"><img alt=\"icono reloj\" src=\"\/images\/iconos\/reloj.png\" \/><\/a><\/div>\r\n<div class=\"hache5\"><a href=\"\/es\/funciones\/facturacion\/facturacion-en-2-minutos\/\">FACTURACI\u00d3N EN 2 MINUTOS<\/a><\/div>\r\n<\/div>\r\n<div class=\"textoprimera\">En tan solo 2 minutos, podr\u00e1s gestionar totalmente la <strong>facturaci\u00f3n de tu empresa<\/strong> con nuestra herramienta de <strong>facturaci\u00f3n.<\/strong>\r\n<div class=\"ir\"><a href=\"\/es\/funciones\/facturacion\/facturacion-en-2-minutos\/\">M\u00c1S INFORMACI\u00d3N<\/a><\/div>\r\n<\/div>\r\n<\/div>\r\n<\/div>","protected":false},"excerpt":{"rendered":"<p>Funciones para la Gesti\u00f3n de Asesor\u00edas CONTABILIDAD El programa de contabilidad de MySaaSPlace es s\u00famamente sencillo de manejar y puede usarse de dos formas bien distintas. Elije la que m\u00e1s te convenga. M\u00c1S INFORMACI\u00d3N PRIMEROS PASOS Primeros pasos para usar la herramienta de contabilidad de MySaaSPlace. Aprende de manera f\u00e1cil el manejo de esta \u00fatil [&hellip;]<\/p>\n","protected":false},"author":1,"featured_media":153,"parent":943,"menu_order":4,"comment_status":"closed","ping_status":"closed","template":"","meta":[],"_links":{"self":[{"href":"https:\/\/www.mysaasplace.com\/es\/wp-json\/wp\/v2\/pages\/633"}],"collection":[{"href":"https:\/\/www.mysaasplace.com\/es\/wp-json\/wp\/v2\/pages"}],"about":[{"href":"https:\/\/www.mysaasplace.com\/es\/wp-json\/wp\/v2\/types\/page"}],"author":[{"embeddable":true,"href":"https:\/\/www.mysaasplace.com\/es\/wp-json\/wp\/v2\/users\/1"}],"replies":[{"embeddable":true,"href":"https:\/\/www.mysaasplace.com\/es\/wp-json\/wp\/v2\/comments?post=633"}],"version-history":[{"count":15,"href":"https:\/\/www.mysaasplace.com\/es\/wp-json\/wp\/v2\/pages\/633\/revisions"}],"predecessor-version":[{"id":1034,"href":"https:\/\/www.mysaasplace.com\/es\/wp-json\/wp\/v2\/pages\/633\/revisions\/1034"}],"up":[{"embeddable":true,"href":"https:\/\/www.mysaasplace.com\/es\/wp-json\/wp\/v2\/pages\/943"}],"wp:featuredmedia":[{"embeddable":true,"href":"https:\/\/www.mysaasplace.com\/es\/wp-json\/wp\/v2\/media\/153"}],"wp:attachment":[{"href":"https:\/\/www.mysaasplace.com\/es\/wp-json\/wp\/v2\/media?parent=633"}],"curies":[{"name":"wp","href":"https:\/\/api.w.org\/{rel}","templated":true}]}}