{"id":61,"date":"2013-01-15T13:11:18","date_gmt":"2013-01-15T13:11:18","guid":{"rendered":"http:\/\/www.mysaasplace.com\/?page_id=61"},"modified":"2013-03-12T23:29:07","modified_gmt":"2013-03-12T23:29:07","slug":"faqs-contabilidad","status":"publish","type":"page","link":"https:\/\/www.mysaasplace.com\/es\/faqs\/faqs-contabilidad\/","title":{"rendered":"FAQS Contabilidad"},"content":{"rendered":"\r\n<h2><a id=\"subir\" name=\"subir\"><\/a>Preguntas Frecuentes sobre Contabilidad<\/h2>\r\n<p><a href=\"#pagoogratuito\">1. Diferencia entre modo gratuito\u00a0y de pago<\/a><br \/> <a href=\"#asesor\">2. \u00bfMi Asesor contable tiene acceso a mi contabilidad&#8230;?<\/a><br \/> <a href=\"#modificar\">3. \u00bfPuedo modificar el Plan General Contable cargado por MySaaSPlace&#8230;?<\/a><\/p>\r\n<h2><a id=\"pagoogratuito\" name=\"pagoogratuito\"><\/a>1. Diferencia entre modo gratuito\u00a0y de pago<\/h2>\r\n<p>Las diferencias entre la <a href=\"http:\/\/www.mysaasplace.com\/es\/funciones\/contabilidad\/\" target=\"_blank\"><strong>Contabilidad<\/strong><\/a> de <a href=\"http:\/\/www.mysaasplace.com\"><strong>MySaaSPlace<\/strong><\/a> en la modalidad gratuita y de pago son:<\/p>\r\n<p>A) La modalidad gratuita no dispone del m\u00f3dulo de inserci\u00f3n de asientos manuales, y\u00a0la inserci\u00f3n de asientos\u00a0se realiza \u00fanicamente desde el\u00a0<a href=\"http:\/\/www.mysaasplace.com\/es\/funciones\/facturacion\/\" target=\"_blank\"><strong>Programa de Facturaci\u00f3n<\/strong><\/a>, en proveedores para los asientos de proveedores y en clientes para los asientos de clientes. Si contrata lalguno de los <a href=\"http:\/\/www.mysaasplace.com\/es\/planes-y-precios\/\" target=\"_blank\"><strong>Planes de\u00a0Pago<\/strong><\/a>\u00a0, se\u00a0tendr\u00e1 accesible una pantalla que permitir\u00e1 la introducci\u00f3n manual de asientos adicionalmente a la forma de introducci\u00f3n de asientos autom\u00e1tica\u00a0que le permite la modalidad gratuita.<\/p>\r\n<p>B) Ninguno de los <a href=\"http:\/\/www.mysaasplace.com\"><strong>Programas de MySaaSPlace<\/strong><\/a> en su modalidad gratuita permiten crear usuarios adicionales al primer usuario (Administrador) que se\u00a0habilita con dicha modalidad. Solo cuando se accede a cualquiera de\u00a0los <strong>Planes de Pago<\/strong>\u00a0es posible contratar usuarios adicionales al sistema y configurar su perfil de acceso.<\/p>\r\n<p>El resto de funciones se mantienen intactas y\u00a0puedes utilizar, de forma gratuita,\u00a0un <a href=\"http:\/\/www.mysaasplace.com\/es\/funciones\/contabilidad\/\" target=\"_blank\"><strong>Programa de Contabilidad<\/strong><\/a> de altas prestaciones. <br \/><a href=\"#subir\">Subir<\/a><\/p>\r\n<h2><a id=\"asesor\" name=\"asesor\"><\/a>2. \u00bfMi Asesor contable tiene acceso a mi contabilidad&#8230;?<\/h2>\r\n<p>Si, pero\u00a0solo si tu quieres. De hecho esta es una de las caracter\u00edsticas m\u00e1s potentes del servicio de <a href=\"http:\/\/www.mysaasplace.com\"><strong>MySaaSPlace<\/strong><\/a>, ya que puedes crear un nuevo usuario invitado\u00a0y asignarlo a cualquiera de los <strong>Programas de Gesti\u00f3n\u00a0<\/strong>que tengas. Este nuevo usario puede ser tu asesor fiscal o contable, o cualquier otro.<\/p>\r\n<p>Por ejemplo, si quieres darle acceso, a tu asesor contable, a\u00a0tu <a href=\"http:\/\/www.mysaasplace.com\/es\/funciones\/contabilidad\/\" target=\"_blank\"><strong>Programa de Contabilidad<\/strong><\/a>\u00a0para que vea\u00a0los balances y listados, pero no quieres que\u00a0tenga acceso al resto de programas o funciones, puedes hacerlo creando una invitaci\u00f3n para tu contable. Una vez creada la invitaci\u00f3n, <strong>MySaaSPlace<\/strong> le enviar\u00e1n , al invitado,\u00a0un correo electr\u00f3nico para que acepte dicha invitaci\u00f3n y cuando la acepte,\u00a0 tendr\u00e1 acceso a los programas y funciones que hayas definido previamente en\u00a0la invitaci\u00f3n.<\/p>\r\n<p>Como eres el administrador de tu empresa, siempre tienes\u00a0la posibilidad de dar de baja a un usuario cuando quieras o de darle o quitarle permisos, etc. La gesti\u00f3n de usuarios de <strong>MySaaSPlace<\/strong> dispone de una funcionalidad muy completa y del control de los usuarios\u00a0en todos tus <strong>Programas de Gesti\u00f3n<\/strong>. <br \/><a href=\"#subir\">Subir<\/a><\/p>\r\n<h2><a id=\"modificar\" name=\"modificar\"><\/a>3. \u00bfPuedo modificar el Plan General Contable cargado por <a href=\"http:\/\/www.mysaasplace.com\">MySaaSPlace<\/a>&#8230;?<\/h2>\r\n<p>S\u00ed, una vez cargado el <strong>Plan General Contable<\/strong> cuando\u00a0escojas la Hacienda o Departamento Fiscal que corresponde a tu regi\u00f3n o Pa\u00eds, podr\u00e1s modificarlo, a\u00f1adiendo, borrando o modificando cuentas a tu gusto. La carga del <strong>Plan General Contable<\/strong> inicial se hace para simplificarte. la inserci\u00f3n de todas las cuentas desde el principio.<\/p>\r\n<p>La recomendaci\u00f3n de <a href=\"http:\/\/www.mysaasplace.com\"><strong>MySaaSPlace<\/strong><\/a> es que\u00a0no borres ni modifiques cuentas del <strong>Plan General Contable<\/strong>, pero si lo necesitas, te damos todas las herramientas para que puedas hacerlo de una forma r\u00e1pida y sencilla.\u00a0<br \/><a href=\"#subir\">Subir<\/a><\/p>\r\n","protected":false},"excerpt":{"rendered":"<p>Preguntas Frecuentes sobre Contabilidad 1. Diferencia entre modo gratuito\u00a0y de pago 2. \u00bfMi Asesor contable tiene acceso a mi contabilidad&#8230;? 3. \u00bfPuedo modificar el Plan General Contable cargado por MySaaSPlace&#8230;? 1. Diferencia entre modo gratuito\u00a0y de pago Las diferencias entre la Contabilidad de MySaaSPlace en la modalidad gratuita y de pago son: A) La modalidad [&hellip;]<\/p>\n","protected":false},"author":1,"featured_media":138,"parent":563,"menu_order":4,"comment_status":"closed","ping_status":"closed","template":"","meta":[],"_links":{"self":[{"href":"https:\/\/www.mysaasplace.com\/es\/wp-json\/wp\/v2\/pages\/61"}],"collection":[{"href":"https:\/\/www.mysaasplace.com\/es\/wp-json\/wp\/v2\/pages"}],"about":[{"href":"https:\/\/www.mysaasplace.com\/es\/wp-json\/wp\/v2\/types\/page"}],"author":[{"embeddable":true,"href":"https:\/\/www.mysaasplace.com\/es\/wp-json\/wp\/v2\/users\/1"}],"replies":[{"embeddable":true,"href":"https:\/\/www.mysaasplace.com\/es\/wp-json\/wp\/v2\/comments?post=61"}],"version-history":[{"count":20,"href":"https:\/\/www.mysaasplace.com\/es\/wp-json\/wp\/v2\/pages\/61\/revisions"}],"predecessor-version":[{"id":64,"href":"https:\/\/www.mysaasplace.com\/es\/wp-json\/wp\/v2\/pages\/61\/revisions\/64"}],"up":[{"embeddable":true,"href":"https:\/\/www.mysaasplace.com\/es\/wp-json\/wp\/v2\/pages\/563"}],"wp:featuredmedia":[{"embeddable":true,"href":"https:\/\/www.mysaasplace.com\/es\/wp-json\/wp\/v2\/media\/138"}],"wp:attachment":[{"href":"https:\/\/www.mysaasplace.com\/es\/wp-json\/wp\/v2\/media?parent=61"}],"curies":[{"name":"wp","href":"https:\/\/api.w.org\/{rel}","templated":true}]}}