{"id":580,"date":"2013-01-22T09:46:45","date_gmt":"2013-01-22T09:46:45","guid":{"rendered":"http:\/\/www.mysaasplace.com\/?page_id=580"},"modified":"2013-03-11T15:39:43","modified_gmt":"2013-03-11T15:39:43","slug":"faqs-consultas-generales","status":"publish","type":"page","link":"https:\/\/www.mysaasplace.com\/es\/faqs\/faqs-consultas-generales\/","title":{"rendered":"FAQs Consultas Generales"},"content":{"rendered":"<p><a id=\"subir\" name=\"subir\"><\/a><\/p>\r\n<h2>Consultas Generales del Servicio <a href=\"http:\/\/www.mysaasplace.com\" target=\"_blank\">MySaaSPlace<\/a><\/h2>\r\n<p><a href=\"#altabaja\">1. Alta o Baja en MySaaSPlace \u00bfEs gratis&#8230;?<\/a><br \/> <a href=\"#proceso\">2. Proceso de Alta en MySaaSPlace <\/a><br \/> <a href=\"#usuarios\">3. Gesti\u00f3n de Usuarios<\/a><br \/> <a href=\"#facturacion\">4. Periodos de Facturaci\u00f3n<\/a><br \/> <a href=\"#factura\">5. \u00bfC\u00f3mo me factura MySaaSPlace&#8230;?<\/a><br \/> <a href=\"#darsedebaja\">6. \u00bfPuedo darme de baja cuando quiera&#8230;?<\/a><br \/> <a href=\"#datosempresa\">7. \u00bfDonde est\u00e1n los datos de mi empresa&#8230;?<\/a><br \/> <a href=\"#disponer\">8. \u00bfPuedo disponer de mis datos cuando yo quiera&#8230;?<\/a><br \/> <a href=\"#quesucede\">9. \u00bfSi me doy de baja, que sucede con mis datos&#8230;?<\/a><br \/> <a href=\"#importar\">10. Quiero importar mis datos de otro programa a MySaaSPlace<\/a><br \/> <a href=\"#configurar\">11. \u00bfPuedo configurar la p\u00e1gina de inicio&#8230;? <\/a><br \/> <a href=\"#contrasena\">12. Como recuperar mi contrase\u00f1a<\/a><\/p>\r\n<p><a id=\"altabaja\" name=\"altabaja\"><\/a><\/p>\r\n<h2>1. Alta o Baja en MySaaSPlace \u00bfEs gratis&#8230;?<\/h2>\r\n<p>Darse de alta en <strong><a href=\"http:\/\/www.mysaasplace.com\">MySaaSPlace<\/a><\/strong> y utilizarlo es totalmente gratuito. Cuando\u00a0te des alta en <strong>MySaaSPlace<\/strong> acceder\u00e1s directamente a todos los <strong>Programas de MySaaSPlace<\/strong> en la modalidad gratuita o <a href=\"http:\/\/www.mysaasplace.com\/es\/planes-y-precios\/\"><strong>Plan Free<\/strong><\/a>. Tanto es as\u00ed que para poder contratar\u00a0cualquiera de los planes de pago es necesario esatr dado de alta en el servicio gratuito de <strong>MySaaSPlace<\/strong>. Solo cuando decidas contratar alguno de los Planes de Pago\u00a0te pediremos\u00a0que rellenes los datos de pago de tu empresa.<\/p>\r\n<p>Para darse de Baja de <strong>MySaaSPlace,<\/strong> de cualquiera de sus modalidades (incluso de la gratuita), podr\u00e1s hacerlo desde el men\u00fa \u00abConfiguraci\u00f3n\u00bb dentro del Sistema. <br \/><a href=\"#subir\">Subir<\/a><\/p>\r\n<p><a id=\"proceso\" name=\"proceso\"><\/a><\/p>\r\n<h2>2. Proceso de Alta en MySaaSPlace<\/h2>\r\n<p>Darse de alta en <a href=\"http:\/\/www.mysaasplace.com\"><strong>MySaaSPlace<\/strong><\/a> es sumamente sencillo, pulsa sobre el recuadro de la derecha ubicado en la p\u00e1gina principal \u00ab<a href=\"https:\/\/azure.mysaasplace.com\/Account\/Register.aspx\" target=\"_blank\"><strong>ALTA GRATUITA<\/strong><\/a>\u00bb y te aparecer\u00e1 un sencillo formulario configurado bajo protocolo \u00abSeguro\u00bb (https&#8230;). Cuando lo rellenes, <strong>MySaaSPlace<\/strong>\u00a0te devolver\u00e1 una p\u00e1gina de bienvenida y adem\u00e1s te enviar\u00e1 un correo electr\u00f3nico a la cuenta que nos hayas indicado al rellenar el formulario.\u00a0Abre tu cuenta de correo y ver\u00e1s que dicho mensaje de correo electr\u00f3nico contendr\u00e1 un enlace (Link) que deber\u00e1s de clickar para activar\u00a0tu cuenta <strong>MySaaSPlace<\/strong>\u00a0de forma definitiva.<\/p>\r\n<p>Una vez pulsado y por tanto confirmada tu alta en <strong>MySaaSPlace<\/strong>, el sistema te permitir\u00e1 entrar, mediante tu correo electr\u00f3nico y la clave,\u00a0y configurar tu empresa para poder acceder a los <strong>Programas de Gesti\u00f3n de\u00a0MySaaSPlace<\/strong> de forma gratuita.<\/p>\r\n<p>Si no recibieras el correo que el sistema te env\u00eda, revisa la\u00a0bandeja Anti Spam (o Correo no deseado), si el mensaje de correo de <strong>MySaaSPlace<\/strong> hubiera entrado como SPAM en tu buz\u00f3n, te aconsejamos que habilites en tu sistema Anti Spam el dominio @mysaasplace.com como dominio amigo en tus listas blancas ya que el correo electr\u00f3nico es el medio preferido a trav\u00e9s del cual <strong>MySaaSPlace<\/strong> contactar\u00e1 contigo para posteriores acciones. <br \/><a href=\"#subir\">Subir<\/a><\/p>\r\n<p><a id=\"usuarios\" name=\"usuarios\"><\/a><\/p>\r\n<h2>3. Gesti\u00f3n de Usuarios<\/h2>\r\n<p>Cuando realizas el alta en <a href=\"http:\/\/www.mysaasplace.com\" target=\"_blank\"><strong>MySaaSPlace<\/strong> <\/a>el sistema genera el primer usuario de tu empresa. Este primer usuario ser\u00e1 el usuario Administrador que tendr\u00e1 la facultad de administrar el 100% de las caracter\u00edsticas de\u00a0la empresa y acceso a toda la funcionalidad. Desde el usuario Administrador podr\u00e1s configurar todos los par\u00e1metros relativos a\u00a0la empresa.<\/p>\r\n<p>Adicionalmente, el usuario Administrador podr\u00e1 invitar a nuevos usuarios a sus aplicaciones, tantos como desee (en la modalidad gratuita solo puede existir el usuario Administrador y ning\u00fan otro). De esta forma, si dispones de un Plan de Pago (cualquiera de ellos) tendr\u00e1 la posibilidad de invitar a nuevos usuarios los cuales tendr\u00e1n acceso a tus aplicaciones en <strong>MySaaSPlac<\/strong>e.<\/p>\r\n<p>Si deseas configurar los derechos de cada usuario, restringi\u00e9ndoles el acceso a determinadas partes o funciones de tus aplicaciones, lo\u00a0podr\u00e1s hacer configurando el perfil de cada usuario en\u00a0el men\u00fa\u00a0\u00abConfiguraci\u00f3n\u00bb dentro del sistema. <br \/><a href=\"#subir\">Subir<\/a><\/p>\r\n<p><a id=\"facturacion\" name=\"facturacion\"><\/a><\/p>\r\n<h2>4. Periodos de Facturaci\u00f3n<\/h2>\r\n<p>Para\u00a0contratar alguna de las modalidades de pago en <a href=\"http:\/\/www.mysaasplace.com\"><strong>MySaaSPlace,<\/strong><\/a> deber\u00e1s dirigirte al men\u00fa \u00abConfiguraci\u00f3n\u00bb y seleccionar cu\u00e1l de ellas es la que m\u00e1s le interesa, entonces y solo entonces\u00a0te pediremos\u00a0los datos de facturaci\u00f3n y pago de tus servicios en <strong>MySaaSPlace<\/strong>.<\/p>\r\n<p>Una de las opciones que deber\u00e1s escoger es el periodo de facturaci\u00f3n de tus servicios en <strong>MySaaSPlace<\/strong> (entre Mensual o Anual). Este periodo de pago, ser\u00e1 el aplicable a todos los servicios que de ah\u00ed en adelante nos solicites.<\/p>\r\n<p>Si en\u00a0alg\u00fan momento quieres cambiar el periodo de pago, lo podr\u00e1s hacer desde el men\u00fa de \u00abConfiguraci\u00f3n\u00bb, pero \u00e9ste cambio solo ser\u00e1 efectivo cuando llegue la fecha de fin de los servicios contratados antes del cambio del periodo de pago. Adem\u00e1s deber\u00e1s realizar la configuraci\u00f3n de todos tus servicios de nuevo al nuevo periodo de pago, ya que habr\u00e1s realizado un nuevo contrato de servicios, anul\u00e1ndose los anteriores y siendo vigente el nuevo con las nuevas condiciones de periodo de pago cuando llegue la fecha de aplicaci\u00f3n. <br \/><a href=\"#subir\">Subir<\/a><\/p>\r\n<p><a id=\"factura\" name=\"factura\"><\/a><\/p>\r\n<h2>5. \u00bfC\u00f3mo me factura <a href=\"http:\/\/www.mysaasplace.com\">MySaaSPlace<\/a>&#8230;?<\/h2>\r\n<p>Si has escogido la modalidad de pago Mensual, en el d\u00eda del mes de la contrataci\u00f3n de tu primer servicio se establecer\u00e1 el <strong>DIA DE PAGO<\/strong> de tu contrato el cual ser\u00e1 el mismo para todos sus servicios cada mes. Si una vez establecido el DIA DE PAGO de todos tus servicios mensuales y a lo largo del mes (cualquier mes) contratas nuevos servicios,\u00a0los importes del primer mes de esos nuevos servicios ser\u00e1n prorrateados por d\u00edas hasta el DIA DE PAGO de tu contrato del siguiente mes, de tal forma que a partir del siguiente DIA DE PAGO del siguiente mes todos los servicios te ser\u00e1n renovados y por tanto facturados el DIA DE PAGO de tu contrato.<\/p>\r\n<p>Ejemplo:<\/p>\r\n<ul>\r\n\t<li>Se contrata el primer servicio el 12 de Enero, por tanto se generar\u00e1 una factura el 12 de Enero hasta el 11 de Febrero y el 12 de Febrero se generar\u00e1 una nueva factura para el siguiente periodo mensual, y as\u00ed de forma sucesiva.<\/li>\r\n\t<li>Si el d\u00eda 16 de Enero, quisieras contratar un servicio adicional a los que ya tienes contratados, el mismo 16 de Enero te ser\u00e1 facturado el periodo de 16 de Enero a 11 de Febrero calculando los d\u00edas que faltan y aplicando la parte proporcional al periodo de mes, es decir, se te facturar\u00e1n 27 d\u00edas de una cuota mensual del servicio adicional contratado.<\/li>\r\n\t<li>Por tanto el 12 de Febrero se le facturar\u00e1n a modo renovaci\u00f3n todos los servicios que\u00a0tengas activos a esa fecha.<\/li>\r\n<\/ul>\r\n<p>Si has escogido la modalidad de pago Anual, suceder\u00e1 lo mismo que se ha descrito en el p\u00e1rrafo anterior para la modalidad Mensual, pero con periodos y fechas anuales. Recuerda que las modalidades anuales tienen cuotas con importantes descuentos respecto a las mensuales ya que te ahorras 2 meses con las contrataciones anuales. <br \/><a href=\"#subir\">Subir<\/a><\/p>\r\n<p><a id=\"darsedebaja\" name=\"darsedebaja\"><\/a><\/p>\r\n<h2>6. \u00bfPuedo darme de baja cuando quiera&#8230;?<\/h2>\r\n<p>Si por supuesto, el servicio que ofrece <strong>MySaaSPlace<\/strong> es un servicio de \u00abPago por Uso\u00bb. La filosof\u00eda del servicio de <strong>MySaaSPlace<\/strong> se basa precisamente en eso, solo pagas por los servicios que necesitas en cada momento, dando de baja o de alta los servicios que necesitas en cada momento. El periodo m\u00ednimo de contrataci\u00f3n es de un mes y el m\u00e1ximo es de un a\u00f1o, y son esos periodos que debes respetar.<\/p>\r\n<p>Por ejemplo, si ya tienes tres usuarios en tu sistema, pero un mes en concreto\u00a0necesitas un cuarto usuario, podr\u00e1s contratar en <strong>MySaaSPlace<\/strong> ( men\u00fa \u00abConfiguraci\u00f3n\u00bb)\u00a0el cuarto usuario y al d\u00eda siguiente darlo de baja, de tal forma que si tu modalidad de pago es mensual, ese nuevo usuario estar\u00e1 dado de alta un mes y finalizado este mes, al cumplir el periodo m\u00ednimo de contrataci\u00f3n, ser\u00e1 dado de baja de forma autom\u00e1tica por el sistema. <br \/><a href=\"#subir\">Subir<\/a><\/p>\r\n<p><a id=\"datosempresa\" name=\"datosempresa\"><\/a><\/p>\r\n<h2>7. \u00bfDonde est\u00e1n los datos de mi empresa&#8230;?<\/h2>\r\n<p>Los datos de tu empresa se encuentran alojados en los servidores de <strong><a href=\"http:\/\/www.mysaasplace.com\" target=\"_blank\">MySaaSPlace<\/a>.<\/strong> Esta es la mejor parte de nuestro servicio, ya que contratas, adem\u00e1s de lo que son las potentes <strong>Aplicaciones de MySaaSPlace<\/strong>,\u00a0los servidores, el mantenimiento de los mismos,\u00a0 sistemas de seguridad, conectividad de alta capacidad, copias de seguridad y un largo etc\u00e9tera por el pago de la cuota mensual o anual a <strong>MySaaSPlace<\/strong>.<\/p>\r\n<p>De esta forma te despreocupas de todo lo que es el soporte y explotaci\u00f3n del sistema, todo ello se engloba en la cuota de los servicios de <strong>MySaaSPlace<\/strong>.<\/p>\r\n<p>En cuanto a la seguridad de los datos, hay que decir que los mismos se encuentran encriptados en los sistemas de MySaaSPlace,\u00a0y ni siquiera el personal de <strong>MySaaSPlace<\/strong> puede acceder a ellos\u00a0, por que no disponemos\u00a0del usuario y la contrase\u00f1a que solo tu sabes.<\/p>\r\n<p>Adicionalmente los servidores de <strong>MySaaSPlace<\/strong> se encuentran alojados en los <strong>Internet Data Centers de Microsoft<\/strong> tanto en USA, como en Europa , ya que todos los sistemas de <strong>MySaaSPlace<\/strong> se encuentran replicados con la intenci\u00f3n de preservar la informaci\u00f3n de nuestros clientes en cualquier escenario.. <br \/><a href=\"#subir\">Subir<\/a><\/p>\r\n<p><a id=\"disponer\" name=\"disponer\"><\/a><\/p>\r\n<h2>8. \u00bfPuedo disponer de mis datos cuando yo quiera&#8230;?<\/h2>\r\n<p>Por supuesto, los datos que introduces\u00a0de tu empresa gestionada por <a href=\"http:\/\/www.mysaasplace.com\"><strong>MySaaSPlace<\/strong><\/a> son tuyos y de tu exclusiva propiedad. <strong>MySaaSPlace<\/strong> no es propietario de tu informaci\u00f3n solo de los programas y de la infraestructura. Es por ello que los sistemas de <strong>MySaaSPlace<\/strong> disponen de una herramienta de exportaci\u00f3n de datos a ficheros *.csv para que te los puedas descargar a tu ordenador personal en cualquier momento. Los ficheros *.csv son ficheros de un formato est\u00e1ndar que pueden ser visualizados con un sencillo procesador de texto u hoja de c\u00e1lculo y tratarlos para luego importarlos a otra herramienta o programa ajeno a <strong>MySaaSPlace<\/strong>.<\/p>\r\n<p>De hecho si solicitas\u00a0la baja de los servicios de <strong>MySaaSPlace,<\/strong> durante 30 d\u00edas mantendremos la informaci\u00f3n en nuestros sistemas por si quisieras recuperarlos en ese plazo. Transcurrido el plazo de 30 d\u00edas desde la fecha de baja se proceder\u00e1 al borrado de toda la informaci\u00f3n de tu propiedad de todos los sistemas de <strong>MySaaSPlace<\/strong> siendo imposible su recuperaci\u00f3n a partir de dicho borrado. <br \/><a href=\"#subir\">Subir<\/a><\/p>\r\n<p><a id=\"quesucede\" name=\"quesucede\"><\/a><\/p>\r\n<h2>9. \u00bfSi me doy de baja, que sucede con mis datos&#8230;?<\/h2>\r\n<p>A cualquier usuario o empresa que\u00a0est\u00e9 registrado en <a href=\"http:\/\/www.mysaasplace.com\" target=\"_blank\"><strong>MySaaSPlace<\/strong><\/a>, en\u00a0uno\u00a0de los planes existentes (gratuito o de pago ) y da de baja el servicio en <strong>MySaaSPlace<\/strong>, le mantendremos sus datos en los sistemas durante 1 mes (30 d\u00edas). Transcurrido dicho periodo todos los datos son borrados de los sistemas de <strong>MySaaSPlace<\/strong> y nunca m\u00e1s podr\u00e1n ser recuperados.<\/p>\r\n<p>Recuerda, tus datos ser\u00e1n destruidos transcurridos 30 d\u00edas desde\u00a0tu baja total y efectiva en <strong>MySaaSPlace<\/strong>. <br \/><a href=\"#subir\">Subir<\/a><\/p>\r\n<p><a id=\"importar\" name=\"importar\"><\/a><\/p>\r\n<h2>10. Quiero importar mis datos de otro programa a MySaaSPlace<\/h2>\r\n<p>Debido a la gran cantidad de programas existentes en el mercado, resulta imposible dise\u00f1ar un m\u00f3dulo que permita importar los datos de cualquier programa a otro, en este caso a los de<a href=\"http:\/\/www.mysaasplace.com\" target=\"_blank\"><strong> MySaaSPlace<\/strong><\/a>. No obstante nuestro departamento de desarrollo est\u00e1 trabajando en m\u00f3dulos que se adaptan a los programas m\u00e1s conocidos del mercado para que si trabajas actualmente\u00a0con alguno de ellos puedas realizar esta importaci\u00f3n. Tambi\u00e9n contamos con una Red de Partners especializados en este tipo, y otros, de <strong><a href=\"http:\/\/www.mysaasplace.com\/es\/servicios\/\" target=\"_blank\">Servicios <\/a><\/strong>que podemos recomendarte.<\/p>\r\n<p><br \/><a href=\"#subir\">Subir<\/a><\/p>\r\n<p><a id=\"configurar\" name=\"configurar\"><\/a><\/p>\r\n<h2>11. \u00bfPuedo configurar la p\u00e1gina de inicio&#8230;?<\/h2>\r\n<p>S\u00ed, cuando entras en <strong>MySaaSPlace<\/strong> accedes directamente a todas las funciones y en la p\u00e1gina de inicio podr\u00e1s\u00a0configurar la informaci\u00f3n, a modo de resumen o cuadro de mandos, que te resulte m\u00e1s \u00fatil para gestionar tu empresa.<\/p>\r\n<p>La configuraci\u00f3n de la p\u00e1gina de inicio en <strong>MySaaSPlace<\/strong> es\u00a0muy sencilla. Podr\u00e1s seleccionar desde un campo estilo desplegable los informes o estad\u00edsticas que m\u00e1s ee interesen y colocarlos en el lugar de la pantalla de inicio que m\u00e1s te guste.\u00a0<br \/><a href=\"#subir\">Subir<\/a><\/p>\r\n<p><a id=\"contrasena\" name=\"contrasena\"><\/a><\/p>\r\n<h2>12. Como recuperar mi contrase\u00f1a<\/h2>\r\n<p>Si\u00a0 pierdes u olvidas tu contrase\u00f1a desde <strong>MySaaSPlace<\/strong> no es posible recuperarla, ya\u00a0tu contrasel\u00f1a\u00a0se encuentra encriptada en nuestros sistemas. Por ello, la forma de recuperar el acceso es volviendo a generar una contrase\u00f1a nueva. Para generar una nueva contrase\u00f1a\u00a0tendr\u00e1s que usar\u00a0al servicio \u00bfOlvid\u00f3 su Contrase\u00f1a? en nuestro sistema de gesti\u00f3n de usuarios y seguir\u00a0los pasos que se indican. <br \/><a href=\"#subir\">Subir<\/a><\/p>\r\n","protected":false},"excerpt":{"rendered":"<p>Consultas Generales del Servicio MySaaSPlace 1. Alta o Baja en MySaaSPlace \u00bfEs gratis&#8230;? 2. Proceso de Alta en MySaaSPlace 3. Gesti\u00f3n de Usuarios 4. Periodos de Facturaci\u00f3n 5. \u00bfC\u00f3mo me factura MySaaSPlace&#8230;? 6. \u00bfPuedo darme de baja cuando quiera&#8230;? 7. \u00bfDonde est\u00e1n los datos de mi empresa&#8230;? 8. \u00bfPuedo disponer de mis datos cuando yo [&hellip;]<\/p>\n","protected":false},"author":1,"featured_media":0,"parent":563,"menu_order":2,"comment_status":"closed","ping_status":"closed","template":"","meta":[],"_links":{"self":[{"href":"https:\/\/www.mysaasplace.com\/es\/wp-json\/wp\/v2\/pages\/580"}],"collection":[{"href":"https:\/\/www.mysaasplace.com\/es\/wp-json\/wp\/v2\/pages"}],"about":[{"href":"https:\/\/www.mysaasplace.com\/es\/wp-json\/wp\/v2\/types\/page"}],"author":[{"embeddable":true,"href":"https:\/\/www.mysaasplace.com\/es\/wp-json\/wp\/v2\/users\/1"}],"replies":[{"embeddable":true,"href":"https:\/\/www.mysaasplace.com\/es\/wp-json\/wp\/v2\/comments?post=580"}],"version-history":[{"count":20,"href":"https:\/\/www.mysaasplace.com\/es\/wp-json\/wp\/v2\/pages\/580\/revisions"}],"predecessor-version":[{"id":1390,"href":"https:\/\/www.mysaasplace.com\/es\/wp-json\/wp\/v2\/pages\/580\/revisions\/1390"}],"up":[{"embeddable":true,"href":"https:\/\/www.mysaasplace.com\/es\/wp-json\/wp\/v2\/pages\/563"}],"wp:attachment":[{"href":"https:\/\/www.mysaasplace.com\/es\/wp-json\/wp\/v2\/media?parent=580"}],"curies":[{"name":"wp","href":"https:\/\/api.w.org\/{rel}","templated":true}]}}