{"id":572,"date":"2013-01-22T09:25:33","date_gmt":"2013-01-22T09:25:33","guid":{"rendered":"http:\/\/www.mysaasplace.com\/?page_id=572"},"modified":"2013-03-11T15:37:01","modified_gmt":"2013-03-11T15:37:01","slug":"gestion-en-la-nube","status":"publish","type":"page","link":"https:\/\/www.mysaasplace.com\/es\/faqs\/gestion-en-la-nube\/","title":{"rendered":"Inform\u00e1tica en la Nube"},"content":{"rendered":"<h2>Inform\u00e1tica en la Nube \/ Cloud Computing<\/h2>\r\n<p>Hace 40 a\u00f1os se envi\u00f3 el primer correo electr\u00f3nico y ah\u00ed comenz\u00f3 el camino de una de las formas de ejecuci\u00f3n de aplicaciones y almacenamiento a distancia m\u00e1s comunes, creciendo enormemente en los \u00faltimos a\u00f1os.<\/p>\r\n<p>Esta manera de almacenar datos, reduciendo las necesidades de memoria local para la ejecuci\u00f3n y facilitando el mantenimiento , es la base del <strong>Cloud Computing<\/strong>. Hoy en d\u00eda es posible\u00a0ejecutar y utilizar programas\u00a0alojados completamente en la Nube, mejorando el funcionamiento, haciendo innecesarias inversiones adicionales (hardware, nuevos servidores, etc.), y\u00a0 <strong>reduciendo los costes de gesti\u00f3n de los aut\u00f3nomos y empresas<\/strong>.<\/p>\r\n<p>Muchas son las razones que deben llevar a las empresas a optar por el Cloud Computing, destacando:<\/p>\r\n<ul>\r\n\t<li><strong>Las actualizaciones inmediatas<\/strong>. El hecho de\u00a0utilizar un <strong>Programa de Gesti\u00f3n<\/strong> tradicional, hace que en cada equipo en el que trabajes debas actualizar los datos con los que trabajas tras cada nuevo cambio o nueva versi\u00f3n. Con el Cloud Computing\u00a0gestionas todos los datos de tu empresa absolutamente actualizados desde cualquier equipo solo con que este tenga acceso a internet.<\/li>\r\n\t<li><strong>M\u00e1s econ\u00f3mico<\/strong>. No es necesario adquirir un servidor, ni nuevos ordenadores, ni instalar el software uno por uno en lo todos los equipos, lo que supone un gran ahorro de tiempo, de dinero y, adem\u00e1s, se reduce el consumo de recursos de los equipos personales, ya sean PC o MAC, mejorando sus prestaciones.<\/li>\r\n\t<li><strong>Mayor y mejor accesibilidad<\/strong>. Como toda la informaci\u00f3n est\u00e1 contenida en una \u00fanica web, los\u00a0usuarios podr\u00e1n acceder a los datos que la empresa desee, colaborar en la elaboraci\u00f3n de informes m\u00e1s f\u00e1cilmente, compartir resultados&#8230;<\/li>\r\n\t<li><strong>Movilidad<\/strong>. El servicio est\u00e1 accesible desde casi cualquier parte del mundo y cada vez m\u00e1s, como en el caso de <a href=\"http:\/\/www.mysaasplace.com\"><strong>MySaaSPlace<\/strong><\/a>, desde cualquier dispositivo.<\/li>\r\n<\/ul>\r\n<p>Por lo tanto el Cloud Computing es el futuro m\u00e1s rentable para las empresas. <br \/><strong><a href=\"https:\/\/azure.mysaasplace.com\/Account\/Register.aspx?lng=es\">DATE DE ALTA GRATUITAMENTE.<\/a><\/strong><\/p>\r\n","protected":false},"excerpt":{"rendered":"<p>Inform\u00e1tica en la Nube \/ Cloud Computing Hace 40 a\u00f1os se envi\u00f3 el primer correo electr\u00f3nico y ah\u00ed comenz\u00f3 el camino de una de las formas de ejecuci\u00f3n de aplicaciones y almacenamiento a distancia m\u00e1s comunes, creciendo enormemente en los \u00faltimos a\u00f1os. Esta manera de almacenar datos, reduciendo las necesidades de memoria local para la [&hellip;]<\/p>\n","protected":false},"author":1,"featured_media":137,"parent":563,"menu_order":1,"comment_status":"closed","ping_status":"closed","template":"","meta":[],"_links":{"self":[{"href":"https:\/\/www.mysaasplace.com\/es\/wp-json\/wp\/v2\/pages\/572"}],"collection":[{"href":"https:\/\/www.mysaasplace.com\/es\/wp-json\/wp\/v2\/pages"}],"about":[{"href":"https:\/\/www.mysaasplace.com\/es\/wp-json\/wp\/v2\/types\/page"}],"author":[{"embeddable":true,"href":"https:\/\/www.mysaasplace.com\/es\/wp-json\/wp\/v2\/users\/1"}],"replies":[{"embeddable":true,"href":"https:\/\/www.mysaasplace.com\/es\/wp-json\/wp\/v2\/comments?post=572"}],"version-history":[{"count":11,"href":"https:\/\/www.mysaasplace.com\/es\/wp-json\/wp\/v2\/pages\/572\/revisions"}],"predecessor-version":[{"id":1389,"href":"https:\/\/www.mysaasplace.com\/es\/wp-json\/wp\/v2\/pages\/572\/revisions\/1389"}],"up":[{"embeddable":true,"href":"https:\/\/www.mysaasplace.com\/es\/wp-json\/wp\/v2\/pages\/563"}],"wp:featuredmedia":[{"embeddable":true,"href":"https:\/\/www.mysaasplace.com\/es\/wp-json\/wp\/v2\/media\/137"}],"wp:attachment":[{"href":"https:\/\/www.mysaasplace.com\/es\/wp-json\/wp\/v2\/media?parent=572"}],"curies":[{"name":"wp","href":"https:\/\/api.w.org\/{rel}","templated":true}]}}