{"id":563,"date":"2013-01-22T09:09:52","date_gmt":"2013-01-22T09:09:52","guid":{"rendered":"http:\/\/www.mysaasplace.com\/?page_id=563"},"modified":"2013-03-11T15:33:00","modified_gmt":"2013-03-11T15:33:00","slug":"faqs","status":"publish","type":"page","link":"https:\/\/www.mysaasplace.com\/es\/faqs\/","title":{"rendered":"Preguntas Frecuentes"},"content":{"rendered":"<h2>FAQs<\/h2>\r\n<p>A continuaci\u00f3n, puedes navegar por las preguntas m\u00e1s frecuentes, clasificadas en las siguientes secciones.<\/p>\r\n<div class=\"ir\"><a href=\"\/es\/faqs\/gestion-en-la-nube\/\">GESTI\u00d3N EN LA NUBE<\/a><\/div>\r\n<p>&nbsp;<\/p>\r\n<div class=\"ir\"><a href=\"\/es\/faqs\/faqs-consultas-generales\/\">CONSULTAS GENERALES<\/a><\/div>\r\n<p>&nbsp;<\/p>\r\n<div class=\"ir\"><a href=\"\/es\/faqs\/preguntas-frecuentes-gip\/\">GESTI\u00d3N INTEGRADA DE PROYECTOS<\/a><\/div>\r\n<p>&nbsp;<\/p>\r\n<div class=\"ir\"><a href=\"\/es\/faqs\/faqs-contabilidad\/\">CONTABILIDAD<\/a><\/div>\r\n<p>&nbsp;<\/p>\r\n<div class=\"ir\"><a href=\"\/es\/faqs\/faqs-facturacion\/\">FACTURACI\u00d3N<\/a><\/div>\r\n<p>&nbsp;<\/p>\r\n<p>No te\u00a0olvides que dispones de hasta cinco formas diferentes de obtener ayuda en cualquiera de los <a href=\"http:\/\/www.mysaasplace.com\" target=\"_blank\"><strong>Programas de MySaaSPlace<\/strong><\/a>. No obstante tambi\u00e9n puedes realizar tu consulta, opini\u00f3n o sugerencia, a trav\u00e9s del <a href=\"\/es\/contacto\/\">formulario de contacto.<\/a><\/p>\r\n","protected":false},"excerpt":{"rendered":"<p>FAQs A continuaci\u00f3n, puedes navegar por las preguntas m\u00e1s frecuentes, clasificadas en las siguientes secciones. GESTI\u00d3N EN LA NUBE &nbsp; CONSULTAS GENERALES &nbsp; GESTI\u00d3N INTEGRADA DE PROYECTOS &nbsp; CONTABILIDAD &nbsp; FACTURACI\u00d3N &nbsp; No te\u00a0olvides que dispones de hasta cinco formas diferentes de obtener ayuda en cualquiera de los Programas de MySaaSPlace. No obstante tambi\u00e9n puedes [&hellip;]<\/p>\n","protected":false},"author":1,"featured_media":0,"parent":0,"menu_order":0,"comment_status":"closed","ping_status":"closed","template":"","meta":[],"_links":{"self":[{"href":"https:\/\/www.mysaasplace.com\/es\/wp-json\/wp\/v2\/pages\/563"}],"collection":[{"href":"https:\/\/www.mysaasplace.com\/es\/wp-json\/wp\/v2\/pages"}],"about":[{"href":"https:\/\/www.mysaasplace.com\/es\/wp-json\/wp\/v2\/types\/page"}],"author":[{"embeddable":true,"href":"https:\/\/www.mysaasplace.com\/es\/wp-json\/wp\/v2\/users\/1"}],"replies":[{"embeddable":true,"href":"https:\/\/www.mysaasplace.com\/es\/wp-json\/wp\/v2\/comments?post=563"}],"version-history":[{"count":26,"href":"https:\/\/www.mysaasplace.com\/es\/wp-json\/wp\/v2\/pages\/563\/revisions"}],"predecessor-version":[{"id":1388,"href":"https:\/\/www.mysaasplace.com\/es\/wp-json\/wp\/v2\/pages\/563\/revisions\/1388"}],"wp:attachment":[{"href":"https:\/\/www.mysaasplace.com\/es\/wp-json\/wp\/v2\/media?parent=563"}],"curies":[{"name":"wp","href":"https:\/\/api.w.org\/{rel}","templated":true}]}}